{"id":3781,"date":"2019-03-13T22:49:21","date_gmt":"2019-03-13T22:49:21","guid":{"rendered":"http:\/\/www.meridian.ba\/?post_type=product&#038;p=3781"},"modified":"2025-09-15T13:23:53","modified_gmt":"2025-09-15T13:23:53","slug":"zatvoreni-plasticni-kontejner-sa-tockovima-800x1200x925mm-2","status":"publish","type":"product","link":"https:\/\/www.meridian.ba\/en\/proizvodi\/zatvoreni-plasticni-kontejner-sa-tockovima-800x1200x925mm-2\/","title":{"rendered":"Zatvoreni plasti\u010dni kontejner sa to\u010dkovima 800x1200x925mm"},"content":{"rendered":"","protected":false},"excerpt":{"rendered":"<p><strong>Model No : 801293-KT<\/strong><\/p>\n<p>External dimensions: 800 x 1200 x 920(h) mm<br \/>\nInternal dimensions : 732 x 1106 x 632(h) mm<\/p>\n<p>Solid base and sides, no handles<\/p>\n<p>Can be ordered with\/without accesories<\/p>","protected":false},"featured_media":3778,"template":"","meta":[],"product_brand":[],"product_cat":[216,591],"product_tag":[759,219,244,218,217,592],"class_list":{"0":"post-3781","1":"product","2":"type-product","3":"status-publish","4":"has-post-thumbnail","6":"product_cat-paletni-kontejneri","7":"product_cat-zatvoreni-paletni-kontejneri-sa-tockovima","8":"product_tag-801293-kt","9":"product_tag-paletni-kontejneri","10":"product_tag-pallet-box","11":"product_tag-pallet-container","12":"product_tag-pallet-crate","13":"product_tag-plasticni-kontejner-sa-tockovima","14":"pa_dinamicki-kapacitet-300-kg","15":"pa_poklopac-bez-poklopca","16":"pa_poklopac-sa-poklopcem","17":"pa_staticki-kapacitet-1800-kg","18":"pa_unutrasnje-dimenzije-732-x-1106-x-632-mm","20":"entry","21":"has-media","23":"first","24":"instock","25":"shipping-taxable","26":"purchasable","27":"product-type-variable","28":"has-product-nav","29":"col","30":"span_1_of_3","31":"owp-content-center","32":"owp-thumbs-layout-horizontal","33":"owp-btn-normal","34":"owp-tabs-layout-horizontal"},"yoast_head":"<!-- This site is optimized with the Yoast SEO plugin v27.4 - https:\/\/yoast.com\/product\/yoast-seo-wordpress\/ -->\n<title>Zatvoreni plasti\u010dni kontejner sa to\u010dkovima 800x1200x925mm - Meridian Group<\/title>\n<meta name=\"robots\" content=\"index, follow, max-snippet:-1, max-image-preview:large, max-video-preview:-1\" \/>\n<link rel=\"canonical\" href=\"https:\/\/www.meridian.ba\/en\/proizvodi\/zatvoreni-plasticni-kontejner-sa-tockovima-800x1200x925mm-2\/\" \/>\n<meta property=\"og:locale\" content=\"en_US\" \/>\n<meta property=\"og:type\" content=\"article\" \/>\n<meta property=\"og:title\" content=\"Zatvoreni plasti\u010dni kontejner sa to\u010dkovima 800x1200x925mm - Meridian Group\" \/>\n<meta property=\"og:description\" content=\"Broj modela: 801293-KT  Vanjske dimenzije : 800 x 1200 x 920(v) mm Unutra\u0161nje dimenzije : 732 x 1106 x 632(v) mm  Zatvoreno dno i strane, bez ru\u010dki  Mo\u017ee se naru\u010diti sa \/ bez dodataka\" \/>\n<meta property=\"og:url\" content=\"https:\/\/www.meridian.ba\/en\/proizvodi\/zatvoreni-plasticni-kontejner-sa-tockovima-800x1200x925mm-2\/\" \/>\n<meta property=\"og:site_name\" content=\"Meridian Group\" \/>\n<meta property=\"article:publisher\" content=\"https:\/\/www.facebook.com\/meridian.ba\" \/>\n<meta property=\"article:modified_time\" content=\"2025-09-15T13:23:53+00:00\" \/>\n<meta property=\"og:image\" content=\"https:\/\/www.meridian.ba\/wp-content\/uploads\/2019\/03\/pallet-box-container-8180-KKLT.jpg\" \/>\n\t<meta property=\"og:image:width\" content=\"600\" \/>\n\t<meta property=\"og:image:height\" content=\"600\" \/>\n\t<meta property=\"og:image:type\" content=\"image\/jpeg\" \/>\n<meta name=\"twitter:card\" content=\"summary_large_image\" \/>\n<meta name=\"twitter:site\" content=\"@MeridianGroup2\" \/>\n<script type=\"application\/ld+json\" class=\"yoast-schema-graph\">{\"@context\":\"https:\\\/\\\/schema.org\",\"@graph\":[{\"@type\":\"WebPage\",\"@id\":\"https:\\\/\\\/www.meridian.ba\\\/proizvodi\\\/zatvoreni-plasticni-kontejner-sa-tockovima-800x1200x925mm-2\\\/\",\"url\":\"https:\\\/\\\/www.meridian.ba\\\/proizvodi\\\/zatvoreni-plasticni-kontejner-sa-tockovima-800x1200x925mm-2\\\/\",\"name\":\"Zatvoreni plasti\u010dni kontejner sa to\u010dkovima 800x1200x925mm - Meridian Group\",\"isPartOf\":{\"@id\":\"https:\\\/\\\/www.meridian.ba\\\/#website\"},\"primaryImageOfPage\":{\"@id\":\"https:\\\/\\\/www.meridian.ba\\\/proizvodi\\\/zatvoreni-plasticni-kontejner-sa-tockovima-800x1200x925mm-2\\\/#primaryimage\"},\"image\":{\"@id\":\"https:\\\/\\\/www.meridian.ba\\\/proizvodi\\\/zatvoreni-plasticni-kontejner-sa-tockovima-800x1200x925mm-2\\\/#primaryimage\"},\"thumbnailUrl\":\"https:\\\/\\\/www.meridian.ba\\\/wp-content\\\/uploads\\\/2019\\\/03\\\/pallet-box-container-8180-KKLT.jpg\",\"datePublished\":\"2019-03-13T22:49:21+00:00\",\"dateModified\":\"2025-09-15T13:23:53+00:00\",\"breadcrumb\":{\"@id\":\"https:\\\/\\\/www.meridian.ba\\\/proizvodi\\\/zatvoreni-plasticni-kontejner-sa-tockovima-800x1200x925mm-2\\\/#breadcrumb\"},\"inLanguage\":\"en-US\",\"potentialAction\":[{\"@type\":\"ReadAction\",\"target\":[\"https:\\\/\\\/www.meridian.ba\\\/proizvodi\\\/zatvoreni-plasticni-kontejner-sa-tockovima-800x1200x925mm-2\\\/\"]}]},{\"@type\":\"ImageObject\",\"inLanguage\":\"en-US\",\"@id\":\"https:\\\/\\\/www.meridian.ba\\\/proizvodi\\\/zatvoreni-plasticni-kontejner-sa-tockovima-800x1200x925mm-2\\\/#primaryimage\",\"url\":\"https:\\\/\\\/www.meridian.ba\\\/wp-content\\\/uploads\\\/2019\\\/03\\\/pallet-box-container-8180-KKLT.jpg\",\"contentUrl\":\"https:\\\/\\\/www.meridian.ba\\\/wp-content\\\/uploads\\\/2019\\\/03\\\/pallet-box-container-8180-KKLT.jpg\",\"width\":600,\"height\":600},{\"@type\":\"BreadcrumbList\",\"@id\":\"https:\\\/\\\/www.meridian.ba\\\/proizvodi\\\/zatvoreni-plasticni-kontejner-sa-tockovima-800x1200x925mm-2\\\/#breadcrumb\",\"itemListElement\":[{\"@type\":\"ListItem\",\"position\":1,\"name\":\"Home\",\"item\":\"https:\\\/\\\/www.meridian.ba\\\/\"},{\"@type\":\"ListItem\",\"position\":2,\"name\":\"Shop\",\"item\":\"https:\\\/\\\/www.meridian.ba\\\/en\\\/shop\\\/\"},{\"@type\":\"ListItem\",\"position\":3,\"name\":\"Zatvoreni plasti\u010dni kontejner sa to\u010dkovima 800x1200x925mm\"}]},{\"@type\":\"WebSite\",\"@id\":\"https:\\\/\\\/www.meridian.ba\\\/#website\",\"url\":\"https:\\\/\\\/www.meridian.ba\\\/\",\"name\":\"Meridian Group\",\"description\":\"Rje\u0161enja pakovanja i skladi\u0161tenja\",\"potentialAction\":[{\"@type\":\"SearchAction\",\"target\":{\"@type\":\"EntryPoint\",\"urlTemplate\":\"https:\\\/\\\/www.meridian.ba\\\/?s={search_term_string}\"},\"query-input\":{\"@type\":\"PropertyValueSpecification\",\"valueRequired\":true,\"valueName\":\"search_term_string\"}}],\"inLanguage\":\"en-US\"}]}<\/script>\n<!-- \/ Yoast SEO plugin. -->","yoast_head_json":{"title":"Zatvoreni plasti\u010dni kontejner sa to\u010dkovima 800x1200x925mm - Meridian Group","robots":{"index":"index","follow":"follow","max-snippet":"max-snippet:-1","max-image-preview":"max-image-preview:large","max-video-preview":"max-video-preview:-1"},"canonical":"https:\/\/www.meridian.ba\/en\/proizvodi\/zatvoreni-plasticni-kontejner-sa-tockovima-800x1200x925mm-2\/","og_locale":"en_US","og_type":"article","og_title":"Zatvoreni plasti\u010dni kontejner sa to\u010dkovima 800x1200x925mm - Meridian Group","og_description":"Broj modela: 801293-KT  Vanjske dimenzije : 800 x 1200 x 920(v) mm Unutra\u0161nje dimenzije : 732 x 1106 x 632(v) mm  Zatvoreno dno i strane, bez ru\u010dki  Mo\u017ee se naru\u010diti sa \/ bez dodataka","og_url":"https:\/\/www.meridian.ba\/en\/proizvodi\/zatvoreni-plasticni-kontejner-sa-tockovima-800x1200x925mm-2\/","og_site_name":"Meridian Group","article_publisher":"https:\/\/www.facebook.com\/meridian.ba","article_modified_time":"2025-09-15T13:23:53+00:00","og_image":[{"width":600,"height":600,"url":"https:\/\/www.meridian.ba\/wp-content\/uploads\/2019\/03\/pallet-box-container-8180-KKLT.jpg","type":"image\/jpeg"}],"twitter_card":"summary_large_image","twitter_site":"@MeridianGroup2","schema":{"@context":"https:\/\/schema.org","@graph":[{"@type":"WebPage","@id":"https:\/\/www.meridian.ba\/proizvodi\/zatvoreni-plasticni-kontejner-sa-tockovima-800x1200x925mm-2\/","url":"https:\/\/www.meridian.ba\/proizvodi\/zatvoreni-plasticni-kontejner-sa-tockovima-800x1200x925mm-2\/","name":"Zatvoreni plasti\u010dni kontejner sa to\u010dkovima 800x1200x925mm - Meridian Group","isPartOf":{"@id":"https:\/\/www.meridian.ba\/#website"},"primaryImageOfPage":{"@id":"https:\/\/www.meridian.ba\/proizvodi\/zatvoreni-plasticni-kontejner-sa-tockovima-800x1200x925mm-2\/#primaryimage"},"image":{"@id":"https:\/\/www.meridian.ba\/proizvodi\/zatvoreni-plasticni-kontejner-sa-tockovima-800x1200x925mm-2\/#primaryimage"},"thumbnailUrl":"https:\/\/www.meridian.ba\/wp-content\/uploads\/2019\/03\/pallet-box-container-8180-KKLT.jpg","datePublished":"2019-03-13T22:49:21+00:00","dateModified":"2025-09-15T13:23:53+00:00","breadcrumb":{"@id":"https:\/\/www.meridian.ba\/proizvodi\/zatvoreni-plasticni-kontejner-sa-tockovima-800x1200x925mm-2\/#breadcrumb"},"inLanguage":"en-US","potentialAction":[{"@type":"ReadAction","target":["https:\/\/www.meridian.ba\/proizvodi\/zatvoreni-plasticni-kontejner-sa-tockovima-800x1200x925mm-2\/"]}]},{"@type":"ImageObject","inLanguage":"en-US","@id":"https:\/\/www.meridian.ba\/proizvodi\/zatvoreni-plasticni-kontejner-sa-tockovima-800x1200x925mm-2\/#primaryimage","url":"https:\/\/www.meridian.ba\/wp-content\/uploads\/2019\/03\/pallet-box-container-8180-KKLT.jpg","contentUrl":"https:\/\/www.meridian.ba\/wp-content\/uploads\/2019\/03\/pallet-box-container-8180-KKLT.jpg","width":600,"height":600},{"@type":"BreadcrumbList","@id":"https:\/\/www.meridian.ba\/proizvodi\/zatvoreni-plasticni-kontejner-sa-tockovima-800x1200x925mm-2\/#breadcrumb","itemListElement":[{"@type":"ListItem","position":1,"name":"Home","item":"https:\/\/www.meridian.ba\/"},{"@type":"ListItem","position":2,"name":"Shop","item":"https:\/\/www.meridian.ba\/en\/shop\/"},{"@type":"ListItem","position":3,"name":"Zatvoreni plasti\u010dni kontejner sa to\u010dkovima 800x1200x925mm"}]},{"@type":"WebSite","@id":"https:\/\/www.meridian.ba\/#website","url":"https:\/\/www.meridian.ba\/","name":"Meridian Group","description":"Rje\u0161enja pakovanja i skladi\u0161tenja","potentialAction":[{"@type":"SearchAction","target":{"@type":"EntryPoint","urlTemplate":"https:\/\/www.meridian.ba\/?s={search_term_string}"},"query-input":{"@type":"PropertyValueSpecification","valueRequired":true,"valueName":"search_term_string"}}],"inLanguage":"en-US"}]}},"_links":{"self":[{"href":"https:\/\/www.meridian.ba\/en\/wp-json\/wp\/v2\/product\/3781","targetHints":{"allow":["GET"]}}],"collection":[{"href":"https:\/\/www.meridian.ba\/en\/wp-json\/wp\/v2\/product"}],"about":[{"href":"https:\/\/www.meridian.ba\/en\/wp-json\/wp\/v2\/types\/product"}],"version-history":[{"count":2,"href":"https:\/\/www.meridian.ba\/en\/wp-json\/wp\/v2\/product\/3781\/revisions"}],"predecessor-version":[{"id":21911,"href":"https:\/\/www.meridian.ba\/en\/wp-json\/wp\/v2\/product\/3781\/revisions\/21911"}],"wp:featuredmedia":[{"embeddable":true,"href":"https:\/\/www.meridian.ba\/en\/wp-json\/wp\/v2\/media\/3778"}],"wp:attachment":[{"href":"https:\/\/www.meridian.ba\/en\/wp-json\/wp\/v2\/media?parent=3781"}],"wp:term":[{"taxonomy":"product_brand","embeddable":true,"href":"https:\/\/www.meridian.ba\/en\/wp-json\/wp\/v2\/product_brand?post=3781"},{"taxonomy":"product_cat","embeddable":true,"href":"https:\/\/www.meridian.ba\/en\/wp-json\/wp\/v2\/product_cat?post=3781"},{"taxonomy":"product_tag","embeddable":true,"href":"https:\/\/www.meridian.ba\/en\/wp-json\/wp\/v2\/product_tag?post=3781"}],"curies":[{"name":"wp","href":"https:\/\/api.w.org\/{rel}","templated":true}]}}