{"id":3643,"date":"2019-03-12T21:34:51","date_gmt":"2019-03-12T21:34:51","guid":{"rendered":"http:\/\/www.meridian.ba\/?post_type=product&#038;p=3643"},"modified":"2025-07-16T13:32:44","modified_gmt":"2025-07-16T13:32:44","slug":"r-klt-3215-200x300x147mm","status":"publish","type":"product","link":"https:\/\/www.meridian.ba\/en\/proizvodi\/r-klt-3215-200x300x147mm\/","title":{"rendered":"R-KLT 3215 200x300x147mm Plastic crates"},"content":{"rendered":"<p><strong>KLT Crates<\/strong><\/p>\n<p>The KLT series of crates made of PPC is very durable and is used in the automotive industry, heavy industry, light industry and other sectors.<br \/>\nR-KLT (solid base) and RL-KLT (flat base) are two options that are produced.<br \/>\nDue to the closed handles it is safe to carry and there is also space for the label during storage when the goods are placed on top of each other easily and quickly reached.<\/p>","protected":false},"excerpt":{"rendered":"<p>200 \u00d7 300 \u00d7 147(h) mm KLT Plastic crate<\/p>\n<p><strong>Model Number : R-KLT 3215<\/strong><\/p>","protected":false},"featured_media":3648,"template":"","meta":[],"product_brand":[],"product_cat":[332,410,133,411],"product_tag":[420,419,418,417,731,730,729,736],"class_list":{"0":"post-3643","1":"product","2":"type-product","3":"status-publish","4":"has-post-thumbnail","6":"product_cat-gajbe-za-skladistenje","7":"product_cat-klt-crates","8":"product_cat-plasticne-gajbe","9":"product_cat-r-klt","10":"product_tag-klt-box","11":"product_tag-klt-boxes","12":"product_tag-klt-container","13":"product_tag-klt-crate","14":"product_tag-klt-gajbe","15":"product_tag-klt-plasticna-gajba","16":"product_tag-klt-plasticne-gajbe","17":"product_tag-r-klt-3215","18":"pa_opcija-boja-plava","19":"pa_opcija-boja-siva","20":"pa_poklopac-bez-poklopca","21":"pa_poklopac-sa-poklopcem","22":"pa_unutrasnje-dimenzije-170-x-245-x-125-mm","24":"entry","25":"has-media","27":"first","28":"instock","29":"shipping-taxable","30":"purchasable","31":"product-type-variable","32":"has-product-nav","33":"col","34":"span_1_of_3","35":"owp-content-center","36":"owp-thumbs-layout-horizontal","37":"owp-btn-normal","38":"owp-tabs-layout-horizontal"},"yoast_head":"<!-- This site is optimized with the Yoast SEO plugin v27.4 - https:\/\/yoast.com\/product\/yoast-seo-wordpress\/ -->\n<title>R-KLT 3215 200x300x147mm Plasti\u010dne gajbe - Meridian Group<\/title>\n<meta name=\"robots\" content=\"index, follow, max-snippet:-1, max-image-preview:large, max-video-preview:-1\" \/>\n<link rel=\"canonical\" href=\"https:\/\/www.meridian.ba\/en\/proizvodi\/r-klt-3215-200x300x147mm\/\" \/>\n<meta property=\"og:locale\" content=\"en_US\" \/>\n<meta property=\"og:type\" content=\"article\" \/>\n<meta property=\"og:title\" content=\"R-KLT 3215 200x300x147mm Plasti\u010dne gajbe - Meridian Group\" \/>\n<meta property=\"og:description\" content=\"200\u00d7300\u00d7147(v) mm KLT Plasti\u010dna gajba  Broj modela: R-KLT 3215\" \/>\n<meta property=\"og:url\" content=\"https:\/\/www.meridian.ba\/en\/proizvodi\/r-klt-3215-200x300x147mm\/\" \/>\n<meta property=\"og:site_name\" content=\"Meridian Group\" \/>\n<meta property=\"article:publisher\" content=\"https:\/\/www.facebook.com\/meridian.ba\" \/>\n<meta property=\"article:modified_time\" content=\"2025-07-16T13:32:44+00:00\" \/>\n<meta property=\"og:image\" content=\"https:\/\/www.meridian.ba\/wp-content\/uploads\/2019\/03\/R-KLT-3215.jpg\" \/>\n\t<meta property=\"og:image:width\" content=\"600\" \/>\n\t<meta property=\"og:image:height\" content=\"600\" \/>\n\t<meta property=\"og:image:type\" content=\"image\/jpeg\" \/>\n<meta name=\"twitter:card\" content=\"summary_large_image\" \/>\n<meta name=\"twitter:site\" content=\"@MeridianGroup2\" \/>\n<script type=\"application\/ld+json\" class=\"yoast-schema-graph\">{\"@context\":\"https:\\\/\\\/schema.org\",\"@graph\":[{\"@type\":\"WebPage\",\"@id\":\"https:\\\/\\\/www.meridian.ba\\\/proizvodi\\\/r-klt-3215-200x300x147mm\\\/\",\"url\":\"https:\\\/\\\/www.meridian.ba\\\/proizvodi\\\/r-klt-3215-200x300x147mm\\\/\",\"name\":\"R-KLT 3215 200x300x147mm Plasti\u010dne gajbe - Meridian Group\",\"isPartOf\":{\"@id\":\"https:\\\/\\\/www.meridian.ba\\\/#website\"},\"primaryImageOfPage\":{\"@id\":\"https:\\\/\\\/www.meridian.ba\\\/proizvodi\\\/r-klt-3215-200x300x147mm\\\/#primaryimage\"},\"image\":{\"@id\":\"https:\\\/\\\/www.meridian.ba\\\/proizvodi\\\/r-klt-3215-200x300x147mm\\\/#primaryimage\"},\"thumbnailUrl\":\"https:\\\/\\\/www.meridian.ba\\\/wp-content\\\/uploads\\\/2019\\\/03\\\/R-KLT-3215.jpg\",\"datePublished\":\"2019-03-12T21:34:51+00:00\",\"dateModified\":\"2025-07-16T13:32:44+00:00\",\"breadcrumb\":{\"@id\":\"https:\\\/\\\/www.meridian.ba\\\/proizvodi\\\/r-klt-3215-200x300x147mm\\\/#breadcrumb\"},\"inLanguage\":\"en-US\",\"potentialAction\":[{\"@type\":\"ReadAction\",\"target\":[\"https:\\\/\\\/www.meridian.ba\\\/proizvodi\\\/r-klt-3215-200x300x147mm\\\/\"]}]},{\"@type\":\"ImageObject\",\"inLanguage\":\"en-US\",\"@id\":\"https:\\\/\\\/www.meridian.ba\\\/proizvodi\\\/r-klt-3215-200x300x147mm\\\/#primaryimage\",\"url\":\"https:\\\/\\\/www.meridian.ba\\\/wp-content\\\/uploads\\\/2019\\\/03\\\/R-KLT-3215.jpg\",\"contentUrl\":\"https:\\\/\\\/www.meridian.ba\\\/wp-content\\\/uploads\\\/2019\\\/03\\\/R-KLT-3215.jpg\",\"width\":600,\"height\":600},{\"@type\":\"BreadcrumbList\",\"@id\":\"https:\\\/\\\/www.meridian.ba\\\/proizvodi\\\/r-klt-3215-200x300x147mm\\\/#breadcrumb\",\"itemListElement\":[{\"@type\":\"ListItem\",\"position\":1,\"name\":\"Home\",\"item\":\"https:\\\/\\\/www.meridian.ba\\\/\"},{\"@type\":\"ListItem\",\"position\":2,\"name\":\"Shop\",\"item\":\"https:\\\/\\\/www.meridian.ba\\\/en\\\/shop\\\/\"},{\"@type\":\"ListItem\",\"position\":3,\"name\":\"R-KLT 3215 200x300x147mm Plasti\u010dne gajbe\"}]},{\"@type\":\"WebSite\",\"@id\":\"https:\\\/\\\/www.meridian.ba\\\/#website\",\"url\":\"https:\\\/\\\/www.meridian.ba\\\/\",\"name\":\"Meridian Group\",\"description\":\"Rje\u0161enja pakovanja i skladi\u0161tenja\",\"potentialAction\":[{\"@type\":\"SearchAction\",\"target\":{\"@type\":\"EntryPoint\",\"urlTemplate\":\"https:\\\/\\\/www.meridian.ba\\\/?s={search_term_string}\"},\"query-input\":{\"@type\":\"PropertyValueSpecification\",\"valueRequired\":true,\"valueName\":\"search_term_string\"}}],\"inLanguage\":\"en-US\"}]}<\/script>\n<!-- \/ Yoast SEO plugin. -->","yoast_head_json":{"title":"R-KLT 3215 200x300x147mm Plasti\u010dne gajbe - Meridian Group","robots":{"index":"index","follow":"follow","max-snippet":"max-snippet:-1","max-image-preview":"max-image-preview:large","max-video-preview":"max-video-preview:-1"},"canonical":"https:\/\/www.meridian.ba\/en\/proizvodi\/r-klt-3215-200x300x147mm\/","og_locale":"en_US","og_type":"article","og_title":"R-KLT 3215 200x300x147mm Plasti\u010dne gajbe - Meridian Group","og_description":"200\u00d7300\u00d7147(v) mm KLT Plasti\u010dna gajba  Broj modela: R-KLT 3215","og_url":"https:\/\/www.meridian.ba\/en\/proizvodi\/r-klt-3215-200x300x147mm\/","og_site_name":"Meridian Group","article_publisher":"https:\/\/www.facebook.com\/meridian.ba","article_modified_time":"2025-07-16T13:32:44+00:00","og_image":[{"width":600,"height":600,"url":"https:\/\/www.meridian.ba\/wp-content\/uploads\/2019\/03\/R-KLT-3215.jpg","type":"image\/jpeg"}],"twitter_card":"summary_large_image","twitter_site":"@MeridianGroup2","schema":{"@context":"https:\/\/schema.org","@graph":[{"@type":"WebPage","@id":"https:\/\/www.meridian.ba\/proizvodi\/r-klt-3215-200x300x147mm\/","url":"https:\/\/www.meridian.ba\/proizvodi\/r-klt-3215-200x300x147mm\/","name":"R-KLT 3215 200x300x147mm Plasti\u010dne gajbe - Meridian Group","isPartOf":{"@id":"https:\/\/www.meridian.ba\/#website"},"primaryImageOfPage":{"@id":"https:\/\/www.meridian.ba\/proizvodi\/r-klt-3215-200x300x147mm\/#primaryimage"},"image":{"@id":"https:\/\/www.meridian.ba\/proizvodi\/r-klt-3215-200x300x147mm\/#primaryimage"},"thumbnailUrl":"https:\/\/www.meridian.ba\/wp-content\/uploads\/2019\/03\/R-KLT-3215.jpg","datePublished":"2019-03-12T21:34:51+00:00","dateModified":"2025-07-16T13:32:44+00:00","breadcrumb":{"@id":"https:\/\/www.meridian.ba\/proizvodi\/r-klt-3215-200x300x147mm\/#breadcrumb"},"inLanguage":"en-US","potentialAction":[{"@type":"ReadAction","target":["https:\/\/www.meridian.ba\/proizvodi\/r-klt-3215-200x300x147mm\/"]}]},{"@type":"ImageObject","inLanguage":"en-US","@id":"https:\/\/www.meridian.ba\/proizvodi\/r-klt-3215-200x300x147mm\/#primaryimage","url":"https:\/\/www.meridian.ba\/wp-content\/uploads\/2019\/03\/R-KLT-3215.jpg","contentUrl":"https:\/\/www.meridian.ba\/wp-content\/uploads\/2019\/03\/R-KLT-3215.jpg","width":600,"height":600},{"@type":"BreadcrumbList","@id":"https:\/\/www.meridian.ba\/proizvodi\/r-klt-3215-200x300x147mm\/#breadcrumb","itemListElement":[{"@type":"ListItem","position":1,"name":"Home","item":"https:\/\/www.meridian.ba\/"},{"@type":"ListItem","position":2,"name":"Shop","item":"https:\/\/www.meridian.ba\/en\/shop\/"},{"@type":"ListItem","position":3,"name":"R-KLT 3215 200x300x147mm Plasti\u010dne gajbe"}]},{"@type":"WebSite","@id":"https:\/\/www.meridian.ba\/#website","url":"https:\/\/www.meridian.ba\/","name":"Meridian Group","description":"Rje\u0161enja pakovanja i skladi\u0161tenja","potentialAction":[{"@type":"SearchAction","target":{"@type":"EntryPoint","urlTemplate":"https:\/\/www.meridian.ba\/?s={search_term_string}"},"query-input":{"@type":"PropertyValueSpecification","valueRequired":true,"valueName":"search_term_string"}}],"inLanguage":"en-US"}]}},"_links":{"self":[{"href":"https:\/\/www.meridian.ba\/en\/wp-json\/wp\/v2\/product\/3643","targetHints":{"allow":["GET"]}}],"collection":[{"href":"https:\/\/www.meridian.ba\/en\/wp-json\/wp\/v2\/product"}],"about":[{"href":"https:\/\/www.meridian.ba\/en\/wp-json\/wp\/v2\/types\/product"}],"version-history":[{"count":1,"href":"https:\/\/www.meridian.ba\/en\/wp-json\/wp\/v2\/product\/3643\/revisions"}],"predecessor-version":[{"id":20788,"href":"https:\/\/www.meridian.ba\/en\/wp-json\/wp\/v2\/product\/3643\/revisions\/20788"}],"wp:featuredmedia":[{"embeddable":true,"href":"https:\/\/www.meridian.ba\/en\/wp-json\/wp\/v2\/media\/3648"}],"wp:attachment":[{"href":"https:\/\/www.meridian.ba\/en\/wp-json\/wp\/v2\/media?parent=3643"}],"wp:term":[{"taxonomy":"product_brand","embeddable":true,"href":"https:\/\/www.meridian.ba\/en\/wp-json\/wp\/v2\/product_brand?post=3643"},{"taxonomy":"product_cat","embeddable":true,"href":"https:\/\/www.meridian.ba\/en\/wp-json\/wp\/v2\/product_cat?post=3643"},{"taxonomy":"product_tag","embeddable":true,"href":"https:\/\/www.meridian.ba\/en\/wp-json\/wp\/v2\/product_tag?post=3643"}],"curies":[{"name":"wp","href":"https:\/\/api.w.org\/{rel}","templated":true}]}}