{"id":3435,"date":"2019-03-10T14:53:17","date_gmt":"2019-03-10T14:53:17","guid":{"rendered":"http:\/\/www.meridian.ba\/?post_type=product&#038;p=3435"},"modified":"2020-09-21T19:34:41","modified_gmt":"2020-09-21T19:34:41","slug":"konusne-plasticne-gajbe-225x295x110mm","status":"publish","type":"product","link":"https:\/\/www.meridian.ba\/en\/proizvodi\/konusne-plasticne-gajbe-225x295x110mm\/","title":{"rendered":"Conical plastic crates 225x295x110(h) mm"},"content":{"rendered":"","protected":false},"excerpt":{"rendered":"<p>225x295x110(h) mm Conical plastic crate<\/p>\n<p>Lid is an optional accessory<\/p>\n<p><strong>Model No : 2311-KC<\/strong><\/p>","protected":false},"featured_media":3438,"template":"","meta":[],"product_brand":[],"product_cat":[334,199,133],"product_tag":[211,212,215,213,214,754,755],"class_list":{"0":"post-3435","1":"product","2":"type-product","3":"status-publish","4":"has-post-thumbnail","6":"product_cat-225x295-mm-serije-gajbe","7":"product_cat-konicne-gajbe","8":"product_cat-plasticne-gajbe","9":"product_tag-conic","10":"product_tag-conical-crate","11":"product_tag-conical-plastic-container","12":"product_tag-conical-plastic-crate","13":"product_tag-conical-plastic-crates","14":"product_tag-konicna-plasticna-gajba","15":"product_tag-konicne-plasticne-gajbe","16":"pa_opcija-boja-crna","17":"pa_opcija-boja-crvena","18":"pa_opcija-boja-plava","19":"pa_opcija-boja-siva","20":"pa_opcija-boja-zelena","21":"pa_opcija-boja-zuta","22":"pa_poklopac-bez-poklopca","23":"pa_poklopac-sa-poklopcem","24":"pa_unutrasnje-dimenzije-200-x-270-x-108h-mm","26":"entry","27":"has-media","29":"first","30":"instock","31":"shipping-taxable","32":"purchasable","33":"product-type-variable","34":"has-product-nav","35":"col","36":"span_1_of_3","37":"owp-content-center","38":"owp-thumbs-layout-horizontal","39":"owp-btn-normal","40":"owp-tabs-layout-horizontal"},"yoast_head":"<!-- This site is optimized with the Yoast SEO plugin v27.4 - https:\/\/yoast.com\/product\/yoast-seo-wordpress\/ -->\n<title>Konusne plasti\u010dne gajbe 225x295x110(v)mm - Meridian Group<\/title>\n<meta name=\"robots\" content=\"index, follow, max-snippet:-1, max-image-preview:large, max-video-preview:-1\" \/>\n<link rel=\"canonical\" href=\"https:\/\/www.meridian.ba\/en\/proizvodi\/konusne-plasticne-gajbe-225x295x110mm\/\" \/>\n<meta property=\"og:locale\" content=\"en_US\" \/>\n<meta property=\"og:type\" content=\"article\" \/>\n<meta property=\"og:title\" content=\"Konusne plasti\u010dne gajbe 225x295x110(v)mm - Meridian Group\" \/>\n<meta property=\"og:description\" content=\"225x295x110(v) mm Koni\u010dna plasti\u010dna gajba  Poklopac je opcionalno pomagalo  Broj Modela : 2311-KC\" \/>\n<meta property=\"og:url\" content=\"https:\/\/www.meridian.ba\/en\/proizvodi\/konusne-plasticne-gajbe-225x295x110mm\/\" \/>\n<meta property=\"og:site_name\" content=\"Meridian Group\" \/>\n<meta property=\"article:publisher\" content=\"https:\/\/www.facebook.com\/meridian.ba\" \/>\n<meta property=\"article:modified_time\" content=\"2020-09-21T19:34:41+00:00\" \/>\n<meta property=\"og:image\" content=\"https:\/\/www.meridian.ba\/wp-content\/uploads\/2019\/03\/conical-crates-2311-C.jpg\" \/>\n\t<meta property=\"og:image:width\" content=\"600\" \/>\n\t<meta property=\"og:image:height\" content=\"600\" \/>\n\t<meta property=\"og:image:type\" content=\"image\/jpeg\" \/>\n<meta name=\"twitter:card\" content=\"summary_large_image\" \/>\n<meta name=\"twitter:site\" content=\"@MeridianGroup2\" \/>\n<script type=\"application\/ld+json\" class=\"yoast-schema-graph\">{\"@context\":\"https:\\\/\\\/schema.org\",\"@graph\":[{\"@type\":\"WebPage\",\"@id\":\"https:\\\/\\\/www.meridian.ba\\\/proizvodi\\\/konusne-plasticne-gajbe-225x295x110mm\\\/\",\"url\":\"https:\\\/\\\/www.meridian.ba\\\/proizvodi\\\/konusne-plasticne-gajbe-225x295x110mm\\\/\",\"name\":\"Konusne plasti\u010dne gajbe 225x295x110(v)mm - Meridian Group\",\"isPartOf\":{\"@id\":\"https:\\\/\\\/www.meridian.ba\\\/#website\"},\"primaryImageOfPage\":{\"@id\":\"https:\\\/\\\/www.meridian.ba\\\/proizvodi\\\/konusne-plasticne-gajbe-225x295x110mm\\\/#primaryimage\"},\"image\":{\"@id\":\"https:\\\/\\\/www.meridian.ba\\\/proizvodi\\\/konusne-plasticne-gajbe-225x295x110mm\\\/#primaryimage\"},\"thumbnailUrl\":\"https:\\\/\\\/www.meridian.ba\\\/wp-content\\\/uploads\\\/2019\\\/03\\\/conical-crates-2311-C.jpg\",\"datePublished\":\"2019-03-10T14:53:17+00:00\",\"dateModified\":\"2020-09-21T19:34:41+00:00\",\"breadcrumb\":{\"@id\":\"https:\\\/\\\/www.meridian.ba\\\/proizvodi\\\/konusne-plasticne-gajbe-225x295x110mm\\\/#breadcrumb\"},\"inLanguage\":\"en-US\",\"potentialAction\":[{\"@type\":\"ReadAction\",\"target\":[\"https:\\\/\\\/www.meridian.ba\\\/proizvodi\\\/konusne-plasticne-gajbe-225x295x110mm\\\/\"]}]},{\"@type\":\"ImageObject\",\"inLanguage\":\"en-US\",\"@id\":\"https:\\\/\\\/www.meridian.ba\\\/proizvodi\\\/konusne-plasticne-gajbe-225x295x110mm\\\/#primaryimage\",\"url\":\"https:\\\/\\\/www.meridian.ba\\\/wp-content\\\/uploads\\\/2019\\\/03\\\/conical-crates-2311-C.jpg\",\"contentUrl\":\"https:\\\/\\\/www.meridian.ba\\\/wp-content\\\/uploads\\\/2019\\\/03\\\/conical-crates-2311-C.jpg\",\"width\":600,\"height\":600,\"caption\":\"Koni\u010dne plasti\u010dne gajbe\"},{\"@type\":\"BreadcrumbList\",\"@id\":\"https:\\\/\\\/www.meridian.ba\\\/proizvodi\\\/konusne-plasticne-gajbe-225x295x110mm\\\/#breadcrumb\",\"itemListElement\":[{\"@type\":\"ListItem\",\"position\":1,\"name\":\"Home\",\"item\":\"https:\\\/\\\/www.meridian.ba\\\/\"},{\"@type\":\"ListItem\",\"position\":2,\"name\":\"Shop\",\"item\":\"https:\\\/\\\/www.meridian.ba\\\/en\\\/shop\\\/\"},{\"@type\":\"ListItem\",\"position\":3,\"name\":\"Konusne plasti\u010dne gajbe 225x295x110(v)mm\"}]},{\"@type\":\"WebSite\",\"@id\":\"https:\\\/\\\/www.meridian.ba\\\/#website\",\"url\":\"https:\\\/\\\/www.meridian.ba\\\/\",\"name\":\"Meridian Group\",\"description\":\"Rje\u0161enja pakovanja i skladi\u0161tenja\",\"potentialAction\":[{\"@type\":\"SearchAction\",\"target\":{\"@type\":\"EntryPoint\",\"urlTemplate\":\"https:\\\/\\\/www.meridian.ba\\\/?s={search_term_string}\"},\"query-input\":{\"@type\":\"PropertyValueSpecification\",\"valueRequired\":true,\"valueName\":\"search_term_string\"}}],\"inLanguage\":\"en-US\"}]}<\/script>\n<!-- \/ Yoast SEO plugin. -->","yoast_head_json":{"title":"Konusne plasti\u010dne gajbe 225x295x110(v)mm - Meridian Group","robots":{"index":"index","follow":"follow","max-snippet":"max-snippet:-1","max-image-preview":"max-image-preview:large","max-video-preview":"max-video-preview:-1"},"canonical":"https:\/\/www.meridian.ba\/en\/proizvodi\/konusne-plasticne-gajbe-225x295x110mm\/","og_locale":"en_US","og_type":"article","og_title":"Konusne plasti\u010dne gajbe 225x295x110(v)mm - Meridian Group","og_description":"225x295x110(v) mm Koni\u010dna plasti\u010dna gajba  Poklopac je opcionalno pomagalo  Broj Modela : 2311-KC","og_url":"https:\/\/www.meridian.ba\/en\/proizvodi\/konusne-plasticne-gajbe-225x295x110mm\/","og_site_name":"Meridian Group","article_publisher":"https:\/\/www.facebook.com\/meridian.ba","article_modified_time":"2020-09-21T19:34:41+00:00","og_image":[{"width":600,"height":600,"url":"https:\/\/www.meridian.ba\/wp-content\/uploads\/2019\/03\/conical-crates-2311-C.jpg","type":"image\/jpeg"}],"twitter_card":"summary_large_image","twitter_site":"@MeridianGroup2","schema":{"@context":"https:\/\/schema.org","@graph":[{"@type":"WebPage","@id":"https:\/\/www.meridian.ba\/proizvodi\/konusne-plasticne-gajbe-225x295x110mm\/","url":"https:\/\/www.meridian.ba\/proizvodi\/konusne-plasticne-gajbe-225x295x110mm\/","name":"Konusne plasti\u010dne gajbe 225x295x110(v)mm - Meridian Group","isPartOf":{"@id":"https:\/\/www.meridian.ba\/#website"},"primaryImageOfPage":{"@id":"https:\/\/www.meridian.ba\/proizvodi\/konusne-plasticne-gajbe-225x295x110mm\/#primaryimage"},"image":{"@id":"https:\/\/www.meridian.ba\/proizvodi\/konusne-plasticne-gajbe-225x295x110mm\/#primaryimage"},"thumbnailUrl":"https:\/\/www.meridian.ba\/wp-content\/uploads\/2019\/03\/conical-crates-2311-C.jpg","datePublished":"2019-03-10T14:53:17+00:00","dateModified":"2020-09-21T19:34:41+00:00","breadcrumb":{"@id":"https:\/\/www.meridian.ba\/proizvodi\/konusne-plasticne-gajbe-225x295x110mm\/#breadcrumb"},"inLanguage":"en-US","potentialAction":[{"@type":"ReadAction","target":["https:\/\/www.meridian.ba\/proizvodi\/konusne-plasticne-gajbe-225x295x110mm\/"]}]},{"@type":"ImageObject","inLanguage":"en-US","@id":"https:\/\/www.meridian.ba\/proizvodi\/konusne-plasticne-gajbe-225x295x110mm\/#primaryimage","url":"https:\/\/www.meridian.ba\/wp-content\/uploads\/2019\/03\/conical-crates-2311-C.jpg","contentUrl":"https:\/\/www.meridian.ba\/wp-content\/uploads\/2019\/03\/conical-crates-2311-C.jpg","width":600,"height":600,"caption":"Koni\u010dne plasti\u010dne gajbe"},{"@type":"BreadcrumbList","@id":"https:\/\/www.meridian.ba\/proizvodi\/konusne-plasticne-gajbe-225x295x110mm\/#breadcrumb","itemListElement":[{"@type":"ListItem","position":1,"name":"Home","item":"https:\/\/www.meridian.ba\/"},{"@type":"ListItem","position":2,"name":"Shop","item":"https:\/\/www.meridian.ba\/en\/shop\/"},{"@type":"ListItem","position":3,"name":"Konusne plasti\u010dne gajbe 225x295x110(v)mm"}]},{"@type":"WebSite","@id":"https:\/\/www.meridian.ba\/#website","url":"https:\/\/www.meridian.ba\/","name":"Meridian Group","description":"Rje\u0161enja pakovanja i skladi\u0161tenja","potentialAction":[{"@type":"SearchAction","target":{"@type":"EntryPoint","urlTemplate":"https:\/\/www.meridian.ba\/?s={search_term_string}"},"query-input":{"@type":"PropertyValueSpecification","valueRequired":true,"valueName":"search_term_string"}}],"inLanguage":"en-US"}]}},"_links":{"self":[{"href":"https:\/\/www.meridian.ba\/en\/wp-json\/wp\/v2\/product\/3435","targetHints":{"allow":["GET"]}}],"collection":[{"href":"https:\/\/www.meridian.ba\/en\/wp-json\/wp\/v2\/product"}],"about":[{"href":"https:\/\/www.meridian.ba\/en\/wp-json\/wp\/v2\/types\/product"}],"version-history":[{"count":0,"href":"https:\/\/www.meridian.ba\/en\/wp-json\/wp\/v2\/product\/3435\/revisions"}],"wp:featuredmedia":[{"embeddable":true,"href":"https:\/\/www.meridian.ba\/en\/wp-json\/wp\/v2\/media\/3438"}],"wp:attachment":[{"href":"https:\/\/www.meridian.ba\/en\/wp-json\/wp\/v2\/media?parent=3435"}],"wp:term":[{"taxonomy":"product_brand","embeddable":true,"href":"https:\/\/www.meridian.ba\/en\/wp-json\/wp\/v2\/product_brand?post=3435"},{"taxonomy":"product_cat","embeddable":true,"href":"https:\/\/www.meridian.ba\/en\/wp-json\/wp\/v2\/product_cat?post=3435"},{"taxonomy":"product_tag","embeddable":true,"href":"https:\/\/www.meridian.ba\/en\/wp-json\/wp\/v2\/product_tag?post=3435"}],"curies":[{"name":"wp","href":"https:\/\/api.w.org\/{rel}","templated":true}]}}