{"id":2988,"date":"2019-03-01T13:09:58","date_gmt":"2019-03-01T13:09:58","guid":{"rendered":"http:\/\/www.meridian.ba\/?post_type=product&#038;p=2988"},"modified":"2025-09-16T13:27:16","modified_gmt":"2025-09-16T13:27:16","slug":"rupicasti-paletni-kontejneri-sa-tockovima-1000x1200x910mm","status":"publish","type":"product","link":"https:\/\/www.meridian.ba\/en\/proizvodi\/rupicasti-paletni-kontejneri-sa-tockovima-1000x1200x910mm\/","title":{"rendered":"Rupi\u010dasti plasti\u010dni kontejner sa to\u010dkovima 1000x1200x910mm"},"content":{"rendered":"","protected":false},"excerpt":{"rendered":"<p><strong>Model No : 101291-DT<\/strong><\/p>\n<p>External dimensions: 1000 x 1200 x 910(h) mm<br \/>\nInternal dimensions: 920 x 1120 x 610(h) mm<br \/>\nWeight: 39 Kg<\/p>\n<p>Solid base and sides, no handles<\/p>\n<p>Can be ordered with\/without accesories<\/p>","protected":false},"featured_media":2903,"template":"","meta":[],"product_brand":[],"product_cat":[216,590],"product_tag":[775,219,244,218,217],"class_list":{"0":"post-2988","1":"product","2":"type-product","3":"status-publish","4":"has-post-thumbnail","6":"product_cat-paletni-kontejneri","7":"product_cat-rupicasti-paletni-kontejneri-sa-tockovima","8":"product_tag-101291-dt","9":"product_tag-paletni-kontejneri","10":"product_tag-pallet-box","11":"product_tag-pallet-container","12":"product_tag-pallet-crate","13":"pa_dinamicki-kapacitet-700-kg","14":"pa_poklopac-bez-poklopca","15":"pa_poklopac-sa-poklopcem","16":"pa_staticki-kapacitet-4000-kg","18":"entry","19":"has-media","21":"first","22":"instock","23":"shipping-taxable","24":"purchasable","25":"product-type-variable","26":"has-product-nav","27":"col","28":"span_1_of_3","29":"owp-content-center","30":"owp-thumbs-layout-horizontal","31":"owp-btn-normal","32":"owp-tabs-layout-horizontal"},"yoast_head":"<!-- This site is optimized with the Yoast SEO plugin v27.4 - https:\/\/yoast.com\/product\/yoast-seo-wordpress\/ -->\n<title>Rupi\u010dasti plasti\u010dni kontejner sa to\u010dkovima 1000x1200x910mm - Meridian Group<\/title>\n<meta name=\"robots\" content=\"index, follow, max-snippet:-1, max-image-preview:large, max-video-preview:-1\" \/>\n<link rel=\"canonical\" href=\"https:\/\/www.meridian.ba\/en\/proizvodi\/rupicasti-paletni-kontejneri-sa-tockovima-1000x1200x910mm\/\" \/>\n<meta property=\"og:locale\" content=\"en_US\" \/>\n<meta property=\"og:type\" content=\"article\" \/>\n<meta property=\"og:title\" content=\"Rupi\u010dasti plasti\u010dni kontejner sa to\u010dkovima 1000x1200x910mm - Meridian Group\" \/>\n<meta property=\"og:description\" content=\"Broj modela: 101291-DT  Vanjske dimenzije : 1000 x 1200 x 910(v) mm Unutra\u0161nje dimenzije : 920 x 1120 x 610(v) mm Te\u017eina : 39 Kg  Zatvoreno dno i strane, bez ru\u010dki  Mo\u017ee se naru\u010diti sa \/ bez dodataka\" \/>\n<meta property=\"og:url\" content=\"https:\/\/www.meridian.ba\/en\/proizvodi\/rupicasti-paletni-kontejneri-sa-tockovima-1000x1200x910mm\/\" \/>\n<meta property=\"og:site_name\" content=\"Meridian Group\" \/>\n<meta property=\"article:publisher\" content=\"https:\/\/www.facebook.com\/meridian.ba\" \/>\n<meta property=\"article:modified_time\" content=\"2025-09-16T13:27:16+00:00\" \/>\n<meta property=\"og:image\" content=\"https:\/\/www.meridian.ba\/wp-content\/uploads\/2019\/02\/pallet-box-container-1176-KAT.jpg\" \/>\n\t<meta property=\"og:image:width\" content=\"600\" \/>\n\t<meta property=\"og:image:height\" content=\"600\" \/>\n\t<meta property=\"og:image:type\" content=\"image\/jpeg\" \/>\n<meta name=\"twitter:card\" content=\"summary_large_image\" \/>\n<meta name=\"twitter:site\" content=\"@MeridianGroup2\" \/>\n<script type=\"application\/ld+json\" class=\"yoast-schema-graph\">{\"@context\":\"https:\\\/\\\/schema.org\",\"@graph\":[{\"@type\":\"WebPage\",\"@id\":\"https:\\\/\\\/www.meridian.ba\\\/proizvodi\\\/rupicasti-paletni-kontejneri-sa-tockovima-1000x1200x910mm\\\/\",\"url\":\"https:\\\/\\\/www.meridian.ba\\\/proizvodi\\\/rupicasti-paletni-kontejneri-sa-tockovima-1000x1200x910mm\\\/\",\"name\":\"Rupi\u010dasti plasti\u010dni kontejner sa to\u010dkovima 1000x1200x910mm - Meridian Group\",\"isPartOf\":{\"@id\":\"https:\\\/\\\/www.meridian.ba\\\/#website\"},\"primaryImageOfPage\":{\"@id\":\"https:\\\/\\\/www.meridian.ba\\\/proizvodi\\\/rupicasti-paletni-kontejneri-sa-tockovima-1000x1200x910mm\\\/#primaryimage\"},\"image\":{\"@id\":\"https:\\\/\\\/www.meridian.ba\\\/proizvodi\\\/rupicasti-paletni-kontejneri-sa-tockovima-1000x1200x910mm\\\/#primaryimage\"},\"thumbnailUrl\":\"https:\\\/\\\/www.meridian.ba\\\/wp-content\\\/uploads\\\/2019\\\/02\\\/pallet-box-container-1176-KAT.jpg\",\"datePublished\":\"2019-03-01T13:09:58+00:00\",\"dateModified\":\"2025-09-16T13:27:16+00:00\",\"breadcrumb\":{\"@id\":\"https:\\\/\\\/www.meridian.ba\\\/proizvodi\\\/rupicasti-paletni-kontejneri-sa-tockovima-1000x1200x910mm\\\/#breadcrumb\"},\"inLanguage\":\"en-US\",\"potentialAction\":[{\"@type\":\"ReadAction\",\"target\":[\"https:\\\/\\\/www.meridian.ba\\\/proizvodi\\\/rupicasti-paletni-kontejneri-sa-tockovima-1000x1200x910mm\\\/\"]}]},{\"@type\":\"ImageObject\",\"inLanguage\":\"en-US\",\"@id\":\"https:\\\/\\\/www.meridian.ba\\\/proizvodi\\\/rupicasti-paletni-kontejneri-sa-tockovima-1000x1200x910mm\\\/#primaryimage\",\"url\":\"https:\\\/\\\/www.meridian.ba\\\/wp-content\\\/uploads\\\/2019\\\/02\\\/pallet-box-container-1176-KAT.jpg\",\"contentUrl\":\"https:\\\/\\\/www.meridian.ba\\\/wp-content\\\/uploads\\\/2019\\\/02\\\/pallet-box-container-1176-KAT.jpg\",\"width\":600,\"height\":600},{\"@type\":\"BreadcrumbList\",\"@id\":\"https:\\\/\\\/www.meridian.ba\\\/proizvodi\\\/rupicasti-paletni-kontejneri-sa-tockovima-1000x1200x910mm\\\/#breadcrumb\",\"itemListElement\":[{\"@type\":\"ListItem\",\"position\":1,\"name\":\"Home\",\"item\":\"https:\\\/\\\/www.meridian.ba\\\/\"},{\"@type\":\"ListItem\",\"position\":2,\"name\":\"Shop\",\"item\":\"https:\\\/\\\/www.meridian.ba\\\/en\\\/shop\\\/\"},{\"@type\":\"ListItem\",\"position\":3,\"name\":\"Rupi\u010dasti plasti\u010dni kontejner sa to\u010dkovima 1000x1200x910mm\"}]},{\"@type\":\"WebSite\",\"@id\":\"https:\\\/\\\/www.meridian.ba\\\/#website\",\"url\":\"https:\\\/\\\/www.meridian.ba\\\/\",\"name\":\"Meridian Group\",\"description\":\"Rje\u0161enja pakovanja i skladi\u0161tenja\",\"potentialAction\":[{\"@type\":\"SearchAction\",\"target\":{\"@type\":\"EntryPoint\",\"urlTemplate\":\"https:\\\/\\\/www.meridian.ba\\\/?s={search_term_string}\"},\"query-input\":{\"@type\":\"PropertyValueSpecification\",\"valueRequired\":true,\"valueName\":\"search_term_string\"}}],\"inLanguage\":\"en-US\"}]}<\/script>\n<!-- \/ Yoast SEO plugin. -->","yoast_head_json":{"title":"Rupi\u010dasti plasti\u010dni kontejner sa to\u010dkovima 1000x1200x910mm - Meridian Group","robots":{"index":"index","follow":"follow","max-snippet":"max-snippet:-1","max-image-preview":"max-image-preview:large","max-video-preview":"max-video-preview:-1"},"canonical":"https:\/\/www.meridian.ba\/en\/proizvodi\/rupicasti-paletni-kontejneri-sa-tockovima-1000x1200x910mm\/","og_locale":"en_US","og_type":"article","og_title":"Rupi\u010dasti plasti\u010dni kontejner sa to\u010dkovima 1000x1200x910mm - Meridian Group","og_description":"Broj modela: 101291-DT  Vanjske dimenzije : 1000 x 1200 x 910(v) mm Unutra\u0161nje dimenzije : 920 x 1120 x 610(v) mm Te\u017eina : 39 Kg  Zatvoreno dno i strane, bez ru\u010dki  Mo\u017ee se naru\u010diti sa \/ bez dodataka","og_url":"https:\/\/www.meridian.ba\/en\/proizvodi\/rupicasti-paletni-kontejneri-sa-tockovima-1000x1200x910mm\/","og_site_name":"Meridian Group","article_publisher":"https:\/\/www.facebook.com\/meridian.ba","article_modified_time":"2025-09-16T13:27:16+00:00","og_image":[{"width":600,"height":600,"url":"https:\/\/www.meridian.ba\/wp-content\/uploads\/2019\/02\/pallet-box-container-1176-KAT.jpg","type":"image\/jpeg"}],"twitter_card":"summary_large_image","twitter_site":"@MeridianGroup2","schema":{"@context":"https:\/\/schema.org","@graph":[{"@type":"WebPage","@id":"https:\/\/www.meridian.ba\/proizvodi\/rupicasti-paletni-kontejneri-sa-tockovima-1000x1200x910mm\/","url":"https:\/\/www.meridian.ba\/proizvodi\/rupicasti-paletni-kontejneri-sa-tockovima-1000x1200x910mm\/","name":"Rupi\u010dasti plasti\u010dni kontejner sa to\u010dkovima 1000x1200x910mm - Meridian Group","isPartOf":{"@id":"https:\/\/www.meridian.ba\/#website"},"primaryImageOfPage":{"@id":"https:\/\/www.meridian.ba\/proizvodi\/rupicasti-paletni-kontejneri-sa-tockovima-1000x1200x910mm\/#primaryimage"},"image":{"@id":"https:\/\/www.meridian.ba\/proizvodi\/rupicasti-paletni-kontejneri-sa-tockovima-1000x1200x910mm\/#primaryimage"},"thumbnailUrl":"https:\/\/www.meridian.ba\/wp-content\/uploads\/2019\/02\/pallet-box-container-1176-KAT.jpg","datePublished":"2019-03-01T13:09:58+00:00","dateModified":"2025-09-16T13:27:16+00:00","breadcrumb":{"@id":"https:\/\/www.meridian.ba\/proizvodi\/rupicasti-paletni-kontejneri-sa-tockovima-1000x1200x910mm\/#breadcrumb"},"inLanguage":"en-US","potentialAction":[{"@type":"ReadAction","target":["https:\/\/www.meridian.ba\/proizvodi\/rupicasti-paletni-kontejneri-sa-tockovima-1000x1200x910mm\/"]}]},{"@type":"ImageObject","inLanguage":"en-US","@id":"https:\/\/www.meridian.ba\/proizvodi\/rupicasti-paletni-kontejneri-sa-tockovima-1000x1200x910mm\/#primaryimage","url":"https:\/\/www.meridian.ba\/wp-content\/uploads\/2019\/02\/pallet-box-container-1176-KAT.jpg","contentUrl":"https:\/\/www.meridian.ba\/wp-content\/uploads\/2019\/02\/pallet-box-container-1176-KAT.jpg","width":600,"height":600},{"@type":"BreadcrumbList","@id":"https:\/\/www.meridian.ba\/proizvodi\/rupicasti-paletni-kontejneri-sa-tockovima-1000x1200x910mm\/#breadcrumb","itemListElement":[{"@type":"ListItem","position":1,"name":"Home","item":"https:\/\/www.meridian.ba\/"},{"@type":"ListItem","position":2,"name":"Shop","item":"https:\/\/www.meridian.ba\/en\/shop\/"},{"@type":"ListItem","position":3,"name":"Rupi\u010dasti plasti\u010dni kontejner sa to\u010dkovima 1000x1200x910mm"}]},{"@type":"WebSite","@id":"https:\/\/www.meridian.ba\/#website","url":"https:\/\/www.meridian.ba\/","name":"Meridian Group","description":"Rje\u0161enja pakovanja i skladi\u0161tenja","potentialAction":[{"@type":"SearchAction","target":{"@type":"EntryPoint","urlTemplate":"https:\/\/www.meridian.ba\/?s={search_term_string}"},"query-input":{"@type":"PropertyValueSpecification","valueRequired":true,"valueName":"search_term_string"}}],"inLanguage":"en-US"}]}},"_links":{"self":[{"href":"https:\/\/www.meridian.ba\/en\/wp-json\/wp\/v2\/product\/2988","targetHints":{"allow":["GET"]}}],"collection":[{"href":"https:\/\/www.meridian.ba\/en\/wp-json\/wp\/v2\/product"}],"about":[{"href":"https:\/\/www.meridian.ba\/en\/wp-json\/wp\/v2\/types\/product"}],"version-history":[{"count":3,"href":"https:\/\/www.meridian.ba\/en\/wp-json\/wp\/v2\/product\/2988\/revisions"}],"predecessor-version":[{"id":22005,"href":"https:\/\/www.meridian.ba\/en\/wp-json\/wp\/v2\/product\/2988\/revisions\/22005"}],"wp:featuredmedia":[{"embeddable":true,"href":"https:\/\/www.meridian.ba\/en\/wp-json\/wp\/v2\/media\/2903"}],"wp:attachment":[{"href":"https:\/\/www.meridian.ba\/en\/wp-json\/wp\/v2\/media?parent=2988"}],"wp:term":[{"taxonomy":"product_brand","embeddable":true,"href":"https:\/\/www.meridian.ba\/en\/wp-json\/wp\/v2\/product_brand?post=2988"},{"taxonomy":"product_cat","embeddable":true,"href":"https:\/\/www.meridian.ba\/en\/wp-json\/wp\/v2\/product_cat?post=2988"},{"taxonomy":"product_tag","embeddable":true,"href":"https:\/\/www.meridian.ba\/en\/wp-json\/wp\/v2\/product_tag?post=2988"}],"curies":[{"name":"wp","href":"https:\/\/api.w.org\/{rel}","templated":true}]}}