{"id":2933,"date":"2019-02-28T14:53:42","date_gmt":"2019-02-28T14:53:42","guid":{"rendered":"http:\/\/www.meridian.ba\/?post_type=product&#038;p=2933"},"modified":"2025-09-15T13:32:13","modified_gmt":"2025-09-15T13:32:13","slug":"zatvoreni-plasticni-kontejner-sa-tockovima-1000x1200x730mm","status":"publish","type":"product","link":"https:\/\/www.meridian.ba\/en\/proizvodi\/zatvoreni-plasticni-kontejner-sa-tockovima-1000x1200x730mm\/","title":{"rendered":"Zatvoreni plasti\u010dni kontejner sa to\u010dkovima 1000x1200x730mm"},"content":{"rendered":"","protected":false},"excerpt":{"rendered":"<p><strong>Model No : 101273-KT<\/strong><\/p>\n<p>External dimensions: 1000 x 1200 x 730(h) mm<br \/>\nInternal dimensions: 920 x 1120 x 430(h) mm<br \/>\nWeight: 34 Kg<\/p>\n<p>Solid base and sides, no handles<\/p>\n<p>Can be ordered with\/without accesories<\/p>","protected":false},"featured_media":21785,"template":"","meta":[],"product_brand":[],"product_cat":[216,591],"product_tag":[781,219,244,218,217,592],"class_list":{"0":"post-2933","1":"product","2":"type-product","3":"status-publish","4":"has-post-thumbnail","6":"product_cat-paletni-kontejneri","7":"product_cat-zatvoreni-paletni-kontejneri-sa-tockovima","8":"product_tag-101273-kt","9":"product_tag-paletni-kontejneri","10":"product_tag-pallet-box","11":"product_tag-pallet-container","12":"product_tag-pallet-crate","13":"product_tag-plasticni-kontejner-sa-tockovima","14":"pa_dinamicki-kapacitet-700-kg","15":"pa_poklopac-bez-poklopca","16":"pa_poklopac-sa-poklopcem","17":"pa_staticki-kapacitet-4000-kg","19":"entry","20":"has-media","22":"first","23":"instock","24":"shipping-taxable","25":"purchasable","26":"product-type-variable","27":"has-product-nav","28":"col","29":"span_1_of_3","30":"owp-content-center","31":"owp-thumbs-layout-horizontal","32":"owp-btn-normal","33":"owp-tabs-layout-horizontal"},"yoast_head":"<!-- This site is optimized with the Yoast SEO plugin v27.4 - https:\/\/yoast.com\/product\/yoast-seo-wordpress\/ -->\n<title>Zatvoreni plasti\u010dni kontejner sa to\u010dkovima 1000x1200x730mm - Meridian Group<\/title>\n<meta name=\"robots\" content=\"index, follow, max-snippet:-1, max-image-preview:large, max-video-preview:-1\" \/>\n<link rel=\"canonical\" href=\"https:\/\/www.meridian.ba\/en\/proizvodi\/zatvoreni-plasticni-kontejner-sa-tockovima-1000x1200x730mm\/\" \/>\n<meta property=\"og:locale\" content=\"en_US\" \/>\n<meta property=\"og:type\" content=\"article\" \/>\n<meta property=\"og:title\" content=\"Zatvoreni plasti\u010dni kontejner sa to\u010dkovima 1000x1200x730mm - Meridian Group\" \/>\n<meta property=\"og:description\" content=\"Broj modela: 101273-KT  Vanjske dimenzije : 1000 x 1200 x 730(v) mm Unutra\u0161nje dimenzije : 920 x 1120 x 430(v) mm Te\u017eina : 34 Kg  Zatvoreno dno i strane, bez ru\u010dki  Mo\u017ee se naru\u010diti sa \/ bez dodataka\" \/>\n<meta property=\"og:url\" content=\"https:\/\/www.meridian.ba\/en\/proizvodi\/zatvoreni-plasticni-kontejner-sa-tockovima-1000x1200x730mm\/\" \/>\n<meta property=\"og:site_name\" content=\"Meridian Group\" \/>\n<meta property=\"article:publisher\" content=\"https:\/\/www.facebook.com\/meridian.ba\" \/>\n<meta property=\"article:modified_time\" content=\"2025-09-15T13:32:13+00:00\" \/>\n<meta property=\"og:image\" content=\"https:\/\/www.meridian.ba\/wp-content\/uploads\/2025\/09\/101273-KT-plastic-container-plasticni-kontejner.webp\" \/>\n\t<meta property=\"og:image:width\" content=\"600\" \/>\n\t<meta property=\"og:image:height\" content=\"600\" \/>\n\t<meta property=\"og:image:type\" content=\"image\/webp\" \/>\n<meta name=\"twitter:card\" content=\"summary_large_image\" \/>\n<meta name=\"twitter:site\" content=\"@MeridianGroup2\" \/>\n<script type=\"application\/ld+json\" class=\"yoast-schema-graph\">{\"@context\":\"https:\\\/\\\/schema.org\",\"@graph\":[{\"@type\":\"WebPage\",\"@id\":\"https:\\\/\\\/www.meridian.ba\\\/proizvodi\\\/zatvoreni-plasticni-kontejner-sa-tockovima-1000x1200x730mm\\\/\",\"url\":\"https:\\\/\\\/www.meridian.ba\\\/proizvodi\\\/zatvoreni-plasticni-kontejner-sa-tockovima-1000x1200x730mm\\\/\",\"name\":\"Zatvoreni plasti\u010dni kontejner sa to\u010dkovima 1000x1200x730mm - Meridian Group\",\"isPartOf\":{\"@id\":\"https:\\\/\\\/www.meridian.ba\\\/#website\"},\"primaryImageOfPage\":{\"@id\":\"https:\\\/\\\/www.meridian.ba\\\/proizvodi\\\/zatvoreni-plasticni-kontejner-sa-tockovima-1000x1200x730mm\\\/#primaryimage\"},\"image\":{\"@id\":\"https:\\\/\\\/www.meridian.ba\\\/proizvodi\\\/zatvoreni-plasticni-kontejner-sa-tockovima-1000x1200x730mm\\\/#primaryimage\"},\"thumbnailUrl\":\"https:\\\/\\\/www.meridian.ba\\\/wp-content\\\/uploads\\\/2025\\\/09\\\/101273-KT-plastic-container-plasticni-kontejner.webp\",\"datePublished\":\"2019-02-28T14:53:42+00:00\",\"dateModified\":\"2025-09-15T13:32:13+00:00\",\"breadcrumb\":{\"@id\":\"https:\\\/\\\/www.meridian.ba\\\/proizvodi\\\/zatvoreni-plasticni-kontejner-sa-tockovima-1000x1200x730mm\\\/#breadcrumb\"},\"inLanguage\":\"en-US\",\"potentialAction\":[{\"@type\":\"ReadAction\",\"target\":[\"https:\\\/\\\/www.meridian.ba\\\/proizvodi\\\/zatvoreni-plasticni-kontejner-sa-tockovima-1000x1200x730mm\\\/\"]}]},{\"@type\":\"ImageObject\",\"inLanguage\":\"en-US\",\"@id\":\"https:\\\/\\\/www.meridian.ba\\\/proizvodi\\\/zatvoreni-plasticni-kontejner-sa-tockovima-1000x1200x730mm\\\/#primaryimage\",\"url\":\"https:\\\/\\\/www.meridian.ba\\\/wp-content\\\/uploads\\\/2025\\\/09\\\/101273-KT-plastic-container-plasticni-kontejner.webp\",\"contentUrl\":\"https:\\\/\\\/www.meridian.ba\\\/wp-content\\\/uploads\\\/2025\\\/09\\\/101273-KT-plastic-container-plasticni-kontejner.webp\",\"width\":600,\"height\":600},{\"@type\":\"BreadcrumbList\",\"@id\":\"https:\\\/\\\/www.meridian.ba\\\/proizvodi\\\/zatvoreni-plasticni-kontejner-sa-tockovima-1000x1200x730mm\\\/#breadcrumb\",\"itemListElement\":[{\"@type\":\"ListItem\",\"position\":1,\"name\":\"Home\",\"item\":\"https:\\\/\\\/www.meridian.ba\\\/\"},{\"@type\":\"ListItem\",\"position\":2,\"name\":\"Shop\",\"item\":\"https:\\\/\\\/www.meridian.ba\\\/en\\\/shop\\\/\"},{\"@type\":\"ListItem\",\"position\":3,\"name\":\"Zatvoreni plasti\u010dni kontejner sa to\u010dkovima 1000x1200x730mm\"}]},{\"@type\":\"WebSite\",\"@id\":\"https:\\\/\\\/www.meridian.ba\\\/#website\",\"url\":\"https:\\\/\\\/www.meridian.ba\\\/\",\"name\":\"Meridian Group\",\"description\":\"Rje\u0161enja pakovanja i skladi\u0161tenja\",\"potentialAction\":[{\"@type\":\"SearchAction\",\"target\":{\"@type\":\"EntryPoint\",\"urlTemplate\":\"https:\\\/\\\/www.meridian.ba\\\/?s={search_term_string}\"},\"query-input\":{\"@type\":\"PropertyValueSpecification\",\"valueRequired\":true,\"valueName\":\"search_term_string\"}}],\"inLanguage\":\"en-US\"}]}<\/script>\n<!-- \/ Yoast SEO plugin. -->","yoast_head_json":{"title":"Zatvoreni plasti\u010dni kontejner sa to\u010dkovima 1000x1200x730mm - Meridian Group","robots":{"index":"index","follow":"follow","max-snippet":"max-snippet:-1","max-image-preview":"max-image-preview:large","max-video-preview":"max-video-preview:-1"},"canonical":"https:\/\/www.meridian.ba\/en\/proizvodi\/zatvoreni-plasticni-kontejner-sa-tockovima-1000x1200x730mm\/","og_locale":"en_US","og_type":"article","og_title":"Zatvoreni plasti\u010dni kontejner sa to\u010dkovima 1000x1200x730mm - Meridian Group","og_description":"Broj modela: 101273-KT  Vanjske dimenzije : 1000 x 1200 x 730(v) mm Unutra\u0161nje dimenzije : 920 x 1120 x 430(v) mm Te\u017eina : 34 Kg  Zatvoreno dno i strane, bez ru\u010dki  Mo\u017ee se naru\u010diti sa \/ bez dodataka","og_url":"https:\/\/www.meridian.ba\/en\/proizvodi\/zatvoreni-plasticni-kontejner-sa-tockovima-1000x1200x730mm\/","og_site_name":"Meridian Group","article_publisher":"https:\/\/www.facebook.com\/meridian.ba","article_modified_time":"2025-09-15T13:32:13+00:00","og_image":[{"width":600,"height":600,"url":"https:\/\/www.meridian.ba\/wp-content\/uploads\/2025\/09\/101273-KT-plastic-container-plasticni-kontejner.webp","type":"image\/webp"}],"twitter_card":"summary_large_image","twitter_site":"@MeridianGroup2","schema":{"@context":"https:\/\/schema.org","@graph":[{"@type":"WebPage","@id":"https:\/\/www.meridian.ba\/proizvodi\/zatvoreni-plasticni-kontejner-sa-tockovima-1000x1200x730mm\/","url":"https:\/\/www.meridian.ba\/proizvodi\/zatvoreni-plasticni-kontejner-sa-tockovima-1000x1200x730mm\/","name":"Zatvoreni plasti\u010dni kontejner sa to\u010dkovima 1000x1200x730mm - Meridian Group","isPartOf":{"@id":"https:\/\/www.meridian.ba\/#website"},"primaryImageOfPage":{"@id":"https:\/\/www.meridian.ba\/proizvodi\/zatvoreni-plasticni-kontejner-sa-tockovima-1000x1200x730mm\/#primaryimage"},"image":{"@id":"https:\/\/www.meridian.ba\/proizvodi\/zatvoreni-plasticni-kontejner-sa-tockovima-1000x1200x730mm\/#primaryimage"},"thumbnailUrl":"https:\/\/www.meridian.ba\/wp-content\/uploads\/2025\/09\/101273-KT-plastic-container-plasticni-kontejner.webp","datePublished":"2019-02-28T14:53:42+00:00","dateModified":"2025-09-15T13:32:13+00:00","breadcrumb":{"@id":"https:\/\/www.meridian.ba\/proizvodi\/zatvoreni-plasticni-kontejner-sa-tockovima-1000x1200x730mm\/#breadcrumb"},"inLanguage":"en-US","potentialAction":[{"@type":"ReadAction","target":["https:\/\/www.meridian.ba\/proizvodi\/zatvoreni-plasticni-kontejner-sa-tockovima-1000x1200x730mm\/"]}]},{"@type":"ImageObject","inLanguage":"en-US","@id":"https:\/\/www.meridian.ba\/proizvodi\/zatvoreni-plasticni-kontejner-sa-tockovima-1000x1200x730mm\/#primaryimage","url":"https:\/\/www.meridian.ba\/wp-content\/uploads\/2025\/09\/101273-KT-plastic-container-plasticni-kontejner.webp","contentUrl":"https:\/\/www.meridian.ba\/wp-content\/uploads\/2025\/09\/101273-KT-plastic-container-plasticni-kontejner.webp","width":600,"height":600},{"@type":"BreadcrumbList","@id":"https:\/\/www.meridian.ba\/proizvodi\/zatvoreni-plasticni-kontejner-sa-tockovima-1000x1200x730mm\/#breadcrumb","itemListElement":[{"@type":"ListItem","position":1,"name":"Home","item":"https:\/\/www.meridian.ba\/"},{"@type":"ListItem","position":2,"name":"Shop","item":"https:\/\/www.meridian.ba\/en\/shop\/"},{"@type":"ListItem","position":3,"name":"Zatvoreni plasti\u010dni kontejner sa to\u010dkovima 1000x1200x730mm"}]},{"@type":"WebSite","@id":"https:\/\/www.meridian.ba\/#website","url":"https:\/\/www.meridian.ba\/","name":"Meridian Group","description":"Rje\u0161enja pakovanja i skladi\u0161tenja","potentialAction":[{"@type":"SearchAction","target":{"@type":"EntryPoint","urlTemplate":"https:\/\/www.meridian.ba\/?s={search_term_string}"},"query-input":{"@type":"PropertyValueSpecification","valueRequired":true,"valueName":"search_term_string"}}],"inLanguage":"en-US"}]}},"_links":{"self":[{"href":"https:\/\/www.meridian.ba\/en\/wp-json\/wp\/v2\/product\/2933","targetHints":{"allow":["GET"]}}],"collection":[{"href":"https:\/\/www.meridian.ba\/en\/wp-json\/wp\/v2\/product"}],"about":[{"href":"https:\/\/www.meridian.ba\/en\/wp-json\/wp\/v2\/types\/product"}],"version-history":[{"count":2,"href":"https:\/\/www.meridian.ba\/en\/wp-json\/wp\/v2\/product\/2933\/revisions"}],"predecessor-version":[{"id":21913,"href":"https:\/\/www.meridian.ba\/en\/wp-json\/wp\/v2\/product\/2933\/revisions\/21913"}],"wp:featuredmedia":[{"embeddable":true,"href":"https:\/\/www.meridian.ba\/en\/wp-json\/wp\/v2\/media\/21785"}],"wp:attachment":[{"href":"https:\/\/www.meridian.ba\/en\/wp-json\/wp\/v2\/media?parent=2933"}],"wp:term":[{"taxonomy":"product_brand","embeddable":true,"href":"https:\/\/www.meridian.ba\/en\/wp-json\/wp\/v2\/product_brand?post=2933"},{"taxonomy":"product_cat","embeddable":true,"href":"https:\/\/www.meridian.ba\/en\/wp-json\/wp\/v2\/product_cat?post=2933"},{"taxonomy":"product_tag","embeddable":true,"href":"https:\/\/www.meridian.ba\/en\/wp-json\/wp\/v2\/product_tag?post=2933"}],"curies":[{"name":"wp","href":"https:\/\/api.w.org\/{rel}","templated":true}]}}