{"id":2385,"date":"2019-02-10T17:25:45","date_gmt":"2019-02-10T17:25:45","guid":{"rendered":"http:\/\/www.meridian.ba\/?post_type=product&#038;p=2385"},"modified":"2019-04-17T19:30:24","modified_gmt":"2019-04-17T19:30:24","slug":"plasticna-kanta-za-otpad-sa-pedalom-7-litara","status":"publish","type":"product","link":"https:\/\/www.meridian.ba\/en\/proizvodi\/plasticna-kanta-za-otpad-sa-pedalom-7-litara\/","title":{"rendered":"Plasti\u010dna Kanta za Otpad sa Pedalom 7 Litara"},"content":{"rendered":"<p>Kanta za otpad slu\u017ei da sme\u0107e bude na jednom mjestu.\u00a0<a href=\"http:\/\/www.meridian.ba\/en\/\">Meridian Group<\/a>\u00a0nudi \u0161iroki izbor ekonomi\u010dnih kanti za sme\u0107e. U zavisnosti od veli\u010dine i tipa Va\u0161eg posla, trebat \u0107ete specifi\u010dnu kantu i opremu da se rije\u0161ite recikliranog i komercijalnog otpada. Na\u0161e kante za sme\u0107e su kapaciteta od 7 litara do 1100 litara.<\/p>\n<p>Za ve\u0107i kapacitet kanti\u00a0<a href=\"https:\/\/www.meridijangroup.com\/bs\/product-category\/waste-container\/\">za otpad<\/a>ne trebate kamion ili opremu. Na\u0161i kontejneri za otpad imaju to\u010dkove tako da je s njima lako rukovati. Na\u0161i mobilni kontejneri za otpad sa dva i \u010detiri to\u010dka su proizvedeni od visoko gustog poli etilena (PE-HD). Mi proizvodimo njih koriste\u0107i kompaktno ubrizgavanje kalupa po EN 840. Proizvodimo sve kante na to\u010dkove od visoko kvalitetnog materijala.<\/p>\n<h2>Za\u0161to je kanta za sme\u0107e bitna?<\/h2>\n<ul>\n<li>Jedan od razloga je sigurnost zato \u0161to mo\u017eete vidjeti pse lutalice ili ma\u010dke kako preturaju i cijepaju otpadne kese . Kao rezultat toga, kontejneri spre\u010davaju bilo koju \u017eivotinju od Va\u0161eg sme\u0107a.<\/li>\n<li>Dana\u0161nji kontejneri za otpad imaju veliku ulogu u odr\u017eavanju prijateljskih kom\u0161ijskih odnosa. Oni pokazuju gdje se sme\u0107e treba odlagati.<\/li>\n<li>Higijena je drugi razlog . Tako da zajednica postaje \u010di\u0161\u0107a i bolje organizovana sa svakog njenog aspekta u punom potencijalu.<\/li>\n<li>\u2022 Recikliranje je veoma bitno jer otpad ima ogroman negativni uticaj na prirodnu okolinu. Kontejneri za otpad imaju vi\u0161e svrha i prete\u017eno su u bojama stoga odvajanje otpada je po\u010detak recikliranog kruga.<\/li>\n<\/ul>\n<p>&nbsp;<\/p>\n<h3>Koje vrste otpadnih kanti imamo?<\/h3>\n<p>Imaju vi\u0161estruke opcije boja. Mo\u017eete naru\u010diti kantu za otpad u zavisnosti od Va\u0161e potrebe. Boja kante za otpad je va\u017ena jer svaka vrsta otpada zahtijeva poseban kontejner. Tako\u0111er, mi imamo dva tipa proizvoda. Jedan od njih je model na pedale a drugi je model na to\u010dkove. Na\u0161i kontejneri za otpad se primjenjuju u svemu kao npr.: \u0130ndustriji, pru\u017eanje ugostiteljskih usluga, medicinski otpad, reciklirani projekti, povrtlarstvo itd.<\/p>\n<p>Ako imate potrebu za bilo kojim kontejnerom za otpad, mi smo spremni da Vam iza\u0111emo u susret.<\/p>","protected":false},"excerpt":{"rendered":"<p>7 Litara Plasti\u010dna Kanta za Otpad sa Pedalom<\/p>","protected":false},"featured_media":2447,"template":"","meta":[],"product_brand":[],"product_cat":[182],"product_tag":[191,192],"class_list":{"0":"post-2385","1":"product","2":"type-product","3":"status-publish","4":"has-post-thumbnail","6":"product_cat-kontejner-za-otpad","7":"product_tag-kanta-za-otpad","8":"product_tag-kontejner-za-smece","9":"pa_opcija-boja-bijela","10":"pa_opcija-boja-crna","11":"pa_opcija-boja-crvena","12":"pa_opcija-boja-plava","13":"pa_opcija-boja-siva","14":"pa_opcija-boja-zelena","15":"pa_opcija-boja-zuta","17":"entry","18":"has-media","20":"first","21":"instock","22":"shipping-taxable","23":"product-type-variable","24":"has-product-nav","25":"col","26":"span_1_of_3","27":"owp-content-center","28":"owp-thumbs-layout-horizontal","29":"owp-btn-normal","30":"owp-tabs-layout-horizontal"},"yoast_head":"<!-- This site is optimized with the Yoast SEO plugin v27.4 - https:\/\/yoast.com\/product\/yoast-seo-wordpress\/ -->\n<title>Plasti\u010dna Kanta za Otpad sa Pedalom 7 Litara - Meridian Group<\/title>\n<meta name=\"description\" content=\"Waste bin is there to keep garbage in one place. We offers wide range of ergonomic waste bins.Their capacity starts from 7 liter up to 1100 liter.\" \/>\n<meta name=\"robots\" content=\"index, follow, max-snippet:-1, max-image-preview:large, max-video-preview:-1\" \/>\n<link rel=\"canonical\" href=\"https:\/\/www.meridian.ba\/en\/proizvodi\/plasticna-kanta-za-otpad-sa-pedalom-7-litara\/\" \/>\n<meta property=\"og:locale\" content=\"en_US\" \/>\n<meta property=\"og:type\" content=\"article\" \/>\n<meta property=\"og:title\" content=\"Plasti\u010dna Kanta za Otpad sa Pedalom 7 Litara - Meridian Group\" \/>\n<meta property=\"og:description\" content=\"Waste bin is there to keep garbage in one place. We offers wide range of ergonomic waste bins.Their capacity starts from 7 liter up to 1100 liter.\" \/>\n<meta property=\"og:url\" content=\"https:\/\/www.meridian.ba\/en\/proizvodi\/plasticna-kanta-za-otpad-sa-pedalom-7-litara\/\" \/>\n<meta property=\"og:site_name\" content=\"Meridian Group\" \/>\n<meta property=\"article:publisher\" content=\"https:\/\/www.facebook.com\/meridian.ba\" \/>\n<meta property=\"article:modified_time\" content=\"2019-04-17T19:30:24+00:00\" \/>\n<meta property=\"og:image\" content=\"https:\/\/www.meridian.ba\/wp-content\/uploads\/2019\/02\/7liter-yellow-waste-container.jpg\" \/>\n\t<meta property=\"og:image:width\" content=\"600\" \/>\n\t<meta property=\"og:image:height\" content=\"600\" \/>\n\t<meta property=\"og:image:type\" content=\"image\/jpeg\" \/>\n<meta name=\"twitter:card\" content=\"summary_large_image\" \/>\n<meta name=\"twitter:site\" content=\"@MeridianGroup2\" \/>\n<meta name=\"twitter:label1\" content=\"Est. reading time\" \/>\n\t<meta name=\"twitter:data1\" content=\"2 minutes\" \/>\n<script type=\"application\/ld+json\" class=\"yoast-schema-graph\">{\"@context\":\"https:\\\/\\\/schema.org\",\"@graph\":[{\"@type\":\"WebPage\",\"@id\":\"https:\\\/\\\/www.meridian.ba\\\/proizvodi\\\/plasticna-kanta-za-otpad-sa-pedalom-7-litara\\\/\",\"url\":\"https:\\\/\\\/www.meridian.ba\\\/proizvodi\\\/plasticna-kanta-za-otpad-sa-pedalom-7-litara\\\/\",\"name\":\"Plasti\u010dna Kanta za Otpad sa Pedalom 7 Litara - Meridian Group\",\"isPartOf\":{\"@id\":\"https:\\\/\\\/www.meridian.ba\\\/#website\"},\"primaryImageOfPage\":{\"@id\":\"https:\\\/\\\/www.meridian.ba\\\/proizvodi\\\/plasticna-kanta-za-otpad-sa-pedalom-7-litara\\\/#primaryimage\"},\"image\":{\"@id\":\"https:\\\/\\\/www.meridian.ba\\\/proizvodi\\\/plasticna-kanta-za-otpad-sa-pedalom-7-litara\\\/#primaryimage\"},\"thumbnailUrl\":\"https:\\\/\\\/www.meridian.ba\\\/wp-content\\\/uploads\\\/2019\\\/02\\\/7liter-yellow-waste-container.jpg\",\"datePublished\":\"2019-02-10T17:25:45+00:00\",\"dateModified\":\"2019-04-17T19:30:24+00:00\",\"description\":\"Waste bin is there to keep garbage in one place. We offers wide range of ergonomic waste bins.Their capacity starts from 7 liter up to 1100 liter.\",\"breadcrumb\":{\"@id\":\"https:\\\/\\\/www.meridian.ba\\\/proizvodi\\\/plasticna-kanta-za-otpad-sa-pedalom-7-litara\\\/#breadcrumb\"},\"inLanguage\":\"en-US\",\"potentialAction\":[{\"@type\":\"ReadAction\",\"target\":[\"https:\\\/\\\/www.meridian.ba\\\/proizvodi\\\/plasticna-kanta-za-otpad-sa-pedalom-7-litara\\\/\"]}]},{\"@type\":\"ImageObject\",\"inLanguage\":\"en-US\",\"@id\":\"https:\\\/\\\/www.meridian.ba\\\/proizvodi\\\/plasticna-kanta-za-otpad-sa-pedalom-7-litara\\\/#primaryimage\",\"url\":\"https:\\\/\\\/www.meridian.ba\\\/wp-content\\\/uploads\\\/2019\\\/02\\\/7liter-yellow-waste-container.jpg\",\"contentUrl\":\"https:\\\/\\\/www.meridian.ba\\\/wp-content\\\/uploads\\\/2019\\\/02\\\/7liter-yellow-waste-container.jpg\",\"width\":600,\"height\":600,\"caption\":\"waste bin\"},{\"@type\":\"BreadcrumbList\",\"@id\":\"https:\\\/\\\/www.meridian.ba\\\/proizvodi\\\/plasticna-kanta-za-otpad-sa-pedalom-7-litara\\\/#breadcrumb\",\"itemListElement\":[{\"@type\":\"ListItem\",\"position\":1,\"name\":\"Home\",\"item\":\"https:\\\/\\\/www.meridian.ba\\\/\"},{\"@type\":\"ListItem\",\"position\":2,\"name\":\"Shop\",\"item\":\"https:\\\/\\\/www.meridian.ba\\\/en\\\/shop\\\/\"},{\"@type\":\"ListItem\",\"position\":3,\"name\":\"Plasti\u010dna Kanta za Otpad sa Pedalom 7 Litara\"}]},{\"@type\":\"WebSite\",\"@id\":\"https:\\\/\\\/www.meridian.ba\\\/#website\",\"url\":\"https:\\\/\\\/www.meridian.ba\\\/\",\"name\":\"Meridian Group\",\"description\":\"Rje\u0161enja pakovanja i skladi\u0161tenja\",\"potentialAction\":[{\"@type\":\"SearchAction\",\"target\":{\"@type\":\"EntryPoint\",\"urlTemplate\":\"https:\\\/\\\/www.meridian.ba\\\/?s={search_term_string}\"},\"query-input\":{\"@type\":\"PropertyValueSpecification\",\"valueRequired\":true,\"valueName\":\"search_term_string\"}}],\"inLanguage\":\"en-US\"}]}<\/script>\n<!-- \/ Yoast SEO plugin. -->","yoast_head_json":{"title":"Plasti\u010dna Kanta za Otpad sa Pedalom 7 Litara - Meridian Group","description":"Waste bin is there to keep garbage in one place. We offers wide range of ergonomic waste bins.Their capacity starts from 7 liter up to 1100 liter.","robots":{"index":"index","follow":"follow","max-snippet":"max-snippet:-1","max-image-preview":"max-image-preview:large","max-video-preview":"max-video-preview:-1"},"canonical":"https:\/\/www.meridian.ba\/en\/proizvodi\/plasticna-kanta-za-otpad-sa-pedalom-7-litara\/","og_locale":"en_US","og_type":"article","og_title":"Plasti\u010dna Kanta za Otpad sa Pedalom 7 Litara - Meridian Group","og_description":"Waste bin is there to keep garbage in one place. We offers wide range of ergonomic waste bins.Their capacity starts from 7 liter up to 1100 liter.","og_url":"https:\/\/www.meridian.ba\/en\/proizvodi\/plasticna-kanta-za-otpad-sa-pedalom-7-litara\/","og_site_name":"Meridian Group","article_publisher":"https:\/\/www.facebook.com\/meridian.ba","article_modified_time":"2019-04-17T19:30:24+00:00","og_image":[{"width":600,"height":600,"url":"https:\/\/www.meridian.ba\/wp-content\/uploads\/2019\/02\/7liter-yellow-waste-container.jpg","type":"image\/jpeg"}],"twitter_card":"summary_large_image","twitter_site":"@MeridianGroup2","twitter_misc":{"Est. reading time":"2 minutes"},"schema":{"@context":"https:\/\/schema.org","@graph":[{"@type":"WebPage","@id":"https:\/\/www.meridian.ba\/proizvodi\/plasticna-kanta-za-otpad-sa-pedalom-7-litara\/","url":"https:\/\/www.meridian.ba\/proizvodi\/plasticna-kanta-za-otpad-sa-pedalom-7-litara\/","name":"Plasti\u010dna Kanta za Otpad sa Pedalom 7 Litara - Meridian Group","isPartOf":{"@id":"https:\/\/www.meridian.ba\/#website"},"primaryImageOfPage":{"@id":"https:\/\/www.meridian.ba\/proizvodi\/plasticna-kanta-za-otpad-sa-pedalom-7-litara\/#primaryimage"},"image":{"@id":"https:\/\/www.meridian.ba\/proizvodi\/plasticna-kanta-za-otpad-sa-pedalom-7-litara\/#primaryimage"},"thumbnailUrl":"https:\/\/www.meridian.ba\/wp-content\/uploads\/2019\/02\/7liter-yellow-waste-container.jpg","datePublished":"2019-02-10T17:25:45+00:00","dateModified":"2019-04-17T19:30:24+00:00","description":"Waste bin is there to keep garbage in one place. We offers wide range of ergonomic waste bins.Their capacity starts from 7 liter up to 1100 liter.","breadcrumb":{"@id":"https:\/\/www.meridian.ba\/proizvodi\/plasticna-kanta-za-otpad-sa-pedalom-7-litara\/#breadcrumb"},"inLanguage":"en-US","potentialAction":[{"@type":"ReadAction","target":["https:\/\/www.meridian.ba\/proizvodi\/plasticna-kanta-za-otpad-sa-pedalom-7-litara\/"]}]},{"@type":"ImageObject","inLanguage":"en-US","@id":"https:\/\/www.meridian.ba\/proizvodi\/plasticna-kanta-za-otpad-sa-pedalom-7-litara\/#primaryimage","url":"https:\/\/www.meridian.ba\/wp-content\/uploads\/2019\/02\/7liter-yellow-waste-container.jpg","contentUrl":"https:\/\/www.meridian.ba\/wp-content\/uploads\/2019\/02\/7liter-yellow-waste-container.jpg","width":600,"height":600,"caption":"waste bin"},{"@type":"BreadcrumbList","@id":"https:\/\/www.meridian.ba\/proizvodi\/plasticna-kanta-za-otpad-sa-pedalom-7-litara\/#breadcrumb","itemListElement":[{"@type":"ListItem","position":1,"name":"Home","item":"https:\/\/www.meridian.ba\/"},{"@type":"ListItem","position":2,"name":"Shop","item":"https:\/\/www.meridian.ba\/en\/shop\/"},{"@type":"ListItem","position":3,"name":"Plasti\u010dna Kanta za Otpad sa Pedalom 7 Litara"}]},{"@type":"WebSite","@id":"https:\/\/www.meridian.ba\/#website","url":"https:\/\/www.meridian.ba\/","name":"Meridian Group","description":"Rje\u0161enja pakovanja i skladi\u0161tenja","potentialAction":[{"@type":"SearchAction","target":{"@type":"EntryPoint","urlTemplate":"https:\/\/www.meridian.ba\/?s={search_term_string}"},"query-input":{"@type":"PropertyValueSpecification","valueRequired":true,"valueName":"search_term_string"}}],"inLanguage":"en-US"}]}},"_links":{"self":[{"href":"https:\/\/www.meridian.ba\/en\/wp-json\/wp\/v2\/product\/2385","targetHints":{"allow":["GET"]}}],"collection":[{"href":"https:\/\/www.meridian.ba\/en\/wp-json\/wp\/v2\/product"}],"about":[{"href":"https:\/\/www.meridian.ba\/en\/wp-json\/wp\/v2\/types\/product"}],"version-history":[{"count":0,"href":"https:\/\/www.meridian.ba\/en\/wp-json\/wp\/v2\/product\/2385\/revisions"}],"wp:featuredmedia":[{"embeddable":true,"href":"https:\/\/www.meridian.ba\/en\/wp-json\/wp\/v2\/media\/2447"}],"wp:attachment":[{"href":"https:\/\/www.meridian.ba\/en\/wp-json\/wp\/v2\/media?parent=2385"}],"wp:term":[{"taxonomy":"product_brand","embeddable":true,"href":"https:\/\/www.meridian.ba\/en\/wp-json\/wp\/v2\/product_brand?post=2385"},{"taxonomy":"product_cat","embeddable":true,"href":"https:\/\/www.meridian.ba\/en\/wp-json\/wp\/v2\/product_cat?post=2385"},{"taxonomy":"product_tag","embeddable":true,"href":"https:\/\/www.meridian.ba\/en\/wp-json\/wp\/v2\/product_tag?post=2385"}],"curies":[{"name":"wp","href":"https:\/\/api.w.org\/{rel}","templated":true}]}}