{"id":21966,"date":"2025-09-10T14:27:13","date_gmt":"2025-09-10T14:27:13","guid":{"rendered":"https:\/\/www.meridian.ba\/?post_type=product&#038;p=21966"},"modified":"2025-09-10T14:28:31","modified_gmt":"2025-09-10T14:28:31","slug":"zatvoreni-sklopivi-plasticni-kontejner-1000x1200x975mm","status":"publish","type":"product","link":"https:\/\/www.meridian.ba\/en\/proizvodi\/zatvoreni-sklopivi-plasticni-kontejner-1000x1200x975mm\/","title":{"rendered":"Zatvoreni sklopivi plasti\u010dni kontejner 1000x1200x975mm"},"content":{"rendered":"","protected":false},"excerpt":{"rendered":"<p><strong>Broj modela: 101297-FB<\/strong><\/p>\n<p>Vanjske dimenzije: 1000(\u0161)x1200(d)x975(v)mm<br \/>\nUnutra\u0161nje dimenzije: 920(\u0161)x1120(d)x805(v)mm<\/p>","protected":false},"featured_media":21921,"template":"","meta":[],"product_brand":[],"product_cat":[216,440],"product_tag":[1331,244,218,431],"class_list":{"0":"post-21966","1":"product","2":"type-product","3":"status-publish","4":"has-post-thumbnail","6":"product_cat-paletni-kontejneri","7":"product_cat-sklopivi-paletni-kontejneri","8":"product_tag-101297-fb","9":"product_tag-pallet-box","10":"product_tag-pallet-container","11":"product_tag-plasticni-kontejner","12":"pa_dinamicki-kapacitet-500-kg","13":"pa_staticki-kapacitet-5000-kg","15":"entry","16":"has-media","18":"first","19":"instock","20":"shipping-taxable","21":"purchasable","22":"product-type-variable","23":"has-product-nav","24":"col","25":"span_1_of_3","26":"owp-content-center","27":"owp-thumbs-layout-horizontal","28":"owp-btn-normal","29":"owp-tabs-layout-horizontal"},"yoast_head":"<!-- This site is optimized with the Yoast SEO plugin v27.4 - https:\/\/yoast.com\/product\/yoast-seo-wordpress\/ -->\n<title>Zatvoreni sklopivi plasti\u010dni kontejner 1000x1200x975mm - Meridian Group<\/title>\n<meta name=\"robots\" content=\"index, follow, max-snippet:-1, max-image-preview:large, max-video-preview:-1\" \/>\n<link rel=\"canonical\" href=\"https:\/\/www.meridian.ba\/en\/proizvodi\/zatvoreni-sklopivi-plasticni-kontejner-1000x1200x975mm\/\" \/>\n<meta property=\"og:locale\" content=\"en_US\" \/>\n<meta property=\"og:type\" content=\"article\" \/>\n<meta property=\"og:title\" content=\"Zatvoreni sklopivi plasti\u010dni kontejner 1000x1200x975mm - Meridian Group\" \/>\n<meta property=\"og:description\" content=\"Broj modela: 101297-FB  Vanjske dimenzije: 1000(\u0161)x1200(d)x975(v)mm Unutra\u0161nje dimenzije: 920(\u0161)x1120(d)x805(v)mm\" \/>\n<meta property=\"og:url\" content=\"https:\/\/www.meridian.ba\/en\/proizvodi\/zatvoreni-sklopivi-plasticni-kontejner-1000x1200x975mm\/\" \/>\n<meta property=\"og:site_name\" content=\"Meridian Group\" \/>\n<meta property=\"article:publisher\" content=\"https:\/\/www.facebook.com\/meridian.ba\" \/>\n<meta property=\"article:modified_time\" content=\"2025-09-10T14:28:31+00:00\" \/>\n<meta property=\"og:image\" content=\"https:\/\/www.meridian.ba\/wp-content\/uploads\/2019\/03\/101280-FB-Zatvoreni-sklopivi-plasticni-kontejner-2.webp\" \/>\n\t<meta property=\"og:image:width\" content=\"600\" \/>\n\t<meta property=\"og:image:height\" content=\"600\" \/>\n\t<meta property=\"og:image:type\" content=\"image\/webp\" \/>\n<meta name=\"twitter:card\" content=\"summary_large_image\" \/>\n<meta name=\"twitter:site\" content=\"@MeridianGroup2\" \/>\n<script type=\"application\/ld+json\" class=\"yoast-schema-graph\">{\"@context\":\"https:\\\/\\\/schema.org\",\"@graph\":[{\"@type\":\"WebPage\",\"@id\":\"https:\\\/\\\/www.meridian.ba\\\/proizvodi\\\/zatvoreni-sklopivi-plasticni-kontejner-1000x1200x975mm\\\/\",\"url\":\"https:\\\/\\\/www.meridian.ba\\\/proizvodi\\\/zatvoreni-sklopivi-plasticni-kontejner-1000x1200x975mm\\\/\",\"name\":\"Zatvoreni sklopivi plasti\u010dni kontejner 1000x1200x975mm - Meridian Group\",\"isPartOf\":{\"@id\":\"https:\\\/\\\/www.meridian.ba\\\/#website\"},\"primaryImageOfPage\":{\"@id\":\"https:\\\/\\\/www.meridian.ba\\\/proizvodi\\\/zatvoreni-sklopivi-plasticni-kontejner-1000x1200x975mm\\\/#primaryimage\"},\"image\":{\"@id\":\"https:\\\/\\\/www.meridian.ba\\\/proizvodi\\\/zatvoreni-sklopivi-plasticni-kontejner-1000x1200x975mm\\\/#primaryimage\"},\"thumbnailUrl\":\"https:\\\/\\\/www.meridian.ba\\\/wp-content\\\/uploads\\\/2019\\\/03\\\/101280-FB-Zatvoreni-sklopivi-plasticni-kontejner-2.webp\",\"datePublished\":\"2025-09-10T14:27:13+00:00\",\"dateModified\":\"2025-09-10T14:28:31+00:00\",\"breadcrumb\":{\"@id\":\"https:\\\/\\\/www.meridian.ba\\\/proizvodi\\\/zatvoreni-sklopivi-plasticni-kontejner-1000x1200x975mm\\\/#breadcrumb\"},\"inLanguage\":\"en-US\",\"potentialAction\":[{\"@type\":\"ReadAction\",\"target\":[\"https:\\\/\\\/www.meridian.ba\\\/proizvodi\\\/zatvoreni-sklopivi-plasticni-kontejner-1000x1200x975mm\\\/\"]}]},{\"@type\":\"ImageObject\",\"inLanguage\":\"en-US\",\"@id\":\"https:\\\/\\\/www.meridian.ba\\\/proizvodi\\\/zatvoreni-sklopivi-plasticni-kontejner-1000x1200x975mm\\\/#primaryimage\",\"url\":\"https:\\\/\\\/www.meridian.ba\\\/wp-content\\\/uploads\\\/2019\\\/03\\\/101280-FB-Zatvoreni-sklopivi-plasticni-kontejner-2.webp\",\"contentUrl\":\"https:\\\/\\\/www.meridian.ba\\\/wp-content\\\/uploads\\\/2019\\\/03\\\/101280-FB-Zatvoreni-sklopivi-plasticni-kontejner-2.webp\",\"width\":600,\"height\":600},{\"@type\":\"BreadcrumbList\",\"@id\":\"https:\\\/\\\/www.meridian.ba\\\/proizvodi\\\/zatvoreni-sklopivi-plasticni-kontejner-1000x1200x975mm\\\/#breadcrumb\",\"itemListElement\":[{\"@type\":\"ListItem\",\"position\":1,\"name\":\"Home\",\"item\":\"https:\\\/\\\/www.meridian.ba\\\/\"},{\"@type\":\"ListItem\",\"position\":2,\"name\":\"Shop\",\"item\":\"https:\\\/\\\/www.meridian.ba\\\/en\\\/shop\\\/\"},{\"@type\":\"ListItem\",\"position\":3,\"name\":\"Zatvoreni sklopivi plasti\u010dni kontejner 1000x1200x975mm\"}]},{\"@type\":\"WebSite\",\"@id\":\"https:\\\/\\\/www.meridian.ba\\\/#website\",\"url\":\"https:\\\/\\\/www.meridian.ba\\\/\",\"name\":\"Meridian Group\",\"description\":\"Rje\u0161enja pakovanja i skladi\u0161tenja\",\"potentialAction\":[{\"@type\":\"SearchAction\",\"target\":{\"@type\":\"EntryPoint\",\"urlTemplate\":\"https:\\\/\\\/www.meridian.ba\\\/?s={search_term_string}\"},\"query-input\":{\"@type\":\"PropertyValueSpecification\",\"valueRequired\":true,\"valueName\":\"search_term_string\"}}],\"inLanguage\":\"en-US\"}]}<\/script>\n<!-- \/ Yoast SEO plugin. -->","yoast_head_json":{"title":"Zatvoreni sklopivi plasti\u010dni kontejner 1000x1200x975mm - Meridian Group","robots":{"index":"index","follow":"follow","max-snippet":"max-snippet:-1","max-image-preview":"max-image-preview:large","max-video-preview":"max-video-preview:-1"},"canonical":"https:\/\/www.meridian.ba\/en\/proizvodi\/zatvoreni-sklopivi-plasticni-kontejner-1000x1200x975mm\/","og_locale":"en_US","og_type":"article","og_title":"Zatvoreni sklopivi plasti\u010dni kontejner 1000x1200x975mm - Meridian Group","og_description":"Broj modela: 101297-FB  Vanjske dimenzije: 1000(\u0161)x1200(d)x975(v)mm Unutra\u0161nje dimenzije: 920(\u0161)x1120(d)x805(v)mm","og_url":"https:\/\/www.meridian.ba\/en\/proizvodi\/zatvoreni-sklopivi-plasticni-kontejner-1000x1200x975mm\/","og_site_name":"Meridian Group","article_publisher":"https:\/\/www.facebook.com\/meridian.ba","article_modified_time":"2025-09-10T14:28:31+00:00","og_image":[{"width":600,"height":600,"url":"https:\/\/www.meridian.ba\/wp-content\/uploads\/2019\/03\/101280-FB-Zatvoreni-sklopivi-plasticni-kontejner-2.webp","type":"image\/webp"}],"twitter_card":"summary_large_image","twitter_site":"@MeridianGroup2","schema":{"@context":"https:\/\/schema.org","@graph":[{"@type":"WebPage","@id":"https:\/\/www.meridian.ba\/proizvodi\/zatvoreni-sklopivi-plasticni-kontejner-1000x1200x975mm\/","url":"https:\/\/www.meridian.ba\/proizvodi\/zatvoreni-sklopivi-plasticni-kontejner-1000x1200x975mm\/","name":"Zatvoreni sklopivi plasti\u010dni kontejner 1000x1200x975mm - Meridian Group","isPartOf":{"@id":"https:\/\/www.meridian.ba\/#website"},"primaryImageOfPage":{"@id":"https:\/\/www.meridian.ba\/proizvodi\/zatvoreni-sklopivi-plasticni-kontejner-1000x1200x975mm\/#primaryimage"},"image":{"@id":"https:\/\/www.meridian.ba\/proizvodi\/zatvoreni-sklopivi-plasticni-kontejner-1000x1200x975mm\/#primaryimage"},"thumbnailUrl":"https:\/\/www.meridian.ba\/wp-content\/uploads\/2019\/03\/101280-FB-Zatvoreni-sklopivi-plasticni-kontejner-2.webp","datePublished":"2025-09-10T14:27:13+00:00","dateModified":"2025-09-10T14:28:31+00:00","breadcrumb":{"@id":"https:\/\/www.meridian.ba\/proizvodi\/zatvoreni-sklopivi-plasticni-kontejner-1000x1200x975mm\/#breadcrumb"},"inLanguage":"en-US","potentialAction":[{"@type":"ReadAction","target":["https:\/\/www.meridian.ba\/proizvodi\/zatvoreni-sklopivi-plasticni-kontejner-1000x1200x975mm\/"]}]},{"@type":"ImageObject","inLanguage":"en-US","@id":"https:\/\/www.meridian.ba\/proizvodi\/zatvoreni-sklopivi-plasticni-kontejner-1000x1200x975mm\/#primaryimage","url":"https:\/\/www.meridian.ba\/wp-content\/uploads\/2019\/03\/101280-FB-Zatvoreni-sklopivi-plasticni-kontejner-2.webp","contentUrl":"https:\/\/www.meridian.ba\/wp-content\/uploads\/2019\/03\/101280-FB-Zatvoreni-sklopivi-plasticni-kontejner-2.webp","width":600,"height":600},{"@type":"BreadcrumbList","@id":"https:\/\/www.meridian.ba\/proizvodi\/zatvoreni-sklopivi-plasticni-kontejner-1000x1200x975mm\/#breadcrumb","itemListElement":[{"@type":"ListItem","position":1,"name":"Home","item":"https:\/\/www.meridian.ba\/"},{"@type":"ListItem","position":2,"name":"Shop","item":"https:\/\/www.meridian.ba\/en\/shop\/"},{"@type":"ListItem","position":3,"name":"Zatvoreni sklopivi plasti\u010dni kontejner 1000x1200x975mm"}]},{"@type":"WebSite","@id":"https:\/\/www.meridian.ba\/#website","url":"https:\/\/www.meridian.ba\/","name":"Meridian Group","description":"Rje\u0161enja pakovanja i skladi\u0161tenja","potentialAction":[{"@type":"SearchAction","target":{"@type":"EntryPoint","urlTemplate":"https:\/\/www.meridian.ba\/?s={search_term_string}"},"query-input":{"@type":"PropertyValueSpecification","valueRequired":true,"valueName":"search_term_string"}}],"inLanguage":"en-US"}]}},"_links":{"self":[{"href":"https:\/\/www.meridian.ba\/en\/wp-json\/wp\/v2\/product\/21966","targetHints":{"allow":["GET"]}}],"collection":[{"href":"https:\/\/www.meridian.ba\/en\/wp-json\/wp\/v2\/product"}],"about":[{"href":"https:\/\/www.meridian.ba\/en\/wp-json\/wp\/v2\/types\/product"}],"version-history":[{"count":1,"href":"https:\/\/www.meridian.ba\/en\/wp-json\/wp\/v2\/product\/21966\/revisions"}],"predecessor-version":[{"id":21972,"href":"https:\/\/www.meridian.ba\/en\/wp-json\/wp\/v2\/product\/21966\/revisions\/21972"}],"wp:featuredmedia":[{"embeddable":true,"href":"https:\/\/www.meridian.ba\/en\/wp-json\/wp\/v2\/media\/21921"}],"wp:attachment":[{"href":"https:\/\/www.meridian.ba\/en\/wp-json\/wp\/v2\/media?parent=21966"}],"wp:term":[{"taxonomy":"product_brand","embeddable":true,"href":"https:\/\/www.meridian.ba\/en\/wp-json\/wp\/v2\/product_brand?post=21966"},{"taxonomy":"product_cat","embeddable":true,"href":"https:\/\/www.meridian.ba\/en\/wp-json\/wp\/v2\/product_cat?post=21966"},{"taxonomy":"product_tag","embeddable":true,"href":"https:\/\/www.meridian.ba\/en\/wp-json\/wp\/v2\/product_tag?post=21966"}],"curies":[{"name":"wp","href":"https:\/\/api.w.org\/{rel}","templated":true}]}}