{"id":21875,"date":"2025-09-09T07:43:47","date_gmt":"2025-09-09T07:43:47","guid":{"rendered":"https:\/\/www.meridian.ba\/?post_type=product&#038;p=21875"},"modified":"2025-09-09T07:47:29","modified_gmt":"2025-09-09T07:47:29","slug":"zatvoreni-plasticni-kontejneri-sa-klizacem-800x800x760mm","status":"publish","type":"product","link":"https:\/\/www.meridian.ba\/en\/proizvodi\/zatvoreni-plasticni-kontejneri-sa-klizacem-800x800x760mm\/","title":{"rendered":"Zatvoreni plasti\u010dni kontejneri sa kliza\u010dem 800x800x760mm"},"content":{"rendered":"","protected":false},"excerpt":{"rendered":"<p><strong>Broj modela: 808076-KS<\/strong><\/p>\n<p>Vanjske dimenzije: 800(\u0161)x800(d)x760(v)mm<br \/>\nUnutra\u0161nje dimenzije: 750(\u0161)x750(d)x600(v)mm<br \/>\nTe\u017eina: 17kg<\/p>\n<p>Solid base and sides, no handles<\/p>","protected":false},"featured_media":21841,"template":"","meta":[],"product_brand":[],"product_cat":[216,342],"product_tag":[1302,219,244,218,431,758],"class_list":{"0":"post-21875","1":"product","2":"type-product","3":"status-publish","4":"has-post-thumbnail","6":"product_cat-paletni-kontejneri","7":"product_cat-zatvoreni-paletni-kontejneri","8":"product_tag-808076-ks","9":"product_tag-paletni-kontejneri","10":"product_tag-pallet-box","11":"product_tag-pallet-container","12":"product_tag-plasticni-kontejner","13":"product_tag-plasticni-paletni-kontejneri","15":"entry","16":"has-media","18":"first","19":"instock","20":"shipping-taxable","21":"purchasable","22":"product-type-simple","23":"has-product-nav","24":"col","25":"span_1_of_3","26":"owp-content-center","27":"owp-thumbs-layout-horizontal","28":"owp-btn-normal","29":"owp-tabs-layout-horizontal"},"yoast_head":"<!-- This site is optimized with the Yoast SEO plugin v27.4 - https:\/\/yoast.com\/product\/yoast-seo-wordpress\/ -->\n<title>Zatvoreni plasti\u010dni kontejneri sa kliza\u010dem 800x800x760mm - Meridian Group<\/title>\n<meta name=\"robots\" content=\"index, follow, max-snippet:-1, max-image-preview:large, max-video-preview:-1\" \/>\n<link rel=\"canonical\" href=\"https:\/\/www.meridian.ba\/en\/proizvodi\/zatvoreni-plasticni-kontejneri-sa-klizacem-800x800x760mm\/\" \/>\n<meta property=\"og:locale\" content=\"en_US\" \/>\n<meta property=\"og:type\" content=\"article\" \/>\n<meta property=\"og:title\" content=\"Zatvoreni plasti\u010dni kontejneri sa kliza\u010dem 800x800x760mm - Meridian Group\" \/>\n<meta property=\"og:description\" content=\"Broj modela: 808076-KS  Vanjske dimenzije: 800(\u0161)x800(d)x760(v)mm Unutra\u0161nje dimenzije: 750(\u0161)x750(d)x600(v)mm Te\u017eina: 17kg  Zatvoreno dno i strane, bez ru\u010dki\" \/>\n<meta property=\"og:url\" content=\"https:\/\/www.meridian.ba\/en\/proizvodi\/zatvoreni-plasticni-kontejneri-sa-klizacem-800x800x760mm\/\" \/>\n<meta property=\"og:site_name\" content=\"Meridian Group\" \/>\n<meta property=\"article:publisher\" content=\"https:\/\/www.facebook.com\/meridian.ba\" \/>\n<meta property=\"article:modified_time\" content=\"2025-09-09T07:47:29+00:00\" \/>\n<meta property=\"og:image\" content=\"https:\/\/www.meridian.ba\/wp-content\/uploads\/2025\/09\/808076-KS-plastic-container-plasticni-kontejner.webp\" \/>\n\t<meta property=\"og:image:width\" content=\"600\" \/>\n\t<meta property=\"og:image:height\" content=\"600\" \/>\n\t<meta property=\"og:image:type\" content=\"image\/webp\" \/>\n<meta name=\"twitter:card\" content=\"summary_large_image\" \/>\n<meta name=\"twitter:site\" content=\"@MeridianGroup2\" \/>\n<script type=\"application\/ld+json\" class=\"yoast-schema-graph\">{\"@context\":\"https:\\\/\\\/schema.org\",\"@graph\":[{\"@type\":\"WebPage\",\"@id\":\"https:\\\/\\\/www.meridian.ba\\\/proizvodi\\\/zatvoreni-plasticni-kontejneri-sa-klizacem-800x800x760mm\\\/\",\"url\":\"https:\\\/\\\/www.meridian.ba\\\/proizvodi\\\/zatvoreni-plasticni-kontejneri-sa-klizacem-800x800x760mm\\\/\",\"name\":\"Zatvoreni plasti\u010dni kontejneri sa kliza\u010dem 800x800x760mm - Meridian Group\",\"isPartOf\":{\"@id\":\"https:\\\/\\\/www.meridian.ba\\\/#website\"},\"primaryImageOfPage\":{\"@id\":\"https:\\\/\\\/www.meridian.ba\\\/proizvodi\\\/zatvoreni-plasticni-kontejneri-sa-klizacem-800x800x760mm\\\/#primaryimage\"},\"image\":{\"@id\":\"https:\\\/\\\/www.meridian.ba\\\/proizvodi\\\/zatvoreni-plasticni-kontejneri-sa-klizacem-800x800x760mm\\\/#primaryimage\"},\"thumbnailUrl\":\"https:\\\/\\\/www.meridian.ba\\\/wp-content\\\/uploads\\\/2025\\\/09\\\/808076-KS-plastic-container-plasticni-kontejner.webp\",\"datePublished\":\"2025-09-09T07:43:47+00:00\",\"dateModified\":\"2025-09-09T07:47:29+00:00\",\"breadcrumb\":{\"@id\":\"https:\\\/\\\/www.meridian.ba\\\/proizvodi\\\/zatvoreni-plasticni-kontejneri-sa-klizacem-800x800x760mm\\\/#breadcrumb\"},\"inLanguage\":\"en-US\",\"potentialAction\":[{\"@type\":\"ReadAction\",\"target\":[\"https:\\\/\\\/www.meridian.ba\\\/proizvodi\\\/zatvoreni-plasticni-kontejneri-sa-klizacem-800x800x760mm\\\/\"]}]},{\"@type\":\"ImageObject\",\"inLanguage\":\"en-US\",\"@id\":\"https:\\\/\\\/www.meridian.ba\\\/proizvodi\\\/zatvoreni-plasticni-kontejneri-sa-klizacem-800x800x760mm\\\/#primaryimage\",\"url\":\"https:\\\/\\\/www.meridian.ba\\\/wp-content\\\/uploads\\\/2025\\\/09\\\/808076-KS-plastic-container-plasticni-kontejner.webp\",\"contentUrl\":\"https:\\\/\\\/www.meridian.ba\\\/wp-content\\\/uploads\\\/2025\\\/09\\\/808076-KS-plastic-container-plasticni-kontejner.webp\",\"width\":600,\"height\":600},{\"@type\":\"BreadcrumbList\",\"@id\":\"https:\\\/\\\/www.meridian.ba\\\/proizvodi\\\/zatvoreni-plasticni-kontejneri-sa-klizacem-800x800x760mm\\\/#breadcrumb\",\"itemListElement\":[{\"@type\":\"ListItem\",\"position\":1,\"name\":\"Home\",\"item\":\"https:\\\/\\\/www.meridian.ba\\\/\"},{\"@type\":\"ListItem\",\"position\":2,\"name\":\"Shop\",\"item\":\"https:\\\/\\\/www.meridian.ba\\\/en\\\/shop\\\/\"},{\"@type\":\"ListItem\",\"position\":3,\"name\":\"Zatvoreni plasti\u010dni kontejneri sa kliza\u010dem 800x800x760mm\"}]},{\"@type\":\"WebSite\",\"@id\":\"https:\\\/\\\/www.meridian.ba\\\/#website\",\"url\":\"https:\\\/\\\/www.meridian.ba\\\/\",\"name\":\"Meridian Group\",\"description\":\"Rje\u0161enja pakovanja i skladi\u0161tenja\",\"potentialAction\":[{\"@type\":\"SearchAction\",\"target\":{\"@type\":\"EntryPoint\",\"urlTemplate\":\"https:\\\/\\\/www.meridian.ba\\\/?s={search_term_string}\"},\"query-input\":{\"@type\":\"PropertyValueSpecification\",\"valueRequired\":true,\"valueName\":\"search_term_string\"}}],\"inLanguage\":\"en-US\"}]}<\/script>\n<!-- \/ Yoast SEO plugin. -->","yoast_head_json":{"title":"Zatvoreni plasti\u010dni kontejneri sa kliza\u010dem 800x800x760mm - Meridian Group","robots":{"index":"index","follow":"follow","max-snippet":"max-snippet:-1","max-image-preview":"max-image-preview:large","max-video-preview":"max-video-preview:-1"},"canonical":"https:\/\/www.meridian.ba\/en\/proizvodi\/zatvoreni-plasticni-kontejneri-sa-klizacem-800x800x760mm\/","og_locale":"en_US","og_type":"article","og_title":"Zatvoreni plasti\u010dni kontejneri sa kliza\u010dem 800x800x760mm - Meridian Group","og_description":"Broj modela: 808076-KS  Vanjske dimenzije: 800(\u0161)x800(d)x760(v)mm Unutra\u0161nje dimenzije: 750(\u0161)x750(d)x600(v)mm Te\u017eina: 17kg  Zatvoreno dno i strane, bez ru\u010dki","og_url":"https:\/\/www.meridian.ba\/en\/proizvodi\/zatvoreni-plasticni-kontejneri-sa-klizacem-800x800x760mm\/","og_site_name":"Meridian Group","article_publisher":"https:\/\/www.facebook.com\/meridian.ba","article_modified_time":"2025-09-09T07:47:29+00:00","og_image":[{"width":600,"height":600,"url":"https:\/\/www.meridian.ba\/wp-content\/uploads\/2025\/09\/808076-KS-plastic-container-plasticni-kontejner.webp","type":"image\/webp"}],"twitter_card":"summary_large_image","twitter_site":"@MeridianGroup2","schema":{"@context":"https:\/\/schema.org","@graph":[{"@type":"WebPage","@id":"https:\/\/www.meridian.ba\/proizvodi\/zatvoreni-plasticni-kontejneri-sa-klizacem-800x800x760mm\/","url":"https:\/\/www.meridian.ba\/proizvodi\/zatvoreni-plasticni-kontejneri-sa-klizacem-800x800x760mm\/","name":"Zatvoreni plasti\u010dni kontejneri sa kliza\u010dem 800x800x760mm - Meridian Group","isPartOf":{"@id":"https:\/\/www.meridian.ba\/#website"},"primaryImageOfPage":{"@id":"https:\/\/www.meridian.ba\/proizvodi\/zatvoreni-plasticni-kontejneri-sa-klizacem-800x800x760mm\/#primaryimage"},"image":{"@id":"https:\/\/www.meridian.ba\/proizvodi\/zatvoreni-plasticni-kontejneri-sa-klizacem-800x800x760mm\/#primaryimage"},"thumbnailUrl":"https:\/\/www.meridian.ba\/wp-content\/uploads\/2025\/09\/808076-KS-plastic-container-plasticni-kontejner.webp","datePublished":"2025-09-09T07:43:47+00:00","dateModified":"2025-09-09T07:47:29+00:00","breadcrumb":{"@id":"https:\/\/www.meridian.ba\/proizvodi\/zatvoreni-plasticni-kontejneri-sa-klizacem-800x800x760mm\/#breadcrumb"},"inLanguage":"en-US","potentialAction":[{"@type":"ReadAction","target":["https:\/\/www.meridian.ba\/proizvodi\/zatvoreni-plasticni-kontejneri-sa-klizacem-800x800x760mm\/"]}]},{"@type":"ImageObject","inLanguage":"en-US","@id":"https:\/\/www.meridian.ba\/proizvodi\/zatvoreni-plasticni-kontejneri-sa-klizacem-800x800x760mm\/#primaryimage","url":"https:\/\/www.meridian.ba\/wp-content\/uploads\/2025\/09\/808076-KS-plastic-container-plasticni-kontejner.webp","contentUrl":"https:\/\/www.meridian.ba\/wp-content\/uploads\/2025\/09\/808076-KS-plastic-container-plasticni-kontejner.webp","width":600,"height":600},{"@type":"BreadcrumbList","@id":"https:\/\/www.meridian.ba\/proizvodi\/zatvoreni-plasticni-kontejneri-sa-klizacem-800x800x760mm\/#breadcrumb","itemListElement":[{"@type":"ListItem","position":1,"name":"Home","item":"https:\/\/www.meridian.ba\/"},{"@type":"ListItem","position":2,"name":"Shop","item":"https:\/\/www.meridian.ba\/en\/shop\/"},{"@type":"ListItem","position":3,"name":"Zatvoreni plasti\u010dni kontejneri sa kliza\u010dem 800x800x760mm"}]},{"@type":"WebSite","@id":"https:\/\/www.meridian.ba\/#website","url":"https:\/\/www.meridian.ba\/","name":"Meridian Group","description":"Rje\u0161enja pakovanja i skladi\u0161tenja","potentialAction":[{"@type":"SearchAction","target":{"@type":"EntryPoint","urlTemplate":"https:\/\/www.meridian.ba\/?s={search_term_string}"},"query-input":{"@type":"PropertyValueSpecification","valueRequired":true,"valueName":"search_term_string"}}],"inLanguage":"en-US"}]}},"_links":{"self":[{"href":"https:\/\/www.meridian.ba\/en\/wp-json\/wp\/v2\/product\/21875","targetHints":{"allow":["GET"]}}],"collection":[{"href":"https:\/\/www.meridian.ba\/en\/wp-json\/wp\/v2\/product"}],"about":[{"href":"https:\/\/www.meridian.ba\/en\/wp-json\/wp\/v2\/types\/product"}],"version-history":[{"count":3,"href":"https:\/\/www.meridian.ba\/en\/wp-json\/wp\/v2\/product\/21875\/revisions"}],"predecessor-version":[{"id":21988,"href":"https:\/\/www.meridian.ba\/en\/wp-json\/wp\/v2\/product\/21875\/revisions\/21988"}],"wp:featuredmedia":[{"embeddable":true,"href":"https:\/\/www.meridian.ba\/en\/wp-json\/wp\/v2\/media\/21841"}],"wp:attachment":[{"href":"https:\/\/www.meridian.ba\/en\/wp-json\/wp\/v2\/media?parent=21875"}],"wp:term":[{"taxonomy":"product_brand","embeddable":true,"href":"https:\/\/www.meridian.ba\/en\/wp-json\/wp\/v2\/product_brand?post=21875"},{"taxonomy":"product_cat","embeddable":true,"href":"https:\/\/www.meridian.ba\/en\/wp-json\/wp\/v2\/product_cat?post=21875"},{"taxonomy":"product_tag","embeddable":true,"href":"https:\/\/www.meridian.ba\/en\/wp-json\/wp\/v2\/product_tag?post=21875"}],"curies":[{"name":"wp","href":"https:\/\/api.w.org\/{rel}","templated":true}]}}