{"id":21283,"date":"2025-07-30T10:06:23","date_gmt":"2025-07-30T10:06:23","guid":{"rendered":"https:\/\/www.meridian.ba\/?post_type=product&#038;p=21283"},"modified":"2025-08-06T13:38:27","modified_gmt":"2025-08-06T13:38:27","slug":"480x690x540vmm-plasticna-gajba-sa-zatvorenim-dnom-i-tockovima","status":"publish","type":"product","link":"https:\/\/www.meridian.ba\/en\/proizvodi\/480x690x540vmm-plasticna-gajba-sa-zatvorenim-dnom-i-tockovima\/","title":{"rendered":"480x690x540(v)mm Plasti\u010dna gajba sa zatvorenim dnom i to\u010dkovima"},"content":{"rendered":"","protected":false},"excerpt":{"rendered":"<p><strong>5743-KDT<\/strong><\/p>\n<p>Unutra\u0161nje dimenzije: 440(\u0161)x650(d)x420(v)mm<\/p>\n<p>Materijal: PP &#8211; Polipropilen<\/p>","protected":false},"featured_media":21269,"template":"","meta":[],"product_brand":[],"product_cat":[1217,170,332,133],"product_tag":[1219,715,138],"class_list":{"0":"post-21283","1":"product","2":"type-product","3":"status-publish","4":"has-post-thumbnail","6":"product_cat-480-x-690-gajbe","7":"product_cat-gajbe-sa-zatvorenim-dnom","8":"product_cat-gajbe-za-skladistenje","9":"product_cat-plasticne-gajbe","10":"product_tag-5743-kdt","11":"product_tag-plasticna-gajba-sa-zatvorenim-dnom","12":"product_tag-plasticne-gajbe","13":"pa_opcija-boja-plava","14":"pa_opcija-boja-siva","16":"entry","17":"has-media","19":"first","20":"instock","21":"shipping-taxable","22":"purchasable","23":"product-type-variable","24":"has-product-nav","25":"col","26":"span_1_of_3","27":"owp-content-center","28":"owp-thumbs-layout-horizontal","29":"owp-btn-normal","30":"owp-tabs-layout-horizontal"},"yoast_head":"<!-- This site is optimized with the Yoast SEO plugin v27.4 - https:\/\/yoast.com\/product\/yoast-seo-wordpress\/ -->\n<title>480x690x540(v)mm Plasti\u010dna gajba sa zatvorenim dnom i to\u010dkovima - Meridian Group<\/title>\n<meta name=\"robots\" content=\"index, follow, max-snippet:-1, max-image-preview:large, max-video-preview:-1\" \/>\n<link rel=\"canonical\" href=\"https:\/\/www.meridian.ba\/en\/proizvodi\/480x690x540vmm-plasticna-gajba-sa-zatvorenim-dnom-i-tockovima\/\" \/>\n<meta property=\"og:locale\" content=\"en_US\" \/>\n<meta property=\"og:type\" content=\"article\" \/>\n<meta property=\"og:title\" content=\"480x690x540(v)mm Plasti\u010dna gajba sa zatvorenim dnom i to\u010dkovima - Meridian Group\" \/>\n<meta property=\"og:description\" content=\"5743-KDT  Unutra\u0161nje dimenzije: 440(\u0161)x650(d)x420(v)mm  Materijal: PP - Polipropilen\" \/>\n<meta property=\"og:url\" content=\"https:\/\/www.meridian.ba\/en\/proizvodi\/480x690x540vmm-plasticna-gajba-sa-zatvorenim-dnom-i-tockovima\/\" \/>\n<meta property=\"og:site_name\" content=\"Meridian Group\" \/>\n<meta property=\"article:publisher\" content=\"https:\/\/www.facebook.com\/meridian.ba\" \/>\n<meta property=\"article:modified_time\" content=\"2025-08-06T13:38:27+00:00\" \/>\n<meta property=\"og:image\" content=\"https:\/\/www.meridian.ba\/wp-content\/uploads\/2025\/07\/5743-KDT.webp\" \/>\n\t<meta property=\"og:image:width\" content=\"600\" \/>\n\t<meta property=\"og:image:height\" content=\"600\" \/>\n\t<meta property=\"og:image:type\" content=\"image\/webp\" \/>\n<meta name=\"twitter:card\" content=\"summary_large_image\" \/>\n<meta name=\"twitter:site\" content=\"@MeridianGroup2\" \/>\n<script type=\"application\/ld+json\" class=\"yoast-schema-graph\">{\"@context\":\"https:\\\/\\\/schema.org\",\"@graph\":[{\"@type\":\"WebPage\",\"@id\":\"https:\\\/\\\/www.meridian.ba\\\/proizvodi\\\/480x690x540vmm-plasticna-gajba-sa-zatvorenim-dnom-i-tockovima\\\/\",\"url\":\"https:\\\/\\\/www.meridian.ba\\\/proizvodi\\\/480x690x540vmm-plasticna-gajba-sa-zatvorenim-dnom-i-tockovima\\\/\",\"name\":\"480x690x540(v)mm Plasti\u010dna gajba sa zatvorenim dnom i to\u010dkovima - Meridian Group\",\"isPartOf\":{\"@id\":\"https:\\\/\\\/www.meridian.ba\\\/#website\"},\"primaryImageOfPage\":{\"@id\":\"https:\\\/\\\/www.meridian.ba\\\/proizvodi\\\/480x690x540vmm-plasticna-gajba-sa-zatvorenim-dnom-i-tockovima\\\/#primaryimage\"},\"image\":{\"@id\":\"https:\\\/\\\/www.meridian.ba\\\/proizvodi\\\/480x690x540vmm-plasticna-gajba-sa-zatvorenim-dnom-i-tockovima\\\/#primaryimage\"},\"thumbnailUrl\":\"https:\\\/\\\/www.meridian.ba\\\/wp-content\\\/uploads\\\/2025\\\/07\\\/5743-KDT.webp\",\"datePublished\":\"2025-07-30T10:06:23+00:00\",\"dateModified\":\"2025-08-06T13:38:27+00:00\",\"breadcrumb\":{\"@id\":\"https:\\\/\\\/www.meridian.ba\\\/proizvodi\\\/480x690x540vmm-plasticna-gajba-sa-zatvorenim-dnom-i-tockovima\\\/#breadcrumb\"},\"inLanguage\":\"en-US\",\"potentialAction\":[{\"@type\":\"ReadAction\",\"target\":[\"https:\\\/\\\/www.meridian.ba\\\/proizvodi\\\/480x690x540vmm-plasticna-gajba-sa-zatvorenim-dnom-i-tockovima\\\/\"]}]},{\"@type\":\"ImageObject\",\"inLanguage\":\"en-US\",\"@id\":\"https:\\\/\\\/www.meridian.ba\\\/proizvodi\\\/480x690x540vmm-plasticna-gajba-sa-zatvorenim-dnom-i-tockovima\\\/#primaryimage\",\"url\":\"https:\\\/\\\/www.meridian.ba\\\/wp-content\\\/uploads\\\/2025\\\/07\\\/5743-KDT.webp\",\"contentUrl\":\"https:\\\/\\\/www.meridian.ba\\\/wp-content\\\/uploads\\\/2025\\\/07\\\/5743-KDT.webp\",\"width\":600,\"height\":600},{\"@type\":\"BreadcrumbList\",\"@id\":\"https:\\\/\\\/www.meridian.ba\\\/proizvodi\\\/480x690x540vmm-plasticna-gajba-sa-zatvorenim-dnom-i-tockovima\\\/#breadcrumb\",\"itemListElement\":[{\"@type\":\"ListItem\",\"position\":1,\"name\":\"Home\",\"item\":\"https:\\\/\\\/www.meridian.ba\\\/\"},{\"@type\":\"ListItem\",\"position\":2,\"name\":\"Shop\",\"item\":\"https:\\\/\\\/www.meridian.ba\\\/en\\\/shop\\\/\"},{\"@type\":\"ListItem\",\"position\":3,\"name\":\"480x690x540(v)mm Plasti\u010dna gajba sa zatvorenim dnom i to\u010dkovima\"}]},{\"@type\":\"WebSite\",\"@id\":\"https:\\\/\\\/www.meridian.ba\\\/#website\",\"url\":\"https:\\\/\\\/www.meridian.ba\\\/\",\"name\":\"Meridian Group\",\"description\":\"Rje\u0161enja pakovanja i skladi\u0161tenja\",\"potentialAction\":[{\"@type\":\"SearchAction\",\"target\":{\"@type\":\"EntryPoint\",\"urlTemplate\":\"https:\\\/\\\/www.meridian.ba\\\/?s={search_term_string}\"},\"query-input\":{\"@type\":\"PropertyValueSpecification\",\"valueRequired\":true,\"valueName\":\"search_term_string\"}}],\"inLanguage\":\"en-US\"}]}<\/script>\n<!-- \/ Yoast SEO plugin. -->","yoast_head_json":{"title":"480x690x540(v)mm Plasti\u010dna gajba sa zatvorenim dnom i to\u010dkovima - Meridian Group","robots":{"index":"index","follow":"follow","max-snippet":"max-snippet:-1","max-image-preview":"max-image-preview:large","max-video-preview":"max-video-preview:-1"},"canonical":"https:\/\/www.meridian.ba\/en\/proizvodi\/480x690x540vmm-plasticna-gajba-sa-zatvorenim-dnom-i-tockovima\/","og_locale":"en_US","og_type":"article","og_title":"480x690x540(v)mm Plasti\u010dna gajba sa zatvorenim dnom i to\u010dkovima - Meridian Group","og_description":"5743-KDT  Unutra\u0161nje dimenzije: 440(\u0161)x650(d)x420(v)mm  Materijal: PP - Polipropilen","og_url":"https:\/\/www.meridian.ba\/en\/proizvodi\/480x690x540vmm-plasticna-gajba-sa-zatvorenim-dnom-i-tockovima\/","og_site_name":"Meridian Group","article_publisher":"https:\/\/www.facebook.com\/meridian.ba","article_modified_time":"2025-08-06T13:38:27+00:00","og_image":[{"width":600,"height":600,"url":"https:\/\/www.meridian.ba\/wp-content\/uploads\/2025\/07\/5743-KDT.webp","type":"image\/webp"}],"twitter_card":"summary_large_image","twitter_site":"@MeridianGroup2","schema":{"@context":"https:\/\/schema.org","@graph":[{"@type":"WebPage","@id":"https:\/\/www.meridian.ba\/proizvodi\/480x690x540vmm-plasticna-gajba-sa-zatvorenim-dnom-i-tockovima\/","url":"https:\/\/www.meridian.ba\/proizvodi\/480x690x540vmm-plasticna-gajba-sa-zatvorenim-dnom-i-tockovima\/","name":"480x690x540(v)mm Plasti\u010dna gajba sa zatvorenim dnom i to\u010dkovima - Meridian Group","isPartOf":{"@id":"https:\/\/www.meridian.ba\/#website"},"primaryImageOfPage":{"@id":"https:\/\/www.meridian.ba\/proizvodi\/480x690x540vmm-plasticna-gajba-sa-zatvorenim-dnom-i-tockovima\/#primaryimage"},"image":{"@id":"https:\/\/www.meridian.ba\/proizvodi\/480x690x540vmm-plasticna-gajba-sa-zatvorenim-dnom-i-tockovima\/#primaryimage"},"thumbnailUrl":"https:\/\/www.meridian.ba\/wp-content\/uploads\/2025\/07\/5743-KDT.webp","datePublished":"2025-07-30T10:06:23+00:00","dateModified":"2025-08-06T13:38:27+00:00","breadcrumb":{"@id":"https:\/\/www.meridian.ba\/proizvodi\/480x690x540vmm-plasticna-gajba-sa-zatvorenim-dnom-i-tockovima\/#breadcrumb"},"inLanguage":"en-US","potentialAction":[{"@type":"ReadAction","target":["https:\/\/www.meridian.ba\/proizvodi\/480x690x540vmm-plasticna-gajba-sa-zatvorenim-dnom-i-tockovima\/"]}]},{"@type":"ImageObject","inLanguage":"en-US","@id":"https:\/\/www.meridian.ba\/proizvodi\/480x690x540vmm-plasticna-gajba-sa-zatvorenim-dnom-i-tockovima\/#primaryimage","url":"https:\/\/www.meridian.ba\/wp-content\/uploads\/2025\/07\/5743-KDT.webp","contentUrl":"https:\/\/www.meridian.ba\/wp-content\/uploads\/2025\/07\/5743-KDT.webp","width":600,"height":600},{"@type":"BreadcrumbList","@id":"https:\/\/www.meridian.ba\/proizvodi\/480x690x540vmm-plasticna-gajba-sa-zatvorenim-dnom-i-tockovima\/#breadcrumb","itemListElement":[{"@type":"ListItem","position":1,"name":"Home","item":"https:\/\/www.meridian.ba\/"},{"@type":"ListItem","position":2,"name":"Shop","item":"https:\/\/www.meridian.ba\/en\/shop\/"},{"@type":"ListItem","position":3,"name":"480x690x540(v)mm Plasti\u010dna gajba sa zatvorenim dnom i to\u010dkovima"}]},{"@type":"WebSite","@id":"https:\/\/www.meridian.ba\/#website","url":"https:\/\/www.meridian.ba\/","name":"Meridian Group","description":"Rje\u0161enja pakovanja i skladi\u0161tenja","potentialAction":[{"@type":"SearchAction","target":{"@type":"EntryPoint","urlTemplate":"https:\/\/www.meridian.ba\/?s={search_term_string}"},"query-input":{"@type":"PropertyValueSpecification","valueRequired":true,"valueName":"search_term_string"}}],"inLanguage":"en-US"}]}},"_links":{"self":[{"href":"https:\/\/www.meridian.ba\/en\/wp-json\/wp\/v2\/product\/21283","targetHints":{"allow":["GET"]}}],"collection":[{"href":"https:\/\/www.meridian.ba\/en\/wp-json\/wp\/v2\/product"}],"about":[{"href":"https:\/\/www.meridian.ba\/en\/wp-json\/wp\/v2\/types\/product"}],"version-history":[{"count":1,"href":"https:\/\/www.meridian.ba\/en\/wp-json\/wp\/v2\/product\/21283\/revisions"}],"predecessor-version":[{"id":21286,"href":"https:\/\/www.meridian.ba\/en\/wp-json\/wp\/v2\/product\/21283\/revisions\/21286"}],"wp:featuredmedia":[{"embeddable":true,"href":"https:\/\/www.meridian.ba\/en\/wp-json\/wp\/v2\/media\/21269"}],"wp:attachment":[{"href":"https:\/\/www.meridian.ba\/en\/wp-json\/wp\/v2\/media?parent=21283"}],"wp:term":[{"taxonomy":"product_brand","embeddable":true,"href":"https:\/\/www.meridian.ba\/en\/wp-json\/wp\/v2\/product_brand?post=21283"},{"taxonomy":"product_cat","embeddable":true,"href":"https:\/\/www.meridian.ba\/en\/wp-json\/wp\/v2\/product_cat?post=21283"},{"taxonomy":"product_tag","embeddable":true,"href":"https:\/\/www.meridian.ba\/en\/wp-json\/wp\/v2\/product_tag?post=21283"}],"curies":[{"name":"wp","href":"https:\/\/api.w.org\/{rel}","templated":true}]}}