{"id":20310,"date":"2025-03-28T09:55:45","date_gmt":"2025-03-28T09:55:45","guid":{"rendered":"https:\/\/www.meridian.ba\/?post_type=product&#038;p=20310"},"modified":"2025-03-28T15:57:44","modified_gmt":"2025-03-28T15:57:44","slug":"kolica-za-supermarket-sa-djecijim-kolima","status":"publish","type":"product","link":"https:\/\/www.meridian.ba\/en\/proizvodi\/kolica-za-supermarket-sa-djecijim-kolima\/","title":{"rendered":"Minibus Kolica Za Supermarket Sa Dje\u010dijim Kolima"},"content":{"rendered":"","protected":false},"excerpt":{"rendered":"<p>Privucite porodice i olak\u0161ajte kupovinu roditeljima uz na\u0161a <strong data-start=\"135\" data-end=\"169\">dje\u010dja kupovna kolica s korpom<\/strong>! Ova inovativna kolica kombinuju zabavan dizajn vozila s prakti\u010dnom korpom od <strong data-start=\"248\" data-end=\"262\">100 litara<\/strong>, pru\u017eaju\u0107i djeci sigurno i zabavno iskustvo dok roditelji obavljaju kupovinu.<\/p>","protected":false},"featured_media":20311,"template":"","meta":[],"product_brand":[],"product_cat":[1142,1141],"product_tag":[],"class_list":{"0":"post-20310","1":"product","2":"type-product","3":"status-publish","4":"has-post-thumbnail","6":"product_cat-djecija-trgovacka-kolica","7":"product_cat-rjesenja-za-radnje","9":"entry","10":"has-media","12":"first","13":"instock","14":"shipping-taxable","15":"product-type-simple","16":"has-product-nav","17":"col","18":"span_1_of_3","19":"owp-content-center","20":"owp-thumbs-layout-horizontal","21":"owp-btn-normal","22":"owp-tabs-layout-horizontal","23":"has-no-thumbnails"},"yoast_head":"<!-- This site is optimized with the Yoast SEO plugin v27.4 - https:\/\/yoast.com\/product\/yoast-seo-wordpress\/ -->\n<title>Minibus Kolica Za Supermarket Sa Dje\u010dijim Kolima - Meridian Group<\/title>\n<meta name=\"robots\" content=\"index, follow, max-snippet:-1, max-image-preview:large, max-video-preview:-1\" \/>\n<link rel=\"canonical\" href=\"https:\/\/www.meridian.ba\/en\/proizvodi\/kolica-za-supermarket-sa-djecijim-kolima\/\" \/>\n<meta property=\"og:locale\" content=\"en_US\" \/>\n<meta property=\"og:type\" content=\"article\" \/>\n<meta property=\"og:title\" content=\"Minibus Kolica Za Supermarket Sa Dje\u010dijim Kolima - Meridian Group\" \/>\n<meta property=\"og:description\" content=\"Privucite porodice i olak\u0161ajte kupovinu roditeljima uz na\u0161a dje\u010dja kupovna kolica s korpom! Ova inovativna kolica kombinuju zabavan dizajn vozila s prakti\u010dnom korpom od 100 litara, pru\u017eaju\u0107i djeci sigurno i zabavno iskustvo dok roditelji obavljaju kupovinu.\" \/>\n<meta property=\"og:url\" content=\"https:\/\/www.meridian.ba\/en\/proizvodi\/kolica-za-supermarket-sa-djecijim-kolima\/\" \/>\n<meta property=\"og:site_name\" content=\"Meridian Group\" \/>\n<meta property=\"article:publisher\" content=\"https:\/\/www.facebook.com\/meridian.ba\" \/>\n<meta property=\"article:modified_time\" content=\"2025-03-28T15:57:44+00:00\" \/>\n<meta property=\"og:image\" content=\"https:\/\/www.meridian.ba\/wp-content\/uploads\/2025\/03\/djecija-kolica.webp\" \/>\n\t<meta property=\"og:image:width\" content=\"682\" \/>\n\t<meta property=\"og:image:height\" content=\"662\" \/>\n\t<meta property=\"og:image:type\" content=\"image\/webp\" \/>\n<meta name=\"twitter:card\" content=\"summary_large_image\" \/>\n<meta name=\"twitter:site\" content=\"@MeridianGroup2\" \/>\n<script type=\"application\/ld+json\" class=\"yoast-schema-graph\">{\"@context\":\"https:\\\/\\\/schema.org\",\"@graph\":[{\"@type\":\"WebPage\",\"@id\":\"https:\\\/\\\/www.meridian.ba\\\/proizvodi\\\/kolica-za-supermarket-sa-djecijim-kolima\\\/\",\"url\":\"https:\\\/\\\/www.meridian.ba\\\/proizvodi\\\/kolica-za-supermarket-sa-djecijim-kolima\\\/\",\"name\":\"Minibus Kolica Za Supermarket Sa Dje\u010dijim Kolima - Meridian Group\",\"isPartOf\":{\"@id\":\"https:\\\/\\\/www.meridian.ba\\\/#website\"},\"primaryImageOfPage\":{\"@id\":\"https:\\\/\\\/www.meridian.ba\\\/proizvodi\\\/kolica-za-supermarket-sa-djecijim-kolima\\\/#primaryimage\"},\"image\":{\"@id\":\"https:\\\/\\\/www.meridian.ba\\\/proizvodi\\\/kolica-za-supermarket-sa-djecijim-kolima\\\/#primaryimage\"},\"thumbnailUrl\":\"https:\\\/\\\/www.meridian.ba\\\/wp-content\\\/uploads\\\/2025\\\/03\\\/djecija-kolica.webp\",\"datePublished\":\"2025-03-28T09:55:45+00:00\",\"dateModified\":\"2025-03-28T15:57:44+00:00\",\"breadcrumb\":{\"@id\":\"https:\\\/\\\/www.meridian.ba\\\/proizvodi\\\/kolica-za-supermarket-sa-djecijim-kolima\\\/#breadcrumb\"},\"inLanguage\":\"en-US\",\"potentialAction\":[{\"@type\":\"ReadAction\",\"target\":[\"https:\\\/\\\/www.meridian.ba\\\/proizvodi\\\/kolica-za-supermarket-sa-djecijim-kolima\\\/\"]}]},{\"@type\":\"ImageObject\",\"inLanguage\":\"en-US\",\"@id\":\"https:\\\/\\\/www.meridian.ba\\\/proizvodi\\\/kolica-za-supermarket-sa-djecijim-kolima\\\/#primaryimage\",\"url\":\"https:\\\/\\\/www.meridian.ba\\\/wp-content\\\/uploads\\\/2025\\\/03\\\/djecija-kolica.webp\",\"contentUrl\":\"https:\\\/\\\/www.meridian.ba\\\/wp-content\\\/uploads\\\/2025\\\/03\\\/djecija-kolica.webp\",\"width\":682,\"height\":662,\"caption\":\"djecija kolica za market\"},{\"@type\":\"BreadcrumbList\",\"@id\":\"https:\\\/\\\/www.meridian.ba\\\/proizvodi\\\/kolica-za-supermarket-sa-djecijim-kolima\\\/#breadcrumb\",\"itemListElement\":[{\"@type\":\"ListItem\",\"position\":1,\"name\":\"Home\",\"item\":\"https:\\\/\\\/www.meridian.ba\\\/\"},{\"@type\":\"ListItem\",\"position\":2,\"name\":\"Shop\",\"item\":\"https:\\\/\\\/www.meridian.ba\\\/en\\\/shop\\\/\"},{\"@type\":\"ListItem\",\"position\":3,\"name\":\"Minibus Kolica Za Supermarket Sa Dje\u010dijim Kolima\"}]},{\"@type\":\"WebSite\",\"@id\":\"https:\\\/\\\/www.meridian.ba\\\/#website\",\"url\":\"https:\\\/\\\/www.meridian.ba\\\/\",\"name\":\"Meridian Group\",\"description\":\"Rje\u0161enja pakovanja i skladi\u0161tenja\",\"potentialAction\":[{\"@type\":\"SearchAction\",\"target\":{\"@type\":\"EntryPoint\",\"urlTemplate\":\"https:\\\/\\\/www.meridian.ba\\\/?s={search_term_string}\"},\"query-input\":{\"@type\":\"PropertyValueSpecification\",\"valueRequired\":true,\"valueName\":\"search_term_string\"}}],\"inLanguage\":\"en-US\"}]}<\/script>\n<!-- \/ Yoast SEO plugin. -->","yoast_head_json":{"title":"Minibus Kolica Za Supermarket Sa Dje\u010dijim Kolima - Meridian Group","robots":{"index":"index","follow":"follow","max-snippet":"max-snippet:-1","max-image-preview":"max-image-preview:large","max-video-preview":"max-video-preview:-1"},"canonical":"https:\/\/www.meridian.ba\/en\/proizvodi\/kolica-za-supermarket-sa-djecijim-kolima\/","og_locale":"en_US","og_type":"article","og_title":"Minibus Kolica Za Supermarket Sa Dje\u010dijim Kolima - Meridian Group","og_description":"Privucite porodice i olak\u0161ajte kupovinu roditeljima uz na\u0161a dje\u010dja kupovna kolica s korpom! Ova inovativna kolica kombinuju zabavan dizajn vozila s prakti\u010dnom korpom od 100 litara, pru\u017eaju\u0107i djeci sigurno i zabavno iskustvo dok roditelji obavljaju kupovinu.","og_url":"https:\/\/www.meridian.ba\/en\/proizvodi\/kolica-za-supermarket-sa-djecijim-kolima\/","og_site_name":"Meridian Group","article_publisher":"https:\/\/www.facebook.com\/meridian.ba","article_modified_time":"2025-03-28T15:57:44+00:00","og_image":[{"width":682,"height":662,"url":"https:\/\/www.meridian.ba\/wp-content\/uploads\/2025\/03\/djecija-kolica.webp","type":"image\/webp"}],"twitter_card":"summary_large_image","twitter_site":"@MeridianGroup2","schema":{"@context":"https:\/\/schema.org","@graph":[{"@type":"WebPage","@id":"https:\/\/www.meridian.ba\/proizvodi\/kolica-za-supermarket-sa-djecijim-kolima\/","url":"https:\/\/www.meridian.ba\/proizvodi\/kolica-za-supermarket-sa-djecijim-kolima\/","name":"Minibus Kolica Za Supermarket Sa Dje\u010dijim Kolima - Meridian Group","isPartOf":{"@id":"https:\/\/www.meridian.ba\/#website"},"primaryImageOfPage":{"@id":"https:\/\/www.meridian.ba\/proizvodi\/kolica-za-supermarket-sa-djecijim-kolima\/#primaryimage"},"image":{"@id":"https:\/\/www.meridian.ba\/proizvodi\/kolica-za-supermarket-sa-djecijim-kolima\/#primaryimage"},"thumbnailUrl":"https:\/\/www.meridian.ba\/wp-content\/uploads\/2025\/03\/djecija-kolica.webp","datePublished":"2025-03-28T09:55:45+00:00","dateModified":"2025-03-28T15:57:44+00:00","breadcrumb":{"@id":"https:\/\/www.meridian.ba\/proizvodi\/kolica-za-supermarket-sa-djecijim-kolima\/#breadcrumb"},"inLanguage":"en-US","potentialAction":[{"@type":"ReadAction","target":["https:\/\/www.meridian.ba\/proizvodi\/kolica-za-supermarket-sa-djecijim-kolima\/"]}]},{"@type":"ImageObject","inLanguage":"en-US","@id":"https:\/\/www.meridian.ba\/proizvodi\/kolica-za-supermarket-sa-djecijim-kolima\/#primaryimage","url":"https:\/\/www.meridian.ba\/wp-content\/uploads\/2025\/03\/djecija-kolica.webp","contentUrl":"https:\/\/www.meridian.ba\/wp-content\/uploads\/2025\/03\/djecija-kolica.webp","width":682,"height":662,"caption":"djecija kolica za market"},{"@type":"BreadcrumbList","@id":"https:\/\/www.meridian.ba\/proizvodi\/kolica-za-supermarket-sa-djecijim-kolima\/#breadcrumb","itemListElement":[{"@type":"ListItem","position":1,"name":"Home","item":"https:\/\/www.meridian.ba\/"},{"@type":"ListItem","position":2,"name":"Shop","item":"https:\/\/www.meridian.ba\/en\/shop\/"},{"@type":"ListItem","position":3,"name":"Minibus Kolica Za Supermarket Sa Dje\u010dijim Kolima"}]},{"@type":"WebSite","@id":"https:\/\/www.meridian.ba\/#website","url":"https:\/\/www.meridian.ba\/","name":"Meridian Group","description":"Rje\u0161enja pakovanja i skladi\u0161tenja","potentialAction":[{"@type":"SearchAction","target":{"@type":"EntryPoint","urlTemplate":"https:\/\/www.meridian.ba\/?s={search_term_string}"},"query-input":{"@type":"PropertyValueSpecification","valueRequired":true,"valueName":"search_term_string"}}],"inLanguage":"en-US"}]}},"_links":{"self":[{"href":"https:\/\/www.meridian.ba\/en\/wp-json\/wp\/v2\/product\/20310","targetHints":{"allow":["GET"]}}],"collection":[{"href":"https:\/\/www.meridian.ba\/en\/wp-json\/wp\/v2\/product"}],"about":[{"href":"https:\/\/www.meridian.ba\/en\/wp-json\/wp\/v2\/types\/product"}],"version-history":[{"count":2,"href":"https:\/\/www.meridian.ba\/en\/wp-json\/wp\/v2\/product\/20310\/revisions"}],"predecessor-version":[{"id":20320,"href":"https:\/\/www.meridian.ba\/en\/wp-json\/wp\/v2\/product\/20310\/revisions\/20320"}],"wp:featuredmedia":[{"embeddable":true,"href":"https:\/\/www.meridian.ba\/en\/wp-json\/wp\/v2\/media\/20311"}],"wp:attachment":[{"href":"https:\/\/www.meridian.ba\/en\/wp-json\/wp\/v2\/media?parent=20310"}],"wp:term":[{"taxonomy":"product_brand","embeddable":true,"href":"https:\/\/www.meridian.ba\/en\/wp-json\/wp\/v2\/product_brand?post=20310"},{"taxonomy":"product_cat","embeddable":true,"href":"https:\/\/www.meridian.ba\/en\/wp-json\/wp\/v2\/product_cat?post=20310"},{"taxonomy":"product_tag","embeddable":true,"href":"https:\/\/www.meridian.ba\/en\/wp-json\/wp\/v2\/product_tag?post=20310"}],"curies":[{"name":"wp","href":"https:\/\/api.w.org\/{rel}","templated":true}]}}