{"id":20271,"date":"2025-03-27T13:58:48","date_gmt":"2025-03-27T13:58:48","guid":{"rendered":"https:\/\/www.meridian.ba\/?post_type=product&#038;p=20271"},"modified":"2025-03-28T09:31:32","modified_gmt":"2025-03-28T09:31:32","slug":"130-litara-plasticna-trgovacka-kolica","status":"publish","type":"product","link":"https:\/\/www.meridian.ba\/en\/proizvodi\/130-litara-plasticna-trgovacka-kolica\/","title":{"rendered":"130 Litara Plasti\u010dna Trgova\u010dka Kolica"},"content":{"rendered":"<div data-elementor-type=\"product-post\" data-elementor-id=\"20271\" class=\"elementor elementor-20271\" data-elementor-post-type=\"product\">\n\t\t\t\t\t\t<section class=\"elementor-section elementor-top-section elementor-element elementor-element-49ae7a1 elementor-section-boxed elementor-section-height-default elementor-section-height-default\" data-id=\"49ae7a1\" data-element_type=\"section\" data-e-type=\"section\">\n\t\t\t\t\t\t<div class=\"elementor-container elementor-column-gap-default\">\n\t\t\t\t\t<div class=\"elementor-column elementor-col-100 elementor-top-column elementor-element elementor-element-a8d7473\" data-id=\"a8d7473\" data-element_type=\"column\" data-e-type=\"column\">\n\t\t\t<div class=\"elementor-widget-wrap elementor-element-populated\">\n\t\t\t\t\t\t<div class=\"elementor-element elementor-element-1a48e55 elementor-widget elementor-widget-text-editor\" data-id=\"1a48e55\" data-element_type=\"widget\" data-e-type=\"widget\" data-widget_type=\"text-editor.default\">\n\t\t\t\t<div class=\"elementor-widget-container\">\n\t\t\t\t\t\t\t\t\t<p class=\"\" data-start=\"354\" data-end=\"616\">\ud83d\udd39 <strong data-start=\"357\" data-end=\"370\">Kapacitet<\/strong>: 130 litara<br data-start=\"476\" data-end=\"479\" \/>\ud83d\udd39 <strong data-start=\"482\" data-end=\"495\">Materijal<\/strong>: PP GFR30 (polipropilen oja\u010dan staklenim vlaknima)<br data-start=\"546\" data-end=\"549\" \/>\ud83d\udd39 <strong data-start=\"552\" data-end=\"563\">To\u010dkovi<\/strong>: Tihi, visokokvalitetni to\u010dkovi za lagano kretanje<\/p><p class=\"\" data-start=\"618\" data-end=\"785\">Dostupna u \u0161irokom spektru boja, uklju\u010duju\u0107i <strong data-start=\"663\" data-end=\"735\">\u017eutu, narand\u017eastu, sivu, crnu, antracit sivu, zelenu, crvenu i plavu<\/strong>, uz mogu\u0107nost prilago\u0111enih nijansi po narud\u017ebi.<\/p><p class=\"\" data-start=\"787\" data-end=\"1012\">\u2705 <strong data-start=\"789\" data-end=\"830\">Za\u0161to odabrati na\u0161a plasti\u010dna kolica?<\/strong><br data-start=\"830\" data-end=\"833\" \/>\u2714 Manja te\u017eina u pore\u0111enju s metalnim kolicima<br data-start=\"879\" data-end=\"882\" \/>\u2714 Otpornost na r\u0111u i koroziju<br data-start=\"911\" data-end=\"914\" \/>\u2714 Ergonomski dizajn za udobno kori\u0161tenje<br data-start=\"954\" data-end=\"957\" \/>\u2714 Prilagodljivost u boji prema potrebama va\u0161eg brenda<\/p><p class=\"\" data-start=\"1014\" data-end=\"1227\">Savr\u0161ena za <strong data-start=\"1026\" data-end=\"1097\">supermarkete, hipermarkete, trgovine na malo i veleprodajne objekte<\/strong>. Ulo\u017eite u <strong data-start=\"1109\" data-end=\"1171\">kvalitetna, dugotrajna i vizuelno privla\u010dna kupovna kolica<\/strong> koja \u0107e unaprijediti do\u017eivljaj kupovine va\u0161ih kupaca!<\/p><p class=\"\" data-start=\"1229\" data-end=\"1295\">\ud83d\udce9 Kontaktirajte nas za vi\u0161e informacija ili prilago\u0111ene narud\u017ebe.<\/p>\t\t\t\t\t\t\t\t<\/div>\n\t\t\t\t<\/div>\n\t\t\t\t\t<\/div>\n\t\t<\/div>\n\t\t\t\t\t<\/div>\n\t\t<\/section>\n\t\t\t\t<section class=\"elementor-section elementor-top-section elementor-element elementor-element-3b8b93a elementor-section-boxed elementor-section-height-default elementor-section-height-default\" data-id=\"3b8b93a\" data-element_type=\"section\" data-e-type=\"section\">\n\t\t\t\t\t\t<div class=\"elementor-container elementor-column-gap-default\">\n\t\t\t\t\t<div class=\"elementor-column elementor-col-100 elementor-top-column elementor-element elementor-element-e2da387\" data-id=\"e2da387\" data-element_type=\"column\" data-e-type=\"column\">\n\t\t\t<div class=\"elementor-widget-wrap\">\n\t\t\t\t\t\t\t<\/div>\n\t\t<\/div>\n\t\t\t\t\t<\/div>\n\t\t<\/section>\n\t\t\t\t<\/div>","protected":false},"excerpt":{"rendered":"<p>Pobolj\u0161ajte iskustvo kupovine u va\u0161oj trgovini s na\u0161im <strong data-start=\"124\" data-end=\"159\">130L plasti\u010dnim market kolicima<\/strong>, dizajniranim za maksimalnu funkcionalnost i izdr\u017eljivost. Ova moderna kolica kombiniraju <strong data-start=\"250\" data-end=\"285\">laganu, ali \u010dvrstu konstrukciju<\/strong> s ergonomskim dizajnom, olak\u0161avaju\u0107i manevrisanje po prodavnici.<\/p>","protected":false},"featured_media":20282,"template":"","meta":[],"product_brand":[],"product_cat":[1141,1140],"product_tag":[],"class_list":{"0":"post-20271","1":"product","2":"type-product","3":"status-publish","4":"has-post-thumbnail","6":"product_cat-rjesenja-za-radnje","7":"product_cat-trgovacka-kolica","8":"pa_opcija-boja-antracit-siva","9":"pa_opcija-boja-crna","10":"pa_opcija-boja-crvena","11":"pa_opcija-boja-narandzasta","12":"pa_opcija-boja-plava","13":"pa_opcija-boja-siva","14":"pa_opcija-boja-zelena","15":"pa_opcija-boja-zuta","17":"entry","18":"has-media","20":"first","21":"instock","22":"shipping-taxable","23":"purchasable","24":"product-type-variable","25":"has-product-nav","26":"col","27":"span_1_of_3","28":"owp-content-center","29":"owp-thumbs-layout-horizontal","30":"owp-btn-normal","31":"owp-tabs-layout-horizontal","32":"has-no-thumbnails"},"yoast_head":"<!-- This site is optimized with the Yoast SEO plugin v27.5 - https:\/\/yoast.com\/product\/yoast-seo-wordpress\/ -->\n<title>130 Litara Plasti\u010dna Trgova\u010dka Kolica - Meridian Group<\/title>\n<meta name=\"robots\" content=\"index, follow, max-snippet:-1, max-image-preview:large, max-video-preview:-1\" \/>\n<link rel=\"canonical\" href=\"https:\/\/www.meridian.ba\/en\/proizvodi\/130-litara-plasticna-trgovacka-kolica\/\" \/>\n<meta property=\"og:locale\" content=\"en_US\" \/>\n<meta property=\"og:type\" content=\"article\" \/>\n<meta property=\"og:title\" content=\"130 Litara Plasti\u010dna Trgova\u010dka Kolica - Meridian Group\" \/>\n<meta property=\"og:description\" content=\"Pobolj\u0161ajte iskustvo kupovine u va\u0161oj trgovini s na\u0161im 130L plasti\u010dnim market kolicima, dizajniranim za maksimalnu funkcionalnost i izdr\u017eljivost. Ova moderna kolica kombiniraju laganu, ali \u010dvrstu konstrukciju s ergonomskim dizajnom, olak\u0161avaju\u0107i manevrisanje po prodavnici.\" \/>\n<meta property=\"og:url\" content=\"https:\/\/www.meridian.ba\/en\/proizvodi\/130-litara-plasticna-trgovacka-kolica\/\" \/>\n<meta property=\"og:site_name\" content=\"Meridian Group\" \/>\n<meta property=\"article:publisher\" content=\"https:\/\/www.facebook.com\/meridian.ba\" \/>\n<meta property=\"article:modified_time\" content=\"2025-03-28T09:31:32+00:00\" \/>\n<meta property=\"og:image\" content=\"https:\/\/www.meridian.ba\/wp-content\/uploads\/2025\/03\/crna-130.webp\" \/>\n\t<meta property=\"og:image:width\" content=\"553\" \/>\n\t<meta property=\"og:image:height\" content=\"621\" \/>\n\t<meta property=\"og:image:type\" content=\"image\/webp\" \/>\n<meta name=\"twitter:card\" content=\"summary_large_image\" \/>\n<meta name=\"twitter:site\" content=\"@MeridianGroup2\" \/>\n<meta name=\"twitter:label1\" content=\"Est. reading time\" \/>\n\t<meta name=\"twitter:data1\" content=\"1 minute\" \/>\n<script type=\"application\/ld+json\" class=\"yoast-schema-graph\">{\"@context\":\"https:\\\/\\\/schema.org\",\"@graph\":[{\"@type\":\"WebPage\",\"@id\":\"https:\\\/\\\/www.meridian.ba\\\/proizvodi\\\/130-litara-plasticna-trgovacka-kolica\\\/\",\"url\":\"https:\\\/\\\/www.meridian.ba\\\/proizvodi\\\/130-litara-plasticna-trgovacka-kolica\\\/\",\"name\":\"130 Litara Plasti\u010dna Trgova\u010dka Kolica - Meridian Group\",\"isPartOf\":{\"@id\":\"https:\\\/\\\/www.meridian.ba\\\/#website\"},\"primaryImageOfPage\":{\"@id\":\"https:\\\/\\\/www.meridian.ba\\\/proizvodi\\\/130-litara-plasticna-trgovacka-kolica\\\/#primaryimage\"},\"image\":{\"@id\":\"https:\\\/\\\/www.meridian.ba\\\/proizvodi\\\/130-litara-plasticna-trgovacka-kolica\\\/#primaryimage\"},\"thumbnailUrl\":\"https:\\\/\\\/www.meridian.ba\\\/wp-content\\\/uploads\\\/2025\\\/03\\\/crna-130.webp\",\"datePublished\":\"2025-03-27T13:58:48+00:00\",\"dateModified\":\"2025-03-28T09:31:32+00:00\",\"breadcrumb\":{\"@id\":\"https:\\\/\\\/www.meridian.ba\\\/proizvodi\\\/130-litara-plasticna-trgovacka-kolica\\\/#breadcrumb\"},\"inLanguage\":\"en-US\",\"potentialAction\":[{\"@type\":\"ReadAction\",\"target\":[\"https:\\\/\\\/www.meridian.ba\\\/proizvodi\\\/130-litara-plasticna-trgovacka-kolica\\\/\"]}]},{\"@type\":\"ImageObject\",\"inLanguage\":\"en-US\",\"@id\":\"https:\\\/\\\/www.meridian.ba\\\/proizvodi\\\/130-litara-plasticna-trgovacka-kolica\\\/#primaryimage\",\"url\":\"https:\\\/\\\/www.meridian.ba\\\/wp-content\\\/uploads\\\/2025\\\/03\\\/crna-130.webp\",\"contentUrl\":\"https:\\\/\\\/www.meridian.ba\\\/wp-content\\\/uploads\\\/2025\\\/03\\\/crna-130.webp\",\"width\":553,\"height\":621},{\"@type\":\"BreadcrumbList\",\"@id\":\"https:\\\/\\\/www.meridian.ba\\\/proizvodi\\\/130-litara-plasticna-trgovacka-kolica\\\/#breadcrumb\",\"itemListElement\":[{\"@type\":\"ListItem\",\"position\":1,\"name\":\"Home\",\"item\":\"https:\\\/\\\/www.meridian.ba\\\/\"},{\"@type\":\"ListItem\",\"position\":2,\"name\":\"Shop\",\"item\":\"https:\\\/\\\/www.meridian.ba\\\/en\\\/shop\\\/\"},{\"@type\":\"ListItem\",\"position\":3,\"name\":\"130 Litara Plasti\u010dna Trgova\u010dka Kolica\"}]},{\"@type\":\"WebSite\",\"@id\":\"https:\\\/\\\/www.meridian.ba\\\/#website\",\"url\":\"https:\\\/\\\/www.meridian.ba\\\/\",\"name\":\"Meridian Group\",\"description\":\"Rje\u0161enja pakovanja i skladi\u0161tenja\",\"potentialAction\":[{\"@type\":\"SearchAction\",\"target\":{\"@type\":\"EntryPoint\",\"urlTemplate\":\"https:\\\/\\\/www.meridian.ba\\\/?s={search_term_string}\"},\"query-input\":{\"@type\":\"PropertyValueSpecification\",\"valueRequired\":true,\"valueName\":\"search_term_string\"}}],\"inLanguage\":\"en-US\"}]}<\/script>\n<!-- \/ Yoast SEO plugin. -->","yoast_head_json":{"title":"130 Litara Plasti\u010dna Trgova\u010dka Kolica - Meridian Group","robots":{"index":"index","follow":"follow","max-snippet":"max-snippet:-1","max-image-preview":"max-image-preview:large","max-video-preview":"max-video-preview:-1"},"canonical":"https:\/\/www.meridian.ba\/en\/proizvodi\/130-litara-plasticna-trgovacka-kolica\/","og_locale":"en_US","og_type":"article","og_title":"130 Litara Plasti\u010dna Trgova\u010dka Kolica - Meridian Group","og_description":"Pobolj\u0161ajte iskustvo kupovine u va\u0161oj trgovini s na\u0161im 130L plasti\u010dnim market kolicima, dizajniranim za maksimalnu funkcionalnost i izdr\u017eljivost. Ova moderna kolica kombiniraju laganu, ali \u010dvrstu konstrukciju s ergonomskim dizajnom, olak\u0161avaju\u0107i manevrisanje po prodavnici.","og_url":"https:\/\/www.meridian.ba\/en\/proizvodi\/130-litara-plasticna-trgovacka-kolica\/","og_site_name":"Meridian Group","article_publisher":"https:\/\/www.facebook.com\/meridian.ba","article_modified_time":"2025-03-28T09:31:32+00:00","og_image":[{"width":553,"height":621,"url":"https:\/\/www.meridian.ba\/wp-content\/uploads\/2025\/03\/crna-130.webp","type":"image\/webp"}],"twitter_card":"summary_large_image","twitter_site":"@MeridianGroup2","twitter_misc":{"Est. reading time":"1 minute"},"schema":{"@context":"https:\/\/schema.org","@graph":[{"@type":"WebPage","@id":"https:\/\/www.meridian.ba\/proizvodi\/130-litara-plasticna-trgovacka-kolica\/","url":"https:\/\/www.meridian.ba\/proizvodi\/130-litara-plasticna-trgovacka-kolica\/","name":"130 Litara Plasti\u010dna Trgova\u010dka Kolica - Meridian Group","isPartOf":{"@id":"https:\/\/www.meridian.ba\/#website"},"primaryImageOfPage":{"@id":"https:\/\/www.meridian.ba\/proizvodi\/130-litara-plasticna-trgovacka-kolica\/#primaryimage"},"image":{"@id":"https:\/\/www.meridian.ba\/proizvodi\/130-litara-plasticna-trgovacka-kolica\/#primaryimage"},"thumbnailUrl":"https:\/\/www.meridian.ba\/wp-content\/uploads\/2025\/03\/crna-130.webp","datePublished":"2025-03-27T13:58:48+00:00","dateModified":"2025-03-28T09:31:32+00:00","breadcrumb":{"@id":"https:\/\/www.meridian.ba\/proizvodi\/130-litara-plasticna-trgovacka-kolica\/#breadcrumb"},"inLanguage":"en-US","potentialAction":[{"@type":"ReadAction","target":["https:\/\/www.meridian.ba\/proizvodi\/130-litara-plasticna-trgovacka-kolica\/"]}]},{"@type":"ImageObject","inLanguage":"en-US","@id":"https:\/\/www.meridian.ba\/proizvodi\/130-litara-plasticna-trgovacka-kolica\/#primaryimage","url":"https:\/\/www.meridian.ba\/wp-content\/uploads\/2025\/03\/crna-130.webp","contentUrl":"https:\/\/www.meridian.ba\/wp-content\/uploads\/2025\/03\/crna-130.webp","width":553,"height":621},{"@type":"BreadcrumbList","@id":"https:\/\/www.meridian.ba\/proizvodi\/130-litara-plasticna-trgovacka-kolica\/#breadcrumb","itemListElement":[{"@type":"ListItem","position":1,"name":"Home","item":"https:\/\/www.meridian.ba\/"},{"@type":"ListItem","position":2,"name":"Shop","item":"https:\/\/www.meridian.ba\/en\/shop\/"},{"@type":"ListItem","position":3,"name":"130 Litara Plasti\u010dna Trgova\u010dka Kolica"}]},{"@type":"WebSite","@id":"https:\/\/www.meridian.ba\/#website","url":"https:\/\/www.meridian.ba\/","name":"Meridian Group","description":"Rje\u0161enja pakovanja i skladi\u0161tenja","potentialAction":[{"@type":"SearchAction","target":{"@type":"EntryPoint","urlTemplate":"https:\/\/www.meridian.ba\/?s={search_term_string}"},"query-input":{"@type":"PropertyValueSpecification","valueRequired":true,"valueName":"search_term_string"}}],"inLanguage":"en-US"}]}},"_links":{"self":[{"href":"https:\/\/www.meridian.ba\/en\/wp-json\/wp\/v2\/product\/20271","targetHints":{"allow":["GET"]}}],"collection":[{"href":"https:\/\/www.meridian.ba\/en\/wp-json\/wp\/v2\/product"}],"about":[{"href":"https:\/\/www.meridian.ba\/en\/wp-json\/wp\/v2\/types\/product"}],"version-history":[{"count":10,"href":"https:\/\/www.meridian.ba\/en\/wp-json\/wp\/v2\/product\/20271\/revisions"}],"predecessor-version":[{"id":20306,"href":"https:\/\/www.meridian.ba\/en\/wp-json\/wp\/v2\/product\/20271\/revisions\/20306"}],"wp:featuredmedia":[{"embeddable":true,"href":"https:\/\/www.meridian.ba\/en\/wp-json\/wp\/v2\/media\/20282"}],"wp:attachment":[{"href":"https:\/\/www.meridian.ba\/en\/wp-json\/wp\/v2\/media?parent=20271"}],"wp:term":[{"taxonomy":"product_brand","embeddable":true,"href":"https:\/\/www.meridian.ba\/en\/wp-json\/wp\/v2\/product_brand?post=20271"},{"taxonomy":"product_cat","embeddable":true,"href":"https:\/\/www.meridian.ba\/en\/wp-json\/wp\/v2\/product_cat?post=20271"},{"taxonomy":"product_tag","embeddable":true,"href":"https:\/\/www.meridian.ba\/en\/wp-json\/wp\/v2\/product_tag?post=20271"}],"curies":[{"name":"wp","href":"https:\/\/api.w.org\/{rel}","templated":true}]}}