{"id":17686,"date":"2021-12-28T13:38:03","date_gmt":"2021-12-28T13:38:03","guid":{"rendered":"https:\/\/www.meridian.ba\/?post_type=product&#038;p=17686"},"modified":"2021-12-31T11:51:20","modified_gmt":"2021-12-31T11:51:20","slug":"procart-jet-701s-set-za-ciscenje","status":"publish","type":"product","link":"https:\/\/www.meridian.ba\/en\/proizvodi\/procart-jet-701s-set-za-ciscenje\/","title":{"rendered":"Procart Jet 701S Cleaning set"},"content":{"rendered":"<p>Body structure: PP \u2013 Polypropylene<br \/>\nConstruction thickness: 4 mm<br \/>\nProduct dimensions (width, length, height): 36.5cm x 70.5cm x 80cm<br \/>\nProduct weight: 5.94 kg<br \/>\nWheels: 4 x \u00f880 mm, plastic construction, rubber back with bumper<br \/>\nBucket: 35 lt<br \/>\nPress handle: 1 x up straight handle<\/p>","protected":false},"excerpt":{"rendered":"<p>Struktura proizvoda: PP &#8211; Polypropylene Debljina konstrukcije: 4 mm Dimenzije proizvoda (\u0161irina, du\u017eina, visina): 36.5cm x 70.5cm x 80cm Te\u017eina proizvoda: 5.94 kg To\u010dkovi: 4 x \u00f880 mm, plasti\u010dna konstrukcija, le\u0111a gumena sa branikom Kanta: 35 lt Pres ru\u010dka: 1 x uspravna ru\u010dka<\/p>","protected":false},"featured_media":17688,"template":"","meta":[],"product_brand":[],"product_cat":[811,1120],"product_tag":[1121,1122],"class_list":{"0":"post-17686","1":"product","2":"type-product","3":"status-publish","4":"has-post-thumbnail","6":"product_cat-hotelska-kolica-i-oprema-za-ciscenje","7":"product_cat-set-za-ciscenje","8":"product_tag-procart-jet-701s","9":"product_tag-set-za-ciscenje","11":"entry","12":"has-media","14":"first","15":"instock","16":"shipping-taxable","17":"purchasable","18":"product-type-simple","19":"has-product-nav","20":"col","21":"span_1_of_3","22":"owp-content-center","23":"owp-thumbs-layout-horizontal","24":"owp-btn-normal","25":"owp-tabs-layout-horizontal"},"yoast_head":"<!-- This site is optimized with the Yoast SEO plugin v27.4 - https:\/\/yoast.com\/product\/yoast-seo-wordpress\/ -->\n<title>Procart Jet 701S Set za \u010di\u0161\u0107enje - Meridian Group<\/title>\n<meta name=\"robots\" content=\"index, follow, max-snippet:-1, max-image-preview:large, max-video-preview:-1\" \/>\n<link rel=\"canonical\" href=\"https:\/\/www.meridian.ba\/en\/proizvodi\/procart-jet-701s-set-za-ciscenje\/\" \/>\n<meta property=\"og:locale\" content=\"en_US\" \/>\n<meta property=\"og:type\" content=\"article\" \/>\n<meta property=\"og:title\" content=\"Procart Jet 701S Set za \u010di\u0161\u0107enje - Meridian Group\" \/>\n<meta property=\"og:description\" content=\"Struktura proizvoda: PP &#8211; Polypropylene Debljina konstrukcije: 4 mm Dimenzije proizvoda (\u0161irina, du\u017eina, visina): 36.5cm x 70.5cm x 80cm Te\u017eina proizvoda: 5.94 kg To\u010dkovi: 4 x \u00f880 mm, plasti\u010dna konstrukcija, le\u0111a gumena sa branikom Kanta: 35 lt Pres ru\u010dka: 1 x uspravna ru\u010dka\" \/>\n<meta property=\"og:url\" content=\"https:\/\/www.meridian.ba\/en\/proizvodi\/procart-jet-701s-set-za-ciscenje\/\" \/>\n<meta property=\"og:site_name\" content=\"Meridian Group\" \/>\n<meta property=\"article:publisher\" content=\"https:\/\/www.facebook.com\/meridian.ba\" \/>\n<meta property=\"article:modified_time\" content=\"2021-12-31T11:51:20+00:00\" \/>\n<meta property=\"og:image\" content=\"https:\/\/www.meridian.ba\/wp-content\/uploads\/2021\/12\/PROCART-JET-701S-4.jpg\" \/>\n\t<meta property=\"og:image:width\" content=\"450\" \/>\n\t<meta property=\"og:image:height\" content=\"450\" \/>\n\t<meta property=\"og:image:type\" content=\"image\/jpeg\" \/>\n<meta name=\"twitter:card\" content=\"summary_large_image\" \/>\n<meta name=\"twitter:site\" content=\"@MeridianGroup2\" \/>\n<script type=\"application\/ld+json\" class=\"yoast-schema-graph\">{\"@context\":\"https:\\\/\\\/schema.org\",\"@graph\":[{\"@type\":\"WebPage\",\"@id\":\"https:\\\/\\\/www.meridian.ba\\\/proizvodi\\\/procart-jet-701s-set-za-ciscenje\\\/\",\"url\":\"https:\\\/\\\/www.meridian.ba\\\/proizvodi\\\/procart-jet-701s-set-za-ciscenje\\\/\",\"name\":\"Procart Jet 701S Set za \u010di\u0161\u0107enje - Meridian Group\",\"isPartOf\":{\"@id\":\"https:\\\/\\\/www.meridian.ba\\\/#website\"},\"primaryImageOfPage\":{\"@id\":\"https:\\\/\\\/www.meridian.ba\\\/proizvodi\\\/procart-jet-701s-set-za-ciscenje\\\/#primaryimage\"},\"image\":{\"@id\":\"https:\\\/\\\/www.meridian.ba\\\/proizvodi\\\/procart-jet-701s-set-za-ciscenje\\\/#primaryimage\"},\"thumbnailUrl\":\"https:\\\/\\\/www.meridian.ba\\\/wp-content\\\/uploads\\\/2021\\\/12\\\/PROCART-JET-701S-4.jpg\",\"datePublished\":\"2021-12-28T13:38:03+00:00\",\"dateModified\":\"2021-12-31T11:51:20+00:00\",\"breadcrumb\":{\"@id\":\"https:\\\/\\\/www.meridian.ba\\\/proizvodi\\\/procart-jet-701s-set-za-ciscenje\\\/#breadcrumb\"},\"inLanguage\":\"en-US\",\"potentialAction\":[{\"@type\":\"ReadAction\",\"target\":[\"https:\\\/\\\/www.meridian.ba\\\/proizvodi\\\/procart-jet-701s-set-za-ciscenje\\\/\"]}]},{\"@type\":\"ImageObject\",\"inLanguage\":\"en-US\",\"@id\":\"https:\\\/\\\/www.meridian.ba\\\/proizvodi\\\/procart-jet-701s-set-za-ciscenje\\\/#primaryimage\",\"url\":\"https:\\\/\\\/www.meridian.ba\\\/wp-content\\\/uploads\\\/2021\\\/12\\\/PROCART-JET-701S-4.jpg\",\"contentUrl\":\"https:\\\/\\\/www.meridian.ba\\\/wp-content\\\/uploads\\\/2021\\\/12\\\/PROCART-JET-701S-4.jpg\",\"width\":450,\"height\":450},{\"@type\":\"BreadcrumbList\",\"@id\":\"https:\\\/\\\/www.meridian.ba\\\/proizvodi\\\/procart-jet-701s-set-za-ciscenje\\\/#breadcrumb\",\"itemListElement\":[{\"@type\":\"ListItem\",\"position\":1,\"name\":\"Home\",\"item\":\"https:\\\/\\\/www.meridian.ba\\\/\"},{\"@type\":\"ListItem\",\"position\":2,\"name\":\"Shop\",\"item\":\"https:\\\/\\\/www.meridian.ba\\\/en\\\/shop\\\/\"},{\"@type\":\"ListItem\",\"position\":3,\"name\":\"Procart Jet 701S Set za \u010di\u0161\u0107enje\"}]},{\"@type\":\"WebSite\",\"@id\":\"https:\\\/\\\/www.meridian.ba\\\/#website\",\"url\":\"https:\\\/\\\/www.meridian.ba\\\/\",\"name\":\"Meridian Group\",\"description\":\"Rje\u0161enja pakovanja i skladi\u0161tenja\",\"potentialAction\":[{\"@type\":\"SearchAction\",\"target\":{\"@type\":\"EntryPoint\",\"urlTemplate\":\"https:\\\/\\\/www.meridian.ba\\\/?s={search_term_string}\"},\"query-input\":{\"@type\":\"PropertyValueSpecification\",\"valueRequired\":true,\"valueName\":\"search_term_string\"}}],\"inLanguage\":\"en-US\"}]}<\/script>\n<!-- \/ Yoast SEO plugin. -->","yoast_head_json":{"title":"Procart Jet 701S Set za \u010di\u0161\u0107enje - Meridian Group","robots":{"index":"index","follow":"follow","max-snippet":"max-snippet:-1","max-image-preview":"max-image-preview:large","max-video-preview":"max-video-preview:-1"},"canonical":"https:\/\/www.meridian.ba\/en\/proizvodi\/procart-jet-701s-set-za-ciscenje\/","og_locale":"en_US","og_type":"article","og_title":"Procart Jet 701S Set za \u010di\u0161\u0107enje - Meridian Group","og_description":"Struktura proizvoda: PP &#8211; Polypropylene Debljina konstrukcije: 4 mm Dimenzije proizvoda (\u0161irina, du\u017eina, visina): 36.5cm x 70.5cm x 80cm Te\u017eina proizvoda: 5.94 kg To\u010dkovi: 4 x \u00f880 mm, plasti\u010dna konstrukcija, le\u0111a gumena sa branikom Kanta: 35 lt Pres ru\u010dka: 1 x uspravna ru\u010dka","og_url":"https:\/\/www.meridian.ba\/en\/proizvodi\/procart-jet-701s-set-za-ciscenje\/","og_site_name":"Meridian Group","article_publisher":"https:\/\/www.facebook.com\/meridian.ba","article_modified_time":"2021-12-31T11:51:20+00:00","og_image":[{"width":450,"height":450,"url":"https:\/\/www.meridian.ba\/wp-content\/uploads\/2021\/12\/PROCART-JET-701S-4.jpg","type":"image\/jpeg"}],"twitter_card":"summary_large_image","twitter_site":"@MeridianGroup2","schema":{"@context":"https:\/\/schema.org","@graph":[{"@type":"WebPage","@id":"https:\/\/www.meridian.ba\/proizvodi\/procart-jet-701s-set-za-ciscenje\/","url":"https:\/\/www.meridian.ba\/proizvodi\/procart-jet-701s-set-za-ciscenje\/","name":"Procart Jet 701S Set za \u010di\u0161\u0107enje - Meridian Group","isPartOf":{"@id":"https:\/\/www.meridian.ba\/#website"},"primaryImageOfPage":{"@id":"https:\/\/www.meridian.ba\/proizvodi\/procart-jet-701s-set-za-ciscenje\/#primaryimage"},"image":{"@id":"https:\/\/www.meridian.ba\/proizvodi\/procart-jet-701s-set-za-ciscenje\/#primaryimage"},"thumbnailUrl":"https:\/\/www.meridian.ba\/wp-content\/uploads\/2021\/12\/PROCART-JET-701S-4.jpg","datePublished":"2021-12-28T13:38:03+00:00","dateModified":"2021-12-31T11:51:20+00:00","breadcrumb":{"@id":"https:\/\/www.meridian.ba\/proizvodi\/procart-jet-701s-set-za-ciscenje\/#breadcrumb"},"inLanguage":"en-US","potentialAction":[{"@type":"ReadAction","target":["https:\/\/www.meridian.ba\/proizvodi\/procart-jet-701s-set-za-ciscenje\/"]}]},{"@type":"ImageObject","inLanguage":"en-US","@id":"https:\/\/www.meridian.ba\/proizvodi\/procart-jet-701s-set-za-ciscenje\/#primaryimage","url":"https:\/\/www.meridian.ba\/wp-content\/uploads\/2021\/12\/PROCART-JET-701S-4.jpg","contentUrl":"https:\/\/www.meridian.ba\/wp-content\/uploads\/2021\/12\/PROCART-JET-701S-4.jpg","width":450,"height":450},{"@type":"BreadcrumbList","@id":"https:\/\/www.meridian.ba\/proizvodi\/procart-jet-701s-set-za-ciscenje\/#breadcrumb","itemListElement":[{"@type":"ListItem","position":1,"name":"Home","item":"https:\/\/www.meridian.ba\/"},{"@type":"ListItem","position":2,"name":"Shop","item":"https:\/\/www.meridian.ba\/en\/shop\/"},{"@type":"ListItem","position":3,"name":"Procart Jet 701S Set za \u010di\u0161\u0107enje"}]},{"@type":"WebSite","@id":"https:\/\/www.meridian.ba\/#website","url":"https:\/\/www.meridian.ba\/","name":"Meridian Group","description":"Rje\u0161enja pakovanja i skladi\u0161tenja","potentialAction":[{"@type":"SearchAction","target":{"@type":"EntryPoint","urlTemplate":"https:\/\/www.meridian.ba\/?s={search_term_string}"},"query-input":{"@type":"PropertyValueSpecification","valueRequired":true,"valueName":"search_term_string"}}],"inLanguage":"en-US"}]}},"_links":{"self":[{"href":"https:\/\/www.meridian.ba\/en\/wp-json\/wp\/v2\/product\/17686","targetHints":{"allow":["GET"]}}],"collection":[{"href":"https:\/\/www.meridian.ba\/en\/wp-json\/wp\/v2\/product"}],"about":[{"href":"https:\/\/www.meridian.ba\/en\/wp-json\/wp\/v2\/types\/product"}],"version-history":[{"count":1,"href":"https:\/\/www.meridian.ba\/en\/wp-json\/wp\/v2\/product\/17686\/revisions"}],"predecessor-version":[{"id":17693,"href":"https:\/\/www.meridian.ba\/en\/wp-json\/wp\/v2\/product\/17686\/revisions\/17693"}],"wp:featuredmedia":[{"embeddable":true,"href":"https:\/\/www.meridian.ba\/en\/wp-json\/wp\/v2\/media\/17688"}],"wp:attachment":[{"href":"https:\/\/www.meridian.ba\/en\/wp-json\/wp\/v2\/media?parent=17686"}],"wp:term":[{"taxonomy":"product_brand","embeddable":true,"href":"https:\/\/www.meridian.ba\/en\/wp-json\/wp\/v2\/product_brand?post=17686"},{"taxonomy":"product_cat","embeddable":true,"href":"https:\/\/www.meridian.ba\/en\/wp-json\/wp\/v2\/product_cat?post=17686"},{"taxonomy":"product_tag","embeddable":true,"href":"https:\/\/www.meridian.ba\/en\/wp-json\/wp\/v2\/product_tag?post=17686"}],"curies":[{"name":"wp","href":"https:\/\/api.w.org\/{rel}","templated":true}]}}