{"id":16676,"date":"2021-12-23T19:08:23","date_gmt":"2021-12-23T19:08:23","guid":{"rendered":"https:\/\/www.meridian.ba\/?post_type=product&#038;p=16676"},"modified":"2022-01-03T08:29:42","modified_gmt":"2022-01-03T08:29:42","slug":"procart-318-kolica-za-ciscenje","status":"publish","type":"product","link":"https:\/\/www.meridian.ba\/en\/proizvodi\/procart-318-kolica-za-ciscenje\/","title":{"rendered":"Procart 318 Cleaning trolleys"},"content":{"rendered":"<p>Product structure: CPP - Plastic<br \/>\nBody thickness: 6 mm<br \/>\nProduct dimensions (width, length, height): 62 x 138 x 126 cm<br \/>\nProduct weight: 32,1 kg<br \/>\nLoad capacity: 190 kg<br \/>\nWaste bin features: Impertex 420 Brenda<br \/>\nWaste bin capacity: 120 lt<br \/>\nWaste cover: Waste cover with to do table, wastes are classified by color tags<br \/>\nWheels: 2 x \u00d8100 mm with brake, 3 x \u00d8100 mm without brake, plastic construction, rubber back with bumper<br \/>\nNumber of shelves: 4<br \/>\nShelf structure: Closed 3 sides and 1 side with lids<br \/>\nDrawer: 2 x with separator and lid<br \/>\nAdditional equipment: Holder for cloths and hanging appliances<br \/>\nCleaning bucket with press: 2 x 25 lt<br \/>\nHandle press: 1 x Upright handle<br \/>\nPush handle: Attached on one side to the construction<\/p>","protected":false},"excerpt":{"rendered":"<p>Struktura proizvoda: CPP &#8211; Plastika Debljina konstrukcije: 6 mm Dimenzije proizvoda (\u0161irina, du\u017eina, visina): 62 x 138 x 126 cm Te\u017eina proizvoda: 32,1 kg Tovarni kapacitet: 190 kg Karakteristika korpe za otpad: Impertex 420 Zapremina korpe za otpad: 120 lt Poklopac za otpad: Poklopac za otpad sa povr\u0161inom za rad, otpad klasificiran za oznakom u [&hellip;]<\/p>\n","protected":false},"featured_media":16680,"template":"","meta":[],"product_brand":[],"product_cat":[811,902],"product_tag":[904,926],"class_list":{"0":"post-16676","1":"product","2":"type-product","3":"status-publish","4":"has-post-thumbnail","6":"product_cat-hotelska-kolica-i-oprema-za-ciscenje","7":"product_cat-kolica-za-ciscenje","8":"product_tag-kolica-za-ciscenje","9":"product_tag-procart-318","11":"entry","12":"has-media","14":"first","15":"instock","16":"shipping-taxable","17":"purchasable","18":"product-type-simple","19":"has-product-nav","20":"col","21":"span_1_of_3","22":"owp-content-center","23":"owp-thumbs-layout-horizontal","24":"owp-btn-normal","25":"owp-tabs-layout-horizontal"},"yoast_head":"<!-- This site is optimized with the Yoast SEO plugin v27.4 - https:\/\/yoast.com\/product\/yoast-seo-wordpress\/ -->\n<title>Procart 318 Kolica za \u010di\u0161\u0107enje - Meridian Group<\/title>\n<meta name=\"robots\" content=\"index, follow, max-snippet:-1, max-image-preview:large, max-video-preview:-1\" \/>\n<link rel=\"canonical\" href=\"https:\/\/www.meridian.ba\/en\/proizvodi\/procart-318-kolica-za-ciscenje\/\" \/>\n<meta property=\"og:locale\" content=\"en_US\" \/>\n<meta property=\"og:type\" content=\"article\" \/>\n<meta property=\"og:title\" content=\"Procart 318 Kolica za \u010di\u0161\u0107enje - Meridian Group\" \/>\n<meta property=\"og:description\" content=\"Struktura proizvoda: CPP &#8211; Plastika Debljina konstrukcije: 6 mm Dimenzije proizvoda (\u0161irina, du\u017eina, visina): 62 x 138 x 126 cm Te\u017eina proizvoda: 32,1 kg Tovarni kapacitet: 190 kg Karakteristika korpe za otpad: Impertex 420 Zapremina korpe za otpad: 120 lt Poklopac za otpad: Poklopac za otpad sa povr\u0161inom za rad, otpad klasificiran za oznakom u [&hellip;]\" \/>\n<meta property=\"og:url\" content=\"https:\/\/www.meridian.ba\/en\/proizvodi\/procart-318-kolica-za-ciscenje\/\" \/>\n<meta property=\"og:site_name\" content=\"Meridian Group\" \/>\n<meta property=\"article:publisher\" content=\"https:\/\/www.facebook.com\/meridian.ba\" \/>\n<meta property=\"article:modified_time\" content=\"2022-01-03T08:29:42+00:00\" \/>\n<meta property=\"og:image\" content=\"https:\/\/www.meridian.ba\/wp-content\/uploads\/2021\/12\/PROCART-318-4.jpg\" \/>\n\t<meta property=\"og:image:width\" content=\"450\" \/>\n\t<meta property=\"og:image:height\" content=\"450\" \/>\n\t<meta property=\"og:image:type\" content=\"image\/jpeg\" \/>\n<meta name=\"twitter:card\" content=\"summary_large_image\" \/>\n<meta name=\"twitter:site\" content=\"@MeridianGroup2\" \/>\n<meta name=\"twitter:label1\" content=\"Est. reading time\" \/>\n\t<meta name=\"twitter:data1\" content=\"1 minute\" \/>\n<script type=\"application\/ld+json\" class=\"yoast-schema-graph\">{\"@context\":\"https:\\\/\\\/schema.org\",\"@graph\":[{\"@type\":\"WebPage\",\"@id\":\"https:\\\/\\\/www.meridian.ba\\\/proizvodi\\\/procart-318-kolica-za-ciscenje\\\/\",\"url\":\"https:\\\/\\\/www.meridian.ba\\\/proizvodi\\\/procart-318-kolica-za-ciscenje\\\/\",\"name\":\"Procart 318 Kolica za \u010di\u0161\u0107enje - Meridian Group\",\"isPartOf\":{\"@id\":\"https:\\\/\\\/www.meridian.ba\\\/#website\"},\"primaryImageOfPage\":{\"@id\":\"https:\\\/\\\/www.meridian.ba\\\/proizvodi\\\/procart-318-kolica-za-ciscenje\\\/#primaryimage\"},\"image\":{\"@id\":\"https:\\\/\\\/www.meridian.ba\\\/proizvodi\\\/procart-318-kolica-za-ciscenje\\\/#primaryimage\"},\"thumbnailUrl\":\"https:\\\/\\\/www.meridian.ba\\\/wp-content\\\/uploads\\\/2021\\\/12\\\/PROCART-318-4.jpg\",\"datePublished\":\"2021-12-23T19:08:23+00:00\",\"dateModified\":\"2022-01-03T08:29:42+00:00\",\"breadcrumb\":{\"@id\":\"https:\\\/\\\/www.meridian.ba\\\/proizvodi\\\/procart-318-kolica-za-ciscenje\\\/#breadcrumb\"},\"inLanguage\":\"en-US\",\"potentialAction\":[{\"@type\":\"ReadAction\",\"target\":[\"https:\\\/\\\/www.meridian.ba\\\/proizvodi\\\/procart-318-kolica-za-ciscenje\\\/\"]}]},{\"@type\":\"ImageObject\",\"inLanguage\":\"en-US\",\"@id\":\"https:\\\/\\\/www.meridian.ba\\\/proizvodi\\\/procart-318-kolica-za-ciscenje\\\/#primaryimage\",\"url\":\"https:\\\/\\\/www.meridian.ba\\\/wp-content\\\/uploads\\\/2021\\\/12\\\/PROCART-318-4.jpg\",\"contentUrl\":\"https:\\\/\\\/www.meridian.ba\\\/wp-content\\\/uploads\\\/2021\\\/12\\\/PROCART-318-4.jpg\",\"width\":450,\"height\":450},{\"@type\":\"BreadcrumbList\",\"@id\":\"https:\\\/\\\/www.meridian.ba\\\/proizvodi\\\/procart-318-kolica-za-ciscenje\\\/#breadcrumb\",\"itemListElement\":[{\"@type\":\"ListItem\",\"position\":1,\"name\":\"Home\",\"item\":\"https:\\\/\\\/www.meridian.ba\\\/\"},{\"@type\":\"ListItem\",\"position\":2,\"name\":\"Shop\",\"item\":\"https:\\\/\\\/www.meridian.ba\\\/en\\\/shop\\\/\"},{\"@type\":\"ListItem\",\"position\":3,\"name\":\"Procart 318 Kolica za \u010di\u0161\u0107enje\"}]},{\"@type\":\"WebSite\",\"@id\":\"https:\\\/\\\/www.meridian.ba\\\/#website\",\"url\":\"https:\\\/\\\/www.meridian.ba\\\/\",\"name\":\"Meridian Group\",\"description\":\"Rje\u0161enja pakovanja i skladi\u0161tenja\",\"potentialAction\":[{\"@type\":\"SearchAction\",\"target\":{\"@type\":\"EntryPoint\",\"urlTemplate\":\"https:\\\/\\\/www.meridian.ba\\\/?s={search_term_string}\"},\"query-input\":{\"@type\":\"PropertyValueSpecification\",\"valueRequired\":true,\"valueName\":\"search_term_string\"}}],\"inLanguage\":\"en-US\"}]}<\/script>\n<!-- \/ Yoast SEO plugin. -->","yoast_head_json":{"title":"Procart 318 Kolica za \u010di\u0161\u0107enje - Meridian Group","robots":{"index":"index","follow":"follow","max-snippet":"max-snippet:-1","max-image-preview":"max-image-preview:large","max-video-preview":"max-video-preview:-1"},"canonical":"https:\/\/www.meridian.ba\/en\/proizvodi\/procart-318-kolica-za-ciscenje\/","og_locale":"en_US","og_type":"article","og_title":"Procart 318 Kolica za \u010di\u0161\u0107enje - Meridian Group","og_description":"Struktura proizvoda: CPP &#8211; Plastika Debljina konstrukcije: 6 mm Dimenzije proizvoda (\u0161irina, du\u017eina, visina): 62 x 138 x 126 cm Te\u017eina proizvoda: 32,1 kg Tovarni kapacitet: 190 kg Karakteristika korpe za otpad: Impertex 420 Zapremina korpe za otpad: 120 lt Poklopac za otpad: Poklopac za otpad sa povr\u0161inom za rad, otpad klasificiran za oznakom u [&hellip;]","og_url":"https:\/\/www.meridian.ba\/en\/proizvodi\/procart-318-kolica-za-ciscenje\/","og_site_name":"Meridian Group","article_publisher":"https:\/\/www.facebook.com\/meridian.ba","article_modified_time":"2022-01-03T08:29:42+00:00","og_image":[{"width":450,"height":450,"url":"https:\/\/www.meridian.ba\/wp-content\/uploads\/2021\/12\/PROCART-318-4.jpg","type":"image\/jpeg"}],"twitter_card":"summary_large_image","twitter_site":"@MeridianGroup2","twitter_misc":{"Est. reading time":"1 minute"},"schema":{"@context":"https:\/\/schema.org","@graph":[{"@type":"WebPage","@id":"https:\/\/www.meridian.ba\/proizvodi\/procart-318-kolica-za-ciscenje\/","url":"https:\/\/www.meridian.ba\/proizvodi\/procart-318-kolica-za-ciscenje\/","name":"Procart 318 Kolica za \u010di\u0161\u0107enje - Meridian Group","isPartOf":{"@id":"https:\/\/www.meridian.ba\/#website"},"primaryImageOfPage":{"@id":"https:\/\/www.meridian.ba\/proizvodi\/procart-318-kolica-za-ciscenje\/#primaryimage"},"image":{"@id":"https:\/\/www.meridian.ba\/proizvodi\/procart-318-kolica-za-ciscenje\/#primaryimage"},"thumbnailUrl":"https:\/\/www.meridian.ba\/wp-content\/uploads\/2021\/12\/PROCART-318-4.jpg","datePublished":"2021-12-23T19:08:23+00:00","dateModified":"2022-01-03T08:29:42+00:00","breadcrumb":{"@id":"https:\/\/www.meridian.ba\/proizvodi\/procart-318-kolica-za-ciscenje\/#breadcrumb"},"inLanguage":"en-US","potentialAction":[{"@type":"ReadAction","target":["https:\/\/www.meridian.ba\/proizvodi\/procart-318-kolica-za-ciscenje\/"]}]},{"@type":"ImageObject","inLanguage":"en-US","@id":"https:\/\/www.meridian.ba\/proizvodi\/procart-318-kolica-za-ciscenje\/#primaryimage","url":"https:\/\/www.meridian.ba\/wp-content\/uploads\/2021\/12\/PROCART-318-4.jpg","contentUrl":"https:\/\/www.meridian.ba\/wp-content\/uploads\/2021\/12\/PROCART-318-4.jpg","width":450,"height":450},{"@type":"BreadcrumbList","@id":"https:\/\/www.meridian.ba\/proizvodi\/procart-318-kolica-za-ciscenje\/#breadcrumb","itemListElement":[{"@type":"ListItem","position":1,"name":"Home","item":"https:\/\/www.meridian.ba\/"},{"@type":"ListItem","position":2,"name":"Shop","item":"https:\/\/www.meridian.ba\/en\/shop\/"},{"@type":"ListItem","position":3,"name":"Procart 318 Kolica za \u010di\u0161\u0107enje"}]},{"@type":"WebSite","@id":"https:\/\/www.meridian.ba\/#website","url":"https:\/\/www.meridian.ba\/","name":"Meridian Group","description":"Rje\u0161enja pakovanja i skladi\u0161tenja","potentialAction":[{"@type":"SearchAction","target":{"@type":"EntryPoint","urlTemplate":"https:\/\/www.meridian.ba\/?s={search_term_string}"},"query-input":{"@type":"PropertyValueSpecification","valueRequired":true,"valueName":"search_term_string"}}],"inLanguage":"en-US"}]}},"_links":{"self":[{"href":"https:\/\/www.meridian.ba\/en\/wp-json\/wp\/v2\/product\/16676","targetHints":{"allow":["GET"]}}],"collection":[{"href":"https:\/\/www.meridian.ba\/en\/wp-json\/wp\/v2\/product"}],"about":[{"href":"https:\/\/www.meridian.ba\/en\/wp-json\/wp\/v2\/types\/product"}],"version-history":[{"count":1,"href":"https:\/\/www.meridian.ba\/en\/wp-json\/wp\/v2\/product\/16676\/revisions"}],"predecessor-version":[{"id":16682,"href":"https:\/\/www.meridian.ba\/en\/wp-json\/wp\/v2\/product\/16676\/revisions\/16682"}],"wp:featuredmedia":[{"embeddable":true,"href":"https:\/\/www.meridian.ba\/en\/wp-json\/wp\/v2\/media\/16680"}],"wp:attachment":[{"href":"https:\/\/www.meridian.ba\/en\/wp-json\/wp\/v2\/media?parent=16676"}],"wp:term":[{"taxonomy":"product_brand","embeddable":true,"href":"https:\/\/www.meridian.ba\/en\/wp-json\/wp\/v2\/product_brand?post=16676"},{"taxonomy":"product_cat","embeddable":true,"href":"https:\/\/www.meridian.ba\/en\/wp-json\/wp\/v2\/product_cat?post=16676"},{"taxonomy":"product_tag","embeddable":true,"href":"https:\/\/www.meridian.ba\/en\/wp-json\/wp\/v2\/product_tag?post=16676"}],"curies":[{"name":"wp","href":"https:\/\/api.w.org\/{rel}","templated":true}]}}