{"id":1369,"date":"2019-02-05T21:28:19","date_gmt":"2019-02-05T21:28:19","guid":{"rendered":"http:\/\/www.meridian.ba\/?post_type=product&#038;p=1369"},"modified":"2022-01-04T12:37:30","modified_gmt":"2022-01-04T12:37:30","slug":"plasticne-palete-ojacane-zeljezom-80-x-120-cm-otvorena","status":"publish","type":"product","link":"https:\/\/www.meridian.ba\/en\/proizvodi\/plasticne-palete-ojacane-zeljezom-80-x-120-cm-otvorena\/","title":{"rendered":"Plasti\u010dne Palete Oja\u010dane \u017deljezom 80 x 120 cm Otvorena"},"content":{"rendered":"<p>Plasti\u010dne palete oja\u010dane \u017eeljezom nude skladi\u0161tenje te\u0161ke robe na policama sa sigurno\u0161\u0107u. Na\u0161i plasti\u010dni paletni modeli obezbje\u0111uju jaku strukturu. \u0160to zna\u010di da ova vrsta plasti\u010dnih palete mo\u017ee podi\u0107i i nositi vi\u0161e tereta u pore\u0111enju sa drugim tipovima paleta. \u0160tavi\u0161e, regalni paletni dizajn je sli\u010dan skladi\u0161nim plasti\u010dnim paletama. Dakle, mo\u017eete lako staviti palete jednu na drugu. Obezbje\u0111uje vi\u0161e tereta u \u0161ljeperu. Posebno tokom utovara ova vrsta plasti\u010dnih paleta odr\u017eava maksimalnu stabilnost. Nikad ne uti\u010de na stabilnost bez obzira da li je teret na paleti ili ne.<\/p>\n<p>Oja\u010dane \u017eeljezom\u00a0<a href=\"https:\/\/www.meridijangroup.com\/bs\/products\/\">plasti\u010dna paleta<\/a>\u00a0Ima \u010dvrsti dizajn za tovar te\u0161ke robe i stati\u010dkog skladi\u0161tenja. Njen dizajn je prilagodljiv za razli\u010dite tovarne opcije. Kompanije vi\u0161e vole da sla\u017eu svoju robu na police da bi iskoristili \u0161to vi\u0161e prostora. Regalne palete imaju oja\u010dano dno. \u0160to zna\u010di da je to najbezbjedniji na\u010din da se stavlja tovar na police. Ponekad oni koji koriste palete \u017eele da stave paletu na vrh druge natovarene palete. Zahvaljuju\u0107i strukturi \u017eeljezne \u0161ipke, obezbje\u0111uje stabilnost tokom skladi\u0161tenja i transporta. Velike zapremine proizvoda mogu biti skladi\u0161tene ili pohranjene u skladi\u0161tima. Mnoge firme poku\u0161avaju da u\u0161tede na prostoru i pobolj\u0161aju bezbjednost u skladi\u0161tima.<\/p>\n<p>Regalne palete moraju obezbjediti \u010dvrstu, izdr\u017eljivu konstrukciju. Ova vrsta plasti\u010dnih paleta mo\u017ee smjestiti te\u0161ki teret bez da o\u0161teti robu ispod. Mi projektujemo na\u0161e regalne paletne modele za te\u0161ki teret. Drugim rije\u010dima, mi projektujemo za regalne sisteme. Ako je potrebno, \u010dak mo\u017eemo napraviti kalup za klijenta u na\u0161oj radionici.<\/p>\n<h2>Tipovi Paleta Oja\u010dani \u017deljezom<\/h2>\n<p>Imamo 2 vrste dimenzija za plasti\u010dne palete oja\u010dane \u017eeljezom. Te dimenzije su 800 x 1200 mm and 1000 x 1200 mm.\u00a0<a href=\"http:\/\/www.meridian.ba\/en\/\">Meridian Group<\/a>\u00a0Nudimo razli\u010dite opcije boja. Tako\u0111er, mo\u017eemo printati Va\u0161 logo na na\u0161im plasti\u010dnim paletama. A to je najlak\u0161i na\u010din da razdvojite Va\u0161u robu od drugih. Mo\u017eemo proizvesti na\u0161e plasti\u010dne palete sa ivicama ili bez u zavisnosti od Va\u0161e potrebe. Mo\u017eemo proizvesti na\u0161e proizvode sa originalnim plasti\u010dnim materijalom ili recikliranim plasti\u010dnim materijalom s tim da je ve\u0107ina plasti\u010dnih paleta za slaganje od reciklirane plastike.<\/p>\n<h3>Koliko mnogo \u0161ipki ima u Plasti\u010dnim Paletama Oja\u010danim \u017deljezom?<\/h3>\n<p>Meridian Group nudi palete oja\u010dane metalom. Palete oja\u010dane \u017eeljeznim \u0161ipkama podi\u017eu maksimalni tovar. Imamo 3 tipa oja\u010danih regalnih paleta. U zavisnosti od va\u0161e tovarne potrebe, mi mo\u017eemo staviti 1 do 3 \u017eeljezne \u0161ipke. To stabilizuje va\u0161e tovarne kapacitetne potrebe sa \u010dvrstim dizajnom.<\/p>","protected":false},"excerpt":{"rendered":"<p>800 x 1200 mm Otvorena Plasti\u010dne Palete Oja\u010dane sa 3 \u017deljezne \u0160ipke<\/p>","protected":false},"featured_media":1363,"template":"","meta":[],"product_brand":[],"product_cat":[32,68,123],"product_tag":[30,37,127,36,126],"class_list":{"0":"post-1369","1":"product","2":"type-product","3":"status-publish","4":"has-post-thumbnail","6":"product_cat-plasticne-palete-800-1200-mm","7":"product_cat-otvorene-plasticne-palete","8":"product_cat-palete-ojacane-celikom","9":"product_tag-80-120-cm","10":"product_tag-800-x-1200-mm","11":"product_tag-open-deck-steel-reinforced-pallet","12":"product_tag-plastic-pallet","13":"product_tag-steel-reinforced","14":"pa_dinamicki-kapacitet-2500-kg","15":"pa_opcija-boja-crna","16":"pa_opcija-boja-crvena","17":"pa_opcija-boja-plava","18":"pa_opcija-boja-siva","19":"pa_opcija-boja-zelena","20":"pa_opcija-boja-zuta","21":"pa_opcije-materijala-originalno-pp","22":"pa_opcije-materijala-reciklirano-pp","23":"pa_regalni-kapacitet-1800-kg","24":"pa_sigurnosna-ivica-bez-ivice","25":"pa_sigurnosna-ivica-sa-ivicom","26":"pa_staticki-kapacitet-5000-kg","28":"entry","29":"has-media","31":"first","32":"instock","33":"shipping-taxable","34":"product-type-variable","35":"has-product-nav","36":"col","37":"span_1_of_3","38":"owp-content-center","39":"owp-thumbs-layout-horizontal","40":"owp-btn-normal","41":"owp-tabs-layout-horizontal","42":"has-no-thumbnails"},"yoast_head":"<!-- This site is optimized with the Yoast SEO plugin v27.4 - https:\/\/yoast.com\/product\/yoast-seo-wordpress\/ -->\n<title>Plasti\u010dne Palete Oja\u010dane \u017deljezom 80 x 120 cm Otvorena - Meridian Group<\/title>\n<meta name=\"description\" content=\"Steel Reinforced Plastic Pallet is designed to maintain heavy loads.The steel rods ensures maximum load safety. Check out our products\" \/>\n<meta name=\"robots\" content=\"index, follow, max-snippet:-1, max-image-preview:large, max-video-preview:-1\" \/>\n<link rel=\"canonical\" href=\"https:\/\/www.meridian.ba\/en\/proizvodi\/plasticne-palete-ojacane-zeljezom-80-x-120-cm-otvorena\/\" \/>\n<meta property=\"og:locale\" content=\"en_US\" \/>\n<meta property=\"og:type\" content=\"article\" \/>\n<meta property=\"og:title\" content=\"Plasti\u010dne Palete Oja\u010dane \u017deljezom 80 x 120 cm Otvorena - Meridian Group\" \/>\n<meta property=\"og:description\" content=\"Steel Reinforced Plastic Pallet is designed to maintain heavy loads.The steel rods ensures maximum load safety. Check out our products\" \/>\n<meta property=\"og:url\" content=\"https:\/\/www.meridian.ba\/en\/proizvodi\/plasticne-palete-ojacane-zeljezom-80-x-120-cm-otvorena\/\" \/>\n<meta property=\"og:site_name\" content=\"Meridian Group\" \/>\n<meta property=\"article:publisher\" content=\"https:\/\/www.facebook.com\/meridian.ba\" \/>\n<meta property=\"article:modified_time\" content=\"2022-01-04T12:37:30+00:00\" \/>\n<meta property=\"og:image\" content=\"https:\/\/www.meridian.ba\/wp-content\/uploads\/2019\/02\/9080-080-120-091.jpg\" \/>\n\t<meta property=\"og:image:width\" content=\"600\" \/>\n\t<meta property=\"og:image:height\" content=\"600\" \/>\n\t<meta property=\"og:image:type\" content=\"image\/jpeg\" \/>\n<meta name=\"twitter:card\" content=\"summary_large_image\" \/>\n<meta name=\"twitter:site\" content=\"@MeridianGroup2\" \/>\n<meta name=\"twitter:label1\" content=\"Est. reading time\" \/>\n\t<meta name=\"twitter:data1\" content=\"2 minutes\" \/>\n<script type=\"application\/ld+json\" class=\"yoast-schema-graph\">{\"@context\":\"https:\\\/\\\/schema.org\",\"@graph\":[{\"@type\":\"WebPage\",\"@id\":\"https:\\\/\\\/www.meridian.ba\\\/proizvodi\\\/plasticne-palete-ojacane-zeljezom-80-x-120-cm-otvorena\\\/\",\"url\":\"https:\\\/\\\/www.meridian.ba\\\/proizvodi\\\/plasticne-palete-ojacane-zeljezom-80-x-120-cm-otvorena\\\/\",\"name\":\"Plasti\u010dne Palete Oja\u010dane \u017deljezom 80 x 120 cm Otvorena - Meridian Group\",\"isPartOf\":{\"@id\":\"https:\\\/\\\/www.meridian.ba\\\/#website\"},\"primaryImageOfPage\":{\"@id\":\"https:\\\/\\\/www.meridian.ba\\\/proizvodi\\\/plasticne-palete-ojacane-zeljezom-80-x-120-cm-otvorena\\\/#primaryimage\"},\"image\":{\"@id\":\"https:\\\/\\\/www.meridian.ba\\\/proizvodi\\\/plasticne-palete-ojacane-zeljezom-80-x-120-cm-otvorena\\\/#primaryimage\"},\"thumbnailUrl\":\"https:\\\/\\\/www.meridian.ba\\\/wp-content\\\/uploads\\\/2019\\\/02\\\/9080-080-120-091.jpg\",\"datePublished\":\"2019-02-05T21:28:19+00:00\",\"dateModified\":\"2022-01-04T12:37:30+00:00\",\"description\":\"Steel Reinforced Plastic Pallet is designed to maintain heavy loads.The steel rods ensures maximum load safety. Check out our products\",\"breadcrumb\":{\"@id\":\"https:\\\/\\\/www.meridian.ba\\\/proizvodi\\\/plasticne-palete-ojacane-zeljezom-80-x-120-cm-otvorena\\\/#breadcrumb\"},\"inLanguage\":\"en-US\",\"potentialAction\":[{\"@type\":\"ReadAction\",\"target\":[\"https:\\\/\\\/www.meridian.ba\\\/proizvodi\\\/plasticne-palete-ojacane-zeljezom-80-x-120-cm-otvorena\\\/\"]}]},{\"@type\":\"ImageObject\",\"inLanguage\":\"en-US\",\"@id\":\"https:\\\/\\\/www.meridian.ba\\\/proizvodi\\\/plasticne-palete-ojacane-zeljezom-80-x-120-cm-otvorena\\\/#primaryimage\",\"url\":\"https:\\\/\\\/www.meridian.ba\\\/wp-content\\\/uploads\\\/2019\\\/02\\\/9080-080-120-091.jpg\",\"contentUrl\":\"https:\\\/\\\/www.meridian.ba\\\/wp-content\\\/uploads\\\/2019\\\/02\\\/9080-080-120-091.jpg\",\"width\":600,\"height\":600,\"caption\":\"steel reinforced pallet\"},{\"@type\":\"BreadcrumbList\",\"@id\":\"https:\\\/\\\/www.meridian.ba\\\/proizvodi\\\/plasticne-palete-ojacane-zeljezom-80-x-120-cm-otvorena\\\/#breadcrumb\",\"itemListElement\":[{\"@type\":\"ListItem\",\"position\":1,\"name\":\"Home\",\"item\":\"https:\\\/\\\/www.meridian.ba\\\/\"},{\"@type\":\"ListItem\",\"position\":2,\"name\":\"Shop\",\"item\":\"https:\\\/\\\/www.meridian.ba\\\/en\\\/shop\\\/\"},{\"@type\":\"ListItem\",\"position\":3,\"name\":\"Plasti\u010dne Palete Oja\u010dane \u017deljezom 80 x 120 cm Otvorena\"}]},{\"@type\":\"WebSite\",\"@id\":\"https:\\\/\\\/www.meridian.ba\\\/#website\",\"url\":\"https:\\\/\\\/www.meridian.ba\\\/\",\"name\":\"Meridian Group\",\"description\":\"Rje\u0161enja pakovanja i skladi\u0161tenja\",\"potentialAction\":[{\"@type\":\"SearchAction\",\"target\":{\"@type\":\"EntryPoint\",\"urlTemplate\":\"https:\\\/\\\/www.meridian.ba\\\/?s={search_term_string}\"},\"query-input\":{\"@type\":\"PropertyValueSpecification\",\"valueRequired\":true,\"valueName\":\"search_term_string\"}}],\"inLanguage\":\"en-US\"}]}<\/script>\n<!-- \/ Yoast SEO plugin. -->","yoast_head_json":{"title":"Plasti\u010dne Palete Oja\u010dane \u017deljezom 80 x 120 cm Otvorena - Meridian Group","description":"Steel Reinforced Plastic Pallet is designed to maintain heavy loads.The steel rods ensures maximum load safety. Check out our products","robots":{"index":"index","follow":"follow","max-snippet":"max-snippet:-1","max-image-preview":"max-image-preview:large","max-video-preview":"max-video-preview:-1"},"canonical":"https:\/\/www.meridian.ba\/en\/proizvodi\/plasticne-palete-ojacane-zeljezom-80-x-120-cm-otvorena\/","og_locale":"en_US","og_type":"article","og_title":"Plasti\u010dne Palete Oja\u010dane \u017deljezom 80 x 120 cm Otvorena - Meridian Group","og_description":"Steel Reinforced Plastic Pallet is designed to maintain heavy loads.The steel rods ensures maximum load safety. Check out our products","og_url":"https:\/\/www.meridian.ba\/en\/proizvodi\/plasticne-palete-ojacane-zeljezom-80-x-120-cm-otvorena\/","og_site_name":"Meridian Group","article_publisher":"https:\/\/www.facebook.com\/meridian.ba","article_modified_time":"2022-01-04T12:37:30+00:00","og_image":[{"width":600,"height":600,"url":"https:\/\/www.meridian.ba\/wp-content\/uploads\/2019\/02\/9080-080-120-091.jpg","type":"image\/jpeg"}],"twitter_card":"summary_large_image","twitter_site":"@MeridianGroup2","twitter_misc":{"Est. reading time":"2 minutes"},"schema":{"@context":"https:\/\/schema.org","@graph":[{"@type":"WebPage","@id":"https:\/\/www.meridian.ba\/proizvodi\/plasticne-palete-ojacane-zeljezom-80-x-120-cm-otvorena\/","url":"https:\/\/www.meridian.ba\/proizvodi\/plasticne-palete-ojacane-zeljezom-80-x-120-cm-otvorena\/","name":"Plasti\u010dne Palete Oja\u010dane \u017deljezom 80 x 120 cm Otvorena - Meridian Group","isPartOf":{"@id":"https:\/\/www.meridian.ba\/#website"},"primaryImageOfPage":{"@id":"https:\/\/www.meridian.ba\/proizvodi\/plasticne-palete-ojacane-zeljezom-80-x-120-cm-otvorena\/#primaryimage"},"image":{"@id":"https:\/\/www.meridian.ba\/proizvodi\/plasticne-palete-ojacane-zeljezom-80-x-120-cm-otvorena\/#primaryimage"},"thumbnailUrl":"https:\/\/www.meridian.ba\/wp-content\/uploads\/2019\/02\/9080-080-120-091.jpg","datePublished":"2019-02-05T21:28:19+00:00","dateModified":"2022-01-04T12:37:30+00:00","description":"Steel Reinforced Plastic Pallet is designed to maintain heavy loads.The steel rods ensures maximum load safety. Check out our products","breadcrumb":{"@id":"https:\/\/www.meridian.ba\/proizvodi\/plasticne-palete-ojacane-zeljezom-80-x-120-cm-otvorena\/#breadcrumb"},"inLanguage":"en-US","potentialAction":[{"@type":"ReadAction","target":["https:\/\/www.meridian.ba\/proizvodi\/plasticne-palete-ojacane-zeljezom-80-x-120-cm-otvorena\/"]}]},{"@type":"ImageObject","inLanguage":"en-US","@id":"https:\/\/www.meridian.ba\/proizvodi\/plasticne-palete-ojacane-zeljezom-80-x-120-cm-otvorena\/#primaryimage","url":"https:\/\/www.meridian.ba\/wp-content\/uploads\/2019\/02\/9080-080-120-091.jpg","contentUrl":"https:\/\/www.meridian.ba\/wp-content\/uploads\/2019\/02\/9080-080-120-091.jpg","width":600,"height":600,"caption":"steel reinforced pallet"},{"@type":"BreadcrumbList","@id":"https:\/\/www.meridian.ba\/proizvodi\/plasticne-palete-ojacane-zeljezom-80-x-120-cm-otvorena\/#breadcrumb","itemListElement":[{"@type":"ListItem","position":1,"name":"Home","item":"https:\/\/www.meridian.ba\/"},{"@type":"ListItem","position":2,"name":"Shop","item":"https:\/\/www.meridian.ba\/en\/shop\/"},{"@type":"ListItem","position":3,"name":"Plasti\u010dne Palete Oja\u010dane \u017deljezom 80 x 120 cm Otvorena"}]},{"@type":"WebSite","@id":"https:\/\/www.meridian.ba\/#website","url":"https:\/\/www.meridian.ba\/","name":"Meridian Group","description":"Rje\u0161enja pakovanja i skladi\u0161tenja","potentialAction":[{"@type":"SearchAction","target":{"@type":"EntryPoint","urlTemplate":"https:\/\/www.meridian.ba\/?s={search_term_string}"},"query-input":{"@type":"PropertyValueSpecification","valueRequired":true,"valueName":"search_term_string"}}],"inLanguage":"en-US"}]}},"_links":{"self":[{"href":"https:\/\/www.meridian.ba\/en\/wp-json\/wp\/v2\/product\/1369","targetHints":{"allow":["GET"]}}],"collection":[{"href":"https:\/\/www.meridian.ba\/en\/wp-json\/wp\/v2\/product"}],"about":[{"href":"https:\/\/www.meridian.ba\/en\/wp-json\/wp\/v2\/types\/product"}],"version-history":[{"count":1,"href":"https:\/\/www.meridian.ba\/en\/wp-json\/wp\/v2\/product\/1369\/revisions"}],"predecessor-version":[{"id":18401,"href":"https:\/\/www.meridian.ba\/en\/wp-json\/wp\/v2\/product\/1369\/revisions\/18401"}],"wp:featuredmedia":[{"embeddable":true,"href":"https:\/\/www.meridian.ba\/en\/wp-json\/wp\/v2\/media\/1363"}],"wp:attachment":[{"href":"https:\/\/www.meridian.ba\/en\/wp-json\/wp\/v2\/media?parent=1369"}],"wp:term":[{"taxonomy":"product_brand","embeddable":true,"href":"https:\/\/www.meridian.ba\/en\/wp-json\/wp\/v2\/product_brand?post=1369"},{"taxonomy":"product_cat","embeddable":true,"href":"https:\/\/www.meridian.ba\/en\/wp-json\/wp\/v2\/product_cat?post=1369"},{"taxonomy":"product_tag","embeddable":true,"href":"https:\/\/www.meridian.ba\/en\/wp-json\/wp\/v2\/product_tag?post=1369"}],"curies":[{"name":"wp","href":"https:\/\/api.w.org\/{rel}","templated":true}]}}