{"id":1341,"date":"2019-02-05T14:59:53","date_gmt":"2019-02-05T14:59:53","guid":{"rendered":"http:\/\/www.meridian.ba\/?post_type=product&#038;p=1341"},"modified":"2025-06-09T08:37:08","modified_gmt":"2025-06-09T08:37:08","slug":"regalna-plasticna-paleta-80-x-120-cm-zatvorena","status":"publish","type":"product","link":"https:\/\/www.meridian.ba\/en\/proizvodi\/regalna-plasticna-paleta-80-x-120-cm-zatvorena\/","title":{"rendered":"Regalna Plasti\u010dna Paleta 80 x 120 cm Zatvorena"},"content":{"rendered":"<p>Regalne plasti\u010dne palete nude skladi\u0161tenje te\u0161ke robe na policama sa sigurno\u0161\u0107u. Na\u0161i plasti\u010dni paletni modeli obezbje\u0111uju jaku strukturu. \u0160to zna\u010di da ova vrsta plasti\u010dnih palete mo\u017ee podi\u0107i i nositi vi\u0161e tereta u pore\u0111enju sa drugim tipovima paleta. \u0160tavi\u0161e, regalni paletni dizajn je sli\u010dan skladi\u0161nim plasti\u010dnim paletama. Dakle, mo\u017eete lako staviti palete jednu na drugu. Obezbje\u0111uje vi\u0161e tereta u \u0161ljeperu. Posebno tokom utovara ova vrsta plasti\u010dnih paleta odr\u017eava maksimalnu stabilnost. Nikad ne uti\u010de na stabilnost bez obzira da li je teret na paleti ili ne.<\/p>\n<p>Regalna\u00a0<a href=\"https:\/\/www.meridijangroup.com\/bs\/plastic-pallet-2\/\">plasti\u010dna paleta<\/a>\u00a0Ima \u010dvrsti dizajn za tovar te\u0161ke robe i stati\u010dkog skladi\u0161tenja. Njen dizajn je prilagodljiv za razli\u010dite tovarne opcije. Kompanije vi\u0161e vole da sla\u017eu svoju robu na police da bi iskoristili \u0161to vi\u0161e prostora. Regalne palete imaju oja\u010dano dno. \u0160to zna\u010di da je to najbezbjedniji na\u010din da se stavlja tovar na police. Ponekad oni koji koriste palete \u017eele da stave paletu na vrh druge natovarene palete. Zahvaljuju\u0107i strukturi \u017eeljezne \u0161ipke, obezbje\u0111uje stabilnost tokom skladi\u0161tenja i transporta. Velike zapremine proizvoda mogu biti skladi\u0161tene ili pohranjene u skladi\u0161tima. Mnoge firme poku\u0161avaju da u\u0161tede na prostoru i pobolj\u0161aju bezbjednost u skladi\u0161tima.<\/p>\n<p>Regalne palete moraju obezbjediti \u010dvrstu, izdr\u017eljivu konstrukciju. Ova vrsta plasti\u010dnih paleta mo\u017ee smjestiti te\u0161ki teret bez da o\u0161teti robu ispod. Mi projektujemo na\u0161e regalne paletne modele za te\u0161ki teret. Drugim rije\u010dima, mi projektujemo za regalne sisteme. Ako je potrebno, \u010dak mo\u017eemo napraviti kalup za klijenta u na\u0161oj radionici.<\/p>\n<h2>Tipovi Regalnih Plasti\u010dnih Paleta<\/h2>\n<p>Imamo 2 vrste dimenzija za regalne palete. Te dimenzije su 800 x 1200 mm and 1000 x 1200 mm.\u00a0<a href=\"http:\/\/www.meridian.ba\/en\/\">Meridian Group<\/a>\u00a0Nudimo razli\u010dite opcije boja. Tako\u0111er, mo\u017eemo printati Va\u0161 logo na na\u0161im plasti\u010dnim paletama. A to je najlak\u0161i na\u010din da razdvojite Va\u0161u robu od drugih. Mo\u017eemo proizvesti na\u0161e plasti\u010dne palete sa ivicama ili bez u zavisnosti od Va\u0161e potrebe. Mo\u017eemo proizvesti na\u0161e proizvode sa originalnim plasti\u010dnim materijalom ili recikliranim plasti\u010dnim materijalom s tim da je ve\u0107ina plasti\u010dnih paleta za slaganje od reciklirane plastike.<\/p>\n<h3>Plasti\u010dne Palete Oja\u010dane Metalom<\/h3>\n<p>Meridian Group nudi palete oja\u010dane metalom. Palete oja\u010dane \u017eeljeznim \u0161ipkama podi\u017eu maksimalni tovar. Imamo 3 tipa oja\u010danih regalnih paleta. U zavisnosti od va\u0161e tovarne potrebe, mi mo\u017eemo staviti 1 do 3 \u017eeljezne \u0161ipke. To stabilizuje va\u0161e tovarne kapacitetne potrebe sa \u010dvrstim dizajnom.<\/p>","protected":false},"excerpt":{"rendered":"<p>800 x 1200 mm Zatvorena Regalna Plasti\u010dna Paleta<\/p>","protected":false},"featured_media":1344,"template":"","meta":[],"product_brand":[],"product_cat":[32,71,67],"product_tag":[30,37,121,36],"class_list":{"0":"post-1341","1":"product","2":"type-product","3":"status-publish","4":"has-post-thumbnail","6":"product_cat-plasticne-palete-800-1200-mm","7":"product_cat-regalne-palete","8":"product_cat-zatvorene-plasticne-palete","9":"product_tag-80-120-cm","10":"product_tag-800-x-1200-mm","11":"product_tag-closed-deck-rackable","12":"product_tag-plastic-pallet","13":"pa_dinamicki-kapacitet-1800-kg","14":"pa_opcija-boja-crna","15":"pa_opcija-boja-crvena","16":"pa_opcija-boja-plava","17":"pa_opcija-boja-siva","18":"pa_opcija-boja-zelena","19":"pa_opcija-boja-zuta","20":"pa_opcije-materijala-originalno-pp","21":"pa_opcije-materijala-reciklirano-pp","22":"pa_regalni-kapacitet-600-kg","23":"pa_sigurnosna-ivica-bez-ivice","24":"pa_sigurnosna-ivica-sa-ivicom","25":"pa_staticki-kapacitet-4000-kg","27":"entry","28":"has-media","30":"first","31":"instock","32":"shipping-taxable","33":"product-type-variable","34":"has-product-nav","35":"col","36":"span_1_of_3","37":"owp-content-center","38":"owp-thumbs-layout-horizontal","39":"owp-btn-normal","40":"owp-tabs-layout-horizontal","41":"has-no-thumbnails"},"yoast_head":"<!-- This site is optimized with the Yoast SEO plugin v27.4 - https:\/\/yoast.com\/product\/yoast-seo-wordpress\/ -->\n<title>Regalna Plasti\u010dna Paleta 80 x 120 cm Zatvorena - Meridian Group<\/title>\n<meta name=\"description\" content=\"Rackable Plastic Pallets are designed to maintain heavy loads.In order to, check out Meridian Group wide dimension range for plastic pallet products.\" \/>\n<meta name=\"robots\" content=\"index, follow, max-snippet:-1, max-image-preview:large, max-video-preview:-1\" \/>\n<link rel=\"canonical\" href=\"https:\/\/www.meridian.ba\/en\/proizvodi\/regalna-plasticna-paleta-80-x-120-cm-zatvorena\/\" \/>\n<meta property=\"og:locale\" content=\"en_US\" \/>\n<meta property=\"og:type\" content=\"article\" \/>\n<meta property=\"og:title\" content=\"Regalna Plasti\u010dna Paleta 80 x 120 cm Zatvorena - Meridian Group\" \/>\n<meta property=\"og:description\" content=\"Rackable Plastic Pallets are designed to maintain heavy loads.In order to, check out Meridian Group wide dimension range for plastic pallet products.\" \/>\n<meta property=\"og:url\" content=\"https:\/\/www.meridian.ba\/en\/proizvodi\/regalna-plasticna-paleta-80-x-120-cm-zatvorena\/\" \/>\n<meta property=\"og:site_name\" content=\"Meridian Group\" \/>\n<meta property=\"article:publisher\" content=\"https:\/\/www.facebook.com\/meridian.ba\" \/>\n<meta property=\"article:modified_time\" content=\"2025-06-09T08:37:08+00:00\" \/>\n<meta property=\"og:image\" content=\"https:\/\/www.meridian.ba\/wp-content\/uploads\/2019\/02\/9052-080-120-021.jpg\" \/>\n\t<meta property=\"og:image:width\" content=\"600\" \/>\n\t<meta property=\"og:image:height\" content=\"600\" \/>\n\t<meta property=\"og:image:type\" content=\"image\/jpeg\" \/>\n<meta name=\"twitter:card\" content=\"summary_large_image\" \/>\n<meta name=\"twitter:site\" content=\"@MeridianGroup2\" \/>\n<meta name=\"twitter:label1\" content=\"Est. reading time\" \/>\n\t<meta name=\"twitter:data1\" content=\"2 minutes\" \/>\n<script type=\"application\/ld+json\" class=\"yoast-schema-graph\">{\"@context\":\"https:\\\/\\\/schema.org\",\"@graph\":[{\"@type\":\"WebPage\",\"@id\":\"https:\\\/\\\/www.meridian.ba\\\/proizvodi\\\/regalna-plasticna-paleta-80-x-120-cm-zatvorena\\\/\",\"url\":\"https:\\\/\\\/www.meridian.ba\\\/proizvodi\\\/regalna-plasticna-paleta-80-x-120-cm-zatvorena\\\/\",\"name\":\"Regalna Plasti\u010dna Paleta 80 x 120 cm Zatvorena - Meridian Group\",\"isPartOf\":{\"@id\":\"https:\\\/\\\/www.meridian.ba\\\/#website\"},\"primaryImageOfPage\":{\"@id\":\"https:\\\/\\\/www.meridian.ba\\\/proizvodi\\\/regalna-plasticna-paleta-80-x-120-cm-zatvorena\\\/#primaryimage\"},\"image\":{\"@id\":\"https:\\\/\\\/www.meridian.ba\\\/proizvodi\\\/regalna-plasticna-paleta-80-x-120-cm-zatvorena\\\/#primaryimage\"},\"thumbnailUrl\":\"https:\\\/\\\/www.meridian.ba\\\/wp-content\\\/uploads\\\/2019\\\/02\\\/9052-080-120-021.jpg\",\"datePublished\":\"2019-02-05T14:59:53+00:00\",\"dateModified\":\"2025-06-09T08:37:08+00:00\",\"description\":\"Rackable Plastic Pallets are designed to maintain heavy loads.In order to, check out Meridian Group wide dimension range for plastic pallet products.\",\"breadcrumb\":{\"@id\":\"https:\\\/\\\/www.meridian.ba\\\/proizvodi\\\/regalna-plasticna-paleta-80-x-120-cm-zatvorena\\\/#breadcrumb\"},\"inLanguage\":\"en-US\",\"potentialAction\":[{\"@type\":\"ReadAction\",\"target\":[\"https:\\\/\\\/www.meridian.ba\\\/proizvodi\\\/regalna-plasticna-paleta-80-x-120-cm-zatvorena\\\/\"]}]},{\"@type\":\"ImageObject\",\"inLanguage\":\"en-US\",\"@id\":\"https:\\\/\\\/www.meridian.ba\\\/proizvodi\\\/regalna-plasticna-paleta-80-x-120-cm-zatvorena\\\/#primaryimage\",\"url\":\"https:\\\/\\\/www.meridian.ba\\\/wp-content\\\/uploads\\\/2019\\\/02\\\/9052-080-120-021.jpg\",\"contentUrl\":\"https:\\\/\\\/www.meridian.ba\\\/wp-content\\\/uploads\\\/2019\\\/02\\\/9052-080-120-021.jpg\",\"width\":600,\"height\":600,\"caption\":\"rackable plastic pallet\"},{\"@type\":\"BreadcrumbList\",\"@id\":\"https:\\\/\\\/www.meridian.ba\\\/proizvodi\\\/regalna-plasticna-paleta-80-x-120-cm-zatvorena\\\/#breadcrumb\",\"itemListElement\":[{\"@type\":\"ListItem\",\"position\":1,\"name\":\"Home\",\"item\":\"https:\\\/\\\/www.meridian.ba\\\/\"},{\"@type\":\"ListItem\",\"position\":2,\"name\":\"Shop\",\"item\":\"https:\\\/\\\/www.meridian.ba\\\/en\\\/shop\\\/\"},{\"@type\":\"ListItem\",\"position\":3,\"name\":\"Regalna Plasti\u010dna Paleta 80 x 120 cm Zatvorena\"}]},{\"@type\":\"WebSite\",\"@id\":\"https:\\\/\\\/www.meridian.ba\\\/#website\",\"url\":\"https:\\\/\\\/www.meridian.ba\\\/\",\"name\":\"Meridian Group\",\"description\":\"Rje\u0161enja pakovanja i skladi\u0161tenja\",\"potentialAction\":[{\"@type\":\"SearchAction\",\"target\":{\"@type\":\"EntryPoint\",\"urlTemplate\":\"https:\\\/\\\/www.meridian.ba\\\/?s={search_term_string}\"},\"query-input\":{\"@type\":\"PropertyValueSpecification\",\"valueRequired\":true,\"valueName\":\"search_term_string\"}}],\"inLanguage\":\"en-US\"}]}<\/script>\n<!-- \/ Yoast SEO plugin. -->","yoast_head_json":{"title":"Regalna Plasti\u010dna Paleta 80 x 120 cm Zatvorena - Meridian Group","description":"Rackable Plastic Pallets are designed to maintain heavy loads.In order to, check out Meridian Group wide dimension range for plastic pallet products.","robots":{"index":"index","follow":"follow","max-snippet":"max-snippet:-1","max-image-preview":"max-image-preview:large","max-video-preview":"max-video-preview:-1"},"canonical":"https:\/\/www.meridian.ba\/en\/proizvodi\/regalna-plasticna-paleta-80-x-120-cm-zatvorena\/","og_locale":"en_US","og_type":"article","og_title":"Regalna Plasti\u010dna Paleta 80 x 120 cm Zatvorena - Meridian Group","og_description":"Rackable Plastic Pallets are designed to maintain heavy loads.In order to, check out Meridian Group wide dimension range for plastic pallet products.","og_url":"https:\/\/www.meridian.ba\/en\/proizvodi\/regalna-plasticna-paleta-80-x-120-cm-zatvorena\/","og_site_name":"Meridian Group","article_publisher":"https:\/\/www.facebook.com\/meridian.ba","article_modified_time":"2025-06-09T08:37:08+00:00","og_image":[{"width":600,"height":600,"url":"https:\/\/www.meridian.ba\/wp-content\/uploads\/2019\/02\/9052-080-120-021.jpg","type":"image\/jpeg"}],"twitter_card":"summary_large_image","twitter_site":"@MeridianGroup2","twitter_misc":{"Est. reading time":"2 minutes"},"schema":{"@context":"https:\/\/schema.org","@graph":[{"@type":"WebPage","@id":"https:\/\/www.meridian.ba\/proizvodi\/regalna-plasticna-paleta-80-x-120-cm-zatvorena\/","url":"https:\/\/www.meridian.ba\/proizvodi\/regalna-plasticna-paleta-80-x-120-cm-zatvorena\/","name":"Regalna Plasti\u010dna Paleta 80 x 120 cm Zatvorena - Meridian Group","isPartOf":{"@id":"https:\/\/www.meridian.ba\/#website"},"primaryImageOfPage":{"@id":"https:\/\/www.meridian.ba\/proizvodi\/regalna-plasticna-paleta-80-x-120-cm-zatvorena\/#primaryimage"},"image":{"@id":"https:\/\/www.meridian.ba\/proizvodi\/regalna-plasticna-paleta-80-x-120-cm-zatvorena\/#primaryimage"},"thumbnailUrl":"https:\/\/www.meridian.ba\/wp-content\/uploads\/2019\/02\/9052-080-120-021.jpg","datePublished":"2019-02-05T14:59:53+00:00","dateModified":"2025-06-09T08:37:08+00:00","description":"Rackable Plastic Pallets are designed to maintain heavy loads.In order to, check out Meridian Group wide dimension range for plastic pallet products.","breadcrumb":{"@id":"https:\/\/www.meridian.ba\/proizvodi\/regalna-plasticna-paleta-80-x-120-cm-zatvorena\/#breadcrumb"},"inLanguage":"en-US","potentialAction":[{"@type":"ReadAction","target":["https:\/\/www.meridian.ba\/proizvodi\/regalna-plasticna-paleta-80-x-120-cm-zatvorena\/"]}]},{"@type":"ImageObject","inLanguage":"en-US","@id":"https:\/\/www.meridian.ba\/proizvodi\/regalna-plasticna-paleta-80-x-120-cm-zatvorena\/#primaryimage","url":"https:\/\/www.meridian.ba\/wp-content\/uploads\/2019\/02\/9052-080-120-021.jpg","contentUrl":"https:\/\/www.meridian.ba\/wp-content\/uploads\/2019\/02\/9052-080-120-021.jpg","width":600,"height":600,"caption":"rackable plastic pallet"},{"@type":"BreadcrumbList","@id":"https:\/\/www.meridian.ba\/proizvodi\/regalna-plasticna-paleta-80-x-120-cm-zatvorena\/#breadcrumb","itemListElement":[{"@type":"ListItem","position":1,"name":"Home","item":"https:\/\/www.meridian.ba\/"},{"@type":"ListItem","position":2,"name":"Shop","item":"https:\/\/www.meridian.ba\/en\/shop\/"},{"@type":"ListItem","position":3,"name":"Regalna Plasti\u010dna Paleta 80 x 120 cm Zatvorena"}]},{"@type":"WebSite","@id":"https:\/\/www.meridian.ba\/#website","url":"https:\/\/www.meridian.ba\/","name":"Meridian Group","description":"Rje\u0161enja pakovanja i skladi\u0161tenja","potentialAction":[{"@type":"SearchAction","target":{"@type":"EntryPoint","urlTemplate":"https:\/\/www.meridian.ba\/?s={search_term_string}"},"query-input":{"@type":"PropertyValueSpecification","valueRequired":true,"valueName":"search_term_string"}}],"inLanguage":"en-US"}]}},"_links":{"self":[{"href":"https:\/\/www.meridian.ba\/en\/wp-json\/wp\/v2\/product\/1341","targetHints":{"allow":["GET"]}}],"collection":[{"href":"https:\/\/www.meridian.ba\/en\/wp-json\/wp\/v2\/product"}],"about":[{"href":"https:\/\/www.meridian.ba\/en\/wp-json\/wp\/v2\/types\/product"}],"version-history":[{"count":2,"href":"https:\/\/www.meridian.ba\/en\/wp-json\/wp\/v2\/product\/1341\/revisions"}],"predecessor-version":[{"id":20611,"href":"https:\/\/www.meridian.ba\/en\/wp-json\/wp\/v2\/product\/1341\/revisions\/20611"}],"wp:featuredmedia":[{"embeddable":true,"href":"https:\/\/www.meridian.ba\/en\/wp-json\/wp\/v2\/media\/1344"}],"wp:attachment":[{"href":"https:\/\/www.meridian.ba\/en\/wp-json\/wp\/v2\/media?parent=1341"}],"wp:term":[{"taxonomy":"product_brand","embeddable":true,"href":"https:\/\/www.meridian.ba\/en\/wp-json\/wp\/v2\/product_brand?post=1341"},{"taxonomy":"product_cat","embeddable":true,"href":"https:\/\/www.meridian.ba\/en\/wp-json\/wp\/v2\/product_cat?post=1341"},{"taxonomy":"product_tag","embeddable":true,"href":"https:\/\/www.meridian.ba\/en\/wp-json\/wp\/v2\/product_tag?post=1341"}],"curies":[{"name":"wp","href":"https:\/\/api.w.org\/{rel}","templated":true}]}}