{"id":1050,"date":"2019-02-04T18:16:00","date_gmt":"2019-02-04T18:16:00","guid":{"rendered":"http:\/\/www.meridian.ba\/?post_type=product&#038;p=1050"},"modified":"2022-01-04T12:46:28","modified_gmt":"2022-01-04T12:46:28","slug":"plasticna-paleta-za-skladistenje-100-x-100-cm-otvorena","status":"publish","type":"product","link":"https:\/\/www.meridian.ba\/en\/proizvodi\/plasticna-paleta-za-skladistenje-100-x-100-cm-otvorena\/","title":{"rendered":"Plasti\u010dna Paleta za Skladi\u0161tenje 100 x 100 cm Otvorena"},"content":{"rendered":"<p>Plasti\u010dna Paleta Za Slaganje nudi vi\u0161e skladi\u0161tenja paleta. Na\u0161i plasti\u010dni paletni modeli obezbje\u0111uju lako\u0107u pri utovaru. Dakle, mo\u017eete lako staviti palete jednu na drugu. Obezbje\u0111uje vi\u0161e tereta u \u0161ljeperu. Posebno tokom utovara ova vrsta plasti\u010dnih paleta odr\u017eava maksimalnu stabilnost. Nikad ne uti\u010de na stabilnost bez obzira da li je teret na paleti ili ne.<\/p>\n<p>Za slaganje\u00a0<a href=\"https:\/\/www.meridijangroup.com\/bs\/plastic-pallet-2\/\">plasti\u010dna paleta<\/a>\u00a0Ima \u010dvrsti dizajn za tovar te\u0161ke robe i stati\u010dkog skladi\u0161tenja. Njen dizajn je prilagodljiv za razli\u010dite tovarne opcije. Palete za slaganje imaju oja\u010dano dno. Ponekad oni koji koriste palete \u017eele da stave paletu na vrh druge natovarene palete. Kao rezultat toga, obezbje\u0111uje stabilnost tokom skladi\u0161tenja i transporta. Velike zapremine proizvoda mogu biti skladi\u0161tene ili pohranjene u skladi\u0161tima. Mnoge firme poku\u0161avaju da u\u0161tede na prostoru i pobolj\u0161aju bezbjednost u skladi\u0161tima.<\/p>\n<p>Palete za slaganje moraju obezbjediti \u010dvrstu, izdr\u017eljivu konstrukciju. Ova vrsta plasti\u010dnih paleta mo\u017ee smjestiti te\u0161ki teret bez da o\u0161teti robu ispod. Mi projektujemo na\u0161e regalne paletne modele za te\u0161ki teret. Drugim rije\u010dima, mi projektujemo za regalne sisteme. Ako je potrebno, \u010dak mo\u017eemo napraviti kalup za klijenta u na\u0161oj radionici. Na\u0161e plasti\u010dni modeli paleta za slaganje nude \u0161iroki dijapazon. Na\u0161e dimenzije po\u010dinju od 800 x 1000 mm do 1100 x 1300 mm.<\/p>\n<p><a href=\"http:\/\/www.meridian.ba\/en\/\">Meridian Group<\/a>\u00a0Nudimo razli\u010dite opcije boja. Tako\u0111er, mo\u017eemo printati Va\u0161 logo na na\u0161im plasti\u010dnim paletama. A to je najlak\u0161i na\u010din da razdvojite Va\u0161u robu od drugih. Mo\u017eemo proizvesti na\u0161e plasti\u010dne palete sa ivicama ili bez u zavisnosti od Va\u0161e potrebe. Mo\u017eemo proizvesti na\u0161e proizvode sa originalnim plasti\u010dnim materijalom ili recikliranim plasti\u010dnim materijalom s tim da je ve\u0107ina plasti\u010dnih paleta za slaganje od reciklirane plastike.<\/p>","protected":false},"excerpt":{"rendered":"<p>1000 x 1000 mm Otvorena Plasti\u010dna Paleta za Skladi\u0161tenje sa Skija<\/p>","protected":false},"featured_media":1048,"template":"","meta":[],"product_brand":[],"product_cat":[78,68,70],"product_tag":[91,105,118,36],"class_list":{"0":"post-1050","1":"product","2":"type-product","3":"status-publish","4":"has-post-thumbnail","6":"product_cat-plasticne-palete-1000-x-1000-mm","7":"product_cat-otvorene-plasticne-palete","8":"product_cat-skladistene-palete","9":"product_tag-100-100-cm","10":"product_tag-1000-x-1000-mm","11":"product_tag-open-deck-stackable","12":"product_tag-plastic-pallet","13":"pa_dinamicki-kapacitet-1500-kg","14":"pa_opcija-boja-crna","15":"pa_opcija-boja-crvena","16":"pa_opcija-boja-plava","17":"pa_opcija-boja-siva","18":"pa_opcija-boja-zelena","19":"pa_opcija-boja-zuta","20":"pa_opcije-materijala-originalno-pp","21":"pa_opcije-materijala-reciklirano-pp","22":"pa_regalni-kapacitet-400-kg","23":"pa_sigurnosna-ivica-bez-ivice","24":"pa_staticki-kapacitet-4000-kg","26":"entry","27":"has-media","29":"first","30":"instock","31":"shipping-taxable","32":"product-type-variable","33":"has-product-nav","34":"col","35":"span_1_of_3","36":"owp-content-center","37":"owp-thumbs-layout-horizontal","38":"owp-btn-normal","39":"owp-tabs-layout-horizontal","40":"has-no-thumbnails"},"yoast_head":"<!-- This site is optimized with the Yoast SEO plugin v27.4 - https:\/\/yoast.com\/product\/yoast-seo-wordpress\/ -->\n<title>Plasti\u010dna Paleta za Skladi\u0161tenje 100 x 100 cm Otvorena - Meridian Group<\/title>\n<meta name=\"description\" content=\"Stackable Plastic Pallets are designed to maintain maximum stability.In order to, check out Meridian Group wide dimension range for plastic pallet products.\" \/>\n<meta name=\"robots\" content=\"index, follow, max-snippet:-1, max-image-preview:large, max-video-preview:-1\" \/>\n<link rel=\"canonical\" href=\"https:\/\/www.meridian.ba\/en\/proizvodi\/plasticna-paleta-za-skladistenje-100-x-100-cm-otvorena\/\" \/>\n<meta property=\"og:locale\" content=\"en_US\" \/>\n<meta property=\"og:type\" content=\"article\" \/>\n<meta property=\"og:title\" content=\"Plasti\u010dna Paleta za Skladi\u0161tenje 100 x 100 cm Otvorena - Meridian Group\" \/>\n<meta property=\"og:description\" content=\"Stackable Plastic Pallets are designed to maintain maximum stability.In order to, check out Meridian Group wide dimension range for plastic pallet products.\" \/>\n<meta property=\"og:url\" content=\"https:\/\/www.meridian.ba\/en\/proizvodi\/plasticna-paleta-za-skladistenje-100-x-100-cm-otvorena\/\" \/>\n<meta property=\"og:site_name\" content=\"Meridian Group\" \/>\n<meta property=\"article:publisher\" content=\"https:\/\/www.facebook.com\/meridian.ba\" \/>\n<meta property=\"article:modified_time\" content=\"2022-01-04T12:46:28+00:00\" \/>\n<meta property=\"og:image\" content=\"https:\/\/www.meridian.ba\/wp-content\/uploads\/2019\/02\/9021-100-100-022.jpg\" \/>\n\t<meta property=\"og:image:width\" content=\"600\" \/>\n\t<meta property=\"og:image:height\" content=\"600\" \/>\n\t<meta property=\"og:image:type\" content=\"image\/jpeg\" \/>\n<meta name=\"twitter:card\" content=\"summary_large_image\" \/>\n<meta name=\"twitter:site\" content=\"@MeridianGroup2\" \/>\n<meta name=\"twitter:label1\" content=\"Est. reading time\" \/>\n\t<meta name=\"twitter:data1\" content=\"2 minutes\" \/>\n<script type=\"application\/ld+json\" class=\"yoast-schema-graph\">{\"@context\":\"https:\\\/\\\/schema.org\",\"@graph\":[{\"@type\":\"WebPage\",\"@id\":\"https:\\\/\\\/www.meridian.ba\\\/en\\\/proizvodi\\\/plasticna-paleta-za-skladistenje-100-x-100-cm-otvorena\\\/\",\"url\":\"https:\\\/\\\/www.meridian.ba\\\/en\\\/proizvodi\\\/plasticna-paleta-za-skladistenje-100-x-100-cm-otvorena\\\/\",\"name\":\"Plasti\u010dna Paleta za Skladi\u0161tenje 100 x 100 cm Otvorena - Meridian Group\",\"isPartOf\":{\"@id\":\"https:\\\/\\\/www.meridian.ba\\\/#website\"},\"primaryImageOfPage\":{\"@id\":\"https:\\\/\\\/www.meridian.ba\\\/en\\\/proizvodi\\\/plasticna-paleta-za-skladistenje-100-x-100-cm-otvorena\\\/#primaryimage\"},\"image\":{\"@id\":\"https:\\\/\\\/www.meridian.ba\\\/en\\\/proizvodi\\\/plasticna-paleta-za-skladistenje-100-x-100-cm-otvorena\\\/#primaryimage\"},\"thumbnailUrl\":\"https:\\\/\\\/www.meridian.ba\\\/wp-content\\\/uploads\\\/2019\\\/02\\\/9021-100-100-022.jpg\",\"datePublished\":\"2019-02-04T18:16:00+00:00\",\"dateModified\":\"2022-01-04T12:46:28+00:00\",\"description\":\"Stackable Plastic Pallets are designed to maintain maximum stability.In order to, check out Meridian Group wide dimension range for plastic pallet products.\",\"breadcrumb\":{\"@id\":\"https:\\\/\\\/www.meridian.ba\\\/en\\\/proizvodi\\\/plasticna-paleta-za-skladistenje-100-x-100-cm-otvorena\\\/#breadcrumb\"},\"inLanguage\":\"en-US\",\"potentialAction\":[{\"@type\":\"ReadAction\",\"target\":[\"https:\\\/\\\/www.meridian.ba\\\/en\\\/proizvodi\\\/plasticna-paleta-za-skladistenje-100-x-100-cm-otvorena\\\/\"]}]},{\"@type\":\"ImageObject\",\"inLanguage\":\"en-US\",\"@id\":\"https:\\\/\\\/www.meridian.ba\\\/en\\\/proizvodi\\\/plasticna-paleta-za-skladistenje-100-x-100-cm-otvorena\\\/#primaryimage\",\"url\":\"https:\\\/\\\/www.meridian.ba\\\/wp-content\\\/uploads\\\/2019\\\/02\\\/9021-100-100-022.jpg\",\"contentUrl\":\"https:\\\/\\\/www.meridian.ba\\\/wp-content\\\/uploads\\\/2019\\\/02\\\/9021-100-100-022.jpg\",\"width\":600,\"height\":600,\"caption\":\"Stackable Plastic Pallet\"},{\"@type\":\"BreadcrumbList\",\"@id\":\"https:\\\/\\\/www.meridian.ba\\\/en\\\/proizvodi\\\/plasticna-paleta-za-skladistenje-100-x-100-cm-otvorena\\\/#breadcrumb\",\"itemListElement\":[{\"@type\":\"ListItem\",\"position\":1,\"name\":\"Home\",\"item\":\"https:\\\/\\\/www.meridian.ba\\\/\"},{\"@type\":\"ListItem\",\"position\":2,\"name\":\"Shop\",\"item\":\"https:\\\/\\\/www.meridian.ba\\\/en\\\/shop\\\/\"},{\"@type\":\"ListItem\",\"position\":3,\"name\":\"Plasti\u010dna Paleta za Skladi\u0161tenje 100 x 100 cm Otvorena\"}]},{\"@type\":\"WebSite\",\"@id\":\"https:\\\/\\\/www.meridian.ba\\\/#website\",\"url\":\"https:\\\/\\\/www.meridian.ba\\\/\",\"name\":\"Meridian Group\",\"description\":\"Rje\u0161enja pakovanja i skladi\u0161tenja\",\"potentialAction\":[{\"@type\":\"SearchAction\",\"target\":{\"@type\":\"EntryPoint\",\"urlTemplate\":\"https:\\\/\\\/www.meridian.ba\\\/?s={search_term_string}\"},\"query-input\":{\"@type\":\"PropertyValueSpecification\",\"valueRequired\":true,\"valueName\":\"search_term_string\"}}],\"inLanguage\":\"en-US\"}]}<\/script>\n<!-- \/ Yoast SEO plugin. -->","yoast_head_json":{"title":"Plasti\u010dna Paleta za Skladi\u0161tenje 100 x 100 cm Otvorena - Meridian Group","description":"Stackable Plastic Pallets are designed to maintain maximum stability.In order to, check out Meridian Group wide dimension range for plastic pallet products.","robots":{"index":"index","follow":"follow","max-snippet":"max-snippet:-1","max-image-preview":"max-image-preview:large","max-video-preview":"max-video-preview:-1"},"canonical":"https:\/\/www.meridian.ba\/en\/proizvodi\/plasticna-paleta-za-skladistenje-100-x-100-cm-otvorena\/","og_locale":"en_US","og_type":"article","og_title":"Plasti\u010dna Paleta za Skladi\u0161tenje 100 x 100 cm Otvorena - Meridian Group","og_description":"Stackable Plastic Pallets are designed to maintain maximum stability.In order to, check out Meridian Group wide dimension range for plastic pallet products.","og_url":"https:\/\/www.meridian.ba\/en\/proizvodi\/plasticna-paleta-za-skladistenje-100-x-100-cm-otvorena\/","og_site_name":"Meridian Group","article_publisher":"https:\/\/www.facebook.com\/meridian.ba","article_modified_time":"2022-01-04T12:46:28+00:00","og_image":[{"width":600,"height":600,"url":"https:\/\/www.meridian.ba\/wp-content\/uploads\/2019\/02\/9021-100-100-022.jpg","type":"image\/jpeg"}],"twitter_card":"summary_large_image","twitter_site":"@MeridianGroup2","twitter_misc":{"Est. reading time":"2 minutes"},"schema":{"@context":"https:\/\/schema.org","@graph":[{"@type":"WebPage","@id":"https:\/\/www.meridian.ba\/en\/proizvodi\/plasticna-paleta-za-skladistenje-100-x-100-cm-otvorena\/","url":"https:\/\/www.meridian.ba\/en\/proizvodi\/plasticna-paleta-za-skladistenje-100-x-100-cm-otvorena\/","name":"Plasti\u010dna Paleta za Skladi\u0161tenje 100 x 100 cm Otvorena - Meridian Group","isPartOf":{"@id":"https:\/\/www.meridian.ba\/#website"},"primaryImageOfPage":{"@id":"https:\/\/www.meridian.ba\/en\/proizvodi\/plasticna-paleta-za-skladistenje-100-x-100-cm-otvorena\/#primaryimage"},"image":{"@id":"https:\/\/www.meridian.ba\/en\/proizvodi\/plasticna-paleta-za-skladistenje-100-x-100-cm-otvorena\/#primaryimage"},"thumbnailUrl":"https:\/\/www.meridian.ba\/wp-content\/uploads\/2019\/02\/9021-100-100-022.jpg","datePublished":"2019-02-04T18:16:00+00:00","dateModified":"2022-01-04T12:46:28+00:00","description":"Stackable Plastic Pallets are designed to maintain maximum stability.In order to, check out Meridian Group wide dimension range for plastic pallet products.","breadcrumb":{"@id":"https:\/\/www.meridian.ba\/en\/proizvodi\/plasticna-paleta-za-skladistenje-100-x-100-cm-otvorena\/#breadcrumb"},"inLanguage":"en-US","potentialAction":[{"@type":"ReadAction","target":["https:\/\/www.meridian.ba\/en\/proizvodi\/plasticna-paleta-za-skladistenje-100-x-100-cm-otvorena\/"]}]},{"@type":"ImageObject","inLanguage":"en-US","@id":"https:\/\/www.meridian.ba\/en\/proizvodi\/plasticna-paleta-za-skladistenje-100-x-100-cm-otvorena\/#primaryimage","url":"https:\/\/www.meridian.ba\/wp-content\/uploads\/2019\/02\/9021-100-100-022.jpg","contentUrl":"https:\/\/www.meridian.ba\/wp-content\/uploads\/2019\/02\/9021-100-100-022.jpg","width":600,"height":600,"caption":"Stackable Plastic Pallet"},{"@type":"BreadcrumbList","@id":"https:\/\/www.meridian.ba\/en\/proizvodi\/plasticna-paleta-za-skladistenje-100-x-100-cm-otvorena\/#breadcrumb","itemListElement":[{"@type":"ListItem","position":1,"name":"Home","item":"https:\/\/www.meridian.ba\/"},{"@type":"ListItem","position":2,"name":"Shop","item":"https:\/\/www.meridian.ba\/en\/shop\/"},{"@type":"ListItem","position":3,"name":"Plasti\u010dna Paleta za Skladi\u0161tenje 100 x 100 cm Otvorena"}]},{"@type":"WebSite","@id":"https:\/\/www.meridian.ba\/#website","url":"https:\/\/www.meridian.ba\/","name":"Meridian Group","description":"Rje\u0161enja pakovanja i skladi\u0161tenja","potentialAction":[{"@type":"SearchAction","target":{"@type":"EntryPoint","urlTemplate":"https:\/\/www.meridian.ba\/?s={search_term_string}"},"query-input":{"@type":"PropertyValueSpecification","valueRequired":true,"valueName":"search_term_string"}}],"inLanguage":"en-US"}]}},"_links":{"self":[{"href":"https:\/\/www.meridian.ba\/en\/wp-json\/wp\/v2\/product\/1050","targetHints":{"allow":["GET"]}}],"collection":[{"href":"https:\/\/www.meridian.ba\/en\/wp-json\/wp\/v2\/product"}],"about":[{"href":"https:\/\/www.meridian.ba\/en\/wp-json\/wp\/v2\/types\/product"}],"version-history":[{"count":1,"href":"https:\/\/www.meridian.ba\/en\/wp-json\/wp\/v2\/product\/1050\/revisions"}],"predecessor-version":[{"id":18454,"href":"https:\/\/www.meridian.ba\/en\/wp-json\/wp\/v2\/product\/1050\/revisions\/18454"}],"wp:featuredmedia":[{"embeddable":true,"href":"https:\/\/www.meridian.ba\/en\/wp-json\/wp\/v2\/media\/1048"}],"wp:attachment":[{"href":"https:\/\/www.meridian.ba\/en\/wp-json\/wp\/v2\/media?parent=1050"}],"wp:term":[{"taxonomy":"product_brand","embeddable":true,"href":"https:\/\/www.meridian.ba\/en\/wp-json\/wp\/v2\/product_brand?post=1050"},{"taxonomy":"product_cat","embeddable":true,"href":"https:\/\/www.meridian.ba\/en\/wp-json\/wp\/v2\/product_cat?post=1050"},{"taxonomy":"product_tag","embeddable":true,"href":"https:\/\/www.meridian.ba\/en\/wp-json\/wp\/v2\/product_tag?post=1050"}],"curies":[{"name":"wp","href":"https:\/\/api.w.org\/{rel}","templated":true}]}}