{"id":4085,"date":"2019-03-19T21:36:55","date_gmt":"2019-03-19T21:36:55","guid":{"rendered":"http:\/\/www.meridian.ba\/?page_id=4085"},"modified":"2019-04-18T20:59:01","modified_gmt":"2019-04-18T20:59:01","slug":"plasticni-ormari-sa-kljucem","status":"publish","type":"page","link":"https:\/\/www.meridian.ba\/en\/plasticni-ormari-sa-kljucem\/","title":{"rendered":"Plastic Locker Cabinets"},"content":{"rendered":"<div data-elementor-type=\"wp-post\" data-elementor-id=\"4085\" class=\"elementor elementor-4085\" data-elementor-post-type=\"page\">\n\t\t\t\t\t\t<section class=\"elementor-section elementor-top-section elementor-element elementor-element-4569a8f7 elementor-section-boxed elementor-section-height-default elementor-section-height-default\" data-id=\"4569a8f7\" data-element_type=\"section\" data-e-type=\"section\">\n\t\t\t\t\t\t<div class=\"elementor-container elementor-column-gap-default\">\n\t\t\t\t\t<div class=\"elementor-column elementor-col-100 elementor-top-column elementor-element elementor-element-56615c75\" data-id=\"56615c75\" data-element_type=\"column\" data-e-type=\"column\">\n\t\t\t<div class=\"elementor-widget-wrap elementor-element-populated\">\n\t\t\t\t\t\t<div class=\"elementor-element elementor-element-517b6594 elementor-widget elementor-widget-heading\" data-id=\"517b6594\" data-element_type=\"widget\" data-e-type=\"widget\" data-widget_type=\"heading.default\">\n\t\t\t\t<div class=\"elementor-widget-container\">\n\t\t\t\t\t<h1 class=\"elementor-heading-title elementor-size-default\">Plastic Locker Cabinets<\/h1>\t\t\t\t<\/div>\n\t\t\t\t<\/div>\n\t\t\t\t\t<\/div>\n\t\t<\/div>\n\t\t\t\t\t<\/div>\n\t\t<\/section>\n\t\t\t\t<section class=\"elementor-section elementor-top-section elementor-element elementor-element-6b23eea4 elementor-section-boxed elementor-section-height-default elementor-section-height-default\" data-id=\"6b23eea4\" data-element_type=\"section\" data-e-type=\"section\">\n\t\t\t\t\t\t<div class=\"elementor-container elementor-column-gap-default\">\n\t\t\t\t\t<div class=\"elementor-column elementor-col-14 elementor-top-column elementor-element elementor-element-4077d081\" data-id=\"4077d081\" data-element_type=\"column\" data-e-type=\"column\">\n\t\t\t<div class=\"elementor-widget-wrap elementor-element-populated\">\n\t\t\t\t\t\t<div class=\"elementor-element elementor-element-5a03b64a elementor-widget elementor-widget-image\" data-id=\"5a03b64a\" data-element_type=\"widget\" data-e-type=\"widget\" data-widget_type=\"image.default\">\n\t\t\t\t<div class=\"elementor-widget-container\">\n\t\t\t\t\t\t\t\t\t\t\t\t\t\t\t<img fetchpriority=\"high\" decoding=\"async\" width=\"300\" height=\"300\" src=\"https:\/\/www.meridian.ba\/wp-content\/uploads\/2019\/03\/plastic-file-cabinet.jpg\" class=\"attachment-large size-large wp-image-4087\" alt=\"\" srcset=\"https:\/\/www.meridian.ba\/wp-content\/uploads\/2019\/03\/plastic-file-cabinet.jpg 300w, https:\/\/www.meridian.ba\/wp-content\/uploads\/2019\/03\/plastic-file-cabinet-150x150.jpg 150w, https:\/\/www.meridian.ba\/wp-content\/uploads\/2019\/03\/plastic-file-cabinet-100x100.jpg 100w\" sizes=\"(max-width: 300px) 100vw, 300px\" \/>\t\t\t\t\t\t\t\t\t\t\t\t\t\t\t<\/div>\n\t\t\t\t<\/div>\n\t\t\t\t<div class=\"elementor-element elementor-element-2eea4f12 elementor-widget elementor-widget-heading\" data-id=\"2eea4f12\" data-element_type=\"widget\" data-e-type=\"widget\" data-widget_type=\"heading.default\">\n\t\t\t\t<div class=\"elementor-widget-container\">\n\t\t\t\t\t<h2 class=\"elementor-heading-title elementor-size-small\">Plastic Locker Cabinets<\/h2>\t\t\t\t<\/div>\n\t\t\t\t<\/div>\n\t\t\t\t<div class=\"elementor-element elementor-element-7574d631 elementor-widget elementor-widget-text-editor\" data-id=\"7574d631\" data-element_type=\"widget\" data-e-type=\"widget\" data-widget_type=\"text-editor.default\">\n\t\t\t\t<div class=\"elementor-widget-container\">\n\t\t\t\t\t\t\t\t\t<p>\u2022 Size: 40 * 135 * 215 cm<br \/>\u2022 Plastic covers are prepared as standard in 4 colors<br \/>\u2022 Color: RAL 7035 Gray<br \/>\u2022 Sheet Thickness: 0,80 mm DKP Sheet Metal<br \/>\u2022 Electrostatic powder coated.<br \/>\u2022 Electronic locks<\/p>\t\t\t\t\t\t\t\t<\/div>\n\t\t\t\t<\/div>\n\t\t\t\t\t<\/div>\n\t\t<\/div>\n\t\t\t\t<div class=\"elementor-column elementor-col-14 elementor-top-column elementor-element elementor-element-1d4cdda2\" data-id=\"1d4cdda2\" data-element_type=\"column\" data-e-type=\"column\">\n\t\t\t<div class=\"elementor-widget-wrap elementor-element-populated\">\n\t\t\t\t\t\t<div class=\"elementor-element elementor-element-668f3456 elementor-hidden-desktop elementor-widget elementor-widget-spacer\" data-id=\"668f3456\" data-element_type=\"widget\" data-e-type=\"widget\" data-widget_type=\"spacer.default\">\n\t\t\t\t<div class=\"elementor-widget-container\">\n\t\t\t\t\t\t\t<div class=\"elementor-spacer\">\n\t\t\t<div class=\"elementor-spacer-inner\"><\/div>\n\t\t<\/div>\n\t\t\t\t\t\t<\/div>\n\t\t\t\t<\/div>\n\t\t\t\t\t<\/div>\n\t\t<\/div>\n\t\t\t\t<div class=\"elementor-column elementor-col-14 elementor-top-column elementor-element elementor-element-74548a47\" data-id=\"74548a47\" data-element_type=\"column\" data-e-type=\"column\">\n\t\t\t<div class=\"elementor-widget-wrap\">\n\t\t\t\t\t\t\t<\/div>\n\t\t<\/div>\n\t\t\t\t<div class=\"elementor-column elementor-col-14 elementor-top-column elementor-element elementor-element-225908f7\" data-id=\"225908f7\" data-element_type=\"column\" data-e-type=\"column\">\n\t\t\t<div class=\"elementor-widget-wrap elementor-element-populated\">\n\t\t\t\t\t\t<div class=\"elementor-element elementor-element-1654475b elementor-hidden-desktop elementor-widget elementor-widget-spacer\" data-id=\"1654475b\" data-element_type=\"widget\" data-e-type=\"widget\" data-widget_type=\"spacer.default\">\n\t\t\t\t<div class=\"elementor-widget-container\">\n\t\t\t\t\t\t\t<div class=\"elementor-spacer\">\n\t\t\t<div class=\"elementor-spacer-inner\"><\/div>\n\t\t<\/div>\n\t\t\t\t\t\t<\/div>\n\t\t\t\t<\/div>\n\t\t\t\t\t<\/div>\n\t\t<\/div>\n\t\t\t\t<div class=\"elementor-column elementor-col-14 elementor-top-column elementor-element elementor-element-2eefcc47\" data-id=\"2eefcc47\" data-element_type=\"column\" data-e-type=\"column\">\n\t\t\t<div class=\"elementor-widget-wrap\">\n\t\t\t\t\t\t\t<\/div>\n\t\t<\/div>\n\t\t\t\t<div class=\"elementor-column elementor-col-14 elementor-top-column elementor-element elementor-element-5ecf278e\" data-id=\"5ecf278e\" data-element_type=\"column\" data-e-type=\"column\">\n\t\t\t<div class=\"elementor-widget-wrap elementor-element-populated\">\n\t\t\t\t\t\t<div class=\"elementor-element elementor-element-4981bac4 elementor-hidden-desktop elementor-widget elementor-widget-spacer\" data-id=\"4981bac4\" data-element_type=\"widget\" data-e-type=\"widget\" data-widget_type=\"spacer.default\">\n\t\t\t\t<div class=\"elementor-widget-container\">\n\t\t\t\t\t\t\t<div class=\"elementor-spacer\">\n\t\t\t<div class=\"elementor-spacer-inner\"><\/div>\n\t\t<\/div>\n\t\t\t\t\t\t<\/div>\n\t\t\t\t<\/div>\n\t\t\t\t\t<\/div>\n\t\t<\/div>\n\t\t\t\t<div class=\"elementor-column elementor-col-14 elementor-top-column elementor-element elementor-element-29f50fd4\" data-id=\"29f50fd4\" data-element_type=\"column\" data-e-type=\"column\">\n\t\t\t<div class=\"elementor-widget-wrap\">\n\t\t\t\t\t\t\t<\/div>\n\t\t<\/div>\n\t\t\t\t\t<\/div>\n\t\t<\/section>\n\t\t\t\t<section class=\"elementor-section elementor-top-section elementor-element elementor-element-537f29e2 elementor-section-boxed elementor-section-height-default elementor-section-height-default\" data-id=\"537f29e2\" data-element_type=\"section\" data-e-type=\"section\">\n\t\t\t\t\t\t<div class=\"elementor-container elementor-column-gap-default\">\n\t\t\t\t\t<div class=\"elementor-column elementor-col-100 elementor-top-column elementor-element elementor-element-4c723a1e\" data-id=\"4c723a1e\" data-element_type=\"column\" data-e-type=\"column\">\n\t\t\t<div class=\"elementor-widget-wrap elementor-element-populated\">\n\t\t\t\t\t\t<div class=\"elementor-element elementor-element-1b9dbc83 elementor-widget elementor-widget-heading\" data-id=\"1b9dbc83\" data-element_type=\"widget\" data-e-type=\"widget\" data-widget_type=\"heading.default\">\n\t\t\t\t<div class=\"elementor-widget-container\">\n\t\t\t\t\t<h3 class=\"elementor-heading-title elementor-size-default\">Plastic Locker Cabinet Models<\/h3>\t\t\t\t<\/div>\n\t\t\t\t<\/div>\n\t\t\t\t<div class=\"elementor-element elementor-element-7ad8ec11 elementor-widget elementor-widget-text-editor\" data-id=\"7ad8ec11\" data-element_type=\"widget\" data-e-type=\"widget\" data-widget_type=\"text-editor.default\">\n\t\t\t\t<div class=\"elementor-widget-container\">\n\t\t\t\t\t\t\t\t\t<p>Our electronic locker locker model with plastic door is very suitable for use in enterprises in shopping malls, 2 or 3 shifts, enterprises and food enterprises.<\/p><p><strong>Why should you choose Electronic lock?<\/strong><br \/>Electronic locks are the most secure and most comfortable to use. The easiest and most reliable type of lock in places where the circulation is high<\/p><p><strong>Is this model trusted?<\/strong><\/p><p>Extremely thick plexi panels are used in our cabinets. In addition, the cabinet doors are designed and manufactured in order to avoid any security vulnerabilities.<\/p>\t\t\t\t\t\t\t\t<\/div>\n\t\t\t\t<\/div>\n\t\t\t\t\t<\/div>\n\t\t<\/div>\n\t\t\t\t\t<\/div>\n\t\t<\/section>\n\t\t\t\t<\/div>","protected":false},"excerpt":{"rendered":"<p>Plasti\u010dni Ormari sa Klju\u010dem Plasti\u010dni Ormari sa Klju\u010dem \u2022 Veli\u010dina : 40 * 135 * 215 cm\u2022 Plasti\u010dni poklopci su napravljeni u 4 boje.\u2022 Boja: RAL 7035 Siva\u2022 Debljina lima: 0,80 mm DKP Metalni lim\u2022 Elektostati\u010dkom prahom premazan.\u2022 Elektroni\u010dki klju\u010d Plasti\u010dni Modeli Ormara za Presvla\u010denje Na\u0161i modeli elektroni\u010dkih ormara sa plasti\u010dnim vratima su veoma pogodni [&hellip;]<\/p>\n","protected":false},"author":2,"featured_media":0,"parent":0,"menu_order":0,"comment_status":"closed","ping_status":"closed","template":"","meta":{"footnotes":""},"class_list":["post-4085","page","type-page","status-publish","hentry","entry","owp-thumbs-layout-horizontal","owp-btn-normal","owp-tabs-layout-horizontal","has-no-thumbnails","has-product-nav"],"yoast_head":"<!-- This site is optimized with the Yoast SEO plugin v27.4 - https:\/\/yoast.com\/product\/yoast-seo-wordpress\/ -->\n<title>Plasti\u010dni Ormari sa Klju\u010dem - Meridian Group<\/title>\n<meta name=\"robots\" content=\"index, follow, max-snippet:-1, max-image-preview:large, max-video-preview:-1\" \/>\n<link rel=\"canonical\" href=\"https:\/\/www.meridian.ba\/en\/plasticni-ormari-sa-kljucem\/\" \/>\n<meta property=\"og:locale\" content=\"en_US\" \/>\n<meta property=\"og:type\" content=\"article\" \/>\n<meta property=\"og:title\" content=\"Plasti\u010dni Ormari sa Klju\u010dem - Meridian Group\" \/>\n<meta property=\"og:description\" content=\"Plasti\u010dni Ormari sa Klju\u010dem Plasti\u010dni Ormari sa Klju\u010dem \u2022 Veli\u010dina : 40 * 135 * 215 cm\u2022 Plasti\u010dni poklopci su napravljeni u 4 boje.\u2022 Boja: RAL 7035 Siva\u2022 Debljina lima: 0,80 mm DKP Metalni lim\u2022 Elektostati\u010dkom prahom premazan.\u2022 Elektroni\u010dki klju\u010d Plasti\u010dni Modeli Ormara za Presvla\u010denje Na\u0161i modeli elektroni\u010dkih ormara sa plasti\u010dnim vratima su veoma pogodni [&hellip;]\" \/>\n<meta property=\"og:url\" content=\"https:\/\/www.meridian.ba\/en\/plasticni-ormari-sa-kljucem\/\" \/>\n<meta property=\"og:site_name\" content=\"Meridian Group\" \/>\n<meta property=\"article:publisher\" content=\"https:\/\/www.facebook.com\/meridian.ba\" \/>\n<meta property=\"article:modified_time\" content=\"2019-04-18T20:59:01+00:00\" \/>\n<meta property=\"og:image\" content=\"https:\/\/www.meridian.ba\/wp-content\/uploads\/2019\/03\/plastic-file-cabinet.jpg\" \/>\n<meta name=\"twitter:card\" content=\"summary_large_image\" \/>\n<meta name=\"twitter:site\" content=\"@MeridianGroup2\" \/>\n<meta name=\"twitter:label1\" content=\"Est. reading time\" \/>\n\t<meta name=\"twitter:data1\" content=\"1 minute\" \/>\n<script type=\"application\/ld+json\" class=\"yoast-schema-graph\">{\"@context\":\"https:\\\/\\\/schema.org\",\"@graph\":[{\"@type\":\"WebPage\",\"@id\":\"https:\\\/\\\/www.meridian.ba\\\/plasticni-ormari-sa-kljucem\\\/\",\"url\":\"https:\\\/\\\/www.meridian.ba\\\/plasticni-ormari-sa-kljucem\\\/\",\"name\":\"Plasti\u010dni Ormari sa Klju\u010dem - Meridian Group\",\"isPartOf\":{\"@id\":\"https:\\\/\\\/www.meridian.ba\\\/#website\"},\"primaryImageOfPage\":{\"@id\":\"https:\\\/\\\/www.meridian.ba\\\/plasticni-ormari-sa-kljucem\\\/#primaryimage\"},\"image\":{\"@id\":\"https:\\\/\\\/www.meridian.ba\\\/plasticni-ormari-sa-kljucem\\\/#primaryimage\"},\"thumbnailUrl\":\"https:\\\/\\\/www.meridian.ba\\\/wp-content\\\/uploads\\\/2019\\\/03\\\/plastic-file-cabinet.jpg\",\"datePublished\":\"2019-03-19T21:36:55+00:00\",\"dateModified\":\"2019-04-18T20:59:01+00:00\",\"breadcrumb\":{\"@id\":\"https:\\\/\\\/www.meridian.ba\\\/plasticni-ormari-sa-kljucem\\\/#breadcrumb\"},\"inLanguage\":\"en-US\",\"potentialAction\":[{\"@type\":\"ReadAction\",\"target\":[\"https:\\\/\\\/www.meridian.ba\\\/plasticni-ormari-sa-kljucem\\\/\"]}]},{\"@type\":\"ImageObject\",\"inLanguage\":\"en-US\",\"@id\":\"https:\\\/\\\/www.meridian.ba\\\/plasticni-ormari-sa-kljucem\\\/#primaryimage\",\"url\":\"https:\\\/\\\/www.meridian.ba\\\/wp-content\\\/uploads\\\/2019\\\/03\\\/plastic-file-cabinet.jpg\",\"contentUrl\":\"https:\\\/\\\/www.meridian.ba\\\/wp-content\\\/uploads\\\/2019\\\/03\\\/plastic-file-cabinet.jpg\"},{\"@type\":\"BreadcrumbList\",\"@id\":\"https:\\\/\\\/www.meridian.ba\\\/plasticni-ormari-sa-kljucem\\\/#breadcrumb\",\"itemListElement\":[{\"@type\":\"ListItem\",\"position\":1,\"name\":\"Home\",\"item\":\"https:\\\/\\\/www.meridian.ba\\\/\"},{\"@type\":\"ListItem\",\"position\":2,\"name\":\"Plasti\u010dni Ormari sa Klju\u010dem\"}]},{\"@type\":\"WebSite\",\"@id\":\"https:\\\/\\\/www.meridian.ba\\\/#website\",\"url\":\"https:\\\/\\\/www.meridian.ba\\\/\",\"name\":\"Meridian Group\",\"description\":\"Rje\u0161enja pakovanja i skladi\u0161tenja\",\"potentialAction\":[{\"@type\":\"SearchAction\",\"target\":{\"@type\":\"EntryPoint\",\"urlTemplate\":\"https:\\\/\\\/www.meridian.ba\\\/?s={search_term_string}\"},\"query-input\":{\"@type\":\"PropertyValueSpecification\",\"valueRequired\":true,\"valueName\":\"search_term_string\"}}],\"inLanguage\":\"en-US\"}]}<\/script>\n<!-- \/ Yoast SEO plugin. -->","yoast_head_json":{"title":"Plasti\u010dni Ormari sa Klju\u010dem - Meridian Group","robots":{"index":"index","follow":"follow","max-snippet":"max-snippet:-1","max-image-preview":"max-image-preview:large","max-video-preview":"max-video-preview:-1"},"canonical":"https:\/\/www.meridian.ba\/en\/plasticni-ormari-sa-kljucem\/","og_locale":"en_US","og_type":"article","og_title":"Plasti\u010dni Ormari sa Klju\u010dem - Meridian Group","og_description":"Plasti\u010dni Ormari sa Klju\u010dem Plasti\u010dni Ormari sa Klju\u010dem \u2022 Veli\u010dina : 40 * 135 * 215 cm\u2022 Plasti\u010dni poklopci su napravljeni u 4 boje.\u2022 Boja: RAL 7035 Siva\u2022 Debljina lima: 0,80 mm DKP Metalni lim\u2022 Elektostati\u010dkom prahom premazan.\u2022 Elektroni\u010dki klju\u010d Plasti\u010dni Modeli Ormara za Presvla\u010denje Na\u0161i modeli elektroni\u010dkih ormara sa plasti\u010dnim vratima su veoma pogodni [&hellip;]","og_url":"https:\/\/www.meridian.ba\/en\/plasticni-ormari-sa-kljucem\/","og_site_name":"Meridian Group","article_publisher":"https:\/\/www.facebook.com\/meridian.ba","article_modified_time":"2019-04-18T20:59:01+00:00","og_image":[{"url":"https:\/\/www.meridian.ba\/wp-content\/uploads\/2019\/03\/plastic-file-cabinet.jpg","type":"","width":"","height":""}],"twitter_card":"summary_large_image","twitter_site":"@MeridianGroup2","twitter_misc":{"Est. reading time":"1 minute"},"schema":{"@context":"https:\/\/schema.org","@graph":[{"@type":"WebPage","@id":"https:\/\/www.meridian.ba\/plasticni-ormari-sa-kljucem\/","url":"https:\/\/www.meridian.ba\/plasticni-ormari-sa-kljucem\/","name":"Plasti\u010dni Ormari sa Klju\u010dem - Meridian Group","isPartOf":{"@id":"https:\/\/www.meridian.ba\/#website"},"primaryImageOfPage":{"@id":"https:\/\/www.meridian.ba\/plasticni-ormari-sa-kljucem\/#primaryimage"},"image":{"@id":"https:\/\/www.meridian.ba\/plasticni-ormari-sa-kljucem\/#primaryimage"},"thumbnailUrl":"https:\/\/www.meridian.ba\/wp-content\/uploads\/2019\/03\/plastic-file-cabinet.jpg","datePublished":"2019-03-19T21:36:55+00:00","dateModified":"2019-04-18T20:59:01+00:00","breadcrumb":{"@id":"https:\/\/www.meridian.ba\/plasticni-ormari-sa-kljucem\/#breadcrumb"},"inLanguage":"en-US","potentialAction":[{"@type":"ReadAction","target":["https:\/\/www.meridian.ba\/plasticni-ormari-sa-kljucem\/"]}]},{"@type":"ImageObject","inLanguage":"en-US","@id":"https:\/\/www.meridian.ba\/plasticni-ormari-sa-kljucem\/#primaryimage","url":"https:\/\/www.meridian.ba\/wp-content\/uploads\/2019\/03\/plastic-file-cabinet.jpg","contentUrl":"https:\/\/www.meridian.ba\/wp-content\/uploads\/2019\/03\/plastic-file-cabinet.jpg"},{"@type":"BreadcrumbList","@id":"https:\/\/www.meridian.ba\/plasticni-ormari-sa-kljucem\/#breadcrumb","itemListElement":[{"@type":"ListItem","position":1,"name":"Home","item":"https:\/\/www.meridian.ba\/"},{"@type":"ListItem","position":2,"name":"Plasti\u010dni Ormari sa Klju\u010dem"}]},{"@type":"WebSite","@id":"https:\/\/www.meridian.ba\/#website","url":"https:\/\/www.meridian.ba\/","name":"Meridian Group","description":"Rje\u0161enja pakovanja i skladi\u0161tenja","potentialAction":[{"@type":"SearchAction","target":{"@type":"EntryPoint","urlTemplate":"https:\/\/www.meridian.ba\/?s={search_term_string}"},"query-input":{"@type":"PropertyValueSpecification","valueRequired":true,"valueName":"search_term_string"}}],"inLanguage":"en-US"}]}},"_links":{"self":[{"href":"https:\/\/www.meridian.ba\/en\/wp-json\/wp\/v2\/pages\/4085","targetHints":{"allow":["GET"]}}],"collection":[{"href":"https:\/\/www.meridian.ba\/en\/wp-json\/wp\/v2\/pages"}],"about":[{"href":"https:\/\/www.meridian.ba\/en\/wp-json\/wp\/v2\/types\/page"}],"author":[{"embeddable":true,"href":"https:\/\/www.meridian.ba\/en\/wp-json\/wp\/v2\/users\/2"}],"replies":[{"embeddable":true,"href":"https:\/\/www.meridian.ba\/en\/wp-json\/wp\/v2\/comments?post=4085"}],"version-history":[{"count":0,"href":"https:\/\/www.meridian.ba\/en\/wp-json\/wp\/v2\/pages\/4085\/revisions"}],"wp:attachment":[{"href":"https:\/\/www.meridian.ba\/en\/wp-json\/wp\/v2\/media?parent=4085"}],"curies":[{"name":"wp","href":"https:\/\/api.w.org\/{rel}","templated":true}]}}