{"id":3489,"date":"2019-03-10T22:33:58","date_gmt":"2019-03-10T22:33:58","guid":{"rendered":"http:\/\/www.meridian.ba\/?page_id=3489"},"modified":"2025-07-10T11:31:28","modified_gmt":"2025-07-10T11:31:28","slug":"plasticne-sklopive-gajbe","status":"publish","type":"page","link":"https:\/\/www.meridian.ba\/en\/plasticne-sklopive-gajbe\/","title":{"rendered":"Plasti\u010dne Sklopive Gajbe"},"content":{"rendered":"<div data-elementor-type=\"wp-post\" data-elementor-id=\"3489\" class=\"elementor elementor-3489\" data-elementor-post-type=\"page\">\n\t\t\t\t\t\t<section class=\"elementor-section elementor-top-section elementor-element elementor-element-293d84b3 elementor-section-boxed elementor-section-height-default elementor-section-height-default\" data-id=\"293d84b3\" data-element_type=\"section\" data-e-type=\"section\">\n\t\t\t\t\t\t<div class=\"elementor-container elementor-column-gap-default\">\n\t\t\t\t\t<div class=\"elementor-column elementor-col-100 elementor-top-column elementor-element elementor-element-618c9f00\" data-id=\"618c9f00\" data-element_type=\"column\" data-e-type=\"column\">\n\t\t\t<div class=\"elementor-widget-wrap elementor-element-populated\">\n\t\t\t\t\t\t<div class=\"elementor-element elementor-element-2da7373a elementor-widget elementor-widget-heading\" data-id=\"2da7373a\" data-element_type=\"widget\" data-e-type=\"widget\" data-widget_type=\"heading.default\">\n\t\t\t\t<div class=\"elementor-widget-container\">\n\t\t\t\t\t<h1 class=\"elementor-heading-title elementor-size-default\">Plastic folding crates<\/h1>\t\t\t\t<\/div>\n\t\t\t\t<\/div>\n\t\t\t\t\t<\/div>\n\t\t<\/div>\n\t\t\t\t\t<\/div>\n\t\t<\/section>\n\t\t\t\t<section class=\"elementor-section elementor-top-section elementor-element elementor-element-334edec1 elementor-section-boxed elementor-section-height-default elementor-section-height-default\" data-id=\"334edec1\" data-element_type=\"section\" data-e-type=\"section\">\n\t\t\t\t\t\t<div class=\"elementor-container elementor-column-gap-default\">\n\t\t\t\t\t<div class=\"elementor-column elementor-col-14 elementor-top-column elementor-element elementor-element-71118341\" data-id=\"71118341\" data-element_type=\"column\" data-e-type=\"column\">\n\t\t\t<div class=\"elementor-widget-wrap elementor-element-populated\">\n\t\t\t\t\t\t<div class=\"elementor-element elementor-element-18af6cc0 elementor-widget elementor-widget-image\" data-id=\"18af6cc0\" data-element_type=\"widget\" data-e-type=\"widget\" data-widget_type=\"image.default\">\n\t\t\t\t<div class=\"elementor-widget-container\">\n\t\t\t\t\t\t\t\t\t\t\t\t\t\t\t\t<a href=\"https:\/\/www.meridian.ba\/en\/product-category\/plasticne-gajbe\/sklopive-plasticne-gajbe\/zatvorene-sklopive-plasticne-gajbe\/\">\n\t\t\t\t\t\t\t<img fetchpriority=\"high\" decoding=\"async\" width=\"600\" height=\"600\" src=\"https:\/\/www.meridian.ba\/wp-content\/uploads\/2019\/03\/foldable-crates.jpg\" class=\"attachment-large size-large wp-image-3364\" alt=\"\" srcset=\"https:\/\/www.meridian.ba\/wp-content\/uploads\/2019\/03\/foldable-crates.jpg 600w, https:\/\/www.meridian.ba\/wp-content\/uploads\/2019\/03\/foldable-crates-150x150.jpg 150w, https:\/\/www.meridian.ba\/wp-content\/uploads\/2019\/03\/foldable-crates-300x300.jpg 300w, https:\/\/www.meridian.ba\/wp-content\/uploads\/2019\/03\/foldable-crates-100x100.jpg 100w\" sizes=\"(max-width: 600px) 100vw, 600px\" \/>\t\t\t\t\t\t\t\t<\/a>\n\t\t\t\t\t\t\t\t\t\t\t\t\t\t\t<\/div>\n\t\t\t\t<\/div>\n\t\t\t\t<div class=\"elementor-element elementor-element-3985f39f elementor-widget elementor-widget-heading\" data-id=\"3985f39f\" data-element_type=\"widget\" data-e-type=\"widget\" data-widget_type=\"heading.default\">\n\t\t\t\t<div class=\"elementor-widget-container\">\n\t\t\t\t\t<h2 class=\"elementor-heading-title elementor-size-default\"><a href=\"https:\/\/www.meridian.ba\/en\/product-category\/plasticne-gajbe\/sklopive-plasticne-gajbe\/zatvorene-sklopive-plasticne-gajbe\/\">Zatvorene sklopive gajbe<\/a><\/h2>\t\t\t\t<\/div>\n\t\t\t\t<\/div>\n\t\t\t\t\t<\/div>\n\t\t<\/div>\n\t\t\t\t<div class=\"elementor-column elementor-col-14 elementor-top-column elementor-element elementor-element-7693bbc9\" data-id=\"7693bbc9\" data-element_type=\"column\" data-e-type=\"column\">\n\t\t\t<div class=\"elementor-widget-wrap elementor-element-populated\">\n\t\t\t\t\t\t<div class=\"elementor-element elementor-element-321da351 elementor-hidden-desktop elementor-widget elementor-widget-spacer\" data-id=\"321da351\" data-element_type=\"widget\" data-e-type=\"widget\" data-widget_type=\"spacer.default\">\n\t\t\t\t<div class=\"elementor-widget-container\">\n\t\t\t\t\t\t\t<div class=\"elementor-spacer\">\n\t\t\t<div class=\"elementor-spacer-inner\"><\/div>\n\t\t<\/div>\n\t\t\t\t\t\t<\/div>\n\t\t\t\t<\/div>\n\t\t\t\t\t<\/div>\n\t\t<\/div>\n\t\t\t\t<div class=\"elementor-column elementor-col-14 elementor-top-column elementor-element elementor-element-7361be96\" data-id=\"7361be96\" data-element_type=\"column\" data-e-type=\"column\">\n\t\t\t<div class=\"elementor-widget-wrap elementor-element-populated\">\n\t\t\t\t\t\t<div class=\"elementor-element elementor-element-1d38b261 elementor-widget elementor-widget-image\" data-id=\"1d38b261\" data-element_type=\"widget\" data-e-type=\"widget\" data-widget_type=\"image.default\">\n\t\t\t\t<div class=\"elementor-widget-container\">\n\t\t\t\t\t\t\t\t\t\t\t\t\t\t\t\t<a href=\"https:\/\/www.meridian.ba\/en\/product-category\/plasticne-gajbe\/sklopive-plasticne-gajbe\/otvorene-sklopive-plasticne-gajbe\/\">\n\t\t\t\t\t\t\t<img decoding=\"async\" width=\"600\" height=\"600\" src=\"https:\/\/www.meridian.ba\/wp-content\/uploads\/2025\/07\/46-FK-series-2.webp\" class=\"attachment-large size-large wp-image-20672\" alt=\"\" srcset=\"https:\/\/www.meridian.ba\/wp-content\/uploads\/2025\/07\/46-FK-series-2.webp 600w, https:\/\/www.meridian.ba\/wp-content\/uploads\/2025\/07\/46-FK-series-2-300x300.webp 300w, https:\/\/www.meridian.ba\/wp-content\/uploads\/2025\/07\/46-FK-series-2-150x150.webp 150w, https:\/\/www.meridian.ba\/wp-content\/uploads\/2025\/07\/46-FK-series-2-12x12.webp 12w, https:\/\/www.meridian.ba\/wp-content\/uploads\/2025\/07\/46-FK-series-2-100x100.webp 100w, https:\/\/www.meridian.ba\/wp-content\/uploads\/2025\/07\/46-FK-series-2-50x50.webp 50w\" sizes=\"(max-width: 600px) 100vw, 600px\" \/>\t\t\t\t\t\t\t\t<\/a>\n\t\t\t\t\t\t\t\t\t\t\t\t\t\t\t<\/div>\n\t\t\t\t<\/div>\n\t\t\t\t<div class=\"elementor-element elementor-element-23b596e4 elementor-widget elementor-widget-heading\" data-id=\"23b596e4\" data-element_type=\"widget\" data-e-type=\"widget\" data-widget_type=\"heading.default\">\n\t\t\t\t<div class=\"elementor-widget-container\">\n\t\t\t\t\t<h2 class=\"elementor-heading-title elementor-size-small\"><a href=\"https:\/\/www.meridian.ba\/en\/product-category\/plasticne-gajbe\/sklopive-plasticne-gajbe\/otvorene-sklopive-plasticne-gajbe\/\">Rupi\u010daste sklopive gajbe<\/a><\/h2>\t\t\t\t<\/div>\n\t\t\t\t<\/div>\n\t\t\t\t\t<\/div>\n\t\t<\/div>\n\t\t\t\t<div class=\"elementor-column elementor-col-14 elementor-top-column elementor-element elementor-element-62ccdb24\" data-id=\"62ccdb24\" data-element_type=\"column\" data-e-type=\"column\">\n\t\t\t<div class=\"elementor-widget-wrap elementor-element-populated\">\n\t\t\t\t\t\t<div class=\"elementor-element elementor-element-4fe6642e elementor-hidden-desktop elementor-widget elementor-widget-spacer\" data-id=\"4fe6642e\" data-element_type=\"widget\" data-e-type=\"widget\" data-widget_type=\"spacer.default\">\n\t\t\t\t<div class=\"elementor-widget-container\">\n\t\t\t\t\t\t\t<div class=\"elementor-spacer\">\n\t\t\t<div class=\"elementor-spacer-inner\"><\/div>\n\t\t<\/div>\n\t\t\t\t\t\t<\/div>\n\t\t\t\t<\/div>\n\t\t\t\t\t<\/div>\n\t\t<\/div>\n\t\t\t\t<div class=\"elementor-column elementor-col-14 elementor-top-column elementor-element elementor-element-4508a02b\" data-id=\"4508a02b\" data-element_type=\"column\" data-e-type=\"column\">\n\t\t\t<div class=\"elementor-widget-wrap\">\n\t\t\t\t\t\t\t<\/div>\n\t\t<\/div>\n\t\t\t\t<div class=\"elementor-column elementor-col-14 elementor-top-column elementor-element elementor-element-2bcce1ca\" data-id=\"2bcce1ca\" data-element_type=\"column\" data-e-type=\"column\">\n\t\t\t<div class=\"elementor-widget-wrap elementor-element-populated\">\n\t\t\t\t\t\t<div class=\"elementor-element elementor-element-7a3961c4 elementor-hidden-desktop elementor-widget elementor-widget-spacer\" data-id=\"7a3961c4\" data-element_type=\"widget\" data-e-type=\"widget\" data-widget_type=\"spacer.default\">\n\t\t\t\t<div class=\"elementor-widget-container\">\n\t\t\t\t\t\t\t<div class=\"elementor-spacer\">\n\t\t\t<div class=\"elementor-spacer-inner\"><\/div>\n\t\t<\/div>\n\t\t\t\t\t\t<\/div>\n\t\t\t\t<\/div>\n\t\t\t\t\t<\/div>\n\t\t<\/div>\n\t\t\t\t<div class=\"elementor-column elementor-col-14 elementor-top-column elementor-element elementor-element-74fad1e4\" data-id=\"74fad1e4\" data-element_type=\"column\" data-e-type=\"column\">\n\t\t\t<div class=\"elementor-widget-wrap\">\n\t\t\t\t\t\t\t<\/div>\n\t\t<\/div>\n\t\t\t\t\t<\/div>\n\t\t<\/section>\n\t\t\t\t<\/div>","protected":false},"excerpt":{"rendered":"<p>Plasti\u010dne sklopive gajbe Zatvorene sklopive gajbe Rupi\u010daste sklopive gajbe<\/p>","protected":false},"author":2,"featured_media":0,"parent":0,"menu_order":0,"comment_status":"closed","ping_status":"closed","template":"","meta":{"footnotes":""},"class_list":["post-3489","page","type-page","status-publish","hentry","entry","owp-thumbs-layout-horizontal","owp-btn-normal","owp-tabs-layout-horizontal","has-no-thumbnails","has-product-nav"],"yoast_head":"<!-- This site is optimized with the Yoast SEO plugin v27.4 - https:\/\/yoast.com\/product\/yoast-seo-wordpress\/ -->\n<title>Plasti\u010dne Sklopive Gajbe - Meridian Group<\/title>\n<meta name=\"description\" content=\"Potrebna Vam je sklopiva plasti\u010dna gajba? Pogledajte grupu plasti\u010dnih sklopivih gajbi Meridian Group. Imamo i zatvorene i rupi\u010daste sklopive gajbe.\" \/>\n<meta name=\"robots\" content=\"index, follow, max-snippet:-1, max-image-preview:large, max-video-preview:-1\" \/>\n<link rel=\"canonical\" href=\"https:\/\/www.meridian.ba\/en\/plasticne-sklopive-gajbe\/\" \/>\n<meta property=\"og:locale\" content=\"en_US\" \/>\n<meta property=\"og:type\" content=\"article\" \/>\n<meta property=\"og:title\" content=\"Plasti\u010dne Sklopive Gajbe - Meridian Group\" \/>\n<meta property=\"og:description\" content=\"Potrebna Vam je sklopiva plasti\u010dna gajba? Pogledajte grupu plasti\u010dnih sklopivih gajbi Meridian Group. Imamo i zatvorene i rupi\u010daste sklopive gajbe.\" \/>\n<meta property=\"og:url\" content=\"https:\/\/www.meridian.ba\/en\/plasticne-sklopive-gajbe\/\" \/>\n<meta property=\"og:site_name\" content=\"Meridian Group\" \/>\n<meta property=\"article:publisher\" content=\"https:\/\/www.facebook.com\/meridian.ba\" \/>\n<meta property=\"article:modified_time\" content=\"2025-07-10T11:31:28+00:00\" \/>\n<meta property=\"og:image\" content=\"https:\/\/www.meridian.ba\/wp-content\/uploads\/2019\/03\/foldable-crates.jpg\" \/>\n\t<meta property=\"og:image:width\" content=\"600\" \/>\n\t<meta property=\"og:image:height\" content=\"600\" \/>\n\t<meta property=\"og:image:type\" content=\"image\/jpeg\" \/>\n<meta name=\"twitter:card\" content=\"summary_large_image\" \/>\n<meta name=\"twitter:site\" content=\"@MeridianGroup2\" \/>\n<script type=\"application\/ld+json\" class=\"yoast-schema-graph\">{\"@context\":\"https:\\\/\\\/schema.org\",\"@graph\":[{\"@type\":\"WebPage\",\"@id\":\"https:\\\/\\\/www.meridian.ba\\\/plasticne-sklopive-gajbe\\\/\",\"url\":\"https:\\\/\\\/www.meridian.ba\\\/plasticne-sklopive-gajbe\\\/\",\"name\":\"Plasti\u010dne Sklopive Gajbe - Meridian Group\",\"isPartOf\":{\"@id\":\"https:\\\/\\\/www.meridian.ba\\\/#website\"},\"primaryImageOfPage\":{\"@id\":\"https:\\\/\\\/www.meridian.ba\\\/plasticne-sklopive-gajbe\\\/#primaryimage\"},\"image\":{\"@id\":\"https:\\\/\\\/www.meridian.ba\\\/plasticne-sklopive-gajbe\\\/#primaryimage\"},\"thumbnailUrl\":\"https:\\\/\\\/www.meridian.ba\\\/wp-content\\\/uploads\\\/2019\\\/03\\\/foldable-crates.jpg\",\"datePublished\":\"2019-03-10T22:33:58+00:00\",\"dateModified\":\"2025-07-10T11:31:28+00:00\",\"description\":\"Potrebna Vam je sklopiva plasti\u010dna gajba? Pogledajte grupu plasti\u010dnih sklopivih gajbi Meridian Group. Imamo i zatvorene i rupi\u010daste sklopive gajbe.\",\"breadcrumb\":{\"@id\":\"https:\\\/\\\/www.meridian.ba\\\/plasticne-sklopive-gajbe\\\/#breadcrumb\"},\"inLanguage\":\"en-US\",\"potentialAction\":[{\"@type\":\"ReadAction\",\"target\":[\"https:\\\/\\\/www.meridian.ba\\\/plasticne-sklopive-gajbe\\\/\"]}]},{\"@type\":\"ImageObject\",\"inLanguage\":\"en-US\",\"@id\":\"https:\\\/\\\/www.meridian.ba\\\/plasticne-sklopive-gajbe\\\/#primaryimage\",\"url\":\"https:\\\/\\\/www.meridian.ba\\\/wp-content\\\/uploads\\\/2019\\\/03\\\/foldable-crates.jpg\",\"contentUrl\":\"https:\\\/\\\/www.meridian.ba\\\/wp-content\\\/uploads\\\/2019\\\/03\\\/foldable-crates.jpg\"},{\"@type\":\"BreadcrumbList\",\"@id\":\"https:\\\/\\\/www.meridian.ba\\\/plasticne-sklopive-gajbe\\\/#breadcrumb\",\"itemListElement\":[{\"@type\":\"ListItem\",\"position\":1,\"name\":\"Home\",\"item\":\"https:\\\/\\\/www.meridian.ba\\\/\"},{\"@type\":\"ListItem\",\"position\":2,\"name\":\"Plasti\u010dne Sklopive Gajbe\"}]},{\"@type\":\"WebSite\",\"@id\":\"https:\\\/\\\/www.meridian.ba\\\/#website\",\"url\":\"https:\\\/\\\/www.meridian.ba\\\/\",\"name\":\"Meridian Group\",\"description\":\"Rje\u0161enja pakovanja i skladi\u0161tenja\",\"potentialAction\":[{\"@type\":\"SearchAction\",\"target\":{\"@type\":\"EntryPoint\",\"urlTemplate\":\"https:\\\/\\\/www.meridian.ba\\\/?s={search_term_string}\"},\"query-input\":{\"@type\":\"PropertyValueSpecification\",\"valueRequired\":true,\"valueName\":\"search_term_string\"}}],\"inLanguage\":\"en-US\"}]}<\/script>\n<!-- \/ Yoast SEO plugin. -->","yoast_head_json":{"title":"Plasti\u010dne Sklopive Gajbe - Meridian Group","description":"Potrebna Vam je sklopiva plasti\u010dna gajba? Pogledajte grupu plasti\u010dnih sklopivih gajbi Meridian Group. Imamo i zatvorene i rupi\u010daste sklopive gajbe.","robots":{"index":"index","follow":"follow","max-snippet":"max-snippet:-1","max-image-preview":"max-image-preview:large","max-video-preview":"max-video-preview:-1"},"canonical":"https:\/\/www.meridian.ba\/en\/plasticne-sklopive-gajbe\/","og_locale":"en_US","og_type":"article","og_title":"Plasti\u010dne Sklopive Gajbe - Meridian Group","og_description":"Potrebna Vam je sklopiva plasti\u010dna gajba? Pogledajte grupu plasti\u010dnih sklopivih gajbi Meridian Group. Imamo i zatvorene i rupi\u010daste sklopive gajbe.","og_url":"https:\/\/www.meridian.ba\/en\/plasticne-sklopive-gajbe\/","og_site_name":"Meridian Group","article_publisher":"https:\/\/www.facebook.com\/meridian.ba","article_modified_time":"2025-07-10T11:31:28+00:00","og_image":[{"width":600,"height":600,"url":"https:\/\/www.meridian.ba\/wp-content\/uploads\/2019\/03\/foldable-crates.jpg","type":"image\/jpeg"}],"twitter_card":"summary_large_image","twitter_site":"@MeridianGroup2","schema":{"@context":"https:\/\/schema.org","@graph":[{"@type":"WebPage","@id":"https:\/\/www.meridian.ba\/plasticne-sklopive-gajbe\/","url":"https:\/\/www.meridian.ba\/plasticne-sklopive-gajbe\/","name":"Plasti\u010dne Sklopive Gajbe - Meridian Group","isPartOf":{"@id":"https:\/\/www.meridian.ba\/#website"},"primaryImageOfPage":{"@id":"https:\/\/www.meridian.ba\/plasticne-sklopive-gajbe\/#primaryimage"},"image":{"@id":"https:\/\/www.meridian.ba\/plasticne-sklopive-gajbe\/#primaryimage"},"thumbnailUrl":"https:\/\/www.meridian.ba\/wp-content\/uploads\/2019\/03\/foldable-crates.jpg","datePublished":"2019-03-10T22:33:58+00:00","dateModified":"2025-07-10T11:31:28+00:00","description":"Potrebna Vam je sklopiva plasti\u010dna gajba? Pogledajte grupu plasti\u010dnih sklopivih gajbi Meridian Group. Imamo i zatvorene i rupi\u010daste sklopive gajbe.","breadcrumb":{"@id":"https:\/\/www.meridian.ba\/plasticne-sklopive-gajbe\/#breadcrumb"},"inLanguage":"en-US","potentialAction":[{"@type":"ReadAction","target":["https:\/\/www.meridian.ba\/plasticne-sklopive-gajbe\/"]}]},{"@type":"ImageObject","inLanguage":"en-US","@id":"https:\/\/www.meridian.ba\/plasticne-sklopive-gajbe\/#primaryimage","url":"https:\/\/www.meridian.ba\/wp-content\/uploads\/2019\/03\/foldable-crates.jpg","contentUrl":"https:\/\/www.meridian.ba\/wp-content\/uploads\/2019\/03\/foldable-crates.jpg"},{"@type":"BreadcrumbList","@id":"https:\/\/www.meridian.ba\/plasticne-sklopive-gajbe\/#breadcrumb","itemListElement":[{"@type":"ListItem","position":1,"name":"Home","item":"https:\/\/www.meridian.ba\/"},{"@type":"ListItem","position":2,"name":"Plasti\u010dne Sklopive Gajbe"}]},{"@type":"WebSite","@id":"https:\/\/www.meridian.ba\/#website","url":"https:\/\/www.meridian.ba\/","name":"Meridian Group","description":"Rje\u0161enja pakovanja i skladi\u0161tenja","potentialAction":[{"@type":"SearchAction","target":{"@type":"EntryPoint","urlTemplate":"https:\/\/www.meridian.ba\/?s={search_term_string}"},"query-input":{"@type":"PropertyValueSpecification","valueRequired":true,"valueName":"search_term_string"}}],"inLanguage":"en-US"}]}},"_links":{"self":[{"href":"https:\/\/www.meridian.ba\/en\/wp-json\/wp\/v2\/pages\/3489","targetHints":{"allow":["GET"]}}],"collection":[{"href":"https:\/\/www.meridian.ba\/en\/wp-json\/wp\/v2\/pages"}],"about":[{"href":"https:\/\/www.meridian.ba\/en\/wp-json\/wp\/v2\/types\/page"}],"author":[{"embeddable":true,"href":"https:\/\/www.meridian.ba\/en\/wp-json\/wp\/v2\/users\/2"}],"replies":[{"embeddable":true,"href":"https:\/\/www.meridian.ba\/en\/wp-json\/wp\/v2\/comments?post=3489"}],"version-history":[{"count":3,"href":"https:\/\/www.meridian.ba\/en\/wp-json\/wp\/v2\/pages\/3489\/revisions"}],"predecessor-version":[{"id":20675,"href":"https:\/\/www.meridian.ba\/en\/wp-json\/wp\/v2\/pages\/3489\/revisions\/20675"}],"wp:attachment":[{"href":"https:\/\/www.meridian.ba\/en\/wp-json\/wp\/v2\/media?parent=3489"}],"curies":[{"name":"wp","href":"https:\/\/api.w.org\/{rel}","templated":true}]}}