{"id":3388,"date":"2019-03-09T22:57:30","date_gmt":"2019-03-09T22:57:30","guid":{"rendered":"http:\/\/www.meridian.ba\/?page_id=3388"},"modified":"2019-06-02T14:13:28","modified_gmt":"2019-06-02T14:13:28","slug":"plasticne-palete","status":"publish","type":"page","link":"https:\/\/www.meridian.ba\/en\/plasticne-palete\/","title":{"rendered":"Plastic Pallets"},"content":{"rendered":"<div data-elementor-type=\"wp-post\" data-elementor-id=\"3388\" class=\"elementor elementor-3388\" data-elementor-post-type=\"page\">\n\t\t\t\t\t\t<section class=\"elementor-section elementor-top-section elementor-element elementor-element-377bab9c elementor-section-boxed elementor-section-height-default elementor-section-height-default\" data-id=\"377bab9c\" data-element_type=\"section\" data-e-type=\"section\">\n\t\t\t\t\t\t<div class=\"elementor-container elementor-column-gap-default\">\n\t\t\t\t\t<div class=\"elementor-column elementor-col-100 elementor-top-column elementor-element elementor-element-3b53680\" data-id=\"3b53680\" data-element_type=\"column\" data-e-type=\"column\">\n\t\t\t<div class=\"elementor-widget-wrap elementor-element-populated\">\n\t\t\t\t\t\t<div class=\"elementor-element elementor-element-22be8c49 elementor-widget elementor-widget-heading\" data-id=\"22be8c49\" data-element_type=\"widget\" data-e-type=\"widget\" data-widget_type=\"heading.default\">\n\t\t\t\t<div class=\"elementor-widget-container\">\n\t\t\t\t\t<h1 class=\"elementor-heading-title elementor-size-default\">Plastic Pallets<\/h1>\t\t\t\t<\/div>\n\t\t\t\t<\/div>\n\t\t\t\t\t<\/div>\n\t\t<\/div>\n\t\t\t\t\t<\/div>\n\t\t<\/section>\n\t\t\t\t<section class=\"elementor-section elementor-top-section elementor-element elementor-element-4957ff3d elementor-section-boxed elementor-section-height-default elementor-section-height-default\" data-id=\"4957ff3d\" data-element_type=\"section\" data-e-type=\"section\">\n\t\t\t\t\t\t<div class=\"elementor-container elementor-column-gap-default\">\n\t\t\t\t\t<div class=\"elementor-column elementor-col-14 elementor-top-column elementor-element elementor-element-1a7798c2\" data-id=\"1a7798c2\" data-element_type=\"column\" data-e-type=\"column\">\n\t\t\t<div class=\"elementor-widget-wrap elementor-element-populated\">\n\t\t\t\t\t\t<div class=\"elementor-element elementor-element-2d83f5d7 elementor-widget elementor-widget-image\" data-id=\"2d83f5d7\" data-element_type=\"widget\" data-e-type=\"widget\" data-widget_type=\"image.default\">\n\t\t\t\t<div class=\"elementor-widget-container\">\n\t\t\t\t\t\t\t\t\t\t\t\t\t\t\t\t<a href=\"https:\/\/www.meridian.ba\/en\/product-category\/palete-koje-ulaze-jedne-u-druge\/\">\n\t\t\t\t\t\t\t<img fetchpriority=\"high\" decoding=\"async\" width=\"300\" height=\"300\" src=\"https:\/\/www.meridian.ba\/wp-content\/uploads\/2019\/03\/nestable-pallets.jpg\" class=\"attachment-large size-large wp-image-3519\" alt=\"\" srcset=\"https:\/\/www.meridian.ba\/wp-content\/uploads\/2019\/03\/nestable-pallets.jpg 300w, https:\/\/www.meridian.ba\/wp-content\/uploads\/2019\/03\/nestable-pallets-150x150.jpg 150w, https:\/\/www.meridian.ba\/wp-content\/uploads\/2019\/03\/nestable-pallets-100x100.jpg 100w\" sizes=\"(max-width: 300px) 100vw, 300px\" \/>\t\t\t\t\t\t\t\t<\/a>\n\t\t\t\t\t\t\t\t\t\t\t\t\t\t\t<\/div>\n\t\t\t\t<\/div>\n\t\t\t\t<div class=\"elementor-element elementor-element-3dd86fbb elementor-widget elementor-widget-heading\" data-id=\"3dd86fbb\" data-element_type=\"widget\" data-e-type=\"widget\" data-widget_type=\"heading.default\">\n\t\t\t\t<div class=\"elementor-widget-container\">\n\t\t\t\t\t<h2 class=\"elementor-heading-title elementor-size-default\"><a href=\"https:\/\/www.meridian.ba\/en\/product-category\/palete-koje-ulaze-jedne-u-druge\/\">Palete Koje Ulaze Jedne u Druge<\/a><\/h2>\t\t\t\t<\/div>\n\t\t\t\t<\/div>\n\t\t\t\t\t<\/div>\n\t\t<\/div>\n\t\t\t\t<div class=\"elementor-column elementor-col-14 elementor-top-column elementor-element elementor-element-4be8afed\" data-id=\"4be8afed\" data-element_type=\"column\" data-e-type=\"column\">\n\t\t\t<div class=\"elementor-widget-wrap elementor-element-populated\">\n\t\t\t\t\t\t<div class=\"elementor-element elementor-element-7337cbf4 elementor-hidden-desktop elementor-widget elementor-widget-spacer\" data-id=\"7337cbf4\" data-element_type=\"widget\" data-e-type=\"widget\" data-widget_type=\"spacer.default\">\n\t\t\t\t<div class=\"elementor-widget-container\">\n\t\t\t\t\t\t\t<div class=\"elementor-spacer\">\n\t\t\t<div class=\"elementor-spacer-inner\"><\/div>\n\t\t<\/div>\n\t\t\t\t\t\t<\/div>\n\t\t\t\t<\/div>\n\t\t\t\t\t<\/div>\n\t\t<\/div>\n\t\t\t\t<div class=\"elementor-column elementor-col-14 elementor-top-column elementor-element elementor-element-4aaf98e9\" data-id=\"4aaf98e9\" data-element_type=\"column\" data-e-type=\"column\">\n\t\t\t<div class=\"elementor-widget-wrap elementor-element-populated\">\n\t\t\t\t\t\t<div class=\"elementor-element elementor-element-6daa5dcd elementor-widget elementor-widget-image\" data-id=\"6daa5dcd\" data-element_type=\"widget\" data-e-type=\"widget\" data-widget_type=\"image.default\">\n\t\t\t\t<div class=\"elementor-widget-container\">\n\t\t\t\t\t\t\t\t\t\t\t\t\t\t\t\t<a href=\"https:\/\/www.meridian.ba\/en\/product-category\/plasticne-palete\/skladistene-palete\/\">\n\t\t\t\t\t\t\t<img decoding=\"async\" width=\"600\" height=\"600\" src=\"https:\/\/www.meridian.ba\/wp-content\/uploads\/2019\/03\/stackable-pallets.jpg\" class=\"attachment-large size-large wp-image-3395\" alt=\"\" srcset=\"https:\/\/www.meridian.ba\/wp-content\/uploads\/2019\/03\/stackable-pallets.jpg 600w, https:\/\/www.meridian.ba\/wp-content\/uploads\/2019\/03\/stackable-pallets-150x150.jpg 150w, https:\/\/www.meridian.ba\/wp-content\/uploads\/2019\/03\/stackable-pallets-300x300.jpg 300w, https:\/\/www.meridian.ba\/wp-content\/uploads\/2019\/03\/stackable-pallets-100x100.jpg 100w\" sizes=\"(max-width: 600px) 100vw, 600px\" \/>\t\t\t\t\t\t\t\t<\/a>\n\t\t\t\t\t\t\t\t\t\t\t\t\t\t\t<\/div>\n\t\t\t\t<\/div>\n\t\t\t\t<div class=\"elementor-element elementor-element-4fc7fae elementor-widget elementor-widget-heading\" data-id=\"4fc7fae\" data-element_type=\"widget\" data-e-type=\"widget\" data-widget_type=\"heading.default\">\n\t\t\t\t<div class=\"elementor-widget-container\">\n\t\t\t\t\t<h2 class=\"elementor-heading-title elementor-size-small\"><a href=\"https:\/\/www.meridian.ba\/en\/product-category\/plasticne-palete\/skladistene-palete\/\">Skladi\u0161tene Palete<\/a><\/h2>\t\t\t\t<\/div>\n\t\t\t\t<\/div>\n\t\t\t\t\t<\/div>\n\t\t<\/div>\n\t\t\t\t<div class=\"elementor-column elementor-col-14 elementor-top-column elementor-element elementor-element-11f95f14\" data-id=\"11f95f14\" data-element_type=\"column\" data-e-type=\"column\">\n\t\t\t<div class=\"elementor-widget-wrap elementor-element-populated\">\n\t\t\t\t\t\t<div class=\"elementor-element elementor-element-6abbd60f elementor-hidden-desktop elementor-widget elementor-widget-spacer\" data-id=\"6abbd60f\" data-element_type=\"widget\" data-e-type=\"widget\" data-widget_type=\"spacer.default\">\n\t\t\t\t<div class=\"elementor-widget-container\">\n\t\t\t\t\t\t\t<div class=\"elementor-spacer\">\n\t\t\t<div class=\"elementor-spacer-inner\"><\/div>\n\t\t<\/div>\n\t\t\t\t\t\t<\/div>\n\t\t\t\t<\/div>\n\t\t\t\t\t<\/div>\n\t\t<\/div>\n\t\t\t\t<div class=\"elementor-column elementor-col-14 elementor-top-column elementor-element elementor-element-4b64f04a\" data-id=\"4b64f04a\" data-element_type=\"column\" data-e-type=\"column\">\n\t\t\t<div class=\"elementor-widget-wrap elementor-element-populated\">\n\t\t\t\t\t\t<div class=\"elementor-element elementor-element-2e9dbef elementor-widget elementor-widget-image\" data-id=\"2e9dbef\" data-element_type=\"widget\" data-e-type=\"widget\" data-widget_type=\"image.default\">\n\t\t\t\t<div class=\"elementor-widget-container\">\n\t\t\t\t\t\t\t\t\t\t\t\t\t\t\t\t<a href=\"https:\/\/www.meridian.ba\/en\/product-category\/plasticne-palete\/regalne-palete\/\">\n\t\t\t\t\t\t\t<img decoding=\"async\" width=\"300\" height=\"300\" src=\"https:\/\/www.meridian.ba\/wp-content\/uploads\/2019\/03\/rackable-pallet.jpg\" class=\"attachment-large size-large wp-image-3512\" alt=\"\" srcset=\"https:\/\/www.meridian.ba\/wp-content\/uploads\/2019\/03\/rackable-pallet.jpg 300w, https:\/\/www.meridian.ba\/wp-content\/uploads\/2019\/03\/rackable-pallet-150x150.jpg 150w, https:\/\/www.meridian.ba\/wp-content\/uploads\/2019\/03\/rackable-pallet-100x100.jpg 100w\" sizes=\"(max-width: 300px) 100vw, 300px\" \/>\t\t\t\t\t\t\t\t<\/a>\n\t\t\t\t\t\t\t\t\t\t\t\t\t\t\t<\/div>\n\t\t\t\t<\/div>\n\t\t\t\t<div class=\"elementor-element elementor-element-54c430db elementor-widget elementor-widget-heading\" data-id=\"54c430db\" data-element_type=\"widget\" data-e-type=\"widget\" data-widget_type=\"heading.default\">\n\t\t\t\t<div class=\"elementor-widget-container\">\n\t\t\t\t\t<h2 class=\"elementor-heading-title elementor-size-small\"><a href=\"https:\/\/www.meridian.ba\/en\/product-category\/plasticne-palete\/regalne-palete\/\">Regalne Palete<\/a><\/h2>\t\t\t\t<\/div>\n\t\t\t\t<\/div>\n\t\t\t\t\t<\/div>\n\t\t<\/div>\n\t\t\t\t<div class=\"elementor-column elementor-col-14 elementor-top-column elementor-element elementor-element-7c2653a1\" data-id=\"7c2653a1\" data-element_type=\"column\" data-e-type=\"column\">\n\t\t\t<div class=\"elementor-widget-wrap elementor-element-populated\">\n\t\t\t\t\t\t<div class=\"elementor-element elementor-element-11a44290 elementor-hidden-desktop elementor-widget elementor-widget-spacer\" data-id=\"11a44290\" data-element_type=\"widget\" data-e-type=\"widget\" data-widget_type=\"spacer.default\">\n\t\t\t\t<div class=\"elementor-widget-container\">\n\t\t\t\t\t\t\t<div class=\"elementor-spacer\">\n\t\t\t<div class=\"elementor-spacer-inner\"><\/div>\n\t\t<\/div>\n\t\t\t\t\t\t<\/div>\n\t\t\t\t<\/div>\n\t\t\t\t\t<\/div>\n\t\t<\/div>\n\t\t\t\t<div class=\"elementor-column elementor-col-14 elementor-top-column elementor-element elementor-element-5767b3ae\" data-id=\"5767b3ae\" data-element_type=\"column\" data-e-type=\"column\">\n\t\t\t<div class=\"elementor-widget-wrap elementor-element-populated\">\n\t\t\t\t\t\t<div class=\"elementor-element elementor-element-7024baaf elementor-widget elementor-widget-image\" data-id=\"7024baaf\" data-element_type=\"widget\" data-e-type=\"widget\" data-widget_type=\"image.default\">\n\t\t\t\t<div class=\"elementor-widget-container\">\n\t\t\t\t\t\t\t\t\t\t\t\t\t\t\t\t<a href=\"https:\/\/www.meridian.ba\/en\/product-category\/plasticne-palete\/palete-ojacane-celikom\/\">\n\t\t\t\t\t\t\t<img loading=\"lazy\" decoding=\"async\" width=\"300\" height=\"300\" src=\"https:\/\/www.meridian.ba\/wp-content\/uploads\/2019\/03\/steel-reinforced-pallets.jpg\" class=\"attachment-large size-large wp-image-3515\" alt=\"\" srcset=\"https:\/\/www.meridian.ba\/wp-content\/uploads\/2019\/03\/steel-reinforced-pallets.jpg 300w, https:\/\/www.meridian.ba\/wp-content\/uploads\/2019\/03\/steel-reinforced-pallets-150x150.jpg 150w, https:\/\/www.meridian.ba\/wp-content\/uploads\/2019\/03\/steel-reinforced-pallets-100x100.jpg 100w\" sizes=\"(max-width: 300px) 100vw, 300px\" \/>\t\t\t\t\t\t\t\t<\/a>\n\t\t\t\t\t\t\t\t\t\t\t\t\t\t\t<\/div>\n\t\t\t\t<\/div>\n\t\t\t\t<div class=\"elementor-element elementor-element-9819bcb elementor-widget elementor-widget-heading\" data-id=\"9819bcb\" data-element_type=\"widget\" data-e-type=\"widget\" data-widget_type=\"heading.default\">\n\t\t\t\t<div class=\"elementor-widget-container\">\n\t\t\t\t\t<h2 class=\"elementor-heading-title elementor-size-small\"><a href=\"https:\/\/www.meridian.ba\/en\/product-category\/plasticne-palete\/palete-ojacane-celikom\/\">Palete Oja\u010dane \u010celikom<\/a><\/h2>\t\t\t\t<\/div>\n\t\t\t\t<\/div>\n\t\t\t\t\t<\/div>\n\t\t<\/div>\n\t\t\t\t\t<\/div>\n\t\t<\/section>\n\t\t\t\t<section class=\"elementor-section elementor-top-section elementor-element elementor-element-17366ca2 elementor-section-boxed elementor-section-height-default elementor-section-height-default\" data-id=\"17366ca2\" data-element_type=\"section\" data-e-type=\"section\">\n\t\t\t\t\t\t<div class=\"elementor-container elementor-column-gap-default\">\n\t\t\t\t\t<div class=\"elementor-column elementor-col-14 elementor-top-column elementor-element elementor-element-9caffae\" data-id=\"9caffae\" data-element_type=\"column\" data-e-type=\"column\">\n\t\t\t<div class=\"elementor-widget-wrap elementor-element-populated\">\n\t\t\t\t\t\t<div class=\"elementor-element elementor-element-703ccc12 elementor-widget elementor-widget-image\" data-id=\"703ccc12\" data-element_type=\"widget\" data-e-type=\"widget\" data-widget_type=\"image.default\">\n\t\t\t\t<div class=\"elementor-widget-container\">\n\t\t\t\t\t\t\t\t\t\t\t\t\t\t\t\t<a href=\"https:\/\/www.meridian.ba\/en\/product-category\/plasticne-palete\/palete-za-vodene-kanistere\/\">\n\t\t\t\t\t\t\t<img loading=\"lazy\" decoding=\"async\" width=\"300\" height=\"300\" src=\"https:\/\/www.meridian.ba\/wp-content\/uploads\/2019\/03\/Barreled-Water-Plastic-Pallet.jpg\" class=\"attachment-large size-large wp-image-3518\" alt=\"\" srcset=\"https:\/\/www.meridian.ba\/wp-content\/uploads\/2019\/03\/Barreled-Water-Plastic-Pallet.jpg 300w, https:\/\/www.meridian.ba\/wp-content\/uploads\/2019\/03\/Barreled-Water-Plastic-Pallet-150x150.jpg 150w, https:\/\/www.meridian.ba\/wp-content\/uploads\/2019\/03\/Barreled-Water-Plastic-Pallet-100x100.jpg 100w\" sizes=\"(max-width: 300px) 100vw, 300px\" \/>\t\t\t\t\t\t\t\t<\/a>\n\t\t\t\t\t\t\t\t\t\t\t\t\t\t\t<\/div>\n\t\t\t\t<\/div>\n\t\t\t\t<div class=\"elementor-element elementor-element-79deec33 elementor-widget elementor-widget-heading\" data-id=\"79deec33\" data-element_type=\"widget\" data-e-type=\"widget\" data-widget_type=\"heading.default\">\n\t\t\t\t<div class=\"elementor-widget-container\">\n\t\t\t\t\t<h2 class=\"elementor-heading-title elementor-size-small\"><a href=\"https:\/\/www.meridian.ba\/en\/product-category\/plasticne-palete\/palete-za-vodene-kanistere\/\">Palete za Vodene Kanistere<\/a><\/h2>\t\t\t\t<\/div>\n\t\t\t\t<\/div>\n\t\t\t\t\t<\/div>\n\t\t<\/div>\n\t\t\t\t<div class=\"elementor-column elementor-col-14 elementor-top-column elementor-element elementor-element-112adfb\" data-id=\"112adfb\" data-element_type=\"column\" data-e-type=\"column\">\n\t\t\t<div class=\"elementor-widget-wrap elementor-element-populated\">\n\t\t\t\t\t\t<div class=\"elementor-element elementor-element-114277db elementor-hidden-desktop elementor-widget elementor-widget-spacer\" data-id=\"114277db\" data-element_type=\"widget\" data-e-type=\"widget\" data-widget_type=\"spacer.default\">\n\t\t\t\t<div class=\"elementor-widget-container\">\n\t\t\t\t\t\t\t<div class=\"elementor-spacer\">\n\t\t\t<div class=\"elementor-spacer-inner\"><\/div>\n\t\t<\/div>\n\t\t\t\t\t\t<\/div>\n\t\t\t\t<\/div>\n\t\t\t\t\t<\/div>\n\t\t<\/div>\n\t\t\t\t<div class=\"elementor-column elementor-col-14 elementor-top-column elementor-element elementor-element-9eb94db\" data-id=\"9eb94db\" data-element_type=\"column\" data-e-type=\"column\">\n\t\t\t<div class=\"elementor-widget-wrap elementor-element-populated\">\n\t\t\t\t\t\t<div class=\"elementor-element elementor-element-11688d0c elementor-widget elementor-widget-image\" data-id=\"11688d0c\" data-element_type=\"widget\" data-e-type=\"widget\" data-widget_type=\"image.default\">\n\t\t\t\t<div class=\"elementor-widget-container\">\n\t\t\t\t\t\t\t\t\t\t\t\t\t\t\t\t<a href=\"https:\/\/www.meridian.ba\/en\/product-category\/plasticne-palete\/palete-sa-dobosem\/\">\n\t\t\t\t\t\t\t<img loading=\"lazy\" decoding=\"async\" width=\"300\" height=\"300\" src=\"https:\/\/www.meridian.ba\/wp-content\/uploads\/2019\/03\/drum-pallet.jpg\" class=\"attachment-large size-large wp-image-3517\" alt=\"\" srcset=\"https:\/\/www.meridian.ba\/wp-content\/uploads\/2019\/03\/drum-pallet.jpg 300w, https:\/\/www.meridian.ba\/wp-content\/uploads\/2019\/03\/drum-pallet-150x150.jpg 150w, https:\/\/www.meridian.ba\/wp-content\/uploads\/2019\/03\/drum-pallet-100x100.jpg 100w\" sizes=\"(max-width: 300px) 100vw, 300px\" \/>\t\t\t\t\t\t\t\t<\/a>\n\t\t\t\t\t\t\t\t\t\t\t\t\t\t\t<\/div>\n\t\t\t\t<\/div>\n\t\t\t\t<div class=\"elementor-element elementor-element-4e80b01 elementor-widget elementor-widget-heading\" data-id=\"4e80b01\" data-element_type=\"widget\" data-e-type=\"widget\" data-widget_type=\"heading.default\">\n\t\t\t\t<div class=\"elementor-widget-container\">\n\t\t\t\t\t<h2 class=\"elementor-heading-title elementor-size-small\"><a href=\"https:\/\/www.meridian.ba\/en\/product-category\/plasticne-palete\/palete-sa-dobosem\/\">Palete sa Dobo\u0161em<\/a><\/h2>\t\t\t\t<\/div>\n\t\t\t\t<\/div>\n\t\t\t\t\t<\/div>\n\t\t<\/div>\n\t\t\t\t<div class=\"elementor-column elementor-col-14 elementor-top-column elementor-element elementor-element-4562a28d\" data-id=\"4562a28d\" data-element_type=\"column\" data-e-type=\"column\">\n\t\t\t<div class=\"elementor-widget-wrap elementor-element-populated\">\n\t\t\t\t\t\t<div class=\"elementor-element elementor-element-429ff7ad elementor-hidden-desktop elementor-widget elementor-widget-spacer\" data-id=\"429ff7ad\" data-element_type=\"widget\" data-e-type=\"widget\" data-widget_type=\"spacer.default\">\n\t\t\t\t<div class=\"elementor-widget-container\">\n\t\t\t\t\t\t\t<div class=\"elementor-spacer\">\n\t\t\t<div class=\"elementor-spacer-inner\"><\/div>\n\t\t<\/div>\n\t\t\t\t\t\t<\/div>\n\t\t\t\t<\/div>\n\t\t\t\t\t<\/div>\n\t\t<\/div>\n\t\t\t\t<div class=\"elementor-column elementor-col-14 elementor-top-column elementor-element elementor-element-6018195f\" data-id=\"6018195f\" data-element_type=\"column\" data-e-type=\"column\">\n\t\t\t<div class=\"elementor-widget-wrap\">\n\t\t\t\t\t\t\t<\/div>\n\t\t<\/div>\n\t\t\t\t<div class=\"elementor-column elementor-col-14 elementor-top-column elementor-element elementor-element-62c3d0b7\" data-id=\"62c3d0b7\" data-element_type=\"column\" data-e-type=\"column\">\n\t\t\t<div class=\"elementor-widget-wrap elementor-element-populated\">\n\t\t\t\t\t\t<div class=\"elementor-element elementor-element-1bccd134 elementor-hidden-desktop elementor-widget elementor-widget-spacer\" data-id=\"1bccd134\" data-element_type=\"widget\" data-e-type=\"widget\" data-widget_type=\"spacer.default\">\n\t\t\t\t<div class=\"elementor-widget-container\">\n\t\t\t\t\t\t\t<div class=\"elementor-spacer\">\n\t\t\t<div class=\"elementor-spacer-inner\"><\/div>\n\t\t<\/div>\n\t\t\t\t\t\t<\/div>\n\t\t\t\t<\/div>\n\t\t\t\t\t<\/div>\n\t\t<\/div>\n\t\t\t\t<div class=\"elementor-column elementor-col-14 elementor-top-column elementor-element elementor-element-2ff9d15\" data-id=\"2ff9d15\" data-element_type=\"column\" data-e-type=\"column\">\n\t\t\t<div class=\"elementor-widget-wrap\">\n\t\t\t\t\t\t\t<\/div>\n\t\t<\/div>\n\t\t\t\t\t<\/div>\n\t\t<\/section>\n\t\t\t\t<\/div>","protected":false},"excerpt":{"rendered":"<p>Plasti\u010dne Palete Palete Koje Ulaze Jedne u Druge Skladi\u0161tene Palete Regalne Palete Palete Oja\u010dane \u010celikom Palete za Vodene Kanistere Palete sa Dobo\u0161em<\/p>","protected":false},"author":2,"featured_media":0,"parent":0,"menu_order":0,"comment_status":"closed","ping_status":"closed","template":"","meta":{"footnotes":""},"class_list":["post-3388","page","type-page","status-publish","hentry","entry","owp-thumbs-layout-horizontal","owp-btn-normal","owp-tabs-layout-horizontal","has-no-thumbnails","has-product-nav"],"yoast_head":"<!-- This site is optimized with the Yoast SEO plugin v27.4 - https:\/\/yoast.com\/product\/yoast-seo-wordpress\/ -->\n<title>Plasti\u010dne Palete - Meridian Group<\/title>\n<meta name=\"robots\" content=\"index, follow, max-snippet:-1, max-image-preview:large, max-video-preview:-1\" \/>\n<link rel=\"canonical\" href=\"https:\/\/www.meridian.ba\/en\/plasticne-palete\/\" \/>\n<meta property=\"og:locale\" content=\"en_US\" \/>\n<meta property=\"og:type\" content=\"article\" \/>\n<meta property=\"og:title\" content=\"Plasti\u010dne Palete - Meridian Group\" \/>\n<meta property=\"og:description\" content=\"Plasti\u010dne Palete Palete Koje Ulaze Jedne u Druge Skladi\u0161tene Palete Regalne Palete Palete Oja\u010dane \u010celikom Palete za Vodene Kanistere Palete sa Dobo\u0161em\" \/>\n<meta property=\"og:url\" content=\"https:\/\/www.meridian.ba\/en\/plasticne-palete\/\" \/>\n<meta property=\"og:site_name\" content=\"Meridian Group\" \/>\n<meta property=\"article:publisher\" content=\"https:\/\/www.facebook.com\/meridian.ba\" \/>\n<meta property=\"article:modified_time\" content=\"2019-06-02T14:13:28+00:00\" \/>\n<meta property=\"og:image\" content=\"https:\/\/www.meridian.ba\/wp-content\/uploads\/2019\/03\/nestable-pallets.jpg\" \/>\n<meta name=\"twitter:card\" content=\"summary_large_image\" \/>\n<meta name=\"twitter:site\" content=\"@MeridianGroup2\" \/>\n<script type=\"application\/ld+json\" class=\"yoast-schema-graph\">{\"@context\":\"https:\\\/\\\/schema.org\",\"@graph\":[{\"@type\":\"WebPage\",\"@id\":\"https:\\\/\\\/www.meridian.ba\\\/plasticne-palete\\\/\",\"url\":\"https:\\\/\\\/www.meridian.ba\\\/plasticne-palete\\\/\",\"name\":\"Plasti\u010dne Palete - Meridian Group\",\"isPartOf\":{\"@id\":\"https:\\\/\\\/www.meridian.ba\\\/#website\"},\"primaryImageOfPage\":{\"@id\":\"https:\\\/\\\/www.meridian.ba\\\/plasticne-palete\\\/#primaryimage\"},\"image\":{\"@id\":\"https:\\\/\\\/www.meridian.ba\\\/plasticne-palete\\\/#primaryimage\"},\"thumbnailUrl\":\"https:\\\/\\\/www.meridian.ba\\\/wp-content\\\/uploads\\\/2019\\\/03\\\/nestable-pallets.jpg\",\"datePublished\":\"2019-03-09T22:57:30+00:00\",\"dateModified\":\"2019-06-02T14:13:28+00:00\",\"breadcrumb\":{\"@id\":\"https:\\\/\\\/www.meridian.ba\\\/plasticne-palete\\\/#breadcrumb\"},\"inLanguage\":\"en-US\",\"potentialAction\":[{\"@type\":\"ReadAction\",\"target\":[\"https:\\\/\\\/www.meridian.ba\\\/plasticne-palete\\\/\"]}]},{\"@type\":\"ImageObject\",\"inLanguage\":\"en-US\",\"@id\":\"https:\\\/\\\/www.meridian.ba\\\/plasticne-palete\\\/#primaryimage\",\"url\":\"https:\\\/\\\/www.meridian.ba\\\/wp-content\\\/uploads\\\/2019\\\/03\\\/nestable-pallets.jpg\",\"contentUrl\":\"https:\\\/\\\/www.meridian.ba\\\/wp-content\\\/uploads\\\/2019\\\/03\\\/nestable-pallets.jpg\"},{\"@type\":\"BreadcrumbList\",\"@id\":\"https:\\\/\\\/www.meridian.ba\\\/plasticne-palete\\\/#breadcrumb\",\"itemListElement\":[{\"@type\":\"ListItem\",\"position\":1,\"name\":\"Home\",\"item\":\"https:\\\/\\\/www.meridian.ba\\\/\"},{\"@type\":\"ListItem\",\"position\":2,\"name\":\"Plasti\u010dne Palete\"}]},{\"@type\":\"WebSite\",\"@id\":\"https:\\\/\\\/www.meridian.ba\\\/#website\",\"url\":\"https:\\\/\\\/www.meridian.ba\\\/\",\"name\":\"Meridian Group\",\"description\":\"Rje\u0161enja pakovanja i skladi\u0161tenja\",\"potentialAction\":[{\"@type\":\"SearchAction\",\"target\":{\"@type\":\"EntryPoint\",\"urlTemplate\":\"https:\\\/\\\/www.meridian.ba\\\/?s={search_term_string}\"},\"query-input\":{\"@type\":\"PropertyValueSpecification\",\"valueRequired\":true,\"valueName\":\"search_term_string\"}}],\"inLanguage\":\"en-US\"}]}<\/script>\n<!-- \/ Yoast SEO plugin. -->","yoast_head_json":{"title":"Plasti\u010dne Palete - Meridian Group","robots":{"index":"index","follow":"follow","max-snippet":"max-snippet:-1","max-image-preview":"max-image-preview:large","max-video-preview":"max-video-preview:-1"},"canonical":"https:\/\/www.meridian.ba\/en\/plasticne-palete\/","og_locale":"en_US","og_type":"article","og_title":"Plasti\u010dne Palete - Meridian Group","og_description":"Plasti\u010dne Palete Palete Koje Ulaze Jedne u Druge Skladi\u0161tene Palete Regalne Palete Palete Oja\u010dane \u010celikom Palete za Vodene Kanistere Palete sa Dobo\u0161em","og_url":"https:\/\/www.meridian.ba\/en\/plasticne-palete\/","og_site_name":"Meridian Group","article_publisher":"https:\/\/www.facebook.com\/meridian.ba","article_modified_time":"2019-06-02T14:13:28+00:00","og_image":[{"url":"https:\/\/www.meridian.ba\/wp-content\/uploads\/2019\/03\/nestable-pallets.jpg","type":"","width":"","height":""}],"twitter_card":"summary_large_image","twitter_site":"@MeridianGroup2","schema":{"@context":"https:\/\/schema.org","@graph":[{"@type":"WebPage","@id":"https:\/\/www.meridian.ba\/plasticne-palete\/","url":"https:\/\/www.meridian.ba\/plasticne-palete\/","name":"Plasti\u010dne Palete - Meridian Group","isPartOf":{"@id":"https:\/\/www.meridian.ba\/#website"},"primaryImageOfPage":{"@id":"https:\/\/www.meridian.ba\/plasticne-palete\/#primaryimage"},"image":{"@id":"https:\/\/www.meridian.ba\/plasticne-palete\/#primaryimage"},"thumbnailUrl":"https:\/\/www.meridian.ba\/wp-content\/uploads\/2019\/03\/nestable-pallets.jpg","datePublished":"2019-03-09T22:57:30+00:00","dateModified":"2019-06-02T14:13:28+00:00","breadcrumb":{"@id":"https:\/\/www.meridian.ba\/plasticne-palete\/#breadcrumb"},"inLanguage":"en-US","potentialAction":[{"@type":"ReadAction","target":["https:\/\/www.meridian.ba\/plasticne-palete\/"]}]},{"@type":"ImageObject","inLanguage":"en-US","@id":"https:\/\/www.meridian.ba\/plasticne-palete\/#primaryimage","url":"https:\/\/www.meridian.ba\/wp-content\/uploads\/2019\/03\/nestable-pallets.jpg","contentUrl":"https:\/\/www.meridian.ba\/wp-content\/uploads\/2019\/03\/nestable-pallets.jpg"},{"@type":"BreadcrumbList","@id":"https:\/\/www.meridian.ba\/plasticne-palete\/#breadcrumb","itemListElement":[{"@type":"ListItem","position":1,"name":"Home","item":"https:\/\/www.meridian.ba\/"},{"@type":"ListItem","position":2,"name":"Plasti\u010dne Palete"}]},{"@type":"WebSite","@id":"https:\/\/www.meridian.ba\/#website","url":"https:\/\/www.meridian.ba\/","name":"Meridian Group","description":"Rje\u0161enja pakovanja i skladi\u0161tenja","potentialAction":[{"@type":"SearchAction","target":{"@type":"EntryPoint","urlTemplate":"https:\/\/www.meridian.ba\/?s={search_term_string}"},"query-input":{"@type":"PropertyValueSpecification","valueRequired":true,"valueName":"search_term_string"}}],"inLanguage":"en-US"}]}},"_links":{"self":[{"href":"https:\/\/www.meridian.ba\/en\/wp-json\/wp\/v2\/pages\/3388","targetHints":{"allow":["GET"]}}],"collection":[{"href":"https:\/\/www.meridian.ba\/en\/wp-json\/wp\/v2\/pages"}],"about":[{"href":"https:\/\/www.meridian.ba\/en\/wp-json\/wp\/v2\/types\/page"}],"author":[{"embeddable":true,"href":"https:\/\/www.meridian.ba\/en\/wp-json\/wp\/v2\/users\/2"}],"replies":[{"embeddable":true,"href":"https:\/\/www.meridian.ba\/en\/wp-json\/wp\/v2\/comments?post=3388"}],"version-history":[{"count":0,"href":"https:\/\/www.meridian.ba\/en\/wp-json\/wp\/v2\/pages\/3388\/revisions"}],"wp:attachment":[{"href":"https:\/\/www.meridian.ba\/en\/wp-json\/wp\/v2\/media?parent=3388"}],"curies":[{"name":"wp","href":"https:\/\/api.w.org\/{rel}","templated":true}]}}