{"id":18650,"date":"2022-01-06T12:02:46","date_gmt":"2022-01-06T12:02:46","guid":{"rendered":"https:\/\/www.meridian.ba\/?page_id=18650"},"modified":"2022-01-06T12:42:21","modified_gmt":"2022-01-06T12:42:21","slug":"polica-za-gradjevinski-materijal","status":"publish","type":"page","link":"https:\/\/www.meridian.ba\/en\/polica-za-gradjevinski-materijal\/","title":{"rendered":"Shelving systems for construction materials"},"content":{"rendered":"<div data-elementor-type=\"wp-page\" data-elementor-id=\"18650\" class=\"elementor elementor-18650\" data-elementor-post-type=\"page\">\n\t\t\t\t\t\t<section class=\"elementor-section elementor-top-section elementor-element elementor-element-2bf06aab elementor-section-boxed elementor-section-height-default elementor-section-height-default\" data-id=\"2bf06aab\" data-element_type=\"section\" data-e-type=\"section\">\n\t\t\t\t\t\t<div class=\"elementor-container elementor-column-gap-default\">\n\t\t\t\t\t<div class=\"elementor-column elementor-col-100 elementor-top-column elementor-element elementor-element-47af67a9\" data-id=\"47af67a9\" data-element_type=\"column\" data-e-type=\"column\">\n\t\t\t<div class=\"elementor-widget-wrap elementor-element-populated\">\n\t\t\t\t\t\t<div class=\"elementor-element elementor-element-38d2b8ec elementor-widget elementor-widget-heading\" data-id=\"38d2b8ec\" data-element_type=\"widget\" data-e-type=\"widget\" data-widget_type=\"heading.default\">\n\t\t\t\t<div class=\"elementor-widget-container\">\n\t\t\t\t\t<h1 class=\"elementor-heading-title elementor-size-default\">Shelving systems for construction materials<\/h1>\t\t\t\t<\/div>\n\t\t\t\t<\/div>\n\t\t\t\t\t<\/div>\n\t\t<\/div>\n\t\t\t\t\t<\/div>\n\t\t<\/section>\n\t\t\t\t<section class=\"elementor-section elementor-top-section elementor-element elementor-element-3c518946 elementor-section-boxed elementor-section-height-default elementor-section-height-default\" data-id=\"3c518946\" data-element_type=\"section\" data-e-type=\"section\">\n\t\t\t\t\t\t<div class=\"elementor-container elementor-column-gap-default\">\n\t\t\t\t\t<div class=\"elementor-column elementor-col-50 elementor-top-column elementor-element elementor-element-7d979fb8\" data-id=\"7d979fb8\" data-element_type=\"column\" data-e-type=\"column\">\n\t\t\t<div class=\"elementor-widget-wrap elementor-element-populated\">\n\t\t\t\t\t\t<div class=\"elementor-element elementor-element-2bc3fd5d elementor-nav-menu__align-start elementor-nav-menu--dropdown-tablet elementor-nav-menu__text-align-aside elementor-nav-menu--toggle elementor-nav-menu--burger elementor-widget elementor-widget-nav-menu\" data-id=\"2bc3fd5d\" data-element_type=\"widget\" data-e-type=\"widget\" data-settings=\"{&quot;layout&quot;:&quot;vertical&quot;,&quot;submenu_icon&quot;:{&quot;value&quot;:&quot;&lt;i class=\\&quot;fas fa-chevron-down\\&quot; aria-hidden=\\&quot;true\\&quot;&gt;&lt;\\\/i&gt;&quot;,&quot;library&quot;:&quot;fa-solid&quot;},&quot;toggle&quot;:&quot;burger&quot;}\" data-widget_type=\"nav-menu.default\">\n\t\t\t\t<div class=\"elementor-widget-container\">\n\t\t\t\t\t\t\t\t<nav aria-label=\"Menu\" class=\"elementor-nav-menu--main elementor-nav-menu__container elementor-nav-menu--layout-vertical e--pointer-underline e--animation-fade\">\n\t\t\t\t<ul id=\"menu-1-2bc3fd5d\" class=\"elementor-nav-menu sm-vertical\"><li class=\"menu-item menu-item-type-post_type menu-item-object-page menu-item-18517\"><a href=\"https:\/\/www.meridian.ba\/en\/sistem-paletnog-regala-back-to-back\/\" class=\"elementor-item\">Heavy Duty Racking Systems \u2013 Back To Back<\/a><\/li>\n<li class=\"menu-item menu-item-type-post_type menu-item-object-page menu-item-18586\"><a href=\"https:\/\/www.meridian.ba\/en\/sistemi-regala-za-teski-teret-cantilever\/\" class=\"elementor-item\">Heavy Duty Racking Systems \u2013 Cantilever<\/a><\/li>\n<li class=\"menu-item menu-item-type-post_type menu-item-object-page menu-item-18585\"><a href=\"https:\/\/www.meridian.ba\/en\/sistemi-regala-za-teski-teret-clad-rack\/\" class=\"elementor-item\">Heavy Duty Racking Systems \u2013 Clad Rack<\/a><\/li>\n<li class=\"menu-item menu-item-type-post_type menu-item-object-page menu-item-18704\"><a href=\"https:\/\/www.meridian.ba\/en\/sistemi-regala-za-teski-teret-drive-in\/\" class=\"elementor-item\">Heavy Duty Racking Systems \u2013 Drive in<\/a><\/li>\n<li class=\"menu-item menu-item-type-post_type menu-item-object-page menu-item-18584\"><a href=\"https:\/\/www.meridian.ba\/en\/sistemi-regala-za-teski-teret-mezzanin\/\" class=\"elementor-item\">Heavy Duty Racking Systems \u2013 Mezzanin<\/a><\/li>\n<li class=\"menu-item menu-item-type-post_type menu-item-object-page menu-item-18587\"><a href=\"https:\/\/www.meridian.ba\/en\/sistemi-regala-za-teski-teret-narrow-aisle\/\" class=\"elementor-item\">Heavy Duty Racking Systems \u2013 Narrow Aisle<\/a><\/li>\n<li class=\"menu-item menu-item-type-post_type menu-item-object-page menu-item-18705\"><a href=\"https:\/\/www.meridian.ba\/en\/sistemi-regala-za-teski-teret-roller\/\" class=\"elementor-item\">Heavy Duty Racking Systems \u2013 Roller<\/a><\/li>\n<li class=\"menu-item menu-item-type-post_type menu-item-object-page menu-item-18699\"><a href=\"https:\/\/www.meridian.ba\/en\/celicna-polica\/\" class=\"elementor-item\">Steel Shelving Systems<\/a><\/li>\n<li class=\"menu-item menu-item-type-post_type menu-item-object-page menu-item-18700\"><a href=\"https:\/\/www.meridian.ba\/en\/midi-sistemi-polica\/\" class=\"elementor-item\">Midi Shelving Systems<\/a><\/li>\n<li class=\"menu-item menu-item-type-post_type menu-item-object-page menu-item-18701\"><a href=\"https:\/\/www.meridian.ba\/en\/mini-sistemi-polica\/\" class=\"elementor-item\">Mini Shelving Systems<\/a><\/li>\n<li class=\"menu-item menu-item-type-post_type menu-item-object-page menu-item-18702\"><a href=\"https:\/\/www.meridian.ba\/en\/pro-sistemi-polica\/\" class=\"elementor-item\">Pro Shelving Systems<\/a><\/li>\n<li class=\"menu-item menu-item-type-post_type menu-item-object-page menu-item-18703\"><a href=\"https:\/\/www.meridian.ba\/en\/polica-za-gradjevinski-materijal\/\" class=\"elementor-item\">Shelf For Construction Materials<\/a><\/li>\n<\/ul>\t\t\t<\/nav>\n\t\t\t\t\t<div class=\"elementor-menu-toggle\" role=\"button\" tabindex=\"0\" aria-label=\"Menu Toggle\" aria-expanded=\"false\">\n\t\t\t<i aria-hidden=\"true\" role=\"presentation\" class=\"elementor-menu-toggle__icon--open eicon-menu-bar\"><\/i><i aria-hidden=\"true\" role=\"presentation\" class=\"elementor-menu-toggle__icon--close eicon-close\"><\/i>\t\t<\/div>\n\t\t\t\t\t<nav class=\"elementor-nav-menu--dropdown elementor-nav-menu__container\" aria-hidden=\"true\">\n\t\t\t\t<ul id=\"menu-2-2bc3fd5d\" class=\"elementor-nav-menu sm-vertical\"><li class=\"menu-item menu-item-type-post_type menu-item-object-page menu-item-18517\"><a href=\"https:\/\/www.meridian.ba\/en\/sistem-paletnog-regala-back-to-back\/\" class=\"elementor-item\" tabindex=\"-1\">Heavy Duty Racking Systems \u2013 Back To Back<\/a><\/li>\n<li class=\"menu-item menu-item-type-post_type menu-item-object-page menu-item-18586\"><a href=\"https:\/\/www.meridian.ba\/en\/sistemi-regala-za-teski-teret-cantilever\/\" class=\"elementor-item\" tabindex=\"-1\">Heavy Duty Racking Systems \u2013 Cantilever<\/a><\/li>\n<li class=\"menu-item menu-item-type-post_type menu-item-object-page menu-item-18585\"><a href=\"https:\/\/www.meridian.ba\/en\/sistemi-regala-za-teski-teret-clad-rack\/\" class=\"elementor-item\" tabindex=\"-1\">Heavy Duty Racking Systems \u2013 Clad Rack<\/a><\/li>\n<li class=\"menu-item menu-item-type-post_type menu-item-object-page menu-item-18704\"><a href=\"https:\/\/www.meridian.ba\/en\/sistemi-regala-za-teski-teret-drive-in\/\" class=\"elementor-item\" tabindex=\"-1\">Heavy Duty Racking Systems \u2013 Drive in<\/a><\/li>\n<li class=\"menu-item menu-item-type-post_type menu-item-object-page menu-item-18584\"><a href=\"https:\/\/www.meridian.ba\/en\/sistemi-regala-za-teski-teret-mezzanin\/\" class=\"elementor-item\" tabindex=\"-1\">Heavy Duty Racking Systems \u2013 Mezzanin<\/a><\/li>\n<li class=\"menu-item menu-item-type-post_type menu-item-object-page menu-item-18587\"><a href=\"https:\/\/www.meridian.ba\/en\/sistemi-regala-za-teski-teret-narrow-aisle\/\" class=\"elementor-item\" tabindex=\"-1\">Heavy Duty Racking Systems \u2013 Narrow Aisle<\/a><\/li>\n<li class=\"menu-item menu-item-type-post_type menu-item-object-page menu-item-18705\"><a href=\"https:\/\/www.meridian.ba\/en\/sistemi-regala-za-teski-teret-roller\/\" class=\"elementor-item\" tabindex=\"-1\">Heavy Duty Racking Systems \u2013 Roller<\/a><\/li>\n<li class=\"menu-item menu-item-type-post_type menu-item-object-page menu-item-18699\"><a href=\"https:\/\/www.meridian.ba\/en\/celicna-polica\/\" class=\"elementor-item\" tabindex=\"-1\">Steel Shelving Systems<\/a><\/li>\n<li class=\"menu-item menu-item-type-post_type menu-item-object-page menu-item-18700\"><a href=\"https:\/\/www.meridian.ba\/en\/midi-sistemi-polica\/\" class=\"elementor-item\" tabindex=\"-1\">Midi Shelving Systems<\/a><\/li>\n<li class=\"menu-item menu-item-type-post_type menu-item-object-page menu-item-18701\"><a href=\"https:\/\/www.meridian.ba\/en\/mini-sistemi-polica\/\" class=\"elementor-item\" tabindex=\"-1\">Mini Shelving Systems<\/a><\/li>\n<li class=\"menu-item menu-item-type-post_type menu-item-object-page menu-item-18702\"><a href=\"https:\/\/www.meridian.ba\/en\/pro-sistemi-polica\/\" class=\"elementor-item\" tabindex=\"-1\">Pro Shelving Systems<\/a><\/li>\n<li class=\"menu-item menu-item-type-post_type menu-item-object-page menu-item-18703\"><a href=\"https:\/\/www.meridian.ba\/en\/polica-za-gradjevinski-materijal\/\" class=\"elementor-item\" tabindex=\"-1\">Shelf For Construction Materials<\/a><\/li>\n<\/ul>\t\t\t<\/nav>\n\t\t\t\t\t\t<\/div>\n\t\t\t\t<\/div>\n\t\t\t\t\t<\/div>\n\t\t<\/div>\n\t\t\t\t<div class=\"elementor-column elementor-col-50 elementor-top-column elementor-element elementor-element-23d53ec9\" data-id=\"23d53ec9\" data-element_type=\"column\" data-e-type=\"column\">\n\t\t\t<div class=\"elementor-widget-wrap elementor-element-populated\">\n\t\t\t\t\t\t<div class=\"elementor-element elementor-element-438a0c7c elementor-arrows-position-inside elementor-pagination-position-outside elementor-widget elementor-widget-image-carousel\" data-id=\"438a0c7c\" data-element_type=\"widget\" data-e-type=\"widget\" data-settings=\"{&quot;slides_to_show&quot;:&quot;1&quot;,&quot;navigation&quot;:&quot;both&quot;,&quot;autoplay&quot;:&quot;yes&quot;,&quot;pause_on_hover&quot;:&quot;yes&quot;,&quot;pause_on_interaction&quot;:&quot;yes&quot;,&quot;autoplay_speed&quot;:5000,&quot;infinite&quot;:&quot;yes&quot;,&quot;effect&quot;:&quot;slide&quot;,&quot;speed&quot;:500}\" data-widget_type=\"image-carousel.default\">\n\t\t\t\t<div class=\"elementor-widget-container\">\n\t\t\t\t\t\t\t<div class=\"elementor-image-carousel-wrapper swiper\" role=\"region\" aria-roledescription=\"carousel\" aria-label=\"Vrtuljak slika\" dir=\"ltr\">\n\t\t\t<div class=\"elementor-image-carousel swiper-wrapper\" aria-live=\"off\">\n\t\t\t\t\t\t\t\t<div class=\"swiper-slide\" role=\"group\" aria-roledescription=\"slide\" aria-label=\"1 of 5\"><figure class=\"swiper-slide-inner\"><img decoding=\"async\" class=\"swiper-slide-image\" src=\"https:\/\/www.meridian.ba\/wp-content\/uploads\/2022\/01\/yapi-market-raf-sistemleri-600x600.jpg\" alt=\"yap\u0131-market-raf-sistemleri\" \/><\/figure><\/div><div class=\"swiper-slide\" role=\"group\" aria-roledescription=\"slide\" aria-label=\"2 of 5\"><figure class=\"swiper-slide-inner\"><img decoding=\"async\" class=\"swiper-slide-image\" src=\"https:\/\/www.meridian.ba\/wp-content\/uploads\/2022\/01\/Polica-za-gradevinski-materijal-1-600x600.jpg\" alt=\"Polica-za-gra\u0111evinski-materijal-1\" \/><\/figure><\/div><div class=\"swiper-slide\" role=\"group\" aria-roledescription=\"slide\" aria-label=\"3 of 5\"><figure class=\"swiper-slide-inner\"><img decoding=\"async\" class=\"swiper-slide-image\" src=\"https:\/\/www.meridian.ba\/wp-content\/uploads\/2022\/01\/Polica-za-gradevinski-materijal-2-600x600.jpg\" alt=\"Polica-za-gra\u0111evinski-materijal-2\" \/><\/figure><\/div><div class=\"swiper-slide\" role=\"group\" aria-roledescription=\"slide\" aria-label=\"4 of 5\"><figure class=\"swiper-slide-inner\"><img decoding=\"async\" class=\"swiper-slide-image\" src=\"https:\/\/www.meridian.ba\/wp-content\/uploads\/2022\/01\/Polica-za-gradevinski-materijal-3-600x600.jpg\" alt=\"Polica-za-gra\u0111evinski-materijal-3\" \/><\/figure><\/div><div class=\"swiper-slide\" role=\"group\" aria-roledescription=\"slide\" aria-label=\"5 of 5\"><figure class=\"swiper-slide-inner\"><img decoding=\"async\" class=\"swiper-slide-image\" src=\"https:\/\/www.meridian.ba\/wp-content\/uploads\/2022\/01\/yapi-market-raf-sistemleri-1-600x600.jpg\" alt=\"yap\u0131-market-raf-sistemleri-1\" \/><\/figure><\/div>\t\t\t<\/div>\n\t\t\t\t\t\t\t\t\t\t\t\t<div class=\"elementor-swiper-button elementor-swiper-button-prev\" role=\"button\" tabindex=\"0\">\n\t\t\t\t\t\t<i aria-hidden=\"true\" class=\"eicon-chevron-left\"><\/i>\t\t\t\t\t<\/div>\n\t\t\t\t\t<div class=\"elementor-swiper-button elementor-swiper-button-next\" role=\"button\" tabindex=\"0\">\n\t\t\t\t\t\t<i aria-hidden=\"true\" class=\"eicon-chevron-right\"><\/i>\t\t\t\t\t<\/div>\n\t\t\t\t\n\t\t\t\t\t\t\t\t\t<div class=\"swiper-pagination\"><\/div>\n\t\t\t\t\t\t\t\t\t<\/div>\n\t\t\t\t\t\t<\/div>\n\t\t\t\t<\/div>\n\t\t\t\t\t<\/div>\n\t\t<\/div>\n\t\t\t\t\t<\/div>\n\t\t<\/section>\n\t\t\t\t<section class=\"elementor-section elementor-top-section elementor-element elementor-element-44a3acc4 elementor-section-boxed elementor-section-height-default elementor-section-height-default\" data-id=\"44a3acc4\" data-element_type=\"section\" data-e-type=\"section\">\n\t\t\t\t\t\t<div class=\"elementor-container elementor-column-gap-default\">\n\t\t\t\t\t<div class=\"elementor-column elementor-col-50 elementor-top-column elementor-element elementor-element-187c076c\" data-id=\"187c076c\" data-element_type=\"column\" data-e-type=\"column\">\n\t\t\t<div class=\"elementor-widget-wrap\">\n\t\t\t\t\t\t\t<\/div>\n\t\t<\/div>\n\t\t\t\t<div class=\"elementor-column elementor-col-50 elementor-top-column elementor-element elementor-element-3752a1a9\" data-id=\"3752a1a9\" data-element_type=\"column\" data-e-type=\"column\">\n\t\t\t<div class=\"elementor-widget-wrap elementor-element-populated\">\n\t\t\t\t\t\t<div class=\"elementor-element elementor-element-67908eea elementor-widget elementor-widget-heading\" data-id=\"67908eea\" data-element_type=\"widget\" data-e-type=\"widget\" data-widget_type=\"heading.default\">\n\t\t\t\t<div class=\"elementor-widget-container\">\n\t\t\t\t\t<h2 class=\"elementor-heading-title elementor-size-default\">Shelves For Construction Materials<\/h2>\t\t\t\t<\/div>\n\t\t\t\t<\/div>\n\t\t\t\t\t<\/div>\n\t\t<\/div>\n\t\t\t\t\t<\/div>\n\t\t<\/section>\n\t\t\t\t<\/div>","protected":false},"excerpt":{"rendered":"<p>Polica za gra\u0111evinski materijal Previous Next Polica Za Gra\u0111evinski Materijal\u200b<\/p>","protected":false},"author":2,"featured_media":0,"parent":0,"menu_order":0,"comment_status":"closed","ping_status":"closed","template":"","meta":{"footnotes":""},"class_list":["post-18650","page","type-page","status-publish","hentry","entry","owp-thumbs-layout-horizontal","owp-btn-normal","owp-tabs-layout-horizontal","has-no-thumbnails","has-product-nav"],"yoast_head":"<!-- This site is optimized with the Yoast SEO plugin v27.4 - https:\/\/yoast.com\/product\/yoast-seo-wordpress\/ -->\n<title>Polica za gra\u0111evinski materijal - Meridian Group<\/title>\n<meta name=\"robots\" content=\"index, follow, max-snippet:-1, max-image-preview:large, max-video-preview:-1\" \/>\n<link rel=\"canonical\" href=\"https:\/\/www.meridian.ba\/en\/polica-za-gradjevinski-materijal\/\" \/>\n<meta property=\"og:locale\" content=\"en_US\" \/>\n<meta property=\"og:type\" content=\"article\" \/>\n<meta property=\"og:title\" content=\"Polica za gra\u0111evinski materijal - Meridian Group\" \/>\n<meta property=\"og:description\" content=\"Polica za gra\u0111evinski materijal Previous Next Polica Za Gra\u0111evinski Materijal\u200b\" \/>\n<meta property=\"og:url\" content=\"https:\/\/www.meridian.ba\/en\/polica-za-gradjevinski-materijal\/\" \/>\n<meta property=\"og:site_name\" content=\"Meridian Group\" \/>\n<meta property=\"article:publisher\" content=\"https:\/\/www.facebook.com\/meridian.ba\" \/>\n<meta property=\"article:modified_time\" content=\"2022-01-06T12:42:21+00:00\" \/>\n<meta property=\"og:image\" content=\"https:\/\/www.meridian.ba\/wp-content\/uploads\/2022\/01\/yapi-market-raf-sistemleri-600x600.jpg\" \/>\n<meta name=\"twitter:card\" content=\"summary_large_image\" \/>\n<meta name=\"twitter:site\" content=\"@MeridianGroup2\" \/>\n<script type=\"application\/ld+json\" class=\"yoast-schema-graph\">{\"@context\":\"https:\\\/\\\/schema.org\",\"@graph\":[{\"@type\":\"WebPage\",\"@id\":\"https:\\\/\\\/www.meridian.ba\\\/polica-za-gradjevinski-materijal\\\/\",\"url\":\"https:\\\/\\\/www.meridian.ba\\\/polica-za-gradjevinski-materijal\\\/\",\"name\":\"Polica za gra\u0111evinski materijal - Meridian Group\",\"isPartOf\":{\"@id\":\"https:\\\/\\\/www.meridian.ba\\\/#website\"},\"primaryImageOfPage\":{\"@id\":\"https:\\\/\\\/www.meridian.ba\\\/polica-za-gradjevinski-materijal\\\/#primaryimage\"},\"image\":{\"@id\":\"https:\\\/\\\/www.meridian.ba\\\/polica-za-gradjevinski-materijal\\\/#primaryimage\"},\"thumbnailUrl\":\"https:\\\/\\\/www.meridian.ba\\\/wp-content\\\/uploads\\\/2022\\\/01\\\/yapi-market-raf-sistemleri-600x600.jpg\",\"datePublished\":\"2022-01-06T12:02:46+00:00\",\"dateModified\":\"2022-01-06T12:42:21+00:00\",\"breadcrumb\":{\"@id\":\"https:\\\/\\\/www.meridian.ba\\\/polica-za-gradjevinski-materijal\\\/#breadcrumb\"},\"inLanguage\":\"en-US\",\"potentialAction\":[{\"@type\":\"ReadAction\",\"target\":[\"https:\\\/\\\/www.meridian.ba\\\/polica-za-gradjevinski-materijal\\\/\"]}]},{\"@type\":\"ImageObject\",\"inLanguage\":\"en-US\",\"@id\":\"https:\\\/\\\/www.meridian.ba\\\/polica-za-gradjevinski-materijal\\\/#primaryimage\",\"url\":\"https:\\\/\\\/www.meridian.ba\\\/wp-content\\\/uploads\\\/2022\\\/01\\\/yapi-market-raf-sistemleri-600x600.jpg\",\"contentUrl\":\"https:\\\/\\\/www.meridian.ba\\\/wp-content\\\/uploads\\\/2022\\\/01\\\/yapi-market-raf-sistemleri-600x600.jpg\"},{\"@type\":\"BreadcrumbList\",\"@id\":\"https:\\\/\\\/www.meridian.ba\\\/polica-za-gradjevinski-materijal\\\/#breadcrumb\",\"itemListElement\":[{\"@type\":\"ListItem\",\"position\":1,\"name\":\"Home\",\"item\":\"https:\\\/\\\/www.meridian.ba\\\/\"},{\"@type\":\"ListItem\",\"position\":2,\"name\":\"Polica za gra\u0111evinski materijal\"}]},{\"@type\":\"WebSite\",\"@id\":\"https:\\\/\\\/www.meridian.ba\\\/#website\",\"url\":\"https:\\\/\\\/www.meridian.ba\\\/\",\"name\":\"Meridian Group\",\"description\":\"Rje\u0161enja pakovanja i skladi\u0161tenja\",\"potentialAction\":[{\"@type\":\"SearchAction\",\"target\":{\"@type\":\"EntryPoint\",\"urlTemplate\":\"https:\\\/\\\/www.meridian.ba\\\/?s={search_term_string}\"},\"query-input\":{\"@type\":\"PropertyValueSpecification\",\"valueRequired\":true,\"valueName\":\"search_term_string\"}}],\"inLanguage\":\"en-US\"}]}<\/script>\n<!-- \/ Yoast SEO plugin. -->","yoast_head_json":{"title":"Polica za gra\u0111evinski materijal - Meridian Group","robots":{"index":"index","follow":"follow","max-snippet":"max-snippet:-1","max-image-preview":"max-image-preview:large","max-video-preview":"max-video-preview:-1"},"canonical":"https:\/\/www.meridian.ba\/en\/polica-za-gradjevinski-materijal\/","og_locale":"en_US","og_type":"article","og_title":"Polica za gra\u0111evinski materijal - Meridian Group","og_description":"Polica za gra\u0111evinski materijal Previous Next Polica Za Gra\u0111evinski Materijal\u200b","og_url":"https:\/\/www.meridian.ba\/en\/polica-za-gradjevinski-materijal\/","og_site_name":"Meridian Group","article_publisher":"https:\/\/www.facebook.com\/meridian.ba","article_modified_time":"2022-01-06T12:42:21+00:00","og_image":[{"url":"https:\/\/www.meridian.ba\/wp-content\/uploads\/2022\/01\/yapi-market-raf-sistemleri-600x600.jpg","type":"","width":"","height":""}],"twitter_card":"summary_large_image","twitter_site":"@MeridianGroup2","schema":{"@context":"https:\/\/schema.org","@graph":[{"@type":"WebPage","@id":"https:\/\/www.meridian.ba\/polica-za-gradjevinski-materijal\/","url":"https:\/\/www.meridian.ba\/polica-za-gradjevinski-materijal\/","name":"Polica za gra\u0111evinski materijal - Meridian Group","isPartOf":{"@id":"https:\/\/www.meridian.ba\/#website"},"primaryImageOfPage":{"@id":"https:\/\/www.meridian.ba\/polica-za-gradjevinski-materijal\/#primaryimage"},"image":{"@id":"https:\/\/www.meridian.ba\/polica-za-gradjevinski-materijal\/#primaryimage"},"thumbnailUrl":"https:\/\/www.meridian.ba\/wp-content\/uploads\/2022\/01\/yapi-market-raf-sistemleri-600x600.jpg","datePublished":"2022-01-06T12:02:46+00:00","dateModified":"2022-01-06T12:42:21+00:00","breadcrumb":{"@id":"https:\/\/www.meridian.ba\/polica-za-gradjevinski-materijal\/#breadcrumb"},"inLanguage":"en-US","potentialAction":[{"@type":"ReadAction","target":["https:\/\/www.meridian.ba\/polica-za-gradjevinski-materijal\/"]}]},{"@type":"ImageObject","inLanguage":"en-US","@id":"https:\/\/www.meridian.ba\/polica-za-gradjevinski-materijal\/#primaryimage","url":"https:\/\/www.meridian.ba\/wp-content\/uploads\/2022\/01\/yapi-market-raf-sistemleri-600x600.jpg","contentUrl":"https:\/\/www.meridian.ba\/wp-content\/uploads\/2022\/01\/yapi-market-raf-sistemleri-600x600.jpg"},{"@type":"BreadcrumbList","@id":"https:\/\/www.meridian.ba\/polica-za-gradjevinski-materijal\/#breadcrumb","itemListElement":[{"@type":"ListItem","position":1,"name":"Home","item":"https:\/\/www.meridian.ba\/"},{"@type":"ListItem","position":2,"name":"Polica za gra\u0111evinski materijal"}]},{"@type":"WebSite","@id":"https:\/\/www.meridian.ba\/#website","url":"https:\/\/www.meridian.ba\/","name":"Meridian Group","description":"Rje\u0161enja pakovanja i skladi\u0161tenja","potentialAction":[{"@type":"SearchAction","target":{"@type":"EntryPoint","urlTemplate":"https:\/\/www.meridian.ba\/?s={search_term_string}"},"query-input":{"@type":"PropertyValueSpecification","valueRequired":true,"valueName":"search_term_string"}}],"inLanguage":"en-US"}]}},"_links":{"self":[{"href":"https:\/\/www.meridian.ba\/en\/wp-json\/wp\/v2\/pages\/18650","targetHints":{"allow":["GET"]}}],"collection":[{"href":"https:\/\/www.meridian.ba\/en\/wp-json\/wp\/v2\/pages"}],"about":[{"href":"https:\/\/www.meridian.ba\/en\/wp-json\/wp\/v2\/types\/page"}],"author":[{"embeddable":true,"href":"https:\/\/www.meridian.ba\/en\/wp-json\/wp\/v2\/users\/2"}],"replies":[{"embeddable":true,"href":"https:\/\/www.meridian.ba\/en\/wp-json\/wp\/v2\/comments?post=18650"}],"version-history":[{"count":7,"href":"https:\/\/www.meridian.ba\/en\/wp-json\/wp\/v2\/pages\/18650\/revisions"}],"predecessor-version":[{"id":18748,"href":"https:\/\/www.meridian.ba\/en\/wp-json\/wp\/v2\/pages\/18650\/revisions\/18748"}],"wp:attachment":[{"href":"https:\/\/www.meridian.ba\/en\/wp-json\/wp\/v2\/media?parent=18650"}],"curies":[{"name":"wp","href":"https:\/\/api.w.org\/{rel}","templated":true}]}}