{"id":18639,"date":"2022-01-06T11:54:44","date_gmt":"2022-01-06T11:54:44","guid":{"rendered":"https:\/\/www.meridian.ba\/?page_id=18639"},"modified":"2022-02-05T14:20:42","modified_gmt":"2022-02-05T14:20:42","slug":"sistemi-regala-za-teski-teret-drive-in","status":"publish","type":"page","link":"https:\/\/www.meridian.ba\/en\/sistemi-regala-za-teski-teret-drive-in\/","title":{"rendered":"Sistemi Regala Za Te\u0161ki Teret &#8211; Drive in"},"content":{"rendered":"<div data-elementor-type=\"wp-page\" data-elementor-id=\"18639\" class=\"elementor elementor-18639\" data-elementor-post-type=\"page\">\n\t\t\t\t\t\t<section class=\"elementor-section elementor-top-section elementor-element elementor-element-452e3ab3 elementor-section-boxed elementor-section-height-default elementor-section-height-default\" data-id=\"452e3ab3\" data-element_type=\"section\" data-e-type=\"section\">\n\t\t\t\t\t\t<div class=\"elementor-container elementor-column-gap-default\">\n\t\t\t\t\t<div class=\"elementor-column elementor-col-100 elementor-top-column elementor-element elementor-element-5744cdde\" data-id=\"5744cdde\" data-element_type=\"column\" data-e-type=\"column\">\n\t\t\t<div class=\"elementor-widget-wrap elementor-element-populated\">\n\t\t\t\t\t\t<div class=\"elementor-element elementor-element-5e6ec286 elementor-widget elementor-widget-heading\" data-id=\"5e6ec286\" data-element_type=\"widget\" data-e-type=\"widget\" data-widget_type=\"heading.default\">\n\t\t\t\t<div class=\"elementor-widget-container\">\n\t\t\t\t\t<h1 class=\"elementor-heading-title elementor-size-default\">Heavy Duty Racking Systems \u2013 Drive in<\/h1>\t\t\t\t<\/div>\n\t\t\t\t<\/div>\n\t\t\t\t\t<\/div>\n\t\t<\/div>\n\t\t\t\t\t<\/div>\n\t\t<\/section>\n\t\t\t\t<section class=\"elementor-section elementor-top-section elementor-element elementor-element-1ffece41 elementor-section-boxed elementor-section-height-default elementor-section-height-default\" data-id=\"1ffece41\" data-element_type=\"section\" data-e-type=\"section\">\n\t\t\t\t\t\t<div class=\"elementor-container elementor-column-gap-default\">\n\t\t\t\t\t<div class=\"elementor-column elementor-col-50 elementor-top-column elementor-element elementor-element-3de900fe\" data-id=\"3de900fe\" data-element_type=\"column\" data-e-type=\"column\">\n\t\t\t<div class=\"elementor-widget-wrap elementor-element-populated\">\n\t\t\t\t\t\t<div class=\"elementor-element elementor-element-657d1ac1 elementor-nav-menu__align-start elementor-nav-menu--dropdown-tablet elementor-nav-menu__text-align-aside elementor-nav-menu--toggle elementor-nav-menu--burger elementor-widget elementor-widget-nav-menu\" data-id=\"657d1ac1\" data-element_type=\"widget\" data-e-type=\"widget\" data-settings=\"{&quot;layout&quot;:&quot;vertical&quot;,&quot;submenu_icon&quot;:{&quot;value&quot;:&quot;&lt;i class=\\&quot;fas fa-chevron-down\\&quot; aria-hidden=\\&quot;true\\&quot;&gt;&lt;\\\/i&gt;&quot;,&quot;library&quot;:&quot;fa-solid&quot;},&quot;toggle&quot;:&quot;burger&quot;}\" data-widget_type=\"nav-menu.default\">\n\t\t\t\t<div class=\"elementor-widget-container\">\n\t\t\t\t\t\t\t\t<nav aria-label=\"Menu\" class=\"elementor-nav-menu--main elementor-nav-menu__container elementor-nav-menu--layout-vertical e--pointer-underline e--animation-fade\">\n\t\t\t\t<ul id=\"menu-1-657d1ac1\" class=\"elementor-nav-menu sm-vertical\"><li class=\"menu-item menu-item-type-post_type menu-item-object-page menu-item-18517\"><a href=\"https:\/\/www.meridian.ba\/en\/sistem-paletnog-regala-back-to-back\/\" class=\"elementor-item\">Heavy Duty Racking Systems \u2013 Back To Back<\/a><\/li>\n<li class=\"menu-item menu-item-type-post_type menu-item-object-page menu-item-18586\"><a href=\"https:\/\/www.meridian.ba\/en\/sistemi-regala-za-teski-teret-cantilever\/\" class=\"elementor-item\">Heavy Duty Racking Systems \u2013 Cantilever<\/a><\/li>\n<li class=\"menu-item menu-item-type-post_type menu-item-object-page menu-item-18585\"><a href=\"https:\/\/www.meridian.ba\/en\/sistemi-regala-za-teski-teret-clad-rack\/\" class=\"elementor-item\">Heavy Duty Racking Systems \u2013 Clad Rack<\/a><\/li>\n<li class=\"menu-item menu-item-type-post_type menu-item-object-page menu-item-18704\"><a href=\"https:\/\/www.meridian.ba\/en\/sistemi-regala-za-teski-teret-drive-in\/\" class=\"elementor-item\">Heavy Duty Racking Systems \u2013 Drive in<\/a><\/li>\n<li class=\"menu-item menu-item-type-post_type menu-item-object-page menu-item-18584\"><a href=\"https:\/\/www.meridian.ba\/en\/sistemi-regala-za-teski-teret-mezzanin\/\" class=\"elementor-item\">Heavy Duty Racking Systems \u2013 Mezzanin<\/a><\/li>\n<li class=\"menu-item menu-item-type-post_type menu-item-object-page menu-item-18587\"><a href=\"https:\/\/www.meridian.ba\/en\/sistemi-regala-za-teski-teret-narrow-aisle\/\" class=\"elementor-item\">Heavy Duty Racking Systems \u2013 Narrow Aisle<\/a><\/li>\n<li class=\"menu-item menu-item-type-post_type menu-item-object-page menu-item-18705\"><a href=\"https:\/\/www.meridian.ba\/en\/sistemi-regala-za-teski-teret-roller\/\" class=\"elementor-item\">Heavy Duty Racking Systems \u2013 Roller<\/a><\/li>\n<li class=\"menu-item menu-item-type-post_type menu-item-object-page menu-item-18699\"><a href=\"https:\/\/www.meridian.ba\/en\/celicna-polica\/\" class=\"elementor-item\">Steel Shelving Systems<\/a><\/li>\n<li class=\"menu-item menu-item-type-post_type menu-item-object-page menu-item-18700\"><a href=\"https:\/\/www.meridian.ba\/en\/midi-sistemi-polica\/\" class=\"elementor-item\">Midi Shelving Systems<\/a><\/li>\n<li class=\"menu-item menu-item-type-post_type menu-item-object-page menu-item-18701\"><a href=\"https:\/\/www.meridian.ba\/en\/mini-sistemi-polica\/\" class=\"elementor-item\">Mini Shelving Systems<\/a><\/li>\n<li class=\"menu-item menu-item-type-post_type menu-item-object-page menu-item-18702\"><a href=\"https:\/\/www.meridian.ba\/en\/pro-sistemi-polica\/\" class=\"elementor-item\">Pro Shelving Systems<\/a><\/li>\n<li class=\"menu-item menu-item-type-post_type menu-item-object-page menu-item-18703\"><a href=\"https:\/\/www.meridian.ba\/en\/polica-za-gradjevinski-materijal\/\" class=\"elementor-item\">Shelf For Construction Materials<\/a><\/li>\n<\/ul>\t\t\t<\/nav>\n\t\t\t\t\t<div class=\"elementor-menu-toggle\" role=\"button\" tabindex=\"0\" aria-label=\"Menu Toggle\" aria-expanded=\"false\">\n\t\t\t<i aria-hidden=\"true\" role=\"presentation\" class=\"elementor-menu-toggle__icon--open eicon-menu-bar\"><\/i><i aria-hidden=\"true\" role=\"presentation\" class=\"elementor-menu-toggle__icon--close eicon-close\"><\/i>\t\t<\/div>\n\t\t\t\t\t<nav class=\"elementor-nav-menu--dropdown elementor-nav-menu__container\" aria-hidden=\"true\">\n\t\t\t\t<ul id=\"menu-2-657d1ac1\" class=\"elementor-nav-menu sm-vertical\"><li class=\"menu-item menu-item-type-post_type menu-item-object-page menu-item-18517\"><a href=\"https:\/\/www.meridian.ba\/en\/sistem-paletnog-regala-back-to-back\/\" class=\"elementor-item\" tabindex=\"-1\">Heavy Duty Racking Systems \u2013 Back To Back<\/a><\/li>\n<li class=\"menu-item menu-item-type-post_type menu-item-object-page menu-item-18586\"><a href=\"https:\/\/www.meridian.ba\/en\/sistemi-regala-za-teski-teret-cantilever\/\" class=\"elementor-item\" tabindex=\"-1\">Heavy Duty Racking Systems \u2013 Cantilever<\/a><\/li>\n<li class=\"menu-item menu-item-type-post_type menu-item-object-page menu-item-18585\"><a href=\"https:\/\/www.meridian.ba\/en\/sistemi-regala-za-teski-teret-clad-rack\/\" class=\"elementor-item\" tabindex=\"-1\">Heavy Duty Racking Systems \u2013 Clad Rack<\/a><\/li>\n<li class=\"menu-item menu-item-type-post_type menu-item-object-page menu-item-18704\"><a href=\"https:\/\/www.meridian.ba\/en\/sistemi-regala-za-teski-teret-drive-in\/\" class=\"elementor-item\" tabindex=\"-1\">Heavy Duty Racking Systems \u2013 Drive in<\/a><\/li>\n<li class=\"menu-item menu-item-type-post_type menu-item-object-page menu-item-18584\"><a href=\"https:\/\/www.meridian.ba\/en\/sistemi-regala-za-teski-teret-mezzanin\/\" class=\"elementor-item\" tabindex=\"-1\">Heavy Duty Racking Systems \u2013 Mezzanin<\/a><\/li>\n<li class=\"menu-item menu-item-type-post_type menu-item-object-page menu-item-18587\"><a href=\"https:\/\/www.meridian.ba\/en\/sistemi-regala-za-teski-teret-narrow-aisle\/\" class=\"elementor-item\" tabindex=\"-1\">Heavy Duty Racking Systems \u2013 Narrow Aisle<\/a><\/li>\n<li class=\"menu-item menu-item-type-post_type menu-item-object-page menu-item-18705\"><a href=\"https:\/\/www.meridian.ba\/en\/sistemi-regala-za-teski-teret-roller\/\" class=\"elementor-item\" tabindex=\"-1\">Heavy Duty Racking Systems \u2013 Roller<\/a><\/li>\n<li class=\"menu-item menu-item-type-post_type menu-item-object-page menu-item-18699\"><a href=\"https:\/\/www.meridian.ba\/en\/celicna-polica\/\" class=\"elementor-item\" tabindex=\"-1\">Steel Shelving Systems<\/a><\/li>\n<li class=\"menu-item menu-item-type-post_type menu-item-object-page menu-item-18700\"><a href=\"https:\/\/www.meridian.ba\/en\/midi-sistemi-polica\/\" class=\"elementor-item\" tabindex=\"-1\">Midi Shelving Systems<\/a><\/li>\n<li class=\"menu-item menu-item-type-post_type menu-item-object-page menu-item-18701\"><a href=\"https:\/\/www.meridian.ba\/en\/mini-sistemi-polica\/\" class=\"elementor-item\" tabindex=\"-1\">Mini Shelving Systems<\/a><\/li>\n<li class=\"menu-item menu-item-type-post_type menu-item-object-page menu-item-18702\"><a href=\"https:\/\/www.meridian.ba\/en\/pro-sistemi-polica\/\" class=\"elementor-item\" tabindex=\"-1\">Pro Shelving Systems<\/a><\/li>\n<li class=\"menu-item menu-item-type-post_type menu-item-object-page menu-item-18703\"><a href=\"https:\/\/www.meridian.ba\/en\/polica-za-gradjevinski-materijal\/\" class=\"elementor-item\" tabindex=\"-1\">Shelf For Construction Materials<\/a><\/li>\n<\/ul>\t\t\t<\/nav>\n\t\t\t\t\t\t<\/div>\n\t\t\t\t<\/div>\n\t\t\t\t\t<\/div>\n\t\t<\/div>\n\t\t\t\t<div class=\"elementor-column elementor-col-50 elementor-top-column elementor-element elementor-element-35d281a2\" data-id=\"35d281a2\" data-element_type=\"column\" data-e-type=\"column\">\n\t\t\t<div class=\"elementor-widget-wrap elementor-element-populated\">\n\t\t\t\t\t\t<div class=\"elementor-element elementor-element-38d6d86 elementor-arrows-position-inside elementor-pagination-position-outside elementor-widget elementor-widget-image-carousel\" data-id=\"38d6d86\" data-element_type=\"widget\" data-e-type=\"widget\" data-settings=\"{&quot;slides_to_show&quot;:&quot;1&quot;,&quot;navigation&quot;:&quot;both&quot;,&quot;autoplay&quot;:&quot;yes&quot;,&quot;pause_on_hover&quot;:&quot;yes&quot;,&quot;pause_on_interaction&quot;:&quot;yes&quot;,&quot;autoplay_speed&quot;:5000,&quot;infinite&quot;:&quot;yes&quot;,&quot;effect&quot;:&quot;slide&quot;,&quot;speed&quot;:500}\" data-widget_type=\"image-carousel.default\">\n\t\t\t\t<div class=\"elementor-widget-container\">\n\t\t\t\t\t\t\t<div class=\"elementor-image-carousel-wrapper swiper\" role=\"region\" aria-roledescription=\"carousel\" aria-label=\"Image Carousel\" dir=\"ltr\">\n\t\t\t<div class=\"elementor-image-carousel swiper-wrapper\" aria-live=\"off\">\n\t\t\t\t\t\t\t\t<div class=\"swiper-slide\" role=\"group\" aria-roledescription=\"slide\" aria-label=\"1 of 6\" data-no-translation-aria-label=\"\"><figure class=\"swiper-slide-inner\"><img decoding=\"async\" class=\"swiper-slide-image\" src=\"https:\/\/www.meridian.ba\/wp-content\/uploads\/2022\/01\/DRIVE-IN-Racking-Systems-600x600.jpg\" alt=\"DRIVE-IN-Racking-Systems\" \/><\/figure><\/div><div class=\"swiper-slide\" role=\"group\" aria-roledescription=\"slide\" aria-label=\"2 of 6\" data-no-translation-aria-label=\"\"><figure class=\"swiper-slide-inner\"><img decoding=\"async\" class=\"swiper-slide-image\" src=\"https:\/\/www.meridian.ba\/wp-content\/uploads\/2022\/01\/DRIVE-IN-Racking-Systems-1-600x600.jpg\" alt=\"DRIVE-IN-Racking-Systems-1\" \/><\/figure><\/div><div class=\"swiper-slide\" role=\"group\" aria-roledescription=\"slide\" aria-label=\"3 of 6\" data-no-translation-aria-label=\"\"><figure class=\"swiper-slide-inner\"><img decoding=\"async\" class=\"swiper-slide-image\" src=\"https:\/\/www.meridian.ba\/wp-content\/uploads\/2022\/01\/DRIVE-IN-Racking-Systems-2-600x600.jpg\" alt=\"DRIVE-IN-Racking-Systems-2\" \/><\/figure><\/div><div class=\"swiper-slide\" role=\"group\" aria-roledescription=\"slide\" aria-label=\"4 of 6\" data-no-translation-aria-label=\"\"><figure class=\"swiper-slide-inner\"><img decoding=\"async\" class=\"swiper-slide-image\" src=\"https:\/\/www.meridian.ba\/wp-content\/uploads\/2022\/01\/DRIVE-IN-Racking-Systems-3-600x600.jpg\" alt=\"DRIVE-IN-Racking-Systems-3\" \/><\/figure><\/div><div class=\"swiper-slide\" role=\"group\" aria-roledescription=\"slide\" aria-label=\"5 of 6\" data-no-translation-aria-label=\"\"><figure class=\"swiper-slide-inner\"><img decoding=\"async\" class=\"swiper-slide-image\" src=\"https:\/\/www.meridian.ba\/wp-content\/uploads\/2022\/01\/DRIVE-IN-Racking-Systems-4-600x600.jpg\" alt=\"DRIVE-IN-Racking-Systems-4\" \/><\/figure><\/div><div class=\"swiper-slide\" role=\"group\" aria-roledescription=\"slide\" aria-label=\"6 of 6\" data-no-translation-aria-label=\"\"><figure class=\"swiper-slide-inner\"><img decoding=\"async\" class=\"swiper-slide-image\" src=\"https:\/\/www.meridian.ba\/wp-content\/uploads\/2022\/01\/DRIVE-IN-Racking-Systems-5-600x600.jpg\" alt=\"DRIVE-IN-Racking-Systems-5\" \/><\/figure><\/div>\t\t\t<\/div>\n\t\t\t\t\t\t\t\t\t\t\t\t<div class=\"elementor-swiper-button elementor-swiper-button-prev\" role=\"button\" tabindex=\"0\">\n\t\t\t\t\t\t<i aria-hidden=\"true\" class=\"eicon-chevron-left\"><\/i>\t\t\t\t\t<\/div>\n\t\t\t\t\t<div class=\"elementor-swiper-button elementor-swiper-button-next\" role=\"button\" tabindex=\"0\">\n\t\t\t\t\t\t<i aria-hidden=\"true\" class=\"eicon-chevron-right\"><\/i>\t\t\t\t\t<\/div>\n\t\t\t\t\n\t\t\t\t\t\t\t\t\t<div class=\"swiper-pagination\"><\/div>\n\t\t\t\t\t\t\t\t\t<\/div>\n\t\t\t\t\t\t<\/div>\n\t\t\t\t<\/div>\n\t\t\t\t\t<\/div>\n\t\t<\/div>\n\t\t\t\t\t<\/div>\n\t\t<\/section>\n\t\t\t\t<section class=\"elementor-section elementor-top-section elementor-element elementor-element-685a2cf0 elementor-section-boxed elementor-section-height-default elementor-section-height-default\" data-id=\"685a2cf0\" data-element_type=\"section\" data-e-type=\"section\">\n\t\t\t\t\t\t<div class=\"elementor-container elementor-column-gap-default\">\n\t\t\t\t\t<div class=\"elementor-column elementor-col-50 elementor-top-column elementor-element elementor-element-61662c9e\" data-id=\"61662c9e\" data-element_type=\"column\" data-e-type=\"column\">\n\t\t\t<div class=\"elementor-widget-wrap\">\n\t\t\t\t\t\t\t<\/div>\n\t\t<\/div>\n\t\t\t\t<div class=\"elementor-column elementor-col-50 elementor-top-column elementor-element elementor-element-32224781\" data-id=\"32224781\" data-element_type=\"column\" data-e-type=\"column\">\n\t\t\t<div class=\"elementor-widget-wrap elementor-element-populated\">\n\t\t\t\t\t\t<div class=\"elementor-element elementor-element-6a6cc1a8 elementor-widget elementor-widget-heading\" data-id=\"6a6cc1a8\" data-element_type=\"widget\" data-e-type=\"widget\" data-widget_type=\"heading.default\">\n\t\t\t\t<div class=\"elementor-widget-container\">\n\t\t\t\t\t<h2 class=\"elementor-heading-title elementor-size-default\">Drive-in\/Drive Through Racking Systems<\/h2>\t\t\t\t<\/div>\n\t\t\t\t<\/div>\n\t\t\t\t<div class=\"elementor-element elementor-element-f5338d2 elementor-widget elementor-widget-text-editor\" data-id=\"f5338d2\" data-element_type=\"widget\" data-e-type=\"widget\" data-widget_type=\"text-editor.default\">\n\t\t\t\t<div class=\"elementor-widget-container\">\n\t\t\t\t\t\t\t\t\t<p>Drive in Warehouse Rack Systems, since there is no corridor between the units, it ensures the highest utilization of the warehouse space. For this reason, it is one of the most efficient systems.<\/p><p>It is ideal for storing multiple palletized products of the same quality. The forklift moves inside the system and stores your pallets from top to bottom. For this reason, since it can be used with the first-in, last-out principle, it is preferred in areas where the same products will be stored.<\/p><p>However, if first-in, first-out (drive-through) is desired, it can be installed in systems with forklift movement areas in front of and behind the warehouse area.<\/p><p>The height of the system and floor spacing are determined by the height of your warehouse and the products you will store.<\/p><p>It saves time as it allows you to move quickly during loading and unloading.<\/p>\t\t\t\t\t\t\t\t<\/div>\n\t\t\t\t<\/div>\n\t\t\t\t\t<\/div>\n\t\t<\/div>\n\t\t\t\t\t<\/div>\n\t\t<\/section>\n\t\t\t\t<\/div>","protected":false},"excerpt":{"rendered":"<p>Sistemi Regala Za Te\u0161ki Teret &#8211; Drive in Previous Next Sistemi Polica Koje Ulaze Jedna u Drugu Ovaj sistem pru\u017ea najve\u0107u iskori\u0161tenost prostora u depou zato \u0161to izme\u0111u stubova nema prolaza. Zbog toga je ovo jedan od najefikasnijih sistema. Tako\u0111er je idealno za skladi\u0161tenje prozvoda koji se nalaze na mnogo paleta. Vilju\u0161kar na ovaj na\u010din [&hellip;]<\/p>\n","protected":false},"author":2,"featured_media":0,"parent":0,"menu_order":0,"comment_status":"closed","ping_status":"closed","template":"","meta":{"footnotes":""},"class_list":["post-18639","page","type-page","status-publish","hentry","entry","owp-thumbs-layout-horizontal","owp-btn-normal","owp-tabs-layout-horizontal","has-no-thumbnails","has-product-nav"],"yoast_head":"<!-- This site is optimized with the Yoast SEO plugin v27.4 - https:\/\/yoast.com\/product\/yoast-seo-wordpress\/ -->\n<title>Sistemi Regala Za Te\u0161ki Teret - Drive in - Meridian Group<\/title>\n<meta name=\"robots\" content=\"index, follow, max-snippet:-1, max-image-preview:large, max-video-preview:-1\" \/>\n<link rel=\"canonical\" href=\"https:\/\/www.meridian.ba\/en\/sistemi-regala-za-teski-teret-drive-in\/\" \/>\n<meta property=\"og:locale\" content=\"en_US\" \/>\n<meta property=\"og:type\" content=\"article\" \/>\n<meta property=\"og:title\" content=\"Sistemi Regala Za Te\u0161ki Teret - Drive in - Meridian Group\" \/>\n<meta property=\"og:description\" content=\"Sistemi Regala Za Te\u0161ki Teret &#8211; Drive in Previous Next Sistemi Polica Koje Ulaze Jedna u Drugu Ovaj sistem pru\u017ea najve\u0107u iskori\u0161tenost prostora u depou zato \u0161to izme\u0111u stubova nema prolaza. Zbog toga je ovo jedan od najefikasnijih sistema. Tako\u0111er je idealno za skladi\u0161tenje prozvoda koji se nalaze na mnogo paleta. Vilju\u0161kar na ovaj na\u010din [&hellip;]\" \/>\n<meta property=\"og:url\" content=\"https:\/\/www.meridian.ba\/en\/sistemi-regala-za-teski-teret-drive-in\/\" \/>\n<meta property=\"og:site_name\" content=\"Meridian Group\" \/>\n<meta property=\"article:publisher\" content=\"https:\/\/www.facebook.com\/meridian.ba\" \/>\n<meta property=\"article:modified_time\" content=\"2022-02-05T14:20:42+00:00\" \/>\n<meta property=\"og:image\" content=\"https:\/\/www.meridian.ba\/wp-content\/uploads\/2022\/01\/DRIVE-IN-Racking-Systems-600x600.jpg\" \/>\n<meta name=\"twitter:card\" content=\"summary_large_image\" \/>\n<meta name=\"twitter:site\" content=\"@MeridianGroup2\" \/>\n<meta name=\"twitter:label1\" content=\"Est. reading time\" \/>\n\t<meta name=\"twitter:data1\" content=\"1 minute\" \/>\n<script type=\"application\/ld+json\" class=\"yoast-schema-graph\">{\"@context\":\"https:\\\/\\\/schema.org\",\"@graph\":[{\"@type\":\"WebPage\",\"@id\":\"https:\\\/\\\/www.meridian.ba\\\/sistemi-regala-za-teski-teret-drive-in\\\/\",\"url\":\"https:\\\/\\\/www.meridian.ba\\\/sistemi-regala-za-teski-teret-drive-in\\\/\",\"name\":\"Sistemi Regala Za Te\u0161ki Teret - Drive in - Meridian Group\",\"isPartOf\":{\"@id\":\"https:\\\/\\\/www.meridian.ba\\\/#website\"},\"primaryImageOfPage\":{\"@id\":\"https:\\\/\\\/www.meridian.ba\\\/sistemi-regala-za-teski-teret-drive-in\\\/#primaryimage\"},\"image\":{\"@id\":\"https:\\\/\\\/www.meridian.ba\\\/sistemi-regala-za-teski-teret-drive-in\\\/#primaryimage\"},\"thumbnailUrl\":\"https:\\\/\\\/www.meridian.ba\\\/wp-content\\\/uploads\\\/2022\\\/01\\\/DRIVE-IN-Racking-Systems-600x600.jpg\",\"datePublished\":\"2022-01-06T11:54:44+00:00\",\"dateModified\":\"2022-02-05T14:20:42+00:00\",\"breadcrumb\":{\"@id\":\"https:\\\/\\\/www.meridian.ba\\\/sistemi-regala-za-teski-teret-drive-in\\\/#breadcrumb\"},\"inLanguage\":\"en-US\",\"potentialAction\":[{\"@type\":\"ReadAction\",\"target\":[\"https:\\\/\\\/www.meridian.ba\\\/sistemi-regala-za-teski-teret-drive-in\\\/\"]}]},{\"@type\":\"ImageObject\",\"inLanguage\":\"en-US\",\"@id\":\"https:\\\/\\\/www.meridian.ba\\\/sistemi-regala-za-teski-teret-drive-in\\\/#primaryimage\",\"url\":\"https:\\\/\\\/www.meridian.ba\\\/wp-content\\\/uploads\\\/2022\\\/01\\\/DRIVE-IN-Racking-Systems-600x600.jpg\",\"contentUrl\":\"https:\\\/\\\/www.meridian.ba\\\/wp-content\\\/uploads\\\/2022\\\/01\\\/DRIVE-IN-Racking-Systems-600x600.jpg\"},{\"@type\":\"BreadcrumbList\",\"@id\":\"https:\\\/\\\/www.meridian.ba\\\/sistemi-regala-za-teski-teret-drive-in\\\/#breadcrumb\",\"itemListElement\":[{\"@type\":\"ListItem\",\"position\":1,\"name\":\"Home\",\"item\":\"https:\\\/\\\/www.meridian.ba\\\/\"},{\"@type\":\"ListItem\",\"position\":2,\"name\":\"Sistemi Regala Za Te\u0161ki Teret &#8211; Drive in\"}]},{\"@type\":\"WebSite\",\"@id\":\"https:\\\/\\\/www.meridian.ba\\\/#website\",\"url\":\"https:\\\/\\\/www.meridian.ba\\\/\",\"name\":\"Meridian Group\",\"description\":\"Rje\u0161enja pakovanja i skladi\u0161tenja\",\"potentialAction\":[{\"@type\":\"SearchAction\",\"target\":{\"@type\":\"EntryPoint\",\"urlTemplate\":\"https:\\\/\\\/www.meridian.ba\\\/?s={search_term_string}\"},\"query-input\":{\"@type\":\"PropertyValueSpecification\",\"valueRequired\":true,\"valueName\":\"search_term_string\"}}],\"inLanguage\":\"en-US\"}]}<\/script>\n<!-- \/ Yoast SEO plugin. -->","yoast_head_json":{"title":"Sistemi Regala Za Te\u0161ki Teret - Drive in - Meridian Group","robots":{"index":"index","follow":"follow","max-snippet":"max-snippet:-1","max-image-preview":"max-image-preview:large","max-video-preview":"max-video-preview:-1"},"canonical":"https:\/\/www.meridian.ba\/en\/sistemi-regala-za-teski-teret-drive-in\/","og_locale":"en_US","og_type":"article","og_title":"Sistemi Regala Za Te\u0161ki Teret - Drive in - Meridian Group","og_description":"Sistemi Regala Za Te\u0161ki Teret &#8211; Drive in Previous Next Sistemi Polica Koje Ulaze Jedna u Drugu Ovaj sistem pru\u017ea najve\u0107u iskori\u0161tenost prostora u depou zato \u0161to izme\u0111u stubova nema prolaza. Zbog toga je ovo jedan od najefikasnijih sistema. Tako\u0111er je idealno za skladi\u0161tenje prozvoda koji se nalaze na mnogo paleta. Vilju\u0161kar na ovaj na\u010din [&hellip;]","og_url":"https:\/\/www.meridian.ba\/en\/sistemi-regala-za-teski-teret-drive-in\/","og_site_name":"Meridian Group","article_publisher":"https:\/\/www.facebook.com\/meridian.ba","article_modified_time":"2022-02-05T14:20:42+00:00","og_image":[{"url":"https:\/\/www.meridian.ba\/wp-content\/uploads\/2022\/01\/DRIVE-IN-Racking-Systems-600x600.jpg","type":"","width":"","height":""}],"twitter_card":"summary_large_image","twitter_site":"@MeridianGroup2","twitter_misc":{"Est. reading time":"1 minute"},"schema":{"@context":"https:\/\/schema.org","@graph":[{"@type":"WebPage","@id":"https:\/\/www.meridian.ba\/sistemi-regala-za-teski-teret-drive-in\/","url":"https:\/\/www.meridian.ba\/sistemi-regala-za-teski-teret-drive-in\/","name":"Sistemi Regala Za Te\u0161ki Teret - Drive in - Meridian Group","isPartOf":{"@id":"https:\/\/www.meridian.ba\/#website"},"primaryImageOfPage":{"@id":"https:\/\/www.meridian.ba\/sistemi-regala-za-teski-teret-drive-in\/#primaryimage"},"image":{"@id":"https:\/\/www.meridian.ba\/sistemi-regala-za-teski-teret-drive-in\/#primaryimage"},"thumbnailUrl":"https:\/\/www.meridian.ba\/wp-content\/uploads\/2022\/01\/DRIVE-IN-Racking-Systems-600x600.jpg","datePublished":"2022-01-06T11:54:44+00:00","dateModified":"2022-02-05T14:20:42+00:00","breadcrumb":{"@id":"https:\/\/www.meridian.ba\/sistemi-regala-za-teski-teret-drive-in\/#breadcrumb"},"inLanguage":"en-US","potentialAction":[{"@type":"ReadAction","target":["https:\/\/www.meridian.ba\/sistemi-regala-za-teski-teret-drive-in\/"]}]},{"@type":"ImageObject","inLanguage":"en-US","@id":"https:\/\/www.meridian.ba\/sistemi-regala-za-teski-teret-drive-in\/#primaryimage","url":"https:\/\/www.meridian.ba\/wp-content\/uploads\/2022\/01\/DRIVE-IN-Racking-Systems-600x600.jpg","contentUrl":"https:\/\/www.meridian.ba\/wp-content\/uploads\/2022\/01\/DRIVE-IN-Racking-Systems-600x600.jpg"},{"@type":"BreadcrumbList","@id":"https:\/\/www.meridian.ba\/sistemi-regala-za-teski-teret-drive-in\/#breadcrumb","itemListElement":[{"@type":"ListItem","position":1,"name":"Home","item":"https:\/\/www.meridian.ba\/"},{"@type":"ListItem","position":2,"name":"Sistemi Regala Za Te\u0161ki Teret &#8211; Drive in"}]},{"@type":"WebSite","@id":"https:\/\/www.meridian.ba\/#website","url":"https:\/\/www.meridian.ba\/","name":"Meridian Group","description":"Rje\u0161enja pakovanja i skladi\u0161tenja","potentialAction":[{"@type":"SearchAction","target":{"@type":"EntryPoint","urlTemplate":"https:\/\/www.meridian.ba\/?s={search_term_string}"},"query-input":{"@type":"PropertyValueSpecification","valueRequired":true,"valueName":"search_term_string"}}],"inLanguage":"en-US"}]}},"_links":{"self":[{"href":"https:\/\/www.meridian.ba\/en\/wp-json\/wp\/v2\/pages\/18639","targetHints":{"allow":["GET"]}}],"collection":[{"href":"https:\/\/www.meridian.ba\/en\/wp-json\/wp\/v2\/pages"}],"about":[{"href":"https:\/\/www.meridian.ba\/en\/wp-json\/wp\/v2\/types\/page"}],"author":[{"embeddable":true,"href":"https:\/\/www.meridian.ba\/en\/wp-json\/wp\/v2\/users\/2"}],"replies":[{"embeddable":true,"href":"https:\/\/www.meridian.ba\/en\/wp-json\/wp\/v2\/comments?post=18639"}],"version-history":[{"count":10,"href":"https:\/\/www.meridian.ba\/en\/wp-json\/wp\/v2\/pages\/18639\/revisions"}],"predecessor-version":[{"id":19292,"href":"https:\/\/www.meridian.ba\/en\/wp-json\/wp\/v2\/pages\/18639\/revisions\/19292"}],"wp:attachment":[{"href":"https:\/\/www.meridian.ba\/en\/wp-json\/wp\/v2\/media?parent=18639"}],"curies":[{"name":"wp","href":"https:\/\/api.w.org\/{rel}","templated":true}]}}