{"id":18564,"date":"2022-01-06T08:52:25","date_gmt":"2022-01-06T08:52:25","guid":{"rendered":"https:\/\/www.meridian.ba\/?page_id=18564"},"modified":"2022-02-01T20:45:26","modified_gmt":"2022-02-01T20:45:26","slug":"sistemi-regala-za-teski-teret-roller","status":"publish","type":"page","link":"https:\/\/www.meridian.ba\/en\/sistemi-regala-za-teski-teret-roller\/","title":{"rendered":"Sistemi Regala Za Te\u0161ki Teret  &#8211; Roller"},"content":{"rendered":"<div data-elementor-type=\"wp-page\" data-elementor-id=\"18564\" class=\"elementor elementor-18564\" data-elementor-post-type=\"page\">\n\t\t\t\t\t\t<section class=\"elementor-section elementor-top-section elementor-element elementor-element-2d367a62 elementor-section-boxed elementor-section-height-default elementor-section-height-default\" data-id=\"2d367a62\" data-element_type=\"section\" data-e-type=\"section\">\n\t\t\t\t\t\t<div class=\"elementor-container elementor-column-gap-default\">\n\t\t\t\t\t<div class=\"elementor-column elementor-col-100 elementor-top-column elementor-element elementor-element-4d2ab6c2\" data-id=\"4d2ab6c2\" data-element_type=\"column\" data-e-type=\"column\">\n\t\t\t<div class=\"elementor-widget-wrap elementor-element-populated\">\n\t\t\t\t\t\t<div class=\"elementor-element elementor-element-11b8463e elementor-widget elementor-widget-heading\" data-id=\"11b8463e\" data-element_type=\"widget\" data-e-type=\"widget\" data-widget_type=\"heading.default\">\n\t\t\t\t<div class=\"elementor-widget-container\">\n\t\t\t\t\t<h1 class=\"elementor-heading-title elementor-size-default\">Heavy Duty Racking Systems \u2013 Roller<\/h1>\t\t\t\t<\/div>\n\t\t\t\t<\/div>\n\t\t\t\t\t<\/div>\n\t\t<\/div>\n\t\t\t\t\t<\/div>\n\t\t<\/section>\n\t\t\t\t<section class=\"elementor-section elementor-top-section elementor-element elementor-element-71f9fb6a elementor-section-boxed elementor-section-height-default elementor-section-height-default\" data-id=\"71f9fb6a\" data-element_type=\"section\" data-e-type=\"section\">\n\t\t\t\t\t\t<div class=\"elementor-container elementor-column-gap-default\">\n\t\t\t\t\t<div class=\"elementor-column elementor-col-50 elementor-top-column elementor-element elementor-element-4bcf6472\" data-id=\"4bcf6472\" data-element_type=\"column\" data-e-type=\"column\">\n\t\t\t<div class=\"elementor-widget-wrap elementor-element-populated\">\n\t\t\t\t\t\t<div class=\"elementor-element elementor-element-eae219c elementor-nav-menu__align-start elementor-nav-menu--dropdown-tablet elementor-nav-menu__text-align-aside elementor-nav-menu--toggle elementor-nav-menu--burger elementor-widget elementor-widget-nav-menu\" data-id=\"eae219c\" data-element_type=\"widget\" data-e-type=\"widget\" data-settings=\"{&quot;layout&quot;:&quot;vertical&quot;,&quot;submenu_icon&quot;:{&quot;value&quot;:&quot;&lt;i class=\\&quot;fas fa-chevron-down\\&quot; aria-hidden=\\&quot;true\\&quot;&gt;&lt;\\\/i&gt;&quot;,&quot;library&quot;:&quot;fa-solid&quot;},&quot;toggle&quot;:&quot;burger&quot;}\" data-widget_type=\"nav-menu.default\">\n\t\t\t\t<div class=\"elementor-widget-container\">\n\t\t\t\t\t\t\t\t<nav aria-label=\"Menu\" class=\"elementor-nav-menu--main elementor-nav-menu__container elementor-nav-menu--layout-vertical e--pointer-underline e--animation-fade\">\n\t\t\t\t<ul id=\"menu-1-eae219c\" class=\"elementor-nav-menu sm-vertical\"><li class=\"menu-item menu-item-type-post_type menu-item-object-page menu-item-18517\"><a href=\"https:\/\/www.meridian.ba\/en\/sistem-paletnog-regala-back-to-back\/\" class=\"elementor-item\">Heavy Duty Racking Systems \u2013 Back To Back<\/a><\/li>\n<li class=\"menu-item menu-item-type-post_type menu-item-object-page menu-item-18586\"><a href=\"https:\/\/www.meridian.ba\/en\/sistemi-regala-za-teski-teret-cantilever\/\" class=\"elementor-item\">Heavy Duty Racking Systems \u2013 Cantilever<\/a><\/li>\n<li class=\"menu-item menu-item-type-post_type menu-item-object-page menu-item-18585\"><a href=\"https:\/\/www.meridian.ba\/en\/sistemi-regala-za-teski-teret-clad-rack\/\" class=\"elementor-item\">Heavy Duty Racking Systems \u2013 Clad Rack<\/a><\/li>\n<li class=\"menu-item menu-item-type-post_type menu-item-object-page menu-item-18704\"><a href=\"https:\/\/www.meridian.ba\/en\/sistemi-regala-za-teski-teret-drive-in\/\" class=\"elementor-item\">Heavy Duty Racking Systems \u2013 Drive in<\/a><\/li>\n<li class=\"menu-item menu-item-type-post_type menu-item-object-page menu-item-18584\"><a href=\"https:\/\/www.meridian.ba\/en\/sistemi-regala-za-teski-teret-mezzanin\/\" class=\"elementor-item\">Heavy Duty Racking Systems \u2013 Mezzanin<\/a><\/li>\n<li class=\"menu-item menu-item-type-post_type menu-item-object-page menu-item-18587\"><a href=\"https:\/\/www.meridian.ba\/en\/sistemi-regala-za-teski-teret-narrow-aisle\/\" class=\"elementor-item\">Heavy Duty Racking Systems \u2013 Narrow Aisle<\/a><\/li>\n<li class=\"menu-item menu-item-type-post_type menu-item-object-page menu-item-18705\"><a href=\"https:\/\/www.meridian.ba\/en\/sistemi-regala-za-teski-teret-roller\/\" class=\"elementor-item\">Heavy Duty Racking Systems \u2013 Roller<\/a><\/li>\n<li class=\"menu-item menu-item-type-post_type menu-item-object-page menu-item-18699\"><a href=\"https:\/\/www.meridian.ba\/en\/celicna-polica\/\" class=\"elementor-item\">Steel Shelving Systems<\/a><\/li>\n<li class=\"menu-item menu-item-type-post_type menu-item-object-page menu-item-18700\"><a href=\"https:\/\/www.meridian.ba\/en\/midi-sistemi-polica\/\" class=\"elementor-item\">Midi Shelving Systems<\/a><\/li>\n<li class=\"menu-item menu-item-type-post_type menu-item-object-page menu-item-18701\"><a href=\"https:\/\/www.meridian.ba\/en\/mini-sistemi-polica\/\" class=\"elementor-item\">Mini Shelving Systems<\/a><\/li>\n<li class=\"menu-item menu-item-type-post_type menu-item-object-page menu-item-18702\"><a href=\"https:\/\/www.meridian.ba\/en\/pro-sistemi-polica\/\" class=\"elementor-item\">Pro Shelving Systems<\/a><\/li>\n<li class=\"menu-item menu-item-type-post_type menu-item-object-page menu-item-18703\"><a href=\"https:\/\/www.meridian.ba\/en\/polica-za-gradjevinski-materijal\/\" class=\"elementor-item\">Shelf For Construction Materials<\/a><\/li>\n<\/ul>\t\t\t<\/nav>\n\t\t\t\t\t<div class=\"elementor-menu-toggle\" role=\"button\" tabindex=\"0\" aria-label=\"Menu Toggle\" aria-expanded=\"false\">\n\t\t\t<i aria-hidden=\"true\" role=\"presentation\" class=\"elementor-menu-toggle__icon--open eicon-menu-bar\"><\/i><i aria-hidden=\"true\" role=\"presentation\" class=\"elementor-menu-toggle__icon--close eicon-close\"><\/i>\t\t<\/div>\n\t\t\t\t\t<nav class=\"elementor-nav-menu--dropdown elementor-nav-menu__container\" aria-hidden=\"true\">\n\t\t\t\t<ul id=\"menu-2-eae219c\" class=\"elementor-nav-menu sm-vertical\"><li class=\"menu-item menu-item-type-post_type menu-item-object-page menu-item-18517\"><a href=\"https:\/\/www.meridian.ba\/en\/sistem-paletnog-regala-back-to-back\/\" class=\"elementor-item\" tabindex=\"-1\">Heavy Duty Racking Systems \u2013 Back To Back<\/a><\/li>\n<li class=\"menu-item menu-item-type-post_type menu-item-object-page menu-item-18586\"><a href=\"https:\/\/www.meridian.ba\/en\/sistemi-regala-za-teski-teret-cantilever\/\" class=\"elementor-item\" tabindex=\"-1\">Heavy Duty Racking Systems \u2013 Cantilever<\/a><\/li>\n<li class=\"menu-item menu-item-type-post_type menu-item-object-page menu-item-18585\"><a href=\"https:\/\/www.meridian.ba\/en\/sistemi-regala-za-teski-teret-clad-rack\/\" class=\"elementor-item\" tabindex=\"-1\">Heavy Duty Racking Systems \u2013 Clad Rack<\/a><\/li>\n<li class=\"menu-item menu-item-type-post_type menu-item-object-page menu-item-18704\"><a href=\"https:\/\/www.meridian.ba\/en\/sistemi-regala-za-teski-teret-drive-in\/\" class=\"elementor-item\" tabindex=\"-1\">Heavy Duty Racking Systems \u2013 Drive in<\/a><\/li>\n<li class=\"menu-item menu-item-type-post_type menu-item-object-page menu-item-18584\"><a href=\"https:\/\/www.meridian.ba\/en\/sistemi-regala-za-teski-teret-mezzanin\/\" class=\"elementor-item\" tabindex=\"-1\">Heavy Duty Racking Systems \u2013 Mezzanin<\/a><\/li>\n<li class=\"menu-item menu-item-type-post_type menu-item-object-page menu-item-18587\"><a href=\"https:\/\/www.meridian.ba\/en\/sistemi-regala-za-teski-teret-narrow-aisle\/\" class=\"elementor-item\" tabindex=\"-1\">Heavy Duty Racking Systems \u2013 Narrow Aisle<\/a><\/li>\n<li class=\"menu-item menu-item-type-post_type menu-item-object-page menu-item-18705\"><a href=\"https:\/\/www.meridian.ba\/en\/sistemi-regala-za-teski-teret-roller\/\" class=\"elementor-item\" tabindex=\"-1\">Heavy Duty Racking Systems \u2013 Roller<\/a><\/li>\n<li class=\"menu-item menu-item-type-post_type menu-item-object-page menu-item-18699\"><a href=\"https:\/\/www.meridian.ba\/en\/celicna-polica\/\" class=\"elementor-item\" tabindex=\"-1\">Steel Shelving Systems<\/a><\/li>\n<li class=\"menu-item menu-item-type-post_type menu-item-object-page menu-item-18700\"><a href=\"https:\/\/www.meridian.ba\/en\/midi-sistemi-polica\/\" class=\"elementor-item\" tabindex=\"-1\">Midi Shelving Systems<\/a><\/li>\n<li class=\"menu-item menu-item-type-post_type menu-item-object-page menu-item-18701\"><a href=\"https:\/\/www.meridian.ba\/en\/mini-sistemi-polica\/\" class=\"elementor-item\" tabindex=\"-1\">Mini Shelving Systems<\/a><\/li>\n<li class=\"menu-item menu-item-type-post_type menu-item-object-page menu-item-18702\"><a href=\"https:\/\/www.meridian.ba\/en\/pro-sistemi-polica\/\" class=\"elementor-item\" tabindex=\"-1\">Pro Shelving Systems<\/a><\/li>\n<li class=\"menu-item menu-item-type-post_type menu-item-object-page menu-item-18703\"><a href=\"https:\/\/www.meridian.ba\/en\/polica-za-gradjevinski-materijal\/\" class=\"elementor-item\" tabindex=\"-1\">Shelf For Construction Materials<\/a><\/li>\n<\/ul>\t\t\t<\/nav>\n\t\t\t\t\t\t<\/div>\n\t\t\t\t<\/div>\n\t\t\t\t\t<\/div>\n\t\t<\/div>\n\t\t\t\t<div class=\"elementor-column elementor-col-50 elementor-top-column elementor-element elementor-element-7259708a\" data-id=\"7259708a\" data-element_type=\"column\" data-e-type=\"column\">\n\t\t\t<div class=\"elementor-widget-wrap elementor-element-populated\">\n\t\t\t\t\t\t<div class=\"elementor-element elementor-element-5bec703b elementor-arrows-position-inside elementor-pagination-position-outside elementor-widget elementor-widget-image-carousel\" data-id=\"5bec703b\" data-element_type=\"widget\" data-e-type=\"widget\" data-settings=\"{&quot;slides_to_show&quot;:&quot;1&quot;,&quot;navigation&quot;:&quot;both&quot;,&quot;autoplay&quot;:&quot;yes&quot;,&quot;pause_on_hover&quot;:&quot;yes&quot;,&quot;pause_on_interaction&quot;:&quot;yes&quot;,&quot;autoplay_speed&quot;:5000,&quot;infinite&quot;:&quot;yes&quot;,&quot;effect&quot;:&quot;slide&quot;,&quot;speed&quot;:500}\" data-widget_type=\"image-carousel.default\">\n\t\t\t\t<div class=\"elementor-widget-container\">\n\t\t\t\t\t\t\t<div class=\"elementor-image-carousel-wrapper swiper\" role=\"region\" aria-roledescription=\"carousel\" aria-label=\"Image Carousel\" dir=\"ltr\">\n\t\t\t<div class=\"elementor-image-carousel swiper-wrapper\" aria-live=\"off\">\n\t\t\t\t\t\t\t\t<div class=\"swiper-slide\" role=\"group\" aria-roledescription=\"slide\" aria-label=\"1 of 9\" data-no-translation-aria-label=\"\"><figure class=\"swiper-slide-inner\"><img decoding=\"async\" class=\"swiper-slide-image\" src=\"https:\/\/www.meridian.ba\/wp-content\/uploads\/2022\/01\/Roller-Sistemi-Regala-Za-Teski-Teret-600x600.jpg\" alt=\"Roller-Sistemi Regala Za Te\u0161ki Teret\" \/><\/figure><\/div><div class=\"swiper-slide\" role=\"group\" aria-roledescription=\"slide\" aria-label=\"2 of 9\" data-no-translation-aria-label=\"\"><figure class=\"swiper-slide-inner\"><img decoding=\"async\" class=\"swiper-slide-image\" src=\"https:\/\/www.meridian.ba\/wp-content\/uploads\/2022\/01\/Roller-Sistemi-Regala-Za-Teski-Teret-2-600x600.jpg\" alt=\"Roller-Sistemi-Regala-Za-Te\u0161ki-Teret-2\" \/><\/figure><\/div><div class=\"swiper-slide\" role=\"group\" aria-roledescription=\"slide\" aria-label=\"3 of 9\" data-no-translation-aria-label=\"\"><figure class=\"swiper-slide-inner\"><img decoding=\"async\" class=\"swiper-slide-image\" src=\"https:\/\/www.meridian.ba\/wp-content\/uploads\/2022\/01\/Roller-Sistemi-Regala-Za-Teski-Teret-3-600x600.jpg\" alt=\"Roller-Sistemi-Regala-Za-Te\u0161ki-Teret-3\" \/><\/figure><\/div><div class=\"swiper-slide\" role=\"group\" aria-roledescription=\"slide\" aria-label=\"4 of 9\" data-no-translation-aria-label=\"\"><figure class=\"swiper-slide-inner\"><img decoding=\"async\" class=\"swiper-slide-image\" src=\"https:\/\/www.meridian.ba\/wp-content\/uploads\/2022\/01\/Roller-Sistemi-Regala-Za-Teski-Teret-4-600x600.jpg\" alt=\"Roller-Sistemi-Regala-Za-Te\u0161ki-Teret-4\" \/><\/figure><\/div><div class=\"swiper-slide\" role=\"group\" aria-roledescription=\"slide\" aria-label=\"5 of 9\" data-no-translation-aria-label=\"\"><figure class=\"swiper-slide-inner\"><img decoding=\"async\" class=\"swiper-slide-image\" src=\"https:\/\/www.meridian.ba\/wp-content\/uploads\/2022\/01\/Roller-Sistemi-Regala-Za-Teski-Teret-5-600x600.jpg\" alt=\"Roller-Sistemi-Regala-Za-Te\u0161ki-Teret-5\" \/><\/figure><\/div><div class=\"swiper-slide\" role=\"group\" aria-roledescription=\"slide\" aria-label=\"6 of 9\" data-no-translation-aria-label=\"\"><figure class=\"swiper-slide-inner\"><img decoding=\"async\" class=\"swiper-slide-image\" src=\"https:\/\/www.meridian.ba\/wp-content\/uploads\/2022\/01\/Roller-Sistemi-Regala-Za-Teski-Teret-6-600x600.jpg\" alt=\"Roller-Sistemi-Regala-Za-Te\u0161ki-Teret-6\" \/><\/figure><\/div><div class=\"swiper-slide\" role=\"group\" aria-roledescription=\"slide\" aria-label=\"7 of 9\" data-no-translation-aria-label=\"\"><figure class=\"swiper-slide-inner\"><img decoding=\"async\" class=\"swiper-slide-image\" src=\"https:\/\/www.meridian.ba\/wp-content\/uploads\/2022\/01\/Roller-Sistemi-Regala-Za-Teski-Teret-7-600x600.jpg\" alt=\"Roller-Sistemi-Regala-Za-Te\u0161ki-Teret-7\" \/><\/figure><\/div><div class=\"swiper-slide\" role=\"group\" aria-roledescription=\"slide\" aria-label=\"8 of 9\" data-no-translation-aria-label=\"\"><figure class=\"swiper-slide-inner\"><img decoding=\"async\" class=\"swiper-slide-image\" src=\"https:\/\/www.meridian.ba\/wp-content\/uploads\/2022\/01\/Roller-Sistemi-Regala-Za-Teski-Teret-8-600x600.jpg\" alt=\"Roller-Sistemi-Regala-Za-Te\u0161ki-Teret-8\" \/><\/figure><\/div><div class=\"swiper-slide\" role=\"group\" aria-roledescription=\"slide\" aria-label=\"9 of 9\" data-no-translation-aria-label=\"\"><figure class=\"swiper-slide-inner\"><img decoding=\"async\" class=\"swiper-slide-image\" src=\"https:\/\/www.meridian.ba\/wp-content\/uploads\/2022\/01\/Roller-Sistemi-Regala-Za-Teski-Teret-9-600x600.jpg\" alt=\"Roller-Sistemi-Regala-Za-Te\u0161ki-Teret-9\" \/><\/figure><\/div>\t\t\t<\/div>\n\t\t\t\t\t\t\t\t\t\t\t\t<div class=\"elementor-swiper-button elementor-swiper-button-prev\" role=\"button\" tabindex=\"0\">\n\t\t\t\t\t\t<i aria-hidden=\"true\" class=\"eicon-chevron-left\"><\/i>\t\t\t\t\t<\/div>\n\t\t\t\t\t<div class=\"elementor-swiper-button elementor-swiper-button-next\" role=\"button\" tabindex=\"0\">\n\t\t\t\t\t\t<i aria-hidden=\"true\" class=\"eicon-chevron-right\"><\/i>\t\t\t\t\t<\/div>\n\t\t\t\t\n\t\t\t\t\t\t\t\t\t<div class=\"swiper-pagination\"><\/div>\n\t\t\t\t\t\t\t\t\t<\/div>\n\t\t\t\t\t\t<\/div>\n\t\t\t\t<\/div>\n\t\t\t\t\t<\/div>\n\t\t<\/div>\n\t\t\t\t\t<\/div>\n\t\t<\/section>\n\t\t\t\t<section class=\"elementor-section elementor-top-section elementor-element elementor-element-723c63f7 elementor-section-boxed elementor-section-height-default elementor-section-height-default\" data-id=\"723c63f7\" data-element_type=\"section\" data-e-type=\"section\">\n\t\t\t\t\t\t<div class=\"elementor-container elementor-column-gap-default\">\n\t\t\t\t\t<div class=\"elementor-column elementor-col-50 elementor-top-column elementor-element elementor-element-277db67b\" data-id=\"277db67b\" data-element_type=\"column\" data-e-type=\"column\">\n\t\t\t<div class=\"elementor-widget-wrap\">\n\t\t\t\t\t\t\t<\/div>\n\t\t<\/div>\n\t\t\t\t<div class=\"elementor-column elementor-col-50 elementor-top-column elementor-element elementor-element-12417079\" data-id=\"12417079\" data-element_type=\"column\" data-e-type=\"column\">\n\t\t\t<div class=\"elementor-widget-wrap elementor-element-populated\">\n\t\t\t\t\t\t<div class=\"elementor-element elementor-element-56f405cc elementor-widget elementor-widget-heading\" data-id=\"56f405cc\" data-element_type=\"widget\" data-e-type=\"widget\" data-widget_type=\"heading.default\">\n\t\t\t\t<div class=\"elementor-widget-container\">\n\t\t\t\t\t<h2 class=\"elementor-heading-title elementor-size-default\">Sliding Shelving System<\/h2>\t\t\t\t<\/div>\n\t\t\t\t<\/div>\n\t\t\t\t<div class=\"elementor-element elementor-element-76377615 elementor-widget elementor-widget-text-editor\" data-id=\"76377615\" data-element_type=\"widget\" data-e-type=\"widget\" data-widget_type=\"text-editor.default\">\n\t\t\t\t<div class=\"elementor-widget-container\">\n\t\t\t\t\t\t\t\t\t<p>The feature of the sliding rack systems is that it is a warehouse rack system in which your palletized products flow in a controlled manner from the loading area to the unloading area without applying any force, thanks to its inclined structure and roller channels.<\/p><p>Fifo works on the first-in, first-out principle and this allows you to have a regular order preparation system.<\/p><p>Loading and unloading areas are separate, and many channels come side by side and on top of each other, so you can benefit from both the height and width of your warehouse area at the maximum level.<\/p><p>While sliding shelf systems can be used in all industrial areas and distribution sectors, they are mostly used in preparation for shipment, intermediate warehouse, goods acceptance and dispatch areas.<\/p>\t\t\t\t\t\t\t\t<\/div>\n\t\t\t\t<\/div>\n\t\t\t\t\t<\/div>\n\t\t<\/div>\n\t\t\t\t\t<\/div>\n\t\t<\/section>\n\t\t\t\t<\/div>","protected":false},"excerpt":{"rendered":"<p>Sistemi Regala Za Te\u0161ki Teret &#8211; Roller Previous Next Klizni Sistem Polica Karakteristika kliznog istema je njegova nagnuta konstrukcija I pomo\u0107u kanala remenica proizvodi koji se nalaze na paletama bez napora mo\u017eete kontrolisati od mjesta tovarenja do mjesta skidanja. Radi na principu Fifo tj. roba koja prva ulazi tako\u0111er I prva izlazi I omogu\u0107ava vam [&hellip;]<\/p>\n","protected":false},"author":2,"featured_media":0,"parent":0,"menu_order":0,"comment_status":"closed","ping_status":"closed","template":"","meta":{"footnotes":""},"class_list":["post-18564","page","type-page","status-publish","hentry","entry","owp-thumbs-layout-horizontal","owp-btn-normal","owp-tabs-layout-horizontal","has-no-thumbnails","has-product-nav"],"yoast_head":"<!-- This site is optimized with the Yoast SEO plugin v27.4 - https:\/\/yoast.com\/product\/yoast-seo-wordpress\/ -->\n<title>Sistemi Regala Za Te\u0161ki Teret - Roller - Meridian Group<\/title>\n<meta name=\"robots\" content=\"index, follow, max-snippet:-1, max-image-preview:large, max-video-preview:-1\" \/>\n<link rel=\"canonical\" href=\"https:\/\/www.meridian.ba\/en\/sistemi-regala-za-teski-teret-roller\/\" \/>\n<meta property=\"og:locale\" content=\"en_US\" \/>\n<meta property=\"og:type\" content=\"article\" \/>\n<meta property=\"og:title\" content=\"Sistemi Regala Za Te\u0161ki Teret - Roller - Meridian Group\" \/>\n<meta property=\"og:description\" content=\"Sistemi Regala Za Te\u0161ki Teret &#8211; Roller Previous Next Klizni Sistem Polica Karakteristika kliznog istema je njegova nagnuta konstrukcija I pomo\u0107u kanala remenica proizvodi koji se nalaze na paletama bez napora mo\u017eete kontrolisati od mjesta tovarenja do mjesta skidanja. Radi na principu Fifo tj. roba koja prva ulazi tako\u0111er I prva izlazi I omogu\u0107ava vam [&hellip;]\" \/>\n<meta property=\"og:url\" content=\"https:\/\/www.meridian.ba\/en\/sistemi-regala-za-teski-teret-roller\/\" \/>\n<meta property=\"og:site_name\" content=\"Meridian Group\" \/>\n<meta property=\"article:publisher\" content=\"https:\/\/www.facebook.com\/meridian.ba\" \/>\n<meta property=\"article:modified_time\" content=\"2022-02-01T20:45:26+00:00\" \/>\n<meta property=\"og:image\" content=\"https:\/\/www.meridian.ba\/wp-content\/uploads\/2022\/01\/Roller-Sistemi-Regala-Za-Teski-Teret-600x600.jpg\" \/>\n<meta name=\"twitter:card\" content=\"summary_large_image\" \/>\n<meta name=\"twitter:site\" content=\"@MeridianGroup2\" \/>\n<meta name=\"twitter:label1\" content=\"Est. reading time\" \/>\n\t<meta name=\"twitter:data1\" content=\"1 minute\" \/>\n<script type=\"application\/ld+json\" class=\"yoast-schema-graph\">{\"@context\":\"https:\\\/\\\/schema.org\",\"@graph\":[{\"@type\":\"WebPage\",\"@id\":\"https:\\\/\\\/www.meridian.ba\\\/sistemi-regala-za-teski-teret-roller\\\/\",\"url\":\"https:\\\/\\\/www.meridian.ba\\\/sistemi-regala-za-teski-teret-roller\\\/\",\"name\":\"Sistemi Regala Za Te\u0161ki Teret - Roller - Meridian Group\",\"isPartOf\":{\"@id\":\"https:\\\/\\\/www.meridian.ba\\\/#website\"},\"primaryImageOfPage\":{\"@id\":\"https:\\\/\\\/www.meridian.ba\\\/sistemi-regala-za-teski-teret-roller\\\/#primaryimage\"},\"image\":{\"@id\":\"https:\\\/\\\/www.meridian.ba\\\/sistemi-regala-za-teski-teret-roller\\\/#primaryimage\"},\"thumbnailUrl\":\"https:\\\/\\\/www.meridian.ba\\\/wp-content\\\/uploads\\\/2022\\\/01\\\/Roller-Sistemi-Regala-Za-Teski-Teret-600x600.jpg\",\"datePublished\":\"2022-01-06T08:52:25+00:00\",\"dateModified\":\"2022-02-01T20:45:26+00:00\",\"breadcrumb\":{\"@id\":\"https:\\\/\\\/www.meridian.ba\\\/sistemi-regala-za-teski-teret-roller\\\/#breadcrumb\"},\"inLanguage\":\"en-US\",\"potentialAction\":[{\"@type\":\"ReadAction\",\"target\":[\"https:\\\/\\\/www.meridian.ba\\\/sistemi-regala-za-teski-teret-roller\\\/\"]}]},{\"@type\":\"ImageObject\",\"inLanguage\":\"en-US\",\"@id\":\"https:\\\/\\\/www.meridian.ba\\\/sistemi-regala-za-teski-teret-roller\\\/#primaryimage\",\"url\":\"https:\\\/\\\/www.meridian.ba\\\/wp-content\\\/uploads\\\/2022\\\/01\\\/Roller-Sistemi-Regala-Za-Teski-Teret-600x600.jpg\",\"contentUrl\":\"https:\\\/\\\/www.meridian.ba\\\/wp-content\\\/uploads\\\/2022\\\/01\\\/Roller-Sistemi-Regala-Za-Teski-Teret-600x600.jpg\"},{\"@type\":\"BreadcrumbList\",\"@id\":\"https:\\\/\\\/www.meridian.ba\\\/sistemi-regala-za-teski-teret-roller\\\/#breadcrumb\",\"itemListElement\":[{\"@type\":\"ListItem\",\"position\":1,\"name\":\"Home\",\"item\":\"https:\\\/\\\/www.meridian.ba\\\/\"},{\"@type\":\"ListItem\",\"position\":2,\"name\":\"Sistemi Regala Za Te\u0161ki Teret &#8211; Roller\"}]},{\"@type\":\"WebSite\",\"@id\":\"https:\\\/\\\/www.meridian.ba\\\/#website\",\"url\":\"https:\\\/\\\/www.meridian.ba\\\/\",\"name\":\"Meridian Group\",\"description\":\"Rje\u0161enja pakovanja i skladi\u0161tenja\",\"potentialAction\":[{\"@type\":\"SearchAction\",\"target\":{\"@type\":\"EntryPoint\",\"urlTemplate\":\"https:\\\/\\\/www.meridian.ba\\\/?s={search_term_string}\"},\"query-input\":{\"@type\":\"PropertyValueSpecification\",\"valueRequired\":true,\"valueName\":\"search_term_string\"}}],\"inLanguage\":\"en-US\"}]}<\/script>\n<!-- \/ Yoast SEO plugin. -->","yoast_head_json":{"title":"Sistemi Regala Za Te\u0161ki Teret - Roller - Meridian Group","robots":{"index":"index","follow":"follow","max-snippet":"max-snippet:-1","max-image-preview":"max-image-preview:large","max-video-preview":"max-video-preview:-1"},"canonical":"https:\/\/www.meridian.ba\/en\/sistemi-regala-za-teski-teret-roller\/","og_locale":"en_US","og_type":"article","og_title":"Sistemi Regala Za Te\u0161ki Teret - Roller - Meridian Group","og_description":"Sistemi Regala Za Te\u0161ki Teret &#8211; Roller Previous Next Klizni Sistem Polica Karakteristika kliznog istema je njegova nagnuta konstrukcija I pomo\u0107u kanala remenica proizvodi koji se nalaze na paletama bez napora mo\u017eete kontrolisati od mjesta tovarenja do mjesta skidanja. Radi na principu Fifo tj. roba koja prva ulazi tako\u0111er I prva izlazi I omogu\u0107ava vam [&hellip;]","og_url":"https:\/\/www.meridian.ba\/en\/sistemi-regala-za-teski-teret-roller\/","og_site_name":"Meridian Group","article_publisher":"https:\/\/www.facebook.com\/meridian.ba","article_modified_time":"2022-02-01T20:45:26+00:00","og_image":[{"url":"https:\/\/www.meridian.ba\/wp-content\/uploads\/2022\/01\/Roller-Sistemi-Regala-Za-Teski-Teret-600x600.jpg","type":"","width":"","height":""}],"twitter_card":"summary_large_image","twitter_site":"@MeridianGroup2","twitter_misc":{"Est. reading time":"1 minute"},"schema":{"@context":"https:\/\/schema.org","@graph":[{"@type":"WebPage","@id":"https:\/\/www.meridian.ba\/sistemi-regala-za-teski-teret-roller\/","url":"https:\/\/www.meridian.ba\/sistemi-regala-za-teski-teret-roller\/","name":"Sistemi Regala Za Te\u0161ki Teret - Roller - Meridian Group","isPartOf":{"@id":"https:\/\/www.meridian.ba\/#website"},"primaryImageOfPage":{"@id":"https:\/\/www.meridian.ba\/sistemi-regala-za-teski-teret-roller\/#primaryimage"},"image":{"@id":"https:\/\/www.meridian.ba\/sistemi-regala-za-teski-teret-roller\/#primaryimage"},"thumbnailUrl":"https:\/\/www.meridian.ba\/wp-content\/uploads\/2022\/01\/Roller-Sistemi-Regala-Za-Teski-Teret-600x600.jpg","datePublished":"2022-01-06T08:52:25+00:00","dateModified":"2022-02-01T20:45:26+00:00","breadcrumb":{"@id":"https:\/\/www.meridian.ba\/sistemi-regala-za-teski-teret-roller\/#breadcrumb"},"inLanguage":"en-US","potentialAction":[{"@type":"ReadAction","target":["https:\/\/www.meridian.ba\/sistemi-regala-za-teski-teret-roller\/"]}]},{"@type":"ImageObject","inLanguage":"en-US","@id":"https:\/\/www.meridian.ba\/sistemi-regala-za-teski-teret-roller\/#primaryimage","url":"https:\/\/www.meridian.ba\/wp-content\/uploads\/2022\/01\/Roller-Sistemi-Regala-Za-Teski-Teret-600x600.jpg","contentUrl":"https:\/\/www.meridian.ba\/wp-content\/uploads\/2022\/01\/Roller-Sistemi-Regala-Za-Teski-Teret-600x600.jpg"},{"@type":"BreadcrumbList","@id":"https:\/\/www.meridian.ba\/sistemi-regala-za-teski-teret-roller\/#breadcrumb","itemListElement":[{"@type":"ListItem","position":1,"name":"Home","item":"https:\/\/www.meridian.ba\/"},{"@type":"ListItem","position":2,"name":"Sistemi Regala Za Te\u0161ki Teret &#8211; Roller"}]},{"@type":"WebSite","@id":"https:\/\/www.meridian.ba\/#website","url":"https:\/\/www.meridian.ba\/","name":"Meridian Group","description":"Rje\u0161enja pakovanja i skladi\u0161tenja","potentialAction":[{"@type":"SearchAction","target":{"@type":"EntryPoint","urlTemplate":"https:\/\/www.meridian.ba\/?s={search_term_string}"},"query-input":{"@type":"PropertyValueSpecification","valueRequired":true,"valueName":"search_term_string"}}],"inLanguage":"en-US"}]}},"_links":{"self":[{"href":"https:\/\/www.meridian.ba\/en\/wp-json\/wp\/v2\/pages\/18564","targetHints":{"allow":["GET"]}}],"collection":[{"href":"https:\/\/www.meridian.ba\/en\/wp-json\/wp\/v2\/pages"}],"about":[{"href":"https:\/\/www.meridian.ba\/en\/wp-json\/wp\/v2\/types\/page"}],"author":[{"embeddable":true,"href":"https:\/\/www.meridian.ba\/en\/wp-json\/wp\/v2\/users\/2"}],"replies":[{"embeddable":true,"href":"https:\/\/www.meridian.ba\/en\/wp-json\/wp\/v2\/comments?post=18564"}],"version-history":[{"count":11,"href":"https:\/\/www.meridian.ba\/en\/wp-json\/wp\/v2\/pages\/18564\/revisions"}],"predecessor-version":[{"id":19246,"href":"https:\/\/www.meridian.ba\/en\/wp-json\/wp\/v2\/pages\/18564\/revisions\/19246"}],"wp:attachment":[{"href":"https:\/\/www.meridian.ba\/en\/wp-json\/wp\/v2\/media?parent=18564"}],"curies":[{"name":"wp","href":"https:\/\/api.w.org\/{rel}","templated":true}]}}