{"id":18499,"date":"2022-01-06T06:55:10","date_gmt":"2022-01-06T06:55:10","guid":{"rendered":"https:\/\/www.meridian.ba\/?page_id=18499"},"modified":"2022-02-05T13:27:17","modified_gmt":"2022-02-05T13:27:17","slug":"sistem-paletnog-regala-back-to-back","status":"publish","type":"page","link":"https:\/\/www.meridian.ba\/en\/sistem-paletnog-regala-back-to-back\/","title":{"rendered":"Sistem Paletnog Regala &#8211; Back To Back"},"content":{"rendered":"<div data-elementor-type=\"wp-page\" data-elementor-id=\"18499\" class=\"elementor elementor-18499\" data-elementor-post-type=\"page\">\n\t\t\t\t\t\t<section class=\"elementor-section elementor-top-section elementor-element elementor-element-4b42370b elementor-section-boxed elementor-section-height-default elementor-section-height-default\" data-id=\"4b42370b\" data-element_type=\"section\" data-e-type=\"section\">\n\t\t\t\t\t\t<div class=\"elementor-container elementor-column-gap-default\">\n\t\t\t\t\t<div class=\"elementor-column elementor-col-100 elementor-top-column elementor-element elementor-element-346d8ade\" data-id=\"346d8ade\" data-element_type=\"column\" data-e-type=\"column\">\n\t\t\t<div class=\"elementor-widget-wrap elementor-element-populated\">\n\t\t\t\t\t\t<div class=\"elementor-element elementor-element-5ac079fa elementor-widget elementor-widget-heading\" data-id=\"5ac079fa\" data-element_type=\"widget\" data-e-type=\"widget\" data-widget_type=\"heading.default\">\n\t\t\t\t<div class=\"elementor-widget-container\">\n\t\t\t\t\t<h1 class=\"elementor-heading-title elementor-size-default\">Heavy Duty Racking Systems \u2013 Back To Back<\/h1>\t\t\t\t<\/div>\n\t\t\t\t<\/div>\n\t\t\t\t\t<\/div>\n\t\t<\/div>\n\t\t\t\t\t<\/div>\n\t\t<\/section>\n\t\t\t\t<section class=\"elementor-section elementor-top-section elementor-element elementor-element-7067e551 elementor-section-boxed elementor-section-height-default elementor-section-height-default\" data-id=\"7067e551\" data-element_type=\"section\" data-e-type=\"section\">\n\t\t\t\t\t\t<div class=\"elementor-container elementor-column-gap-default\">\n\t\t\t\t\t<div class=\"elementor-column elementor-col-50 elementor-top-column elementor-element elementor-element-1921b23\" data-id=\"1921b23\" data-element_type=\"column\" data-e-type=\"column\">\n\t\t\t<div class=\"elementor-widget-wrap elementor-element-populated\">\n\t\t\t\t\t\t<div class=\"elementor-element elementor-element-4c4d7372 elementor-nav-menu__align-start elementor-nav-menu--dropdown-tablet elementor-nav-menu__text-align-aside elementor-nav-menu--toggle elementor-nav-menu--burger elementor-widget elementor-widget-nav-menu\" data-id=\"4c4d7372\" data-element_type=\"widget\" data-e-type=\"widget\" data-settings=\"{&quot;layout&quot;:&quot;vertical&quot;,&quot;submenu_icon&quot;:{&quot;value&quot;:&quot;&lt;i class=\\&quot;fas fa-chevron-down\\&quot; aria-hidden=\\&quot;true\\&quot;&gt;&lt;\\\/i&gt;&quot;,&quot;library&quot;:&quot;fa-solid&quot;},&quot;toggle&quot;:&quot;burger&quot;}\" data-widget_type=\"nav-menu.default\">\n\t\t\t\t<div class=\"elementor-widget-container\">\n\t\t\t\t\t\t\t\t<nav aria-label=\"Menu\" class=\"elementor-nav-menu--main elementor-nav-menu__container elementor-nav-menu--layout-vertical e--pointer-underline e--animation-fade\">\n\t\t\t\t<ul id=\"menu-1-4c4d7372\" class=\"elementor-nav-menu sm-vertical\"><li class=\"menu-item menu-item-type-post_type menu-item-object-page menu-item-18517\"><a href=\"https:\/\/www.meridian.ba\/en\/sistem-paletnog-regala-back-to-back\/\" class=\"elementor-item\">Heavy Duty Racking Systems \u2013 Back To Back<\/a><\/li>\n<li class=\"menu-item menu-item-type-post_type menu-item-object-page menu-item-18586\"><a href=\"https:\/\/www.meridian.ba\/en\/sistemi-regala-za-teski-teret-cantilever\/\" class=\"elementor-item\">Heavy Duty Racking Systems \u2013 Cantilever<\/a><\/li>\n<li class=\"menu-item menu-item-type-post_type menu-item-object-page menu-item-18585\"><a href=\"https:\/\/www.meridian.ba\/en\/sistemi-regala-za-teski-teret-clad-rack\/\" class=\"elementor-item\">Heavy Duty Racking Systems \u2013 Clad Rack<\/a><\/li>\n<li class=\"menu-item menu-item-type-post_type menu-item-object-page menu-item-18704\"><a href=\"https:\/\/www.meridian.ba\/en\/sistemi-regala-za-teski-teret-drive-in\/\" class=\"elementor-item\">Heavy Duty Racking Systems \u2013 Drive in<\/a><\/li>\n<li class=\"menu-item menu-item-type-post_type menu-item-object-page menu-item-18584\"><a href=\"https:\/\/www.meridian.ba\/en\/sistemi-regala-za-teski-teret-mezzanin\/\" class=\"elementor-item\">Heavy Duty Racking Systems \u2013 Mezzanin<\/a><\/li>\n<li class=\"menu-item menu-item-type-post_type menu-item-object-page menu-item-18587\"><a href=\"https:\/\/www.meridian.ba\/en\/sistemi-regala-za-teski-teret-narrow-aisle\/\" class=\"elementor-item\">Heavy Duty Racking Systems \u2013 Narrow Aisle<\/a><\/li>\n<li class=\"menu-item menu-item-type-post_type menu-item-object-page menu-item-18705\"><a href=\"https:\/\/www.meridian.ba\/en\/sistemi-regala-za-teski-teret-roller\/\" class=\"elementor-item\">Heavy Duty Racking Systems \u2013 Roller<\/a><\/li>\n<li class=\"menu-item menu-item-type-post_type menu-item-object-page menu-item-18699\"><a href=\"https:\/\/www.meridian.ba\/en\/celicna-polica\/\" class=\"elementor-item\">Steel Shelving Systems<\/a><\/li>\n<li class=\"menu-item menu-item-type-post_type menu-item-object-page menu-item-18700\"><a href=\"https:\/\/www.meridian.ba\/en\/midi-sistemi-polica\/\" class=\"elementor-item\">Midi Shelving Systems<\/a><\/li>\n<li class=\"menu-item menu-item-type-post_type menu-item-object-page menu-item-18701\"><a href=\"https:\/\/www.meridian.ba\/en\/mini-sistemi-polica\/\" class=\"elementor-item\">Mini Shelving Systems<\/a><\/li>\n<li class=\"menu-item menu-item-type-post_type menu-item-object-page menu-item-18702\"><a href=\"https:\/\/www.meridian.ba\/en\/pro-sistemi-polica\/\" class=\"elementor-item\">Pro Shelving Systems<\/a><\/li>\n<li class=\"menu-item menu-item-type-post_type menu-item-object-page menu-item-18703\"><a href=\"https:\/\/www.meridian.ba\/en\/polica-za-gradjevinski-materijal\/\" class=\"elementor-item\">Shelf For Construction Materials<\/a><\/li>\n<\/ul>\t\t\t<\/nav>\n\t\t\t\t\t<div class=\"elementor-menu-toggle\" role=\"button\" tabindex=\"0\" aria-label=\"Menu Toggle\" aria-expanded=\"false\">\n\t\t\t<i aria-hidden=\"true\" role=\"presentation\" class=\"elementor-menu-toggle__icon--open eicon-menu-bar\"><\/i><i aria-hidden=\"true\" role=\"presentation\" class=\"elementor-menu-toggle__icon--close eicon-close\"><\/i>\t\t<\/div>\n\t\t\t\t\t<nav class=\"elementor-nav-menu--dropdown elementor-nav-menu__container\" aria-hidden=\"true\">\n\t\t\t\t<ul id=\"menu-2-4c4d7372\" class=\"elementor-nav-menu sm-vertical\"><li class=\"menu-item menu-item-type-post_type menu-item-object-page menu-item-18517\"><a href=\"https:\/\/www.meridian.ba\/en\/sistem-paletnog-regala-back-to-back\/\" class=\"elementor-item\" tabindex=\"-1\">Heavy Duty Racking Systems \u2013 Back To Back<\/a><\/li>\n<li class=\"menu-item menu-item-type-post_type menu-item-object-page menu-item-18586\"><a href=\"https:\/\/www.meridian.ba\/en\/sistemi-regala-za-teski-teret-cantilever\/\" class=\"elementor-item\" tabindex=\"-1\">Heavy Duty Racking Systems \u2013 Cantilever<\/a><\/li>\n<li class=\"menu-item menu-item-type-post_type menu-item-object-page menu-item-18585\"><a href=\"https:\/\/www.meridian.ba\/en\/sistemi-regala-za-teski-teret-clad-rack\/\" class=\"elementor-item\" tabindex=\"-1\">Heavy Duty Racking Systems \u2013 Clad Rack<\/a><\/li>\n<li class=\"menu-item menu-item-type-post_type menu-item-object-page menu-item-18704\"><a href=\"https:\/\/www.meridian.ba\/en\/sistemi-regala-za-teski-teret-drive-in\/\" class=\"elementor-item\" tabindex=\"-1\">Heavy Duty Racking Systems \u2013 Drive in<\/a><\/li>\n<li class=\"menu-item menu-item-type-post_type menu-item-object-page menu-item-18584\"><a href=\"https:\/\/www.meridian.ba\/en\/sistemi-regala-za-teski-teret-mezzanin\/\" class=\"elementor-item\" tabindex=\"-1\">Heavy Duty Racking Systems \u2013 Mezzanin<\/a><\/li>\n<li class=\"menu-item menu-item-type-post_type menu-item-object-page menu-item-18587\"><a href=\"https:\/\/www.meridian.ba\/en\/sistemi-regala-za-teski-teret-narrow-aisle\/\" class=\"elementor-item\" tabindex=\"-1\">Heavy Duty Racking Systems \u2013 Narrow Aisle<\/a><\/li>\n<li class=\"menu-item menu-item-type-post_type menu-item-object-page menu-item-18705\"><a href=\"https:\/\/www.meridian.ba\/en\/sistemi-regala-za-teski-teret-roller\/\" class=\"elementor-item\" tabindex=\"-1\">Heavy Duty Racking Systems \u2013 Roller<\/a><\/li>\n<li class=\"menu-item menu-item-type-post_type menu-item-object-page menu-item-18699\"><a href=\"https:\/\/www.meridian.ba\/en\/celicna-polica\/\" class=\"elementor-item\" tabindex=\"-1\">Steel Shelving Systems<\/a><\/li>\n<li class=\"menu-item menu-item-type-post_type menu-item-object-page menu-item-18700\"><a href=\"https:\/\/www.meridian.ba\/en\/midi-sistemi-polica\/\" class=\"elementor-item\" tabindex=\"-1\">Midi Shelving Systems<\/a><\/li>\n<li class=\"menu-item menu-item-type-post_type menu-item-object-page menu-item-18701\"><a href=\"https:\/\/www.meridian.ba\/en\/mini-sistemi-polica\/\" class=\"elementor-item\" tabindex=\"-1\">Mini Shelving Systems<\/a><\/li>\n<li class=\"menu-item menu-item-type-post_type menu-item-object-page menu-item-18702\"><a href=\"https:\/\/www.meridian.ba\/en\/pro-sistemi-polica\/\" class=\"elementor-item\" tabindex=\"-1\">Pro Shelving Systems<\/a><\/li>\n<li class=\"menu-item menu-item-type-post_type menu-item-object-page menu-item-18703\"><a href=\"https:\/\/www.meridian.ba\/en\/polica-za-gradjevinski-materijal\/\" class=\"elementor-item\" tabindex=\"-1\">Shelf For Construction Materials<\/a><\/li>\n<\/ul>\t\t\t<\/nav>\n\t\t\t\t\t\t<\/div>\n\t\t\t\t<\/div>\n\t\t\t\t\t<\/div>\n\t\t<\/div>\n\t\t\t\t<div class=\"elementor-column elementor-col-50 elementor-top-column elementor-element elementor-element-28cf82e\" data-id=\"28cf82e\" data-element_type=\"column\" data-e-type=\"column\">\n\t\t\t<div class=\"elementor-widget-wrap elementor-element-populated\">\n\t\t\t\t\t\t<div class=\"elementor-element elementor-element-4e1b373b elementor-arrows-position-inside elementor-pagination-position-outside elementor-widget elementor-widget-image-carousel\" data-id=\"4e1b373b\" data-element_type=\"widget\" data-e-type=\"widget\" data-settings=\"{&quot;slides_to_show&quot;:&quot;1&quot;,&quot;navigation&quot;:&quot;both&quot;,&quot;autoplay&quot;:&quot;yes&quot;,&quot;pause_on_hover&quot;:&quot;yes&quot;,&quot;pause_on_interaction&quot;:&quot;yes&quot;,&quot;autoplay_speed&quot;:5000,&quot;infinite&quot;:&quot;yes&quot;,&quot;effect&quot;:&quot;slide&quot;,&quot;speed&quot;:500}\" data-widget_type=\"image-carousel.default\">\n\t\t\t\t<div class=\"elementor-widget-container\">\n\t\t\t\t\t\t\t<div class=\"elementor-image-carousel-wrapper swiper\" role=\"region\" aria-roledescription=\"carousel\" aria-label=\"Image Carousel\" dir=\"ltr\">\n\t\t\t<div class=\"elementor-image-carousel swiper-wrapper\" aria-live=\"off\">\n\t\t\t\t\t\t\t\t<div class=\"swiper-slide\" role=\"group\" aria-roledescription=\"slide\" aria-label=\"1 of 6\" data-no-translation-aria-label=\"\"><figure class=\"swiper-slide-inner\"><img decoding=\"async\" class=\"swiper-slide-image\" src=\"https:\/\/www.meridian.ba\/wp-content\/uploads\/2022\/01\/Sistem-paletnog-regala-1-600x600.jpg\" alt=\"Sistem-paletnog-regala-1\" \/><\/figure><\/div><div class=\"swiper-slide\" role=\"group\" aria-roledescription=\"slide\" aria-label=\"2 of 6\" data-no-translation-aria-label=\"\"><figure class=\"swiper-slide-inner\"><img decoding=\"async\" class=\"swiper-slide-image\" src=\"https:\/\/www.meridian.ba\/wp-content\/uploads\/2022\/01\/Sistem-paletnog-regala-3-600x600.jpg\" alt=\"Sistem-paletnog-regala-3\" \/><\/figure><\/div><div class=\"swiper-slide\" role=\"group\" aria-roledescription=\"slide\" aria-label=\"3 of 6\" data-no-translation-aria-label=\"\"><figure class=\"swiper-slide-inner\"><img decoding=\"async\" class=\"swiper-slide-image\" src=\"https:\/\/www.meridian.ba\/wp-content\/uploads\/2022\/01\/Sistem-paletnog-regala-4-600x600.jpg\" alt=\"Sistem-paletnog-regala-4\" \/><\/figure><\/div><div class=\"swiper-slide\" role=\"group\" aria-roledescription=\"slide\" aria-label=\"4 of 6\" data-no-translation-aria-label=\"\"><figure class=\"swiper-slide-inner\"><img decoding=\"async\" class=\"swiper-slide-image\" src=\"https:\/\/www.meridian.ba\/wp-content\/uploads\/2022\/01\/Sistem-paletnog-regala-2-1-600x600.jpg\" alt=\"Sistem-paletnog-regala-2\" \/><\/figure><\/div><div class=\"swiper-slide\" role=\"group\" aria-roledescription=\"slide\" aria-label=\"5 of 6\" data-no-translation-aria-label=\"\"><figure class=\"swiper-slide-inner\"><img decoding=\"async\" class=\"swiper-slide-image\" src=\"https:\/\/www.meridian.ba\/wp-content\/uploads\/2022\/01\/meridian-group-shelving-systems.jpg\" alt=\"meridian-group-shelving-systems\" \/><\/figure><\/div><div class=\"swiper-slide\" role=\"group\" aria-roledescription=\"slide\" aria-label=\"6 of 6\" data-no-translation-aria-label=\"\"><figure class=\"swiper-slide-inner\"><img decoding=\"async\" class=\"swiper-slide-image\" src=\"https:\/\/www.meridian.ba\/wp-content\/uploads\/2022\/01\/heavy-duty-racking-systems-1-600x600.jpg\" alt=\"heavy-duty-racking-systems\" \/><\/figure><\/div>\t\t\t<\/div>\n\t\t\t\t\t\t\t\t\t\t\t\t<div class=\"elementor-swiper-button elementor-swiper-button-prev\" role=\"button\" tabindex=\"0\">\n\t\t\t\t\t\t<i aria-hidden=\"true\" class=\"eicon-chevron-left\"><\/i>\t\t\t\t\t<\/div>\n\t\t\t\t\t<div class=\"elementor-swiper-button elementor-swiper-button-next\" role=\"button\" tabindex=\"0\">\n\t\t\t\t\t\t<i aria-hidden=\"true\" class=\"eicon-chevron-right\"><\/i>\t\t\t\t\t<\/div>\n\t\t\t\t\n\t\t\t\t\t\t\t\t\t<div class=\"swiper-pagination\"><\/div>\n\t\t\t\t\t\t\t\t\t<\/div>\n\t\t\t\t\t\t<\/div>\n\t\t\t\t<\/div>\n\t\t\t\t\t<\/div>\n\t\t<\/div>\n\t\t\t\t\t<\/div>\n\t\t<\/section>\n\t\t\t\t<section class=\"elementor-section elementor-top-section elementor-element elementor-element-c42264f elementor-section-boxed elementor-section-height-default elementor-section-height-default\" data-id=\"c42264f\" data-element_type=\"section\" data-e-type=\"section\">\n\t\t\t\t\t\t<div class=\"elementor-container elementor-column-gap-default\">\n\t\t\t\t\t<div class=\"elementor-column elementor-col-50 elementor-top-column elementor-element elementor-element-4f9de811\" data-id=\"4f9de811\" data-element_type=\"column\" data-e-type=\"column\">\n\t\t\t<div class=\"elementor-widget-wrap\">\n\t\t\t\t\t\t\t<\/div>\n\t\t<\/div>\n\t\t\t\t<div class=\"elementor-column elementor-col-50 elementor-top-column elementor-element elementor-element-2c3c71b\" data-id=\"2c3c71b\" data-element_type=\"column\" data-e-type=\"column\">\n\t\t\t<div class=\"elementor-widget-wrap elementor-element-populated\">\n\t\t\t\t\t\t<div class=\"elementor-element elementor-element-5789f4d elementor-widget elementor-widget-heading\" data-id=\"5789f4d\" data-element_type=\"widget\" data-e-type=\"widget\" data-widget_type=\"heading.default\">\n\t\t\t\t<div class=\"elementor-widget-container\">\n\t\t\t\t\t<h2 class=\"elementor-heading-title elementor-size-default\">Back to Back Racking Systems - Single Pallet Depth<\/h2>\t\t\t\t<\/div>\n\t\t\t\t<\/div>\n\t\t\t\t<div class=\"elementor-element elementor-element-37e6029 elementor-widget elementor-widget-text-editor\" data-id=\"37e6029\" data-element_type=\"widget\" data-e-type=\"widget\" data-widget_type=\"text-editor.default\">\n\t\t\t\t<div class=\"elementor-widget-container\">\n\t\t\t\t\t\t\t\t\t<p><strong>Back to Back Shelving Systems<\/strong> are one of the most preferred and most economical storage systems that provide wide usage opportunity, especially allowing the storage of pallets of different sizes, various products to be stacked with baskets, containers, crates and baskets.<\/p><p>The system, which is based on the first-in, first-out (FIFO) principle, allows the storage of a wide variety of products. It is a system that provides fast and direct access to the desired product when needed. Each product can be easily placed and transported independently of each other.<\/p><p>It can be used easily in every area thanks to the modules whose height and width can be adjusted according to the needs.<\/p><p><strong>Why is it preferred?<\/strong><\/p><ul><li>Loading can be done by manual or automatic stacking machines as well as by hand.<\/li><li>Maximum space utilization is achieved by creating large storage areas even in the smallest areas.<\/li><li>The height of the foot profiles and the length of the sleepers can be adjusted according to needs and demands.<\/li><li>The nail system of the sleepers can be mounted quickly and safely due to its easy disassembly and assembly feature.<\/li><li>Back to Back Shelving Systems have a solid and strong structure, do not crush your stored products, etc. protects against damage.<\/li><\/ul>\t\t\t\t\t\t\t\t<\/div>\n\t\t\t\t<\/div>\n\t\t\t\t\t<\/div>\n\t\t<\/div>\n\t\t\t\t\t<\/div>\n\t\t<\/section>\n\t\t\t\t<\/div>","protected":false},"excerpt":{"rendered":"<p>Sistem paletnog regala &#8211; Back To Back Previous Next Le\u0111ni Sistemi Polica &#8211; Dubina Jedne Palete Le\u0111ni Sistemi Polica je jedan od najekonomi\u010dnijih sistema deponovanja i najvi\u0161e se koristi za razne dimenzije paleta, korpa, kontejnera, sanduka i za razne druge proizvode. Sistem je koji radi na principu prvi ulazi i prvi izlazi (FIFO) i omogu\u0107ava [&hellip;]<\/p>\n","protected":false},"author":2,"featured_media":0,"parent":0,"menu_order":0,"comment_status":"closed","ping_status":"closed","template":"","meta":{"footnotes":""},"class_list":["post-18499","page","type-page","status-publish","hentry","entry","owp-thumbs-layout-horizontal","owp-btn-normal","owp-tabs-layout-horizontal","has-no-thumbnails","has-product-nav"],"yoast_head":"<!-- This site is optimized with the Yoast SEO plugin v27.4 - https:\/\/yoast.com\/product\/yoast-seo-wordpress\/ -->\n<title>Sistem Paletnog Regala - Back To Back - Meridian Group<\/title>\n<meta name=\"robots\" content=\"index, follow, max-snippet:-1, max-image-preview:large, max-video-preview:-1\" \/>\n<link rel=\"canonical\" href=\"https:\/\/www.meridian.ba\/en\/sistem-paletnog-regala-back-to-back\/\" \/>\n<meta property=\"og:locale\" content=\"en_US\" \/>\n<meta property=\"og:type\" content=\"article\" \/>\n<meta property=\"og:title\" content=\"Sistem Paletnog Regala - Back To Back - Meridian Group\" \/>\n<meta property=\"og:description\" content=\"Sistem paletnog regala &#8211; Back To Back Previous Next Le\u0111ni Sistemi Polica &#8211; Dubina Jedne Palete Le\u0111ni Sistemi Polica je jedan od najekonomi\u010dnijih sistema deponovanja i najvi\u0161e se koristi za razne dimenzije paleta, korpa, kontejnera, sanduka i za razne druge proizvode. Sistem je koji radi na principu prvi ulazi i prvi izlazi (FIFO) i omogu\u0107ava [&hellip;]\" \/>\n<meta property=\"og:url\" content=\"https:\/\/www.meridian.ba\/en\/sistem-paletnog-regala-back-to-back\/\" \/>\n<meta property=\"og:site_name\" content=\"Meridian Group\" \/>\n<meta property=\"article:publisher\" content=\"https:\/\/www.facebook.com\/meridian.ba\" \/>\n<meta property=\"article:modified_time\" content=\"2022-02-05T13:27:17+00:00\" \/>\n<meta property=\"og:image\" content=\"https:\/\/www.meridian.ba\/wp-content\/uploads\/2022\/01\/Sistem-paletnog-regala-1-600x600.jpg\" \/>\n<meta name=\"twitter:card\" content=\"summary_large_image\" \/>\n<meta name=\"twitter:site\" content=\"@MeridianGroup2\" \/>\n<meta name=\"twitter:label1\" content=\"Est. reading time\" \/>\n\t<meta name=\"twitter:data1\" content=\"1 minute\" \/>\n<script type=\"application\/ld+json\" class=\"yoast-schema-graph\">{\"@context\":\"https:\\\/\\\/schema.org\",\"@graph\":[{\"@type\":\"WebPage\",\"@id\":\"https:\\\/\\\/www.meridian.ba\\\/sistem-paletnog-regala-back-to-back\\\/\",\"url\":\"https:\\\/\\\/www.meridian.ba\\\/sistem-paletnog-regala-back-to-back\\\/\",\"name\":\"Sistem Paletnog Regala - Back To Back - Meridian Group\",\"isPartOf\":{\"@id\":\"https:\\\/\\\/www.meridian.ba\\\/#website\"},\"primaryImageOfPage\":{\"@id\":\"https:\\\/\\\/www.meridian.ba\\\/sistem-paletnog-regala-back-to-back\\\/#primaryimage\"},\"image\":{\"@id\":\"https:\\\/\\\/www.meridian.ba\\\/sistem-paletnog-regala-back-to-back\\\/#primaryimage\"},\"thumbnailUrl\":\"https:\\\/\\\/www.meridian.ba\\\/wp-content\\\/uploads\\\/2022\\\/01\\\/Sistem-paletnog-regala-1-600x600.jpg\",\"datePublished\":\"2022-01-06T06:55:10+00:00\",\"dateModified\":\"2022-02-05T13:27:17+00:00\",\"breadcrumb\":{\"@id\":\"https:\\\/\\\/www.meridian.ba\\\/sistem-paletnog-regala-back-to-back\\\/#breadcrumb\"},\"inLanguage\":\"en-US\",\"potentialAction\":[{\"@type\":\"ReadAction\",\"target\":[\"https:\\\/\\\/www.meridian.ba\\\/sistem-paletnog-regala-back-to-back\\\/\"]}]},{\"@type\":\"ImageObject\",\"inLanguage\":\"en-US\",\"@id\":\"https:\\\/\\\/www.meridian.ba\\\/sistem-paletnog-regala-back-to-back\\\/#primaryimage\",\"url\":\"https:\\\/\\\/www.meridian.ba\\\/wp-content\\\/uploads\\\/2022\\\/01\\\/Sistem-paletnog-regala-1-600x600.jpg\",\"contentUrl\":\"https:\\\/\\\/www.meridian.ba\\\/wp-content\\\/uploads\\\/2022\\\/01\\\/Sistem-paletnog-regala-1-600x600.jpg\"},{\"@type\":\"BreadcrumbList\",\"@id\":\"https:\\\/\\\/www.meridian.ba\\\/sistem-paletnog-regala-back-to-back\\\/#breadcrumb\",\"itemListElement\":[{\"@type\":\"ListItem\",\"position\":1,\"name\":\"Home\",\"item\":\"https:\\\/\\\/www.meridian.ba\\\/\"},{\"@type\":\"ListItem\",\"position\":2,\"name\":\"Sistem Paletnog Regala &#8211; Back To Back\"}]},{\"@type\":\"WebSite\",\"@id\":\"https:\\\/\\\/www.meridian.ba\\\/#website\",\"url\":\"https:\\\/\\\/www.meridian.ba\\\/\",\"name\":\"Meridian Group\",\"description\":\"Rje\u0161enja pakovanja i skladi\u0161tenja\",\"potentialAction\":[{\"@type\":\"SearchAction\",\"target\":{\"@type\":\"EntryPoint\",\"urlTemplate\":\"https:\\\/\\\/www.meridian.ba\\\/?s={search_term_string}\"},\"query-input\":{\"@type\":\"PropertyValueSpecification\",\"valueRequired\":true,\"valueName\":\"search_term_string\"}}],\"inLanguage\":\"en-US\"}]}<\/script>\n<!-- \/ Yoast SEO plugin. -->","yoast_head_json":{"title":"Sistem Paletnog Regala - Back To Back - Meridian Group","robots":{"index":"index","follow":"follow","max-snippet":"max-snippet:-1","max-image-preview":"max-image-preview:large","max-video-preview":"max-video-preview:-1"},"canonical":"https:\/\/www.meridian.ba\/en\/sistem-paletnog-regala-back-to-back\/","og_locale":"en_US","og_type":"article","og_title":"Sistem Paletnog Regala - Back To Back - Meridian Group","og_description":"Sistem paletnog regala &#8211; Back To Back Previous Next Le\u0111ni Sistemi Polica &#8211; Dubina Jedne Palete Le\u0111ni Sistemi Polica je jedan od najekonomi\u010dnijih sistema deponovanja i najvi\u0161e se koristi za razne dimenzije paleta, korpa, kontejnera, sanduka i za razne druge proizvode. Sistem je koji radi na principu prvi ulazi i prvi izlazi (FIFO) i omogu\u0107ava [&hellip;]","og_url":"https:\/\/www.meridian.ba\/en\/sistem-paletnog-regala-back-to-back\/","og_site_name":"Meridian Group","article_publisher":"https:\/\/www.facebook.com\/meridian.ba","article_modified_time":"2022-02-05T13:27:17+00:00","og_image":[{"url":"https:\/\/www.meridian.ba\/wp-content\/uploads\/2022\/01\/Sistem-paletnog-regala-1-600x600.jpg","type":"","width":"","height":""}],"twitter_card":"summary_large_image","twitter_site":"@MeridianGroup2","twitter_misc":{"Est. reading time":"1 minute"},"schema":{"@context":"https:\/\/schema.org","@graph":[{"@type":"WebPage","@id":"https:\/\/www.meridian.ba\/sistem-paletnog-regala-back-to-back\/","url":"https:\/\/www.meridian.ba\/sistem-paletnog-regala-back-to-back\/","name":"Sistem Paletnog Regala - Back To Back - Meridian Group","isPartOf":{"@id":"https:\/\/www.meridian.ba\/#website"},"primaryImageOfPage":{"@id":"https:\/\/www.meridian.ba\/sistem-paletnog-regala-back-to-back\/#primaryimage"},"image":{"@id":"https:\/\/www.meridian.ba\/sistem-paletnog-regala-back-to-back\/#primaryimage"},"thumbnailUrl":"https:\/\/www.meridian.ba\/wp-content\/uploads\/2022\/01\/Sistem-paletnog-regala-1-600x600.jpg","datePublished":"2022-01-06T06:55:10+00:00","dateModified":"2022-02-05T13:27:17+00:00","breadcrumb":{"@id":"https:\/\/www.meridian.ba\/sistem-paletnog-regala-back-to-back\/#breadcrumb"},"inLanguage":"en-US","potentialAction":[{"@type":"ReadAction","target":["https:\/\/www.meridian.ba\/sistem-paletnog-regala-back-to-back\/"]}]},{"@type":"ImageObject","inLanguage":"en-US","@id":"https:\/\/www.meridian.ba\/sistem-paletnog-regala-back-to-back\/#primaryimage","url":"https:\/\/www.meridian.ba\/wp-content\/uploads\/2022\/01\/Sistem-paletnog-regala-1-600x600.jpg","contentUrl":"https:\/\/www.meridian.ba\/wp-content\/uploads\/2022\/01\/Sistem-paletnog-regala-1-600x600.jpg"},{"@type":"BreadcrumbList","@id":"https:\/\/www.meridian.ba\/sistem-paletnog-regala-back-to-back\/#breadcrumb","itemListElement":[{"@type":"ListItem","position":1,"name":"Home","item":"https:\/\/www.meridian.ba\/"},{"@type":"ListItem","position":2,"name":"Sistem Paletnog Regala &#8211; Back To Back"}]},{"@type":"WebSite","@id":"https:\/\/www.meridian.ba\/#website","url":"https:\/\/www.meridian.ba\/","name":"Meridian Group","description":"Rje\u0161enja pakovanja i skladi\u0161tenja","potentialAction":[{"@type":"SearchAction","target":{"@type":"EntryPoint","urlTemplate":"https:\/\/www.meridian.ba\/?s={search_term_string}"},"query-input":{"@type":"PropertyValueSpecification","valueRequired":true,"valueName":"search_term_string"}}],"inLanguage":"en-US"}]}},"_links":{"self":[{"href":"https:\/\/www.meridian.ba\/en\/wp-json\/wp\/v2\/pages\/18499","targetHints":{"allow":["GET"]}}],"collection":[{"href":"https:\/\/www.meridian.ba\/en\/wp-json\/wp\/v2\/pages"}],"about":[{"href":"https:\/\/www.meridian.ba\/en\/wp-json\/wp\/v2\/types\/page"}],"author":[{"embeddable":true,"href":"https:\/\/www.meridian.ba\/en\/wp-json\/wp\/v2\/users\/2"}],"replies":[{"embeddable":true,"href":"https:\/\/www.meridian.ba\/en\/wp-json\/wp\/v2\/comments?post=18499"}],"version-history":[{"count":41,"href":"https:\/\/www.meridian.ba\/en\/wp-json\/wp\/v2\/pages\/18499\/revisions"}],"predecessor-version":[{"id":19280,"href":"https:\/\/www.meridian.ba\/en\/wp-json\/wp\/v2\/pages\/18499\/revisions\/19280"}],"wp:attachment":[{"href":"https:\/\/www.meridian.ba\/en\/wp-json\/wp\/v2\/media?parent=18499"}],"curies":[{"name":"wp","href":"https:\/\/api.w.org\/{rel}","templated":true}]}}