{"id":15144,"date":"2020-12-20T17:51:17","date_gmt":"2020-12-20T17:51:17","guid":{"rendered":"https:\/\/www.meridian.ba\/?page_id=15144"},"modified":"2020-12-20T18:27:28","modified_gmt":"2020-12-20T18:27:28","slug":"parking-stub-stubic-rampa","status":"publish","type":"page","link":"https:\/\/www.meridian.ba\/en\/parking-stub-stubic-rampa\/","title":{"rendered":"Parking stub-Stubi\u0107 rampa"},"content":{"rendered":"<div data-elementor-type=\"wp-page\" data-elementor-id=\"15144\" class=\"elementor elementor-15144\" data-elementor-post-type=\"page\">\n\t\t\t\t\t\t<section class=\"elementor-section elementor-top-section elementor-element elementor-element-5330f8ef elementor-section-height-min-height elementor-section-boxed elementor-section-height-default elementor-section-items-middle\" data-id=\"5330f8ef\" data-element_type=\"section\" data-e-type=\"section\" data-settings=\"{&quot;background_background&quot;:&quot;classic&quot;}\">\n\t\t\t\t\t\t<div class=\"elementor-container elementor-column-gap-default\">\n\t\t\t\t\t<div class=\"elementor-column elementor-col-100 elementor-top-column elementor-element elementor-element-541de26d\" data-id=\"541de26d\" data-element_type=\"column\" data-e-type=\"column\">\n\t\t\t<div class=\"elementor-widget-wrap elementor-element-populated\">\n\t\t\t\t\t\t<div class=\"elementor-element elementor-element-2166a60 elementor-widget elementor-widget-heading\" data-id=\"2166a60\" data-element_type=\"widget\" data-e-type=\"widget\" data-widget_type=\"heading.default\">\n\t\t\t\t<div class=\"elementor-widget-container\">\n\t\t\t\t\t<h1 class=\"elementor-heading-title elementor-size-default\">Parking stub<\/h1>\t\t\t\t<\/div>\n\t\t\t\t<\/div>\n\t\t\t\t\t<\/div>\n\t\t<\/div>\n\t\t\t\t\t<\/div>\n\t\t<\/section>\n\t\t\t\t<section class=\"elementor-section elementor-top-section elementor-element elementor-element-338e8d29 elementor-section-boxed elementor-section-height-default elementor-section-height-default\" data-id=\"338e8d29\" data-element_type=\"section\" data-e-type=\"section\">\n\t\t\t\t\t\t<div class=\"elementor-container elementor-column-gap-default\">\n\t\t\t\t\t<div class=\"elementor-column elementor-col-33 elementor-top-column elementor-element elementor-element-5dcca48\" data-id=\"5dcca48\" data-element_type=\"column\" data-e-type=\"column\">\n\t\t\t<div class=\"elementor-widget-wrap elementor-element-populated\">\n\t\t\t\t\t\t<div class=\"elementor-element elementor-element-3eb963b5 elementor-nav-menu--dropdown-tablet elementor-nav-menu__text-align-aside elementor-nav-menu--toggle elementor-nav-menu--burger elementor-widget elementor-widget-nav-menu\" data-id=\"3eb963b5\" data-element_type=\"widget\" data-e-type=\"widget\" data-settings=\"{&quot;submenu_icon&quot;:{&quot;value&quot;:&quot;&lt;i class=\\&quot;fas fa-chevron-down\\&quot; aria-hidden=\\&quot;true\\&quot;&gt;&lt;\\\/i&gt;&quot;,&quot;library&quot;:&quot;fa-solid&quot;},&quot;layout&quot;:&quot;horizontal&quot;,&quot;toggle&quot;:&quot;burger&quot;}\" data-widget_type=\"nav-menu.default\">\n\t\t\t\t<div class=\"elementor-widget-container\">\n\t\t\t\t\t\t\t\t<nav aria-label=\"Menu\" class=\"elementor-nav-menu--main elementor-nav-menu__container elementor-nav-menu--layout-horizontal e--pointer-underline e--animation-fade\">\n\t\t\t\t<ul id=\"menu-1-3eb963b5\" class=\"elementor-nav-menu\"><li class=\"menu-item menu-item-type-post_type menu-item-object-page menu-item-7426\"><a href=\"https:\/\/www.meridian.ba\/en\/fleksibilni-stub\/\" class=\"elementor-item\">Flexible Delineators<\/a><\/li>\n<li class=\"menu-item menu-item-type-post_type menu-item-object-page menu-item-7425\"><a href=\"https:\/\/www.meridian.ba\/en\/fleksibilni-sigurnosni-znak\/\" class=\"elementor-item\">Flexible Refuge Signs<\/a><\/li>\n<li class=\"menu-item menu-item-type-post_type menu-item-object-page menu-item-7418\"><a href=\"https:\/\/www.meridian.ba\/en\/gumeni-lezeci-policajac\/\" class=\"elementor-item\">Rubber Speed Ramps<\/a><\/li>\n<li class=\"menu-item menu-item-type-post_type menu-item-object-page menu-item-7420\"><a href=\"https:\/\/www.meridian.ba\/en\/katadiopter\/\" class=\"elementor-item\">Road Studs<\/a><\/li>\n<li class=\"menu-item menu-item-type-post_type menu-item-object-page menu-item-7428\"><a href=\"https:\/\/www.meridian.ba\/en\/konveksno-prometno-ogledalo\/\" class=\"elementor-item\">Convex Traffic Mirrors<\/a><\/li>\n<li class=\"menu-item menu-item-type-post_type menu-item-object-page menu-item-7419\"><a href=\"https:\/\/www.meridian.ba\/en\/parking-granicnik\/\" class=\"elementor-item\">Rubber Car Stoppers<\/a><\/li>\n<li class=\"menu-item menu-item-type-post_type menu-item-object-page menu-item-18480\"><a href=\"https:\/\/www.meridian.ba\/en\/parking-stalak-za-bicikle\/\" class=\"elementor-item\">Parking Stalak za Bicikle<\/a><\/li>\n<li class=\"menu-item menu-item-type-post_type menu-item-object-page menu-item-18481\"><a href=\"https:\/\/www.meridian.ba\/en\/parking-stub-stubic-rampa\/\" class=\"elementor-item\">Parking stub<\/a><\/li>\n<li class=\"menu-item menu-item-type-post_type menu-item-object-page menu-item-7422\"><a href=\"https:\/\/www.meridian.ba\/en\/plasticni-lezeci-policajac\/\" class=\"elementor-item\">Plastic Speed Ramps<\/a><\/li>\n<li class=\"menu-item menu-item-type-post_type menu-item-object-page menu-item-7424\"><a href=\"https:\/\/www.meridian.ba\/en\/plasticni-konus\/\" class=\"elementor-item\">Plastic AD Cones<\/a><\/li>\n<li class=\"menu-item menu-item-type-post_type menu-item-object-page menu-item-7429\"><a href=\"https:\/\/www.meridian.ba\/en\/plasticni-stubovi\/\" class=\"elementor-item\">Caution Posts<\/a><\/li>\n<li class=\"menu-item menu-item-type-post_type menu-item-object-page menu-item-7423\"><a href=\"https:\/\/www.meridian.ba\/en\/plasticne-sigurne-ograde\/\" class=\"elementor-item\">Plastic Safety Barriers<\/a><\/li>\n<li class=\"menu-item menu-item-type-post_type menu-item-object-page menu-item-7416\"><a href=\"https:\/\/www.meridian.ba\/en\/saobracajni-cunjevi\/\" class=\"elementor-item\">Traffic Cones<\/a><\/li>\n<li class=\"menu-item menu-item-type-post_type menu-item-object-page menu-item-7415\"><a href=\"https:\/\/www.meridian.ba\/en\/saobracajni-plasticni-znakovi\/\" class=\"elementor-item\">Traffic Plastic Signs<\/a><\/li>\n<li class=\"menu-item menu-item-type-post_type menu-item-object-page menu-item-7421\"><a href=\"https:\/\/www.meridian.ba\/en\/seperator-prometne-trake\/\" class=\"elementor-item\">Separator Prometne Trake<\/a><\/li>\n<li class=\"menu-item menu-item-type-post_type menu-item-object-page menu-item-7427\"><a href=\"https:\/\/www.meridian.ba\/en\/ugaoni-odbojnik\/\" class=\"elementor-item\">Corners Guards<\/a><\/li>\n<li class=\"menu-item menu-item-type-post_type menu-item-object-page menu-item-7417\"><a href=\"https:\/\/www.meridian.ba\/en\/upozoravajuce-ploce\/\" class=\"elementor-item\">Tactile Walking Surface<\/a><\/li>\n<\/ul>\t\t\t<\/nav>\n\t\t\t\t\t<div class=\"elementor-menu-toggle\" role=\"button\" tabindex=\"0\" aria-label=\"Menu Toggle\" aria-expanded=\"false\">\n\t\t\t<i aria-hidden=\"true\" role=\"presentation\" class=\"elementor-menu-toggle__icon--open eicon-menu-bar\"><\/i><i aria-hidden=\"true\" role=\"presentation\" class=\"elementor-menu-toggle__icon--close eicon-close\"><\/i>\t\t<\/div>\n\t\t\t\t\t<nav class=\"elementor-nav-menu--dropdown elementor-nav-menu__container\" aria-hidden=\"true\">\n\t\t\t\t<ul id=\"menu-2-3eb963b5\" class=\"elementor-nav-menu\"><li class=\"menu-item menu-item-type-post_type menu-item-object-page menu-item-7426\"><a href=\"https:\/\/www.meridian.ba\/en\/fleksibilni-stub\/\" class=\"elementor-item\" tabindex=\"-1\">Flexible Delineators<\/a><\/li>\n<li class=\"menu-item menu-item-type-post_type menu-item-object-page menu-item-7425\"><a href=\"https:\/\/www.meridian.ba\/en\/fleksibilni-sigurnosni-znak\/\" class=\"elementor-item\" tabindex=\"-1\">Flexible Refuge Signs<\/a><\/li>\n<li class=\"menu-item menu-item-type-post_type menu-item-object-page menu-item-7418\"><a href=\"https:\/\/www.meridian.ba\/en\/gumeni-lezeci-policajac\/\" class=\"elementor-item\" tabindex=\"-1\">Rubber Speed Ramps<\/a><\/li>\n<li class=\"menu-item menu-item-type-post_type menu-item-object-page menu-item-7420\"><a href=\"https:\/\/www.meridian.ba\/en\/katadiopter\/\" class=\"elementor-item\" tabindex=\"-1\">Road Studs<\/a><\/li>\n<li class=\"menu-item menu-item-type-post_type menu-item-object-page menu-item-7428\"><a href=\"https:\/\/www.meridian.ba\/en\/konveksno-prometno-ogledalo\/\" class=\"elementor-item\" tabindex=\"-1\">Convex Traffic Mirrors<\/a><\/li>\n<li class=\"menu-item menu-item-type-post_type menu-item-object-page menu-item-7419\"><a href=\"https:\/\/www.meridian.ba\/en\/parking-granicnik\/\" class=\"elementor-item\" tabindex=\"-1\">Rubber Car Stoppers<\/a><\/li>\n<li class=\"menu-item menu-item-type-post_type menu-item-object-page menu-item-18480\"><a href=\"https:\/\/www.meridian.ba\/en\/parking-stalak-za-bicikle\/\" class=\"elementor-item\" tabindex=\"-1\">Parking Stalak za Bicikle<\/a><\/li>\n<li class=\"menu-item menu-item-type-post_type menu-item-object-page menu-item-18481\"><a href=\"https:\/\/www.meridian.ba\/en\/parking-stub-stubic-rampa\/\" class=\"elementor-item\" tabindex=\"-1\">Parking stub<\/a><\/li>\n<li class=\"menu-item menu-item-type-post_type menu-item-object-page menu-item-7422\"><a href=\"https:\/\/www.meridian.ba\/en\/plasticni-lezeci-policajac\/\" class=\"elementor-item\" tabindex=\"-1\">Plastic Speed Ramps<\/a><\/li>\n<li class=\"menu-item menu-item-type-post_type menu-item-object-page menu-item-7424\"><a href=\"https:\/\/www.meridian.ba\/en\/plasticni-konus\/\" class=\"elementor-item\" tabindex=\"-1\">Plastic AD Cones<\/a><\/li>\n<li class=\"menu-item menu-item-type-post_type menu-item-object-page menu-item-7429\"><a href=\"https:\/\/www.meridian.ba\/en\/plasticni-stubovi\/\" class=\"elementor-item\" tabindex=\"-1\">Caution Posts<\/a><\/li>\n<li class=\"menu-item menu-item-type-post_type menu-item-object-page menu-item-7423\"><a href=\"https:\/\/www.meridian.ba\/en\/plasticne-sigurne-ograde\/\" class=\"elementor-item\" tabindex=\"-1\">Plastic Safety Barriers<\/a><\/li>\n<li class=\"menu-item menu-item-type-post_type menu-item-object-page menu-item-7416\"><a href=\"https:\/\/www.meridian.ba\/en\/saobracajni-cunjevi\/\" class=\"elementor-item\" tabindex=\"-1\">Traffic Cones<\/a><\/li>\n<li class=\"menu-item menu-item-type-post_type menu-item-object-page menu-item-7415\"><a href=\"https:\/\/www.meridian.ba\/en\/saobracajni-plasticni-znakovi\/\" class=\"elementor-item\" tabindex=\"-1\">Traffic Plastic Signs<\/a><\/li>\n<li class=\"menu-item menu-item-type-post_type menu-item-object-page menu-item-7421\"><a href=\"https:\/\/www.meridian.ba\/en\/seperator-prometne-trake\/\" class=\"elementor-item\" tabindex=\"-1\">Separator Prometne Trake<\/a><\/li>\n<li class=\"menu-item menu-item-type-post_type menu-item-object-page menu-item-7427\"><a href=\"https:\/\/www.meridian.ba\/en\/ugaoni-odbojnik\/\" class=\"elementor-item\" tabindex=\"-1\">Corners Guards<\/a><\/li>\n<li class=\"menu-item menu-item-type-post_type menu-item-object-page menu-item-7417\"><a href=\"https:\/\/www.meridian.ba\/en\/upozoravajuce-ploce\/\" class=\"elementor-item\" tabindex=\"-1\">Tactile Walking Surface<\/a><\/li>\n<\/ul>\t\t\t<\/nav>\n\t\t\t\t\t\t<\/div>\n\t\t\t\t<\/div>\n\t\t\t\t\t<\/div>\n\t\t<\/div>\n\t\t\t\t<div class=\"elementor-column elementor-col-33 elementor-top-column elementor-element elementor-element-7c43ac5a\" data-id=\"7c43ac5a\" data-element_type=\"column\" data-e-type=\"column\">\n\t\t\t<div class=\"elementor-widget-wrap elementor-element-populated\">\n\t\t\t\t\t\t<section class=\"elementor-section elementor-inner-section elementor-element elementor-element-590e2873 elementor-section-boxed elementor-section-height-default elementor-section-height-default\" data-id=\"590e2873\" data-element_type=\"section\" data-e-type=\"section\">\n\t\t\t\t\t\t<div class=\"elementor-container elementor-column-gap-no\">\n\t\t\t\t\t<div class=\"elementor-column elementor-col-50 elementor-inner-column elementor-element elementor-element-335a4138\" data-id=\"335a4138\" data-element_type=\"column\" data-e-type=\"column\">\n\t\t\t<div class=\"elementor-widget-wrap elementor-element-populated\">\n\t\t\t\t\t\t<div class=\"elementor-element elementor-element-593cde8b elementor-widget elementor-widget-image\" data-id=\"593cde8b\" data-element_type=\"widget\" data-e-type=\"widget\" data-widget_type=\"image.default\">\n\t\t\t\t<div class=\"elementor-widget-container\">\n\t\t\t\t\t\t\t\t\t\t\t\t\t\t\t<img decoding=\"async\" src=\"https:\/\/www.meridian.ba\/wp-content\/uploads\/2020\/12\/Parking-stub-UT2007.jpg\" title=\"Parking-stub-UT2007\" alt=\"Parking-stub-UT2007\" loading=\"lazy\" \/>\t\t\t\t\t\t\t\t\t\t\t\t\t\t\t<\/div>\n\t\t\t\t<\/div>\n\t\t\t\t\t<\/div>\n\t\t<\/div>\n\t\t\t\t<div class=\"elementor-column elementor-col-50 elementor-inner-column elementor-element elementor-element-46d7a15d\" data-id=\"46d7a15d\" data-element_type=\"column\" data-e-type=\"column\">\n\t\t\t<div class=\"elementor-widget-wrap elementor-element-populated\">\n\t\t\t\t\t\t<div class=\"elementor-element elementor-element-17aacce9 elementor-widget elementor-widget-heading\" data-id=\"17aacce9\" data-element_type=\"widget\" data-e-type=\"widget\" data-widget_type=\"heading.default\">\n\t\t\t\t<div class=\"elementor-widget-container\">\n\t\t\t\t\t<h2 class=\"elementor-heading-title elementor-size-default\">Broj Narud\u017ebe: UT 2007<\/h2>\t\t\t\t<\/div>\n\t\t\t\t<\/div>\n\t\t\t\t<div class=\"elementor-element elementor-element-142341e1 elementor-widget elementor-widget-text-editor\" data-id=\"142341e1\" data-element_type=\"widget\" data-e-type=\"widget\" data-widget_type=\"text-editor.default\">\n\t\t\t\t<div class=\"elementor-widget-container\">\n\t\t\t\t\t\t\t\t\t<h5><strong>Parking rampa\u00a0<\/strong><\/h5><p><strong>Dimension:<\/strong><\/p><p>360x160x510 mm<\/p><p><strong>Weight:<\/strong> 3.5 kg\u00a0<\/p>\t\t\t\t\t\t\t\t<\/div>\n\t\t\t\t<\/div>\n\t\t\t\t\t<\/div>\n\t\t<\/div>\n\t\t\t\t\t<\/div>\n\t\t<\/section>\n\t\t\t\t\t<\/div>\n\t\t<\/div>\n\t\t\t\t<div class=\"elementor-column elementor-col-33 elementor-top-column elementor-element elementor-element-3434c28b\" data-id=\"3434c28b\" data-element_type=\"column\" data-e-type=\"column\">\n\t\t\t<div class=\"elementor-widget-wrap elementor-element-populated\">\n\t\t\t\t\t\t<section class=\"elementor-section elementor-inner-section elementor-element elementor-element-4080e909 elementor-section-boxed elementor-section-height-default elementor-section-height-default\" data-id=\"4080e909\" data-element_type=\"section\" data-e-type=\"section\">\n\t\t\t\t\t\t<div class=\"elementor-container elementor-column-gap-no\">\n\t\t\t\t\t<div class=\"elementor-column elementor-col-50 elementor-inner-column elementor-element elementor-element-4b60735c\" data-id=\"4b60735c\" data-element_type=\"column\" data-e-type=\"column\">\n\t\t\t<div class=\"elementor-widget-wrap elementor-element-populated\">\n\t\t\t\t\t\t<div class=\"elementor-element elementor-element-5ce077fb elementor-widget elementor-widget-image\" data-id=\"5ce077fb\" data-element_type=\"widget\" data-e-type=\"widget\" data-widget_type=\"image.default\">\n\t\t\t\t<div class=\"elementor-widget-container\">\n\t\t\t\t\t\t\t\t\t\t\t\t\t\t\t<img decoding=\"async\" src=\"https:\/\/www.meridian.ba\/wp-content\/uploads\/2020\/12\/Parking-stub-UT2008.jpg\" title=\"Parking-stub-UT2008\" alt=\"parking lot\" loading=\"lazy\" \/>\t\t\t\t\t\t\t\t\t\t\t\t\t\t\t<\/div>\n\t\t\t\t<\/div>\n\t\t\t\t\t<\/div>\n\t\t<\/div>\n\t\t\t\t<div class=\"elementor-column elementor-col-50 elementor-inner-column elementor-element elementor-element-44ed4144\" data-id=\"44ed4144\" data-element_type=\"column\" data-e-type=\"column\">\n\t\t\t<div class=\"elementor-widget-wrap elementor-element-populated\">\n\t\t\t\t\t\t<div class=\"elementor-element elementor-element-6f4d4115 elementor-widget elementor-widget-heading\" data-id=\"6f4d4115\" data-element_type=\"widget\" data-e-type=\"widget\" data-widget_type=\"heading.default\">\n\t\t\t\t<div class=\"elementor-widget-container\">\n\t\t\t\t\t<h2 class=\"elementor-heading-title elementor-size-default\">Broj Narud\u017ebe: UT 2008<\/h2>\t\t\t\t<\/div>\n\t\t\t\t<\/div>\n\t\t\t\t<div class=\"elementor-element elementor-element-24754e5d elementor-widget elementor-widget-text-editor\" data-id=\"24754e5d\" data-element_type=\"widget\" data-e-type=\"widget\" data-widget_type=\"text-editor.default\">\n\t\t\t\t<div class=\"elementor-widget-container\">\n\t\t\t\t\t\t\t\t\t<h5><strong>Parking rampa sa klju\u010dem<\/strong><\/h5><p><strong>Dimension:<\/strong><\/p><p>360x160x510 mm<\/p><p><strong>Weight:<\/strong> 3.5 kg\u00a0<\/p>\t\t\t\t\t\t\t\t<\/div>\n\t\t\t\t<\/div>\n\t\t\t\t\t<\/div>\n\t\t<\/div>\n\t\t\t\t\t<\/div>\n\t\t<\/section>\n\t\t\t\t\t<\/div>\n\t\t<\/div>\n\t\t\t\t\t<\/div>\n\t\t<\/section>\n\t\t\t\t<\/div>","protected":false},"excerpt":{"rendered":"<p>Parking stub Broj Narud\u017ebe: UT 2007 Parking rampa\u00a0 Dimenzije: 360x160x510 mm Te\u017eina: 3.5 kg\u00a0 Broj Narud\u017ebe: UT 2008 Parking rampa sa klju\u010dem Dimenzije: 360x160x510 mm Te\u017eina: 3.5 kg\u00a0<\/p>","protected":false},"author":2,"featured_media":0,"parent":0,"menu_order":0,"comment_status":"closed","ping_status":"closed","template":"","meta":{"footnotes":""},"class_list":["post-15144","page","type-page","status-publish","hentry","entry","owp-thumbs-layout-horizontal","owp-btn-normal","owp-tabs-layout-horizontal","has-no-thumbnails","has-product-nav"],"yoast_head":"<!-- This site is optimized with the Yoast SEO plugin v27.4 - https:\/\/yoast.com\/product\/yoast-seo-wordpress\/ -->\n<title>Parking stub-Stubi\u0107 rampa - Meridian Group<\/title>\n<meta name=\"robots\" content=\"index, follow, max-snippet:-1, max-image-preview:large, max-video-preview:-1\" \/>\n<link rel=\"canonical\" href=\"https:\/\/www.meridian.ba\/en\/parking-stub-stubic-rampa\/\" \/>\n<meta property=\"og:locale\" content=\"en_US\" \/>\n<meta property=\"og:type\" content=\"article\" \/>\n<meta property=\"og:title\" content=\"Parking stub-Stubi\u0107 rampa - Meridian Group\" \/>\n<meta property=\"og:description\" content=\"Parking stub Broj Narud\u017ebe: UT 2007 Parking rampa\u00a0 Dimenzije: 360x160x510 mm Te\u017eina: 3.5 kg\u00a0 Broj Narud\u017ebe: UT 2008 Parking rampa sa klju\u010dem Dimenzije: 360x160x510 mm Te\u017eina: 3.5 kg\u00a0\" \/>\n<meta property=\"og:url\" content=\"https:\/\/www.meridian.ba\/en\/parking-stub-stubic-rampa\/\" \/>\n<meta property=\"og:site_name\" content=\"Meridian Group\" \/>\n<meta property=\"article:publisher\" content=\"https:\/\/www.facebook.com\/meridian.ba\" \/>\n<meta property=\"article:modified_time\" content=\"2020-12-20T18:27:28+00:00\" \/>\n<meta property=\"og:image\" content=\"https:\/\/www.meridian.ba\/wp-content\/uploads\/2020\/12\/Parking-stub-UT2007.jpg\" \/>\n<meta name=\"twitter:card\" content=\"summary_large_image\" \/>\n<meta name=\"twitter:site\" content=\"@MeridianGroup2\" \/>\n<script type=\"application\/ld+json\" class=\"yoast-schema-graph\">{\"@context\":\"https:\\\/\\\/schema.org\",\"@graph\":[{\"@type\":\"WebPage\",\"@id\":\"https:\\\/\\\/www.meridian.ba\\\/parking-stub-stubic-rampa\\\/\",\"url\":\"https:\\\/\\\/www.meridian.ba\\\/parking-stub-stubic-rampa\\\/\",\"name\":\"Parking stub-Stubi\u0107 rampa - Meridian Group\",\"isPartOf\":{\"@id\":\"https:\\\/\\\/www.meridian.ba\\\/#website\"},\"primaryImageOfPage\":{\"@id\":\"https:\\\/\\\/www.meridian.ba\\\/parking-stub-stubic-rampa\\\/#primaryimage\"},\"image\":{\"@id\":\"https:\\\/\\\/www.meridian.ba\\\/parking-stub-stubic-rampa\\\/#primaryimage\"},\"thumbnailUrl\":\"https:\\\/\\\/www.meridian.ba\\\/wp-content\\\/uploads\\\/2020\\\/12\\\/Parking-stub-UT2007.jpg\",\"datePublished\":\"2020-12-20T17:51:17+00:00\",\"dateModified\":\"2020-12-20T18:27:28+00:00\",\"breadcrumb\":{\"@id\":\"https:\\\/\\\/www.meridian.ba\\\/parking-stub-stubic-rampa\\\/#breadcrumb\"},\"inLanguage\":\"en-US\",\"potentialAction\":[{\"@type\":\"ReadAction\",\"target\":[\"https:\\\/\\\/www.meridian.ba\\\/parking-stub-stubic-rampa\\\/\"]}]},{\"@type\":\"ImageObject\",\"inLanguage\":\"en-US\",\"@id\":\"https:\\\/\\\/www.meridian.ba\\\/parking-stub-stubic-rampa\\\/#primaryimage\",\"url\":\"https:\\\/\\\/www.meridian.ba\\\/wp-content\\\/uploads\\\/2020\\\/12\\\/Parking-stub-UT2007.jpg\",\"contentUrl\":\"https:\\\/\\\/www.meridian.ba\\\/wp-content\\\/uploads\\\/2020\\\/12\\\/Parking-stub-UT2007.jpg\"},{\"@type\":\"BreadcrumbList\",\"@id\":\"https:\\\/\\\/www.meridian.ba\\\/parking-stub-stubic-rampa\\\/#breadcrumb\",\"itemListElement\":[{\"@type\":\"ListItem\",\"position\":1,\"name\":\"Home\",\"item\":\"https:\\\/\\\/www.meridian.ba\\\/\"},{\"@type\":\"ListItem\",\"position\":2,\"name\":\"Parking stub-Stubi\u0107 rampa\"}]},{\"@type\":\"WebSite\",\"@id\":\"https:\\\/\\\/www.meridian.ba\\\/#website\",\"url\":\"https:\\\/\\\/www.meridian.ba\\\/\",\"name\":\"Meridian Group\",\"description\":\"Rje\u0161enja pakovanja i skladi\u0161tenja\",\"potentialAction\":[{\"@type\":\"SearchAction\",\"target\":{\"@type\":\"EntryPoint\",\"urlTemplate\":\"https:\\\/\\\/www.meridian.ba\\\/?s={search_term_string}\"},\"query-input\":{\"@type\":\"PropertyValueSpecification\",\"valueRequired\":true,\"valueName\":\"search_term_string\"}}],\"inLanguage\":\"en-US\"}]}<\/script>\n<!-- \/ Yoast SEO plugin. -->","yoast_head_json":{"title":"Parking stub-Stubi\u0107 rampa - Meridian Group","robots":{"index":"index","follow":"follow","max-snippet":"max-snippet:-1","max-image-preview":"max-image-preview:large","max-video-preview":"max-video-preview:-1"},"canonical":"https:\/\/www.meridian.ba\/en\/parking-stub-stubic-rampa\/","og_locale":"en_US","og_type":"article","og_title":"Parking stub-Stubi\u0107 rampa - Meridian Group","og_description":"Parking stub Broj Narud\u017ebe: UT 2007 Parking rampa\u00a0 Dimenzije: 360x160x510 mm Te\u017eina: 3.5 kg\u00a0 Broj Narud\u017ebe: UT 2008 Parking rampa sa klju\u010dem Dimenzije: 360x160x510 mm Te\u017eina: 3.5 kg\u00a0","og_url":"https:\/\/www.meridian.ba\/en\/parking-stub-stubic-rampa\/","og_site_name":"Meridian Group","article_publisher":"https:\/\/www.facebook.com\/meridian.ba","article_modified_time":"2020-12-20T18:27:28+00:00","og_image":[{"url":"https:\/\/www.meridian.ba\/wp-content\/uploads\/2020\/12\/Parking-stub-UT2007.jpg","type":"","width":"","height":""}],"twitter_card":"summary_large_image","twitter_site":"@MeridianGroup2","schema":{"@context":"https:\/\/schema.org","@graph":[{"@type":"WebPage","@id":"https:\/\/www.meridian.ba\/parking-stub-stubic-rampa\/","url":"https:\/\/www.meridian.ba\/parking-stub-stubic-rampa\/","name":"Parking stub-Stubi\u0107 rampa - Meridian Group","isPartOf":{"@id":"https:\/\/www.meridian.ba\/#website"},"primaryImageOfPage":{"@id":"https:\/\/www.meridian.ba\/parking-stub-stubic-rampa\/#primaryimage"},"image":{"@id":"https:\/\/www.meridian.ba\/parking-stub-stubic-rampa\/#primaryimage"},"thumbnailUrl":"https:\/\/www.meridian.ba\/wp-content\/uploads\/2020\/12\/Parking-stub-UT2007.jpg","datePublished":"2020-12-20T17:51:17+00:00","dateModified":"2020-12-20T18:27:28+00:00","breadcrumb":{"@id":"https:\/\/www.meridian.ba\/parking-stub-stubic-rampa\/#breadcrumb"},"inLanguage":"en-US","potentialAction":[{"@type":"ReadAction","target":["https:\/\/www.meridian.ba\/parking-stub-stubic-rampa\/"]}]},{"@type":"ImageObject","inLanguage":"en-US","@id":"https:\/\/www.meridian.ba\/parking-stub-stubic-rampa\/#primaryimage","url":"https:\/\/www.meridian.ba\/wp-content\/uploads\/2020\/12\/Parking-stub-UT2007.jpg","contentUrl":"https:\/\/www.meridian.ba\/wp-content\/uploads\/2020\/12\/Parking-stub-UT2007.jpg"},{"@type":"BreadcrumbList","@id":"https:\/\/www.meridian.ba\/parking-stub-stubic-rampa\/#breadcrumb","itemListElement":[{"@type":"ListItem","position":1,"name":"Home","item":"https:\/\/www.meridian.ba\/"},{"@type":"ListItem","position":2,"name":"Parking stub-Stubi\u0107 rampa"}]},{"@type":"WebSite","@id":"https:\/\/www.meridian.ba\/#website","url":"https:\/\/www.meridian.ba\/","name":"Meridian Group","description":"Rje\u0161enja pakovanja i skladi\u0161tenja","potentialAction":[{"@type":"SearchAction","target":{"@type":"EntryPoint","urlTemplate":"https:\/\/www.meridian.ba\/?s={search_term_string}"},"query-input":{"@type":"PropertyValueSpecification","valueRequired":true,"valueName":"search_term_string"}}],"inLanguage":"en-US"}]}},"_links":{"self":[{"href":"https:\/\/www.meridian.ba\/en\/wp-json\/wp\/v2\/pages\/15144","targetHints":{"allow":["GET"]}}],"collection":[{"href":"https:\/\/www.meridian.ba\/en\/wp-json\/wp\/v2\/pages"}],"about":[{"href":"https:\/\/www.meridian.ba\/en\/wp-json\/wp\/v2\/types\/page"}],"author":[{"embeddable":true,"href":"https:\/\/www.meridian.ba\/en\/wp-json\/wp\/v2\/users\/2"}],"replies":[{"embeddable":true,"href":"https:\/\/www.meridian.ba\/en\/wp-json\/wp\/v2\/comments?post=15144"}],"version-history":[{"count":7,"href":"https:\/\/www.meridian.ba\/en\/wp-json\/wp\/v2\/pages\/15144\/revisions"}],"predecessor-version":[{"id":15155,"href":"https:\/\/www.meridian.ba\/en\/wp-json\/wp\/v2\/pages\/15144\/revisions\/15155"}],"wp:attachment":[{"href":"https:\/\/www.meridian.ba\/en\/wp-json\/wp\/v2\/media?parent=15144"}],"curies":[{"name":"wp","href":"https:\/\/api.w.org\/{rel}","templated":true}]}}